{"id":19248,"date":"2026-01-11T17:44:10","date_gmt":"2026-01-11T17:44:10","guid":{"rendered":"https:\/\/www.elaletisepeti.com\/?post_type=product&#038;p=19248"},"modified":"2026-01-11T17:44:10","modified_gmt":"2026-01-11T17:44:10","slug":"knipex-09-15-240-agir-t-kombine-pense","status":"publish","type":"product","link":"https:\/\/www.elaletisepeti.com\/?product=knipex-09-15-240-agir-t-kombine-pense","title":{"rendered":"Knipex 09 15 240 A\u011f\u0131r T.Kombine Pense"},"content":{"rendered":"<p><strong>Knipex 09 15 240 A\u011f\u0131r T.Kombine Pense<\/strong><\/p>\n<div class=\"product--variation-field--variation_field_general_section__1628 field field--name-field-general-section field--type-key-value-class-field-type field--label-hidden field__items\" data-gtm-vis-recent-on-screen10487645_102=\"44836\" data-gtm-vis-first-on-screen10487645_102=\"44836\" data-gtm-vis-total-visible-time10487645_102=\"100\" data-gtm-vis-has-fired10487645_102=\"1\">\n<div class=\"field__item\" data-gtm-vis-recent-on-screen10487645_102=\"44787\" data-gtm-vis-first-on-screen10487645_102=\"44787\" data-gtm-vis-total-visible-time10487645_102=\"100\" data-gtm-vis-has-fired10487645_102=\"1\">\n<div class=\"key-value-class-item \" data-gtm-vis-recent-on-screen10487645_102=\"44788\" data-gtm-vis-first-on-screen10487645_102=\"44788\" data-gtm-vis-total-visible-time10487645_102=\"100\" data-gtm-vis-has-fired10487645_102=\"1\">\n<div class=\"key\" data-gtm-vis-recent-on-screen10487645_102=\"44789\" data-gtm-vis-first-on-screen10487645_102=\"44789\" data-gtm-vis-total-visible-time10487645_102=\"100\" data-gtm-vis-has-fired10487645_102=\"1\">Kod: 09 15 240<\/div>\n<\/div>\n<\/div>\n<div class=\"field__item\" data-gtm-vis-recent-on-screen10487645_102=\"44799\" data-gtm-vis-first-on-screen10487645_102=\"44799\" data-gtm-vis-total-visible-time10487645_102=\"100\" data-gtm-vis-has-fired10487645_102=\"1\">\n<div class=\"key-value-class-item \" data-gtm-vis-recent-on-screen10487645_102=\"44799\" data-gtm-vis-first-on-screen10487645_102=\"44799\" data-gtm-vis-total-visible-time10487645_102=\"100\" data-gtm-vis-has-fired10487645_102=\"1\">\n<div class=\"key\" data-gtm-vis-recent-on-screen10487645_102=\"44800\" data-gtm-vis-first-on-screen10487645_102=\"44800\" data-gtm-vis-total-visible-time10487645_102=\"100\" data-gtm-vis-has-fired10487645_102=\"1\">EAN 4003773087397<\/div>\n<\/div>\n<\/div>\n<div class=\"field__item\" data-gtm-vis-recent-on-screen10487645_102=\"44801\" data-gtm-vis-first-on-screen10487645_102=\"44801\" data-gtm-vis-total-visible-time10487645_102=\"100\" data-gtm-vis-has-fired10487645_102=\"1\">\n<div class=\"key-value-class-item \" data-gtm-vis-recent-on-screen10487645_102=\"44802\" data-gtm-vis-first-on-screen10487645_102=\"44802\" data-gtm-vis-total-visible-time10487645_102=\"100\" data-gtm-vis-has-fired10487645_102=\"1\">\n<div class=\"key\" data-gtm-vis-recent-on-screen10487645_102=\"44803\" data-gtm-vis-first-on-screen10487645_102=\"44803\" data-gtm-vis-total-visible-time10487645_102=\"100\" data-gtm-vis-has-fired10487645_102=\"1\">Pense Krom Kaplama<\/div>\n<\/div>\n<\/div>\n<div class=\"field__item\" data-gtm-vis-recent-on-screen10487645_102=\"44820\" data-gtm-vis-first-on-screen10487645_102=\"44820\" data-gtm-vis-total-visible-time10487645_102=\"100\" data-gtm-vis-has-fired10487645_102=\"1\">\n<div class=\"key-value-class-item \" data-gtm-vis-recent-on-screen10487645_102=\"44822\" data-gtm-vis-first-on-screen10487645_102=\"44822\" data-gtm-vis-total-visible-time10487645_102=\"100\" data-gtm-vis-has-fired10487645_102=\"1\">\n<div class=\"key\" data-gtm-vis-recent-on-screen10487645_102=\"44823\" data-gtm-vis-first-on-screen10487645_102=\"44823\" data-gtm-vis-total-visible-time10487645_102=\"100\" data-gtm-vis-has-fired10487645_102=\"1\">Ba\u015fl\u0131k Krom Kaplama<\/div>\n<\/div>\n<\/div>\n<div class=\"field__item\" data-gtm-vis-recent-on-screen10487645_102=\"44837\" data-gtm-vis-first-on-screen10487645_102=\"44837\" data-gtm-vis-total-visible-time10487645_102=\"100\" data-gtm-vis-has-fired10487645_102=\"1\">\n<div class=\"key-value-class-item \" data-gtm-vis-recent-on-screen10487645_102=\"44837\" data-gtm-vis-first-on-screen10487645_102=\"44837\" data-gtm-vis-total-visible-time10487645_102=\"100\" data-gtm-vis-has-fired10487645_102=\"1\">\n<div class=\"key\" data-gtm-vis-recent-on-screen10487645_102=\"44838\" data-gtm-vis-first-on-screen10487645_102=\"44838\" data-gtm-vis-total-visible-time10487645_102=\"100\" data-gtm-vis-has-fired10487645_102=\"1\">Kollar \u00c7ok Bile\u015fenli Tutacaklarla<\/div>\n<\/div>\n<\/div>\n<div class=\"field__item\" data-gtm-vis-recent-on-screen10487645_102=\"44854\" data-gtm-vis-first-on-screen10487645_102=\"44854\" data-gtm-vis-total-visible-time10487645_102=\"100\" data-gtm-vis-has-fired10487645_102=\"1\">\n<div class=\"key-value-class-item \" data-gtm-vis-recent-on-screen10487645_102=\"44854\" data-gtm-vis-first-on-screen10487645_102=\"44854\" data-gtm-vis-total-visible-time10487645_102=\"100\" data-gtm-vis-has-fired10487645_102=\"1\">\n<div class=\"key\" data-gtm-vis-recent-on-screen10487645_102=\"44855\" data-gtm-vis-first-on-screen10487645_102=\"44855\" data-gtm-vis-total-visible-time10487645_102=\"100\" data-gtm-vis-has-fired10487645_102=\"1\">A\u011f\u0131rl\u0131k 455 g<\/div>\n<\/div>\n<\/div>\n<div class=\"field__item\" data-gtm-vis-recent-on-screen10487645_102=\"44873\" data-gtm-vis-first-on-screen10487645_102=\"44873\" data-gtm-vis-total-visible-time10487645_102=\"100\" data-gtm-vis-has-fired10487645_102=\"1\">\n<div class=\"key-value-class-item \" data-gtm-vis-recent-on-screen10487645_102=\"44874\" data-gtm-vis-first-on-screen10487645_102=\"44874\" data-gtm-vis-total-visible-time10487645_102=\"100\" data-gtm-vis-has-fired10487645_102=\"1\">\n<div class=\"key\" data-gtm-vis-recent-on-screen10487645_102=\"44875\" data-gtm-vis-first-on-screen10487645_102=\"44875\" data-gtm-vis-total-visible-time10487645_102=\"100\" data-gtm-vis-has-fired10487645_102=\"1\">\u00d6l\u00e7\u00fcleri 240 x 55 x 23 mm<\/div>\n<\/div>\n<\/div>\n<div class=\"field__item\" data-gtm-vis-recent-on-screen10487645_102=\"44890\" data-gtm-vis-first-on-screen10487645_102=\"44890\" data-gtm-vis-total-visible-time10487645_102=\"100\" data-gtm-vis-has-fired10487645_102=\"1\">\n<div class=\"key-value-class-item \" data-gtm-vis-recent-on-screen10487645_102=\"44891\" data-gtm-vis-first-on-screen10487645_102=\"44891\" data-gtm-vis-total-visible-time10487645_102=\"100\" data-gtm-vis-has-fired10487645_102=\"1\">\n<div class=\"key\" data-gtm-vis-recent-on-screen10487645_102=\"44892\" data-gtm-vis-first-on-screen10487645_102=\"44892\" data-gtm-vis-total-visible-time10487645_102=\"100\" data-gtm-vis-has-fired10487645_102=\"1\">Norm DIN ISO 5746 ASME B107.20<\/div>\n<\/div>\n<\/div>\n<div class=\"field__item\" data-gtm-vis-first-on-screen10487645_102=\"45105\" data-gtm-vis-total-visible-time10487645_102=\"100\" data-gtm-vis-has-fired10487645_102=\"1\">\n<div class=\"key-value-class-item \" data-gtm-vis-first-on-screen10487645_102=\"45107\" data-gtm-vis-total-visible-time10487645_102=\"100\" data-gtm-vis-has-fired10487645_102=\"1\">\n<div class=\"key\" data-gtm-vis-first-on-screen10487645_102=\"45108\" data-gtm-vis-total-visible-time10487645_102=\"100\" data-gtm-vis-has-fired10487645_102=\"1\">REACH Uyumlu SVHC \u0130\u00e7ermiyor<\/div>\n<\/div>\n<\/div>\n<div class=\"field__item\" data-gtm-vis-first-on-screen10487645_102=\"45152\" data-gtm-vis-total-visible-time10487645_102=\"100\" data-gtm-vis-has-fired10487645_102=\"1\">\n<div class=\"key-value-class-item \" data-gtm-vis-first-on-screen10487645_102=\"45153\" data-gtm-vis-total-visible-time10487645_102=\"100\" data-gtm-vis-has-fired10487645_102=\"1\">\n<div class=\"key\" data-gtm-vis-first-on-screen10487645_102=\"45154\" data-gtm-vis-total-visible-time10487645_102=\"100\" data-gtm-vis-has-fired10487645_102=\"1\">ROHS Uyumlu Uygulanamaz<\/div>\n<\/div>\n<\/div>\n<\/div>\n<div class=\"product--variation-field--variation_field_technical_section__1628 field field--name-field-technical-section field--type-key-value-class-field-type field--label-hidden field__items\" data-gtm-vis-first-on-screen10487645_102=\"45205\" data-gtm-vis-total-visible-time10487645_102=\"100\" data-gtm-vis-has-fired10487645_102=\"1\">\n<div class=\"field__item\" data-gtm-vis-first-on-screen10487645_102=\"45171\" data-gtm-vis-total-visible-time10487645_102=\"100\" data-gtm-vis-has-fired10487645_102=\"1\">\n<div class=\"key-value-class-item \" data-gtm-vis-first-on-screen10487645_102=\"45172\" data-gtm-vis-total-visible-time10487645_102=\"100\" data-gtm-vis-has-fired10487645_102=\"1\">\n<div class=\"key\" data-gtm-vis-first-on-screen10487645_102=\"45173\" data-gtm-vis-total-visible-time10487645_102=\"100\" data-gtm-vis-has-fired10487645_102=\"1\">Orta Sert Tel Kesme De\u011feri (\u00e7ap) \u00d8 4,6 mm<\/div>\n<\/div>\n<\/div>\n<div class=\"field__item\" data-gtm-vis-first-on-screen10487645_102=\"45187\" data-gtm-vis-total-visible-time10487645_102=\"100\" data-gtm-vis-has-fired10487645_102=\"1\">\n<div class=\"key-value-class-item \" data-gtm-vis-first-on-screen10487645_102=\"45188\" data-gtm-vis-total-visible-time10487645_102=\"100\" data-gtm-vis-has-fired10487645_102=\"1\">\n<div class=\"key\" data-gtm-vis-first-on-screen10487645_102=\"45189\" data-gtm-vis-total-visible-time10487645_102=\"100\" data-gtm-vis-has-fired10487645_102=\"1\">Yumu\u015fak Tel Kesme De\u011feri (\u00e7ap) \u00d8 3,0 mm<\/div>\n<\/div>\n<\/div>\n<div class=\"field__item\" data-gtm-vis-first-on-screen10487645_102=\"45206\" data-gtm-vis-total-visible-time10487645_102=\"100\" data-gtm-vis-has-fired10487645_102=\"1\">\n<div class=\"key-value-class-item \" data-gtm-vis-first-on-screen10487645_102=\"45207\" data-gtm-vis-total-visible-time10487645_102=\"100\" data-gtm-vis-has-fired10487645_102=\"1\">\n<div class=\"key\" data-gtm-vis-first-on-screen10487645_102=\"45207\" data-gtm-vis-total-visible-time10487645_102=\"100\" data-gtm-vis-has-fired10487645_102=\"1\">B\u0131\u00e7ak Boyu mm 0,0<\/div>\n<\/div>\n<\/div>\n<\/div>\n","protected":false},"excerpt":{"rendered":"<div class=\"kx-flex kx-justify-between\" data-gtm-vis-first-on-screen10487645_102=\"5334\" data-gtm-vis-total-visible-time10487645_102=\"100\" data-gtm-vis-has-fired10487645_102=\"1\">\n<div class=\"kx-flex kx-items-center kx-flex-wrap kx-gap-4 kx-gap-y-0\" data-gtm-vis-first-on-screen10487645_102=\"5335\" data-gtm-vis-total-visible-time10487645_102=\"100\" data-gtm-vis-has-fired10487645_102=\"1\"><img decoding=\"async\" src=\"https:\/\/product-api-assets.knipex.com\/fd89784\/9b83ee62-9b05-4971-89de-17b6a14a808b.png\" alt=\"\" \/><img decoding=\"async\" src=\"https:\/\/product-api-assets.knipex.com\/fd89784\/f8363efd-9f65-4d8b-bf6a-1d046a71f607.png\" alt=\"\" \/><img decoding=\"async\" src=\"https:\/\/product-api-assets.knipex.com\/fd89784\/4c28429e-4c6c-492c-9cf6-114c02024eaa.png\" alt=\"\" \/><\/div>\n<\/div>\n<div class=\"bulletpoint-container\" data-gtm-vis-first-on-screen10487645_102=\"5335\" data-gtm-vis-total-visible-time10487645_102=\"100\" data-gtm-vis-has-fired10487645_102=\"1\">\n<ul>\n<li>Kolay kesim uygulamas\u0131 i\u00e7in y\u00fcksek aktarma oran\u0131<\/li>\n<li>S\u0131radan kombine penselere k\u0131yasla % 50 kuvvet tasarrufu sa\u011flan\u0131r<\/li>\n<li>En zor \u00e7al\u0131\u015fma \u015fartlar\u0131 i\u00e7in masif model, \u00fcniversal olarak kullan\u0131labilir<\/li>\n<li>M\u00fckemmel el uyumu ve yorulmadan \u00e7al\u0131\u015fmay\u0131 sa\u011flayan ergonomik, optimize edilmi\u015f sap tasar\u0131m\u0131<\/li>\n<li>Sa\u011flam tutma ve \u00e7ekme i\u00e7in \u00f6zellikle etkili \u00e7apraz di\u015fli kavrama b\u00f6l\u00fcm\u00fc<\/li>\n<li>G\u00fc\u00e7l\u00fc \u015fekilde s\u0131kma ve \u00e7ekme yapabilmek i\u00e7in mafsal alt\u0131nda ilave bir kavrama b\u00f6l\u00fcm\u00fc olu\u015fturulmu\u015ftur<\/li>\n<li>Yumu\u015fak ve sert tel i\u00e7in uygun kesiciler<\/li>\n<li>Kesicilere ek olarak ind\u00fcksiyon sertle\u015ftirme uygulanm\u0131\u015ft\u0131r, kesici sertli\u011fi yakla\u015f\u0131k. 62 HRC<\/li>\n<li>Amerikan modeli<\/li>\n<li>Mafsal bo\u015flu\u011funda kablo \u00e7ekme i\u00e7in b\u00f6lme bulunur<\/li>\n<li>Buna ilave olarak kablo y\u00fcks\u00fc\u011f\u00fc s\u0131kma b\u00f6l\u00fcm\u00fcde pense de bulunmaktad\u0131r.<\/li>\n<\/ul>\n<\/div>\n","protected":false},"featured_media":19250,"template":"","meta":{"_joinchat":[]},"product_brand":[159],"product_cat":[192],"product_tag":[2148,2147,2146,2106,1800,1801],"class_list":{"0":"post-19248","1":"product","2":"type-product","3":"status-publish","4":"has-post-thumbnail","6":"product_brand-knipex","7":"product_cat-kombine-penseler","8":"product_tag-09-15-240-agir-t-kombine-pense","9":"product_tag-knipex-09-15-240","10":"product_tag-knipex-09-15-240-agir-t-kombine-pense","11":"product_tag-knipex-agir-tip-pense","12":"product_tag-knipex-kombine-pense","13":"product_tag-knipex-pense","16":"first","17":"instock","18":"shipping-taxable","19":"product-type-simple"},"yoast_head":"<!-- This site is optimized with the Yoast SEO plugin v27.3 - https:\/\/yoast.com\/product\/yoast-seo-wordpress\/ -->\n<title>Knipex 09 15 240 A\u011f\u0131r T.Kombine Pense - El Aleti Sepeti<\/title>\n<meta name=\"description\" content=\"Knipex 09 15 240 A\u011f\u0131r Tip Kombine Pense, y\u00fcksek kald\u0131ra\u00e7 g\u00fcc\u00fcyle zorlu kesme ve kavrama i\u015flerinde \u00fcst\u00fcn performans sunar. Profesyonel kullan\u0131m i\u00e7in.\" \/>\n<meta name=\"robots\" content=\"index, follow, max-snippet:-1, max-image-preview:large, max-video-preview:-1\" \/>\n<link rel=\"canonical\" href=\"https:\/\/www.elaletisepeti.com\/?product=knipex-09-15-240-agir-t-kombine-pense\" \/>\n<meta property=\"og:locale\" content=\"tr_TR\" \/>\n<meta property=\"og:type\" content=\"article\" \/>\n<meta property=\"og:title\" content=\"Knipex 09 15 240 A\u011f\u0131r T.Kombine Pense - El Aleti Sepeti\" \/>\n<meta property=\"og:description\" content=\"Knipex 09 15 240 A\u011f\u0131r Tip Kombine Pense, y\u00fcksek kald\u0131ra\u00e7 g\u00fcc\u00fcyle zorlu kesme ve kavrama i\u015flerinde \u00fcst\u00fcn performans sunar. Profesyonel kullan\u0131m i\u00e7in.\" \/>\n<meta property=\"og:url\" content=\"https:\/\/www.elaletisepeti.com\/?product=knipex-09-15-240-agir-t-kombine-pense\" \/>\n<meta property=\"og:site_name\" content=\"El Aleti Sepeti\" \/>\n<meta property=\"og:image\" content=\"https:\/\/www.elaletisepeti.com\/wp-content\/uploads\/2026\/01\/Knipex-09-15-240.jpg\" \/>\n\t<meta property=\"og:image:width\" content=\"1000\" \/>\n\t<meta property=\"og:image:height\" content=\"1000\" \/>\n\t<meta property=\"og:image:type\" content=\"image\/jpeg\" \/>\n<meta name=\"twitter:card\" content=\"summary_large_image\" \/>\n<meta name=\"twitter:label1\" content=\"Tahmini okuma s\u00fcresi\" \/>\n\t<meta name=\"twitter:data1\" content=\"1 dakika\" \/>\n<script type=\"application\/ld+json\" class=\"yoast-schema-graph\">{\"@context\":\"https:\\\/\\\/schema.org\",\"@graph\":[{\"@type\":\"WebPage\",\"@id\":\"https:\\\/\\\/www.elaletisepeti.com\\\/?product=knipex-09-15-240-agir-t-kombine-pense\",\"url\":\"https:\\\/\\\/www.elaletisepeti.com\\\/?product=knipex-09-15-240-agir-t-kombine-pense\",\"name\":\"Knipex 09 15 240 A\u011f\u0131r T.Kombine Pense - El Aleti Sepeti\",\"isPartOf\":{\"@id\":\"https:\\\/\\\/www.elaletisepeti.com\\\/#website\"},\"primaryImageOfPage\":{\"@id\":\"https:\\\/\\\/www.elaletisepeti.com\\\/?product=knipex-09-15-240-agir-t-kombine-pense#primaryimage\"},\"image\":{\"@id\":\"https:\\\/\\\/www.elaletisepeti.com\\\/?product=knipex-09-15-240-agir-t-kombine-pense#primaryimage\"},\"thumbnailUrl\":\"https:\\\/\\\/www.elaletisepeti.com\\\/wp-content\\\/uploads\\\/2026\\\/01\\\/Knipex-09-15-240.jpg\",\"datePublished\":\"2026-01-11T17:44:10+00:00\",\"description\":\"Knipex 09 15 240 A\u011f\u0131r Tip Kombine Pense, y\u00fcksek kald\u0131ra\u00e7 g\u00fcc\u00fcyle zorlu kesme ve kavrama i\u015flerinde \u00fcst\u00fcn performans sunar. Profesyonel kullan\u0131m i\u00e7in.\",\"breadcrumb\":{\"@id\":\"https:\\\/\\\/www.elaletisepeti.com\\\/?product=knipex-09-15-240-agir-t-kombine-pense#breadcrumb\"},\"inLanguage\":\"tr\",\"potentialAction\":[{\"@type\":\"ReadAction\",\"target\":[\"https:\\\/\\\/www.elaletisepeti.com\\\/?product=knipex-09-15-240-agir-t-kombine-pense\"]}]},{\"@type\":\"ImageObject\",\"inLanguage\":\"tr\",\"@id\":\"https:\\\/\\\/www.elaletisepeti.com\\\/?product=knipex-09-15-240-agir-t-kombine-pense#primaryimage\",\"url\":\"https:\\\/\\\/www.elaletisepeti.com\\\/wp-content\\\/uploads\\\/2026\\\/01\\\/Knipex-09-15-240.jpg\",\"contentUrl\":\"https:\\\/\\\/www.elaletisepeti.com\\\/wp-content\\\/uploads\\\/2026\\\/01\\\/Knipex-09-15-240.jpg\",\"width\":1000,\"height\":1000},{\"@type\":\"BreadcrumbList\",\"@id\":\"https:\\\/\\\/www.elaletisepeti.com\\\/?product=knipex-09-15-240-agir-t-kombine-pense#breadcrumb\",\"itemListElement\":[{\"@type\":\"ListItem\",\"position\":1,\"name\":\"Anasayfa\",\"item\":\"https:\\\/\\\/www.elaletisepeti.com\\\/\"},{\"@type\":\"ListItem\",\"position\":2,\"name\":\"Shop\",\"item\":\"https:\\\/\\\/www.elaletisepeti.com\\\/?page_id=7\"},{\"@type\":\"ListItem\",\"position\":3,\"name\":\"Knipex 09 15 240 A\u011f\u0131r T.Kombine Pense\"}]},{\"@type\":\"WebSite\",\"@id\":\"https:\\\/\\\/www.elaletisepeti.com\\\/#website\",\"url\":\"https:\\\/\\\/www.elaletisepeti.com\\\/\",\"name\":\"El Aleti Sepeti\",\"description\":\"El Aletleri, Knipex Pense, Knipex Kerpeten, Knipex Kargaburun,  Kn\u0131pex  Yankeski, Kn\u0131pex Boru Kesme, Knipex Kablo S\u0131y\u0131rma, Knipex  El Aletleri\",\"potentialAction\":[{\"@type\":\"SearchAction\",\"target\":{\"@type\":\"EntryPoint\",\"urlTemplate\":\"https:\\\/\\\/www.elaletisepeti.com\\\/?s={search_term_string}\"},\"query-input\":{\"@type\":\"PropertyValueSpecification\",\"valueRequired\":true,\"valueName\":\"search_term_string\"}}],\"inLanguage\":\"tr\"}]}<\/script>\n<!-- \/ Yoast SEO plugin. -->","yoast_head_json":{"title":"Knipex 09 15 240 A\u011f\u0131r T.Kombine Pense - El Aleti Sepeti","description":"Knipex 09 15 240 A\u011f\u0131r Tip Kombine Pense, y\u00fcksek kald\u0131ra\u00e7 g\u00fcc\u00fcyle zorlu kesme ve kavrama i\u015flerinde \u00fcst\u00fcn performans sunar. Profesyonel kullan\u0131m i\u00e7in.","robots":{"index":"index","follow":"follow","max-snippet":"max-snippet:-1","max-image-preview":"max-image-preview:large","max-video-preview":"max-video-preview:-1"},"canonical":"https:\/\/www.elaletisepeti.com\/?product=knipex-09-15-240-agir-t-kombine-pense","og_locale":"tr_TR","og_type":"article","og_title":"Knipex 09 15 240 A\u011f\u0131r T.Kombine Pense - El Aleti Sepeti","og_description":"Knipex 09 15 240 A\u011f\u0131r Tip Kombine Pense, y\u00fcksek kald\u0131ra\u00e7 g\u00fcc\u00fcyle zorlu kesme ve kavrama i\u015flerinde \u00fcst\u00fcn performans sunar. Profesyonel kullan\u0131m i\u00e7in.","og_url":"https:\/\/www.elaletisepeti.com\/?product=knipex-09-15-240-agir-t-kombine-pense","og_site_name":"El Aleti Sepeti","og_image":[{"width":1000,"height":1000,"url":"https:\/\/www.elaletisepeti.com\/wp-content\/uploads\/2026\/01\/Knipex-09-15-240.jpg","type":"image\/jpeg"}],"twitter_card":"summary_large_image","twitter_misc":{"Tahmini okuma s\u00fcresi":"1 dakika"},"schema":{"@context":"https:\/\/schema.org","@graph":[{"@type":"WebPage","@id":"https:\/\/www.elaletisepeti.com\/?product=knipex-09-15-240-agir-t-kombine-pense","url":"https:\/\/www.elaletisepeti.com\/?product=knipex-09-15-240-agir-t-kombine-pense","name":"Knipex 09 15 240 A\u011f\u0131r T.Kombine Pense - El Aleti Sepeti","isPartOf":{"@id":"https:\/\/www.elaletisepeti.com\/#website"},"primaryImageOfPage":{"@id":"https:\/\/www.elaletisepeti.com\/?product=knipex-09-15-240-agir-t-kombine-pense#primaryimage"},"image":{"@id":"https:\/\/www.elaletisepeti.com\/?product=knipex-09-15-240-agir-t-kombine-pense#primaryimage"},"thumbnailUrl":"https:\/\/www.elaletisepeti.com\/wp-content\/uploads\/2026\/01\/Knipex-09-15-240.jpg","datePublished":"2026-01-11T17:44:10+00:00","description":"Knipex 09 15 240 A\u011f\u0131r Tip Kombine Pense, y\u00fcksek kald\u0131ra\u00e7 g\u00fcc\u00fcyle zorlu kesme ve kavrama i\u015flerinde \u00fcst\u00fcn performans sunar. Profesyonel kullan\u0131m i\u00e7in.","breadcrumb":{"@id":"https:\/\/www.elaletisepeti.com\/?product=knipex-09-15-240-agir-t-kombine-pense#breadcrumb"},"inLanguage":"tr","potentialAction":[{"@type":"ReadAction","target":["https:\/\/www.elaletisepeti.com\/?product=knipex-09-15-240-agir-t-kombine-pense"]}]},{"@type":"ImageObject","inLanguage":"tr","@id":"https:\/\/www.elaletisepeti.com\/?product=knipex-09-15-240-agir-t-kombine-pense#primaryimage","url":"https:\/\/www.elaletisepeti.com\/wp-content\/uploads\/2026\/01\/Knipex-09-15-240.jpg","contentUrl":"https:\/\/www.elaletisepeti.com\/wp-content\/uploads\/2026\/01\/Knipex-09-15-240.jpg","width":1000,"height":1000},{"@type":"BreadcrumbList","@id":"https:\/\/www.elaletisepeti.com\/?product=knipex-09-15-240-agir-t-kombine-pense#breadcrumb","itemListElement":[{"@type":"ListItem","position":1,"name":"Anasayfa","item":"https:\/\/www.elaletisepeti.com\/"},{"@type":"ListItem","position":2,"name":"Shop","item":"https:\/\/www.elaletisepeti.com\/?page_id=7"},{"@type":"ListItem","position":3,"name":"Knipex 09 15 240 A\u011f\u0131r T.Kombine Pense"}]},{"@type":"WebSite","@id":"https:\/\/www.elaletisepeti.com\/#website","url":"https:\/\/www.elaletisepeti.com\/","name":"El Aleti Sepeti","description":"El Aletleri, Knipex Pense, Knipex Kerpeten, Knipex Kargaburun,  Kn\u0131pex  Yankeski, Kn\u0131pex Boru Kesme, Knipex Kablo S\u0131y\u0131rma, Knipex  El Aletleri","potentialAction":[{"@type":"SearchAction","target":{"@type":"EntryPoint","urlTemplate":"https:\/\/www.elaletisepeti.com\/?s={search_term_string}"},"query-input":{"@type":"PropertyValueSpecification","valueRequired":true,"valueName":"search_term_string"}}],"inLanguage":"tr"}]}},"_links":{"self":[{"href":"https:\/\/www.elaletisepeti.com\/index.php?rest_route=\/wp\/v2\/product\/19248","targetHints":{"allow":["GET"]}}],"collection":[{"href":"https:\/\/www.elaletisepeti.com\/index.php?rest_route=\/wp\/v2\/product"}],"about":[{"href":"https:\/\/www.elaletisepeti.com\/index.php?rest_route=\/wp\/v2\/types\/product"}],"wp:featuredmedia":[{"embeddable":true,"href":"https:\/\/www.elaletisepeti.com\/index.php?rest_route=\/wp\/v2\/media\/19250"}],"wp:attachment":[{"href":"https:\/\/www.elaletisepeti.com\/index.php?rest_route=%2Fwp%2Fv2%2Fmedia&parent=19248"}],"wp:term":[{"taxonomy":"product_brand","embeddable":true,"href":"https:\/\/www.elaletisepeti.com\/index.php?rest_route=%2Fwp%2Fv2%2Fproduct_brand&post=19248"},{"taxonomy":"product_cat","embeddable":true,"href":"https:\/\/www.elaletisepeti.com\/index.php?rest_route=%2Fwp%2Fv2%2Fproduct_cat&post=19248"},{"taxonomy":"product_tag","embeddable":true,"href":"https:\/\/www.elaletisepeti.com\/index.php?rest_route=%2Fwp%2Fv2%2Fproduct_tag&post=19248"}],"curies":[{"name":"wp","href":"https:\/\/api.w.org\/{rel}","templated":true}]}}