{"id":19231,"date":"2026-01-11T17:23:56","date_gmt":"2026-01-11T17:23:56","guid":{"rendered":"https:\/\/www.elaletisepeti.com\/?post_type=product&#038;p=19231"},"modified":"2026-01-11T17:23:56","modified_gmt":"2026-01-11T17:23:56","slug":"knipex-09-11-240-agir-t-kombine-pense","status":"publish","type":"product","link":"https:\/\/www.elaletisepeti.com\/?product=knipex-09-11-240-agir-t-kombine-pense","title":{"rendered":"Knipex 09 11 240 A\u011f\u0131r T.Kombine Pense"},"content":{"rendered":"<p><strong>Knipex 09 11 240 A\u011f\u0131r T.Kombine Pense<\/strong><\/p>\n<div class=\"product--variation-field--variation_field_general_section__1628 field field--name-field-general-section field--type-key-value-class-field-type field--label-hidden field__items\" data-gtm-vis-recent-on-screen10487645_102=\"49863\" data-gtm-vis-first-on-screen10487645_102=\"49863\" data-gtm-vis-total-visible-time10487645_102=\"100\" data-gtm-vis-has-fired10487645_102=\"1\">\n<div class=\"field__item\" data-gtm-vis-recent-on-screen10487645_102=\"49814\" data-gtm-vis-first-on-screen10487645_102=\"49814\" data-gtm-vis-total-visible-time10487645_102=\"100\" data-gtm-vis-has-fired10487645_102=\"1\">\n<div class=\"key-value-class-item \" data-gtm-vis-recent-on-screen10487645_102=\"49815\" data-gtm-vis-first-on-screen10487645_102=\"49815\" data-gtm-vis-total-visible-time10487645_102=\"100\" data-gtm-vis-has-fired10487645_102=\"1\">\n<div class=\"key\" data-gtm-vis-recent-on-screen10487645_102=\"49817\" data-gtm-vis-first-on-screen10487645_102=\"49817\" data-gtm-vis-total-visible-time10487645_102=\"100\" data-gtm-vis-has-fired10487645_102=\"1\">Kod: 09 11 240<\/div>\n<\/div>\n<\/div>\n<div class=\"field__item\" data-gtm-vis-recent-on-screen10487645_102=\"49819\" data-gtm-vis-first-on-screen10487645_102=\"49819\" data-gtm-vis-total-visible-time10487645_102=\"100\" data-gtm-vis-has-fired10487645_102=\"1\">\n<div class=\"key-value-class-item \" data-gtm-vis-recent-on-screen10487645_102=\"49820\" data-gtm-vis-first-on-screen10487645_102=\"49820\" data-gtm-vis-total-visible-time10487645_102=\"100\" data-gtm-vis-has-fired10487645_102=\"1\">\n<div class=\"key\" data-gtm-vis-recent-on-screen10487645_102=\"49820\" data-gtm-vis-first-on-screen10487645_102=\"49820\" data-gtm-vis-total-visible-time10487645_102=\"100\" data-gtm-vis-has-fired10487645_102=\"1\">EAN 4003773071952<\/div>\n<\/div>\n<\/div>\n<div class=\"field__item\" data-gtm-vis-recent-on-screen10487645_102=\"49825\" data-gtm-vis-first-on-screen10487645_102=\"49825\" data-gtm-vis-total-visible-time10487645_102=\"100\" data-gtm-vis-has-fired10487645_102=\"1\">\n<div class=\"key-value-class-item \" data-gtm-vis-recent-on-screen10487645_102=\"49828\" data-gtm-vis-first-on-screen10487645_102=\"49828\" data-gtm-vis-total-visible-time10487645_102=\"100\" data-gtm-vis-has-fired10487645_102=\"1\">\n<div class=\"key\" data-gtm-vis-recent-on-screen10487645_102=\"49829\" data-gtm-vis-first-on-screen10487645_102=\"49829\" data-gtm-vis-total-visible-time10487645_102=\"100\" data-gtm-vis-has-fired10487645_102=\"1\">Pense Siyah Atramentize<\/div>\n<\/div>\n<\/div>\n<div class=\"field__item\" data-gtm-vis-recent-on-screen10487645_102=\"49843\" data-gtm-vis-first-on-screen10487645_102=\"49843\" data-gtm-vis-total-visible-time10487645_102=\"100\" data-gtm-vis-has-fired10487645_102=\"1\">\n<div class=\"key-value-class-item \" data-gtm-vis-recent-on-screen10487645_102=\"49846\" data-gtm-vis-first-on-screen10487645_102=\"49846\" data-gtm-vis-total-visible-time10487645_102=\"100\" data-gtm-vis-has-fired10487645_102=\"1\">\n<div class=\"key\" data-gtm-vis-recent-on-screen10487645_102=\"49848\" data-gtm-vis-first-on-screen10487645_102=\"49848\" data-gtm-vis-total-visible-time10487645_102=\"100\" data-gtm-vis-has-fired10487645_102=\"1\">Ba\u015fl\u0131k Cilal\u0131<\/div>\n<\/div>\n<\/div>\n<div class=\"field__item\" data-gtm-vis-recent-on-screen10487645_102=\"49865\" data-gtm-vis-first-on-screen10487645_102=\"49865\" data-gtm-vis-total-visible-time10487645_102=\"100\" data-gtm-vis-has-fired10487645_102=\"1\">\n<div class=\"key-value-class-item \" data-gtm-vis-recent-on-screen10487645_102=\"49866\" data-gtm-vis-first-on-screen10487645_102=\"49866\" data-gtm-vis-total-visible-time10487645_102=\"100\" data-gtm-vis-has-fired10487645_102=\"1\">\n<div class=\"key\" data-gtm-vis-recent-on-screen10487645_102=\"49868\" data-gtm-vis-first-on-screen10487645_102=\"49868\" data-gtm-vis-total-visible-time10487645_102=\"100\" data-gtm-vis-has-fired10487645_102=\"1\">Kollar Kaymaz Plastikle Kapl\u0131<\/div>\n<\/div>\n<\/div>\n<div class=\"field__item\" data-gtm-vis-recent-on-screen10487645_102=\"49880\" data-gtm-vis-first-on-screen10487645_102=\"49880\" data-gtm-vis-total-visible-time10487645_102=\"100\" data-gtm-vis-has-fired10487645_102=\"1\">\n<div class=\"key-value-class-item \" data-gtm-vis-recent-on-screen10487645_102=\"49881\" data-gtm-vis-first-on-screen10487645_102=\"49881\" data-gtm-vis-total-visible-time10487645_102=\"100\" data-gtm-vis-has-fired10487645_102=\"1\">\n<div class=\"key\" data-gtm-vis-recent-on-screen10487645_102=\"49882\" data-gtm-vis-first-on-screen10487645_102=\"49882\" data-gtm-vis-total-visible-time10487645_102=\"100\" data-gtm-vis-has-fired10487645_102=\"1\">A\u011f\u0131rl\u0131k 435 g<\/div>\n<\/div>\n<\/div>\n<div class=\"field__item\" data-gtm-vis-recent-on-screen10487645_102=\"49896\" data-gtm-vis-first-on-screen10487645_102=\"49896\" data-gtm-vis-total-visible-time10487645_102=\"100\" data-gtm-vis-has-fired10487645_102=\"1\">\n<div class=\"key-value-class-item \" data-gtm-vis-recent-on-screen10487645_102=\"49898\" data-gtm-vis-first-on-screen10487645_102=\"49898\" data-gtm-vis-total-visible-time10487645_102=\"100\" data-gtm-vis-has-fired10487645_102=\"1\">\n<div class=\"key\" data-gtm-vis-recent-on-screen10487645_102=\"49899\" data-gtm-vis-first-on-screen10487645_102=\"49899\" data-gtm-vis-total-visible-time10487645_102=\"100\" data-gtm-vis-has-fired10487645_102=\"1\">\u00d6l\u00e7\u00fcleri 240 x 55 x 17 mm<\/div>\n<\/div>\n<\/div>\n<div class=\"field__item\" data-gtm-vis-recent-on-screen10487645_102=\"49930\" data-gtm-vis-first-on-screen10487645_102=\"49930\" data-gtm-vis-total-visible-time10487645_102=\"100\" data-gtm-vis-has-fired10487645_102=\"1\">\n<div class=\"key-value-class-item \" data-gtm-vis-recent-on-screen10487645_102=\"49932\" data-gtm-vis-first-on-screen10487645_102=\"49932\" data-gtm-vis-total-visible-time10487645_102=\"100\" data-gtm-vis-has-fired10487645_102=\"1\">\n<div class=\"key\" data-gtm-vis-recent-on-screen10487645_102=\"49934\" data-gtm-vis-first-on-screen10487645_102=\"49934\" data-gtm-vis-total-visible-time10487645_102=\"100\" data-gtm-vis-has-fired10487645_102=\"1\">Norm DIN ISO 5746 ASME B107.20<\/div>\n<\/div>\n<\/div>\n<div class=\"field__item\" data-gtm-vis-recent-on-screen10487645_102=\"50202\" data-gtm-vis-first-on-screen10487645_102=\"50202\" data-gtm-vis-total-visible-time10487645_102=\"100\" data-gtm-vis-has-fired10487645_102=\"1\">\n<div class=\"key-value-class-item \" data-gtm-vis-recent-on-screen10487645_102=\"50204\" data-gtm-vis-first-on-screen10487645_102=\"50204\" data-gtm-vis-total-visible-time10487645_102=\"100\" data-gtm-vis-has-fired10487645_102=\"1\">\n<div class=\"key\" data-gtm-vis-recent-on-screen10487645_102=\"50206\" data-gtm-vis-first-on-screen10487645_102=\"50206\" data-gtm-vis-total-visible-time10487645_102=\"100\" data-gtm-vis-has-fired10487645_102=\"1\">REACH Uyumlu SVHC \u0130\u00e7ermiyor<\/div>\n<\/div>\n<\/div>\n<div class=\"field__item\" data-gtm-vis-recent-on-screen10487645_102=\"50253\" data-gtm-vis-first-on-screen10487645_102=\"50253\" data-gtm-vis-total-visible-time10487645_102=\"100\" data-gtm-vis-has-fired10487645_102=\"1\">\n<div class=\"key-value-class-item \" data-gtm-vis-recent-on-screen10487645_102=\"50255\" data-gtm-vis-first-on-screen10487645_102=\"50255\" data-gtm-vis-total-visible-time10487645_102=\"100\" data-gtm-vis-has-fired10487645_102=\"1\">\n<div class=\"key\" data-gtm-vis-recent-on-screen10487645_102=\"50256\" data-gtm-vis-first-on-screen10487645_102=\"50256\" data-gtm-vis-total-visible-time10487645_102=\"100\" data-gtm-vis-has-fired10487645_102=\"1\">ROHS Uyumlu Uygulanamaz<\/div>\n<\/div>\n<\/div>\n<\/div>\n<div class=\"product--variation-field--variation_field_technical_section__1628 field field--name-field-technical-section field--type-key-value-class-field-type field--label-hidden field__items\" data-gtm-vis-recent-on-screen10487645_102=\"50302\" data-gtm-vis-first-on-screen10487645_102=\"50302\" data-gtm-vis-total-visible-time10487645_102=\"100\" data-gtm-vis-has-fired10487645_102=\"1\">\n<div class=\"field__item\" data-gtm-vis-recent-on-screen10487645_102=\"50278\" data-gtm-vis-first-on-screen10487645_102=\"50278\" data-gtm-vis-total-visible-time10487645_102=\"100\" data-gtm-vis-has-fired10487645_102=\"1\">\n<div class=\"key-value-class-item \" data-gtm-vis-recent-on-screen10487645_102=\"50281\" data-gtm-vis-first-on-screen10487645_102=\"50281\" data-gtm-vis-total-visible-time10487645_102=\"100\" data-gtm-vis-has-fired10487645_102=\"1\">\n<div class=\"key\" data-gtm-vis-recent-on-screen10487645_102=\"50282\" data-gtm-vis-first-on-screen10487645_102=\"50282\" data-gtm-vis-total-visible-time10487645_102=\"100\" data-gtm-vis-has-fired10487645_102=\"1\">Orta Sert Tel Kesme De\u011feri (\u00e7ap) \u00d8 4,6 mm<\/div>\n<\/div>\n<\/div>\n<div class=\"field__item\" data-gtm-vis-recent-on-screen10487645_102=\"50294\" data-gtm-vis-first-on-screen10487645_102=\"50294\" data-gtm-vis-total-visible-time10487645_102=\"100\" data-gtm-vis-has-fired10487645_102=\"1\">\n<div class=\"key-value-class-item \" data-gtm-vis-recent-on-screen10487645_102=\"50295\" data-gtm-vis-first-on-screen10487645_102=\"50295\" data-gtm-vis-total-visible-time10487645_102=\"100\" data-gtm-vis-has-fired10487645_102=\"1\">\n<div class=\"key\" data-gtm-vis-recent-on-screen10487645_102=\"50296\" data-gtm-vis-first-on-screen10487645_102=\"50296\" data-gtm-vis-total-visible-time10487645_102=\"100\" data-gtm-vis-has-fired10487645_102=\"1\">Yumu\u015fak Tel Kesme De\u011feri (\u00e7ap) \u00d8 3,0 mm<\/div>\n<\/div>\n<\/div>\n<div class=\"field__item\" data-gtm-vis-recent-on-screen10487645_102=\"50326\" data-gtm-vis-first-on-screen10487645_102=\"50326\" data-gtm-vis-total-visible-time10487645_102=\"100\" data-gtm-vis-has-fired10487645_102=\"1\">\n<div class=\"key-value-class-item \" data-gtm-vis-recent-on-screen10487645_102=\"50329\" data-gtm-vis-first-on-screen10487645_102=\"50329\" data-gtm-vis-total-visible-time10487645_102=\"100\" data-gtm-vis-has-fired10487645_102=\"1\">\n<div class=\"key\" data-gtm-vis-recent-on-screen10487645_102=\"50331\" data-gtm-vis-first-on-screen10487645_102=\"50331\" data-gtm-vis-total-visible-time10487645_102=\"100\" data-gtm-vis-has-fired10487645_102=\"1\">B\u0131\u00e7ak Boyu mm0,0<\/div>\n<\/div>\n<\/div>\n<\/div>\n","protected":false},"excerpt":{"rendered":"<div class=\"kx-flex kx-justify-between\" data-gtm-vis-first-on-screen10487645_102=\"11200\" data-gtm-vis-total-visible-time10487645_102=\"100\" data-gtm-vis-has-fired10487645_102=\"1\">\n<div class=\"kx-flex kx-items-center kx-flex-wrap kx-gap-4 kx-gap-y-0\" data-gtm-vis-first-on-screen10487645_102=\"11204\" data-gtm-vis-total-visible-time10487645_102=\"100\" data-gtm-vis-has-fired10487645_102=\"1\"><img decoding=\"async\" src=\"https:\/\/product-api-assets.knipex.com\/fd89784\/9b83ee62-9b05-4971-89de-17b6a14a808b.png\" alt=\"\" \/><img decoding=\"async\" src=\"https:\/\/product-api-assets.knipex.com\/fd89784\/f8363efd-9f65-4d8b-bf6a-1d046a71f607.png\" alt=\"\" \/><img decoding=\"async\" src=\"https:\/\/product-api-assets.knipex.com\/fd89784\/4c28429e-4c6c-492c-9cf6-114c02024eaa.png\" alt=\"\" \/><\/div>\n<\/div>\n<div class=\"bulletpoint-container\" data-gtm-vis-first-on-screen10487645_102=\"11205\" data-gtm-vis-total-visible-time10487645_102=\"100\" data-gtm-vis-has-fired10487645_102=\"1\">\n<ul>\n<li>Kolay kesim uygulamas\u0131 i\u00e7in y\u00fcksek aktarma oran\u0131<\/li>\n<li>S\u0131radan kombine penselere k\u0131yasla % 50 kuvvet tasarrufu sa\u011flan\u0131r<\/li>\n<li>En zor \u00e7al\u0131\u015fma \u015fartlar\u0131 i\u00e7in masif model, \u00fcniversal olarak kullan\u0131labilir<\/li>\n<li>M\u00fckemmel el uyumu ve yorulmadan \u00e7al\u0131\u015fmay\u0131 sa\u011flayan ergonomik, optimize edilmi\u015f sap tasar\u0131m\u0131<\/li>\n<li>Sa\u011flam tutma ve \u00e7ekme i\u00e7in \u00f6zellikle etkili \u00e7apraz di\u015fli kavrama b\u00f6l\u00fcm\u00fc<\/li>\n<li>G\u00fc\u00e7l\u00fc \u015fekilde s\u0131kma ve \u00e7ekme yapabilmek i\u00e7in mafsal alt\u0131nda ilave bir kavrama b\u00f6l\u00fcm\u00fc olu\u015fturulmu\u015ftur<\/li>\n<li>Yumu\u015fak ve sert tel i\u00e7in uygun kesiciler<\/li>\n<li>Kesicilere ek olarak ind\u00fcksiyon sertle\u015ftirme uygulanm\u0131\u015ft\u0131r, kesici sertli\u011fi yakla\u015f\u0131k. 62 HRC<\/li>\n<li>Amerikan modeli<\/li>\n<li>Mafsal bo\u015flu\u011funda kablo \u00e7ekme i\u00e7in b\u00f6lme bulunur<\/li>\n<li>Buna ilave olarak kablo y\u00fcks\u00fc\u011f\u00fc s\u0131kma b\u00f6l\u00fcm\u00fcde pense de bulunmaktad\u0131r.<\/li>\n<\/ul>\n<\/div>\n","protected":false},"featured_media":19233,"template":"","meta":{"_joinchat":[]},"product_brand":[159],"product_cat":[192],"product_tag":[2142,2141,2140,2106,1800,1801],"class_list":{"0":"post-19231","1":"product","2":"type-product","3":"status-publish","4":"has-post-thumbnail","6":"product_brand-knipex","7":"product_cat-kombine-penseler","8":"product_tag-09-11-240-agir-t-kombine-pense","9":"product_tag-knipex-09-11-240","10":"product_tag-knipex-09-11-240-agir-t-kombine-pense","11":"product_tag-knipex-agir-tip-pense","12":"product_tag-knipex-kombine-pense","13":"product_tag-knipex-pense","16":"first","17":"instock","18":"shipping-taxable","19":"product-type-simple"},"yoast_head":"<!-- This site is optimized with the Yoast SEO plugin v27.3 - https:\/\/yoast.com\/product\/yoast-seo-wordpress\/ -->\n<title>Knipex 09 11 240 A\u011f\u0131r T.Kombine Pense - El Aleti Sepeti<\/title>\n<meta name=\"description\" content=\"Knipex 09 11 240, a\u011f\u0131r tip \u00e7elik g\u00f6vdesi sayesinde uzun \u00f6m\u00fcrl\u00fc ve g\u00fcvenilir kullan\u0131m sa\u011flar. G\u00fc\u00e7l\u00fc \u00e7eneleriyle kesme ve tutma i\u015flemlerinde maksimum verim.\" \/>\n<meta name=\"robots\" content=\"index, follow, max-snippet:-1, max-image-preview:large, max-video-preview:-1\" \/>\n<link rel=\"canonical\" href=\"https:\/\/www.elaletisepeti.com\/?product=knipex-09-11-240-agir-t-kombine-pense\" \/>\n<meta property=\"og:locale\" content=\"tr_TR\" \/>\n<meta property=\"og:type\" content=\"article\" \/>\n<meta property=\"og:title\" content=\"Knipex 09 11 240 A\u011f\u0131r T.Kombine Pense - El Aleti Sepeti\" \/>\n<meta property=\"og:description\" content=\"Knipex 09 11 240, a\u011f\u0131r tip \u00e7elik g\u00f6vdesi sayesinde uzun \u00f6m\u00fcrl\u00fc ve g\u00fcvenilir kullan\u0131m sa\u011flar. G\u00fc\u00e7l\u00fc \u00e7eneleriyle kesme ve tutma i\u015flemlerinde maksimum verim.\" \/>\n<meta property=\"og:url\" content=\"https:\/\/www.elaletisepeti.com\/?product=knipex-09-11-240-agir-t-kombine-pense\" \/>\n<meta property=\"og:site_name\" content=\"El Aleti Sepeti\" \/>\n<meta property=\"og:image\" content=\"https:\/\/www.elaletisepeti.com\/wp-content\/uploads\/2026\/01\/Knipex-09-11-240.jpg\" \/>\n\t<meta property=\"og:image:width\" content=\"1000\" \/>\n\t<meta property=\"og:image:height\" content=\"1000\" \/>\n\t<meta property=\"og:image:type\" content=\"image\/jpeg\" \/>\n<meta name=\"twitter:card\" content=\"summary_large_image\" \/>\n<meta name=\"twitter:label1\" content=\"Tahmini okuma s\u00fcresi\" \/>\n\t<meta name=\"twitter:data1\" content=\"1 dakika\" \/>\n<script type=\"application\/ld+json\" class=\"yoast-schema-graph\">{\"@context\":\"https:\\\/\\\/schema.org\",\"@graph\":[{\"@type\":\"WebPage\",\"@id\":\"https:\\\/\\\/www.elaletisepeti.com\\\/?product=knipex-09-11-240-agir-t-kombine-pense\",\"url\":\"https:\\\/\\\/www.elaletisepeti.com\\\/?product=knipex-09-11-240-agir-t-kombine-pense\",\"name\":\"Knipex 09 11 240 A\u011f\u0131r T.Kombine Pense - El Aleti Sepeti\",\"isPartOf\":{\"@id\":\"https:\\\/\\\/www.elaletisepeti.com\\\/#website\"},\"primaryImageOfPage\":{\"@id\":\"https:\\\/\\\/www.elaletisepeti.com\\\/?product=knipex-09-11-240-agir-t-kombine-pense#primaryimage\"},\"image\":{\"@id\":\"https:\\\/\\\/www.elaletisepeti.com\\\/?product=knipex-09-11-240-agir-t-kombine-pense#primaryimage\"},\"thumbnailUrl\":\"https:\\\/\\\/www.elaletisepeti.com\\\/wp-content\\\/uploads\\\/2026\\\/01\\\/Knipex-09-11-240.jpg\",\"datePublished\":\"2026-01-11T17:23:56+00:00\",\"description\":\"Knipex 09 11 240, a\u011f\u0131r tip \u00e7elik g\u00f6vdesi sayesinde uzun \u00f6m\u00fcrl\u00fc ve g\u00fcvenilir kullan\u0131m sa\u011flar. G\u00fc\u00e7l\u00fc \u00e7eneleriyle kesme ve tutma i\u015flemlerinde maksimum verim.\",\"breadcrumb\":{\"@id\":\"https:\\\/\\\/www.elaletisepeti.com\\\/?product=knipex-09-11-240-agir-t-kombine-pense#breadcrumb\"},\"inLanguage\":\"tr\",\"potentialAction\":[{\"@type\":\"ReadAction\",\"target\":[\"https:\\\/\\\/www.elaletisepeti.com\\\/?product=knipex-09-11-240-agir-t-kombine-pense\"]}]},{\"@type\":\"ImageObject\",\"inLanguage\":\"tr\",\"@id\":\"https:\\\/\\\/www.elaletisepeti.com\\\/?product=knipex-09-11-240-agir-t-kombine-pense#primaryimage\",\"url\":\"https:\\\/\\\/www.elaletisepeti.com\\\/wp-content\\\/uploads\\\/2026\\\/01\\\/Knipex-09-11-240.jpg\",\"contentUrl\":\"https:\\\/\\\/www.elaletisepeti.com\\\/wp-content\\\/uploads\\\/2026\\\/01\\\/Knipex-09-11-240.jpg\",\"width\":1000,\"height\":1000},{\"@type\":\"BreadcrumbList\",\"@id\":\"https:\\\/\\\/www.elaletisepeti.com\\\/?product=knipex-09-11-240-agir-t-kombine-pense#breadcrumb\",\"itemListElement\":[{\"@type\":\"ListItem\",\"position\":1,\"name\":\"Anasayfa\",\"item\":\"https:\\\/\\\/www.elaletisepeti.com\\\/\"},{\"@type\":\"ListItem\",\"position\":2,\"name\":\"Shop\",\"item\":\"https:\\\/\\\/www.elaletisepeti.com\\\/?page_id=7\"},{\"@type\":\"ListItem\",\"position\":3,\"name\":\"Knipex 09 11 240 A\u011f\u0131r T.Kombine Pense\"}]},{\"@type\":\"WebSite\",\"@id\":\"https:\\\/\\\/www.elaletisepeti.com\\\/#website\",\"url\":\"https:\\\/\\\/www.elaletisepeti.com\\\/\",\"name\":\"El Aleti Sepeti\",\"description\":\"El Aletleri, Knipex Pense, Knipex Kerpeten, Knipex Kargaburun,  Kn\u0131pex  Yankeski, Kn\u0131pex Boru Kesme, Knipex Kablo S\u0131y\u0131rma, Knipex  El Aletleri\",\"potentialAction\":[{\"@type\":\"SearchAction\",\"target\":{\"@type\":\"EntryPoint\",\"urlTemplate\":\"https:\\\/\\\/www.elaletisepeti.com\\\/?s={search_term_string}\"},\"query-input\":{\"@type\":\"PropertyValueSpecification\",\"valueRequired\":true,\"valueName\":\"search_term_string\"}}],\"inLanguage\":\"tr\"}]}<\/script>\n<!-- \/ Yoast SEO plugin. -->","yoast_head_json":{"title":"Knipex 09 11 240 A\u011f\u0131r T.Kombine Pense - El Aleti Sepeti","description":"Knipex 09 11 240, a\u011f\u0131r tip \u00e7elik g\u00f6vdesi sayesinde uzun \u00f6m\u00fcrl\u00fc ve g\u00fcvenilir kullan\u0131m sa\u011flar. G\u00fc\u00e7l\u00fc \u00e7eneleriyle kesme ve tutma i\u015flemlerinde maksimum verim.","robots":{"index":"index","follow":"follow","max-snippet":"max-snippet:-1","max-image-preview":"max-image-preview:large","max-video-preview":"max-video-preview:-1"},"canonical":"https:\/\/www.elaletisepeti.com\/?product=knipex-09-11-240-agir-t-kombine-pense","og_locale":"tr_TR","og_type":"article","og_title":"Knipex 09 11 240 A\u011f\u0131r T.Kombine Pense - El Aleti Sepeti","og_description":"Knipex 09 11 240, a\u011f\u0131r tip \u00e7elik g\u00f6vdesi sayesinde uzun \u00f6m\u00fcrl\u00fc ve g\u00fcvenilir kullan\u0131m sa\u011flar. G\u00fc\u00e7l\u00fc \u00e7eneleriyle kesme ve tutma i\u015flemlerinde maksimum verim.","og_url":"https:\/\/www.elaletisepeti.com\/?product=knipex-09-11-240-agir-t-kombine-pense","og_site_name":"El Aleti Sepeti","og_image":[{"width":1000,"height":1000,"url":"https:\/\/www.elaletisepeti.com\/wp-content\/uploads\/2026\/01\/Knipex-09-11-240.jpg","type":"image\/jpeg"}],"twitter_card":"summary_large_image","twitter_misc":{"Tahmini okuma s\u00fcresi":"1 dakika"},"schema":{"@context":"https:\/\/schema.org","@graph":[{"@type":"WebPage","@id":"https:\/\/www.elaletisepeti.com\/?product=knipex-09-11-240-agir-t-kombine-pense","url":"https:\/\/www.elaletisepeti.com\/?product=knipex-09-11-240-agir-t-kombine-pense","name":"Knipex 09 11 240 A\u011f\u0131r T.Kombine Pense - El Aleti Sepeti","isPartOf":{"@id":"https:\/\/www.elaletisepeti.com\/#website"},"primaryImageOfPage":{"@id":"https:\/\/www.elaletisepeti.com\/?product=knipex-09-11-240-agir-t-kombine-pense#primaryimage"},"image":{"@id":"https:\/\/www.elaletisepeti.com\/?product=knipex-09-11-240-agir-t-kombine-pense#primaryimage"},"thumbnailUrl":"https:\/\/www.elaletisepeti.com\/wp-content\/uploads\/2026\/01\/Knipex-09-11-240.jpg","datePublished":"2026-01-11T17:23:56+00:00","description":"Knipex 09 11 240, a\u011f\u0131r tip \u00e7elik g\u00f6vdesi sayesinde uzun \u00f6m\u00fcrl\u00fc ve g\u00fcvenilir kullan\u0131m sa\u011flar. G\u00fc\u00e7l\u00fc \u00e7eneleriyle kesme ve tutma i\u015flemlerinde maksimum verim.","breadcrumb":{"@id":"https:\/\/www.elaletisepeti.com\/?product=knipex-09-11-240-agir-t-kombine-pense#breadcrumb"},"inLanguage":"tr","potentialAction":[{"@type":"ReadAction","target":["https:\/\/www.elaletisepeti.com\/?product=knipex-09-11-240-agir-t-kombine-pense"]}]},{"@type":"ImageObject","inLanguage":"tr","@id":"https:\/\/www.elaletisepeti.com\/?product=knipex-09-11-240-agir-t-kombine-pense#primaryimage","url":"https:\/\/www.elaletisepeti.com\/wp-content\/uploads\/2026\/01\/Knipex-09-11-240.jpg","contentUrl":"https:\/\/www.elaletisepeti.com\/wp-content\/uploads\/2026\/01\/Knipex-09-11-240.jpg","width":1000,"height":1000},{"@type":"BreadcrumbList","@id":"https:\/\/www.elaletisepeti.com\/?product=knipex-09-11-240-agir-t-kombine-pense#breadcrumb","itemListElement":[{"@type":"ListItem","position":1,"name":"Anasayfa","item":"https:\/\/www.elaletisepeti.com\/"},{"@type":"ListItem","position":2,"name":"Shop","item":"https:\/\/www.elaletisepeti.com\/?page_id=7"},{"@type":"ListItem","position":3,"name":"Knipex 09 11 240 A\u011f\u0131r T.Kombine Pense"}]},{"@type":"WebSite","@id":"https:\/\/www.elaletisepeti.com\/#website","url":"https:\/\/www.elaletisepeti.com\/","name":"El Aleti Sepeti","description":"El Aletleri, Knipex Pense, Knipex Kerpeten, Knipex Kargaburun,  Kn\u0131pex  Yankeski, Kn\u0131pex Boru Kesme, Knipex Kablo S\u0131y\u0131rma, Knipex  El Aletleri","potentialAction":[{"@type":"SearchAction","target":{"@type":"EntryPoint","urlTemplate":"https:\/\/www.elaletisepeti.com\/?s={search_term_string}"},"query-input":{"@type":"PropertyValueSpecification","valueRequired":true,"valueName":"search_term_string"}}],"inLanguage":"tr"}]}},"_links":{"self":[{"href":"https:\/\/www.elaletisepeti.com\/index.php?rest_route=\/wp\/v2\/product\/19231","targetHints":{"allow":["GET"]}}],"collection":[{"href":"https:\/\/www.elaletisepeti.com\/index.php?rest_route=\/wp\/v2\/product"}],"about":[{"href":"https:\/\/www.elaletisepeti.com\/index.php?rest_route=\/wp\/v2\/types\/product"}],"wp:featuredmedia":[{"embeddable":true,"href":"https:\/\/www.elaletisepeti.com\/index.php?rest_route=\/wp\/v2\/media\/19233"}],"wp:attachment":[{"href":"https:\/\/www.elaletisepeti.com\/index.php?rest_route=%2Fwp%2Fv2%2Fmedia&parent=19231"}],"wp:term":[{"taxonomy":"product_brand","embeddable":true,"href":"https:\/\/www.elaletisepeti.com\/index.php?rest_route=%2Fwp%2Fv2%2Fproduct_brand&post=19231"},{"taxonomy":"product_cat","embeddable":true,"href":"https:\/\/www.elaletisepeti.com\/index.php?rest_route=%2Fwp%2Fv2%2Fproduct_cat&post=19231"},{"taxonomy":"product_tag","embeddable":true,"href":"https:\/\/www.elaletisepeti.com\/index.php?rest_route=%2Fwp%2Fv2%2Fproduct_tag&post=19231"}],"curies":[{"name":"wp","href":"https:\/\/api.w.org\/{rel}","templated":true}]}}