{"id":18790,"date":"2026-01-03T10:34:31","date_gmt":"2026-01-03T10:34:31","guid":{"rendered":"https:\/\/www.elaletisepeti.com\/?post_type=product&#038;p=18790"},"modified":"2026-01-03T10:34:31","modified_gmt":"2026-01-03T10:34:31","slug":"knipex-29-25-160-kargaburun","status":"publish","type":"product","link":"https:\/\/www.elaletisepeti.com\/?product=knipex-29-25-160-kargaburun","title":{"rendered":"Knipex 29 25 160 Kargaburun"},"content":{"rendered":"<p><strong>Knipex 29 25 160 Kargaburun<\/strong><\/p>\n<div class=\"product--variation-field--variation_field_general_section__16275 field field--name-field-general-section field--type-key-value-class-field-type field--label-hidden field__items\" data-gtm-vis-recent-on-screen10487645_102=\"176569\" data-gtm-vis-first-on-screen10487645_102=\"176569\" data-gtm-vis-total-visible-time10487645_102=\"100\" data-gtm-vis-has-fired10487645_102=\"1\">\n<div class=\"field__item\" data-gtm-vis-first-on-screen10487645_102=\"176468\" data-gtm-vis-total-visible-time10487645_102=\"100\" data-gtm-vis-has-fired10487645_102=\"1\">\n<div class=\"key-value-class-item \" data-gtm-vis-first-on-screen10487645_102=\"176469\" data-gtm-vis-total-visible-time10487645_102=\"100\" data-gtm-vis-has-fired10487645_102=\"1\">\n<div class=\"key\" data-gtm-vis-first-on-screen10487645_102=\"176469\" data-gtm-vis-total-visible-time10487645_102=\"100\" data-gtm-vis-has-fired10487645_102=\"1\">Kod:\u00a029 25 160<\/div>\n<\/div>\n<\/div>\n<div class=\"field__item\" data-gtm-vis-first-on-screen10487645_102=\"176486\" data-gtm-vis-total-visible-time10487645_102=\"100\" data-gtm-vis-has-fired10487645_102=\"1\">\n<div class=\"key-value-class-item \" data-gtm-vis-first-on-screen10487645_102=\"176487\" data-gtm-vis-total-visible-time10487645_102=\"100\" data-gtm-vis-has-fired10487645_102=\"1\">\n<div class=\"key\" data-gtm-vis-first-on-screen10487645_102=\"176487\" data-gtm-vis-total-visible-time10487645_102=\"100\" data-gtm-vis-has-fired10487645_102=\"1\">EAN 4003773043478<\/div>\n<\/div>\n<\/div>\n<div class=\"field__item\" data-gtm-vis-first-on-screen10487645_102=\"176504\" data-gtm-vis-total-visible-time10487645_102=\"100\" data-gtm-vis-has-fired10487645_102=\"1\">\n<div class=\"key-value-class-item \" data-gtm-vis-first-on-screen10487645_102=\"176505\" data-gtm-vis-total-visible-time10487645_102=\"100\" data-gtm-vis-has-fired10487645_102=\"1\">\n<div class=\"key\" data-gtm-vis-first-on-screen10487645_102=\"176507\" data-gtm-vis-total-visible-time10487645_102=\"100\" data-gtm-vis-has-fired10487645_102=\"1\">Pense Krom Kaplama<\/div>\n<\/div>\n<\/div>\n<div class=\"field__item\" data-gtm-vis-first-on-screen10487645_102=\"176538\" data-gtm-vis-total-visible-time10487645_102=\"100\" data-gtm-vis-has-fired10487645_102=\"1\">\n<div class=\"key-value-class-item \" data-gtm-vis-first-on-screen10487645_102=\"176541\" data-gtm-vis-total-visible-time10487645_102=\"100\" data-gtm-vis-has-fired10487645_102=\"1\">\n<div class=\"key\" data-gtm-vis-first-on-screen10487645_102=\"176542\" data-gtm-vis-total-visible-time10487645_102=\"100\" data-gtm-vis-has-fired10487645_102=\"1\">Ba\u015fl\u0131k Krom Kaplama<\/div>\n<\/div>\n<\/div>\n<div class=\"field__item\" data-gtm-vis-recent-on-screen10487645_102=\"176550\" data-gtm-vis-first-on-screen10487645_102=\"176550\" data-gtm-vis-total-visible-time10487645_102=\"100\" data-gtm-vis-has-fired10487645_102=\"1\">\n<div class=\"key-value-class-item \" data-gtm-vis-recent-on-screen10487645_102=\"176551\" data-gtm-vis-first-on-screen10487645_102=\"176551\" data-gtm-vis-total-visible-time10487645_102=\"100\" data-gtm-vis-has-fired10487645_102=\"1\">\n<div class=\"key\" data-gtm-vis-recent-on-screen10487645_102=\"176552\" data-gtm-vis-first-on-screen10487645_102=\"176552\" data-gtm-vis-total-visible-time10487645_102=\"100\" data-gtm-vis-has-fired10487645_102=\"1\">Kollar Konforlu Saplar \u0130le<\/div>\n<\/div>\n<\/div>\n<div class=\"field__item\" data-gtm-vis-recent-on-screen10487645_102=\"176831\" data-gtm-vis-first-on-screen10487645_102=\"176831\" data-gtm-vis-total-visible-time10487645_102=\"100\" data-gtm-vis-has-fired10487645_102=\"1\">\n<div class=\"key-value-class-item \" data-gtm-vis-recent-on-screen10487645_102=\"176834\" data-gtm-vis-first-on-screen10487645_102=\"176834\" data-gtm-vis-total-visible-time10487645_102=\"100\" data-gtm-vis-has-fired10487645_102=\"1\">\n<div class=\"key\" data-gtm-vis-recent-on-screen10487645_102=\"176835\" data-gtm-vis-first-on-screen10487645_102=\"176835\" data-gtm-vis-total-visible-time10487645_102=\"100\" data-gtm-vis-has-fired10487645_102=\"1\">A\u011f\u0131rl\u0131k 139 g<\/div>\n<\/div>\n<\/div>\n<div class=\"field__item\" data-gtm-vis-recent-on-screen10487645_102=\"176898\" data-gtm-vis-first-on-screen10487645_102=\"176898\" data-gtm-vis-total-visible-time10487645_102=\"100\" data-gtm-vis-has-fired10487645_102=\"1\">\n<div class=\"key-value-class-item \" data-gtm-vis-recent-on-screen10487645_102=\"176900\" data-gtm-vis-first-on-screen10487645_102=\"176900\" data-gtm-vis-total-visible-time10487645_102=\"100\" data-gtm-vis-has-fired10487645_102=\"1\">\n<div class=\"key\" data-gtm-vis-recent-on-screen10487645_102=\"176901\" data-gtm-vis-first-on-screen10487645_102=\"176901\" data-gtm-vis-total-visible-time10487645_102=\"100\" data-gtm-vis-has-fired10487645_102=\"1\">\u00d6l\u00e7\u00fcleri 160 x 56 x 18 mm<\/div>\n<\/div>\n<\/div>\n<div class=\"field__item\" data-gtm-vis-recent-on-screen10487645_102=\"176934\" data-gtm-vis-first-on-screen10487645_102=\"176934\" data-gtm-vis-total-visible-time10487645_102=\"100\" data-gtm-vis-has-fired10487645_102=\"1\">\n<div class=\"key-value-class-item \" data-gtm-vis-recent-on-screen10487645_102=\"176936\" data-gtm-vis-first-on-screen10487645_102=\"176936\" data-gtm-vis-total-visible-time10487645_102=\"100\" data-gtm-vis-has-fired10487645_102=\"1\">\n<div class=\"key\" data-gtm-vis-recent-on-screen10487645_102=\"176937\" data-gtm-vis-first-on-screen10487645_102=\"176937\" data-gtm-vis-total-visible-time10487645_102=\"100\" data-gtm-vis-has-fired10487645_102=\"1\">Norm DIN ISO 5745<\/div>\n<\/div>\n<\/div>\n<div class=\"field__item\" data-gtm-vis-recent-on-screen10487645_102=\"176966\" data-gtm-vis-first-on-screen10487645_102=\"176966\" data-gtm-vis-total-visible-time10487645_102=\"100\" data-gtm-vis-has-fired10487645_102=\"1\">\n<div class=\"key-value-class-item \" data-gtm-vis-recent-on-screen10487645_102=\"176968\" data-gtm-vis-first-on-screen10487645_102=\"176968\" data-gtm-vis-total-visible-time10487645_102=\"100\" data-gtm-vis-has-fired10487645_102=\"1\">\n<div class=\"key\" data-gtm-vis-recent-on-screen10487645_102=\"176969\" data-gtm-vis-first-on-screen10487645_102=\"176969\" data-gtm-vis-total-visible-time10487645_102=\"100\" data-gtm-vis-has-fired10487645_102=\"1\">REACH Uyumlu SVHC \u0130\u00e7ermiyor<\/div>\n<\/div>\n<\/div>\n<div class=\"field__item\" data-gtm-vis-recent-on-screen10487645_102=\"177000\" data-gtm-vis-first-on-screen10487645_102=\"177000\" data-gtm-vis-total-visible-time10487645_102=\"100\" data-gtm-vis-has-fired10487645_102=\"1\">\n<div class=\"key-value-class-item \" data-gtm-vis-recent-on-screen10487645_102=\"177003\" data-gtm-vis-first-on-screen10487645_102=\"177003\" data-gtm-vis-total-visible-time10487645_102=\"100\" data-gtm-vis-has-fired10487645_102=\"1\">\n<div class=\"key\" data-gtm-vis-recent-on-screen10487645_102=\"177004\" data-gtm-vis-first-on-screen10487645_102=\"177004\" data-gtm-vis-total-visible-time10487645_102=\"100\" data-gtm-vis-has-fired10487645_102=\"1\">ROHS Uyumlu Uygulanamaz<\/div>\n<\/div>\n<\/div>\n<\/div>\n<div class=\"product--variation-field--variation_field_technical_section__16275 field field--name-field-technical-section field--type-key-value-class-field-type field--label-hidden field__items\" data-gtm-vis-recent-on-screen10487645_102=\"177135\" data-gtm-vis-first-on-screen10487645_102=\"177135\" data-gtm-vis-total-visible-time10487645_102=\"100\" data-gtm-vis-has-fired10487645_102=\"1\">\n<div class=\"field__item\" data-gtm-vis-recent-on-screen10487645_102=\"177069\" data-gtm-vis-first-on-screen10487645_102=\"177069\" data-gtm-vis-total-visible-time10487645_102=\"100\" data-gtm-vis-has-fired10487645_102=\"1\">\n<div class=\"key-value-class-item \" data-gtm-vis-recent-on-screen10487645_102=\"177072\" data-gtm-vis-first-on-screen10487645_102=\"177072\" data-gtm-vis-total-visible-time10487645_102=\"100\" data-gtm-vis-has-fired10487645_102=\"1\">\n<div class=\"key\" data-gtm-vis-recent-on-screen10487645_102=\"177074\" data-gtm-vis-first-on-screen10487645_102=\"177074\" data-gtm-vis-total-visible-time10487645_102=\"100\" data-gtm-vis-has-fired10487645_102=\"1\">\u00c7ene Kal\u0131nl\u0131\u011f\u0131 (eklem) (T1) 9,0 mm<\/div>\n<\/div>\n<\/div>\n<div class=\"field__item\" data-gtm-vis-recent-on-screen10487645_102=\"177100\" data-gtm-vis-first-on-screen10487645_102=\"177100\" data-gtm-vis-total-visible-time10487645_102=\"100\" data-gtm-vis-has-fired10487645_102=\"1\">\n<div class=\"key-value-class-item \" data-gtm-vis-recent-on-screen10487645_102=\"177101\" data-gtm-vis-first-on-screen10487645_102=\"177101\" data-gtm-vis-total-visible-time10487645_102=\"100\" data-gtm-vis-has-fired10487645_102=\"1\">\n<div class=\"key\" data-gtm-vis-recent-on-screen10487645_102=\"177102\" data-gtm-vis-first-on-screen10487645_102=\"177102\" data-gtm-vis-total-visible-time10487645_102=\"100\" data-gtm-vis-has-fired10487645_102=\"1\">U\u00e7lar Geni\u015flik (W4) 2,0 mm<\/div>\n<\/div>\n<\/div>\n<div class=\"field__item\" data-gtm-vis-recent-on-screen10487645_102=\"177117\" data-gtm-vis-first-on-screen10487645_102=\"177118\" data-gtm-vis-total-visible-time10487645_102=\"100\" data-gtm-vis-has-fired10487645_102=\"1\">\n<div class=\"key-value-class-item \" data-gtm-vis-recent-on-screen10487645_102=\"177119\" data-gtm-vis-first-on-screen10487645_102=\"177119\" data-gtm-vis-total-visible-time10487645_102=\"100\" data-gtm-vis-has-fired10487645_102=\"1\">\n<div class=\"key\" data-gtm-vis-recent-on-screen10487645_102=\"177120\" data-gtm-vis-first-on-screen10487645_102=\"177120\" data-gtm-vis-total-visible-time10487645_102=\"100\" data-gtm-vis-has-fired10487645_102=\"1\">Tip Thickness (T2) 2,0 mm<\/div>\n<\/div>\n<\/div>\n<div class=\"field__item\" data-gtm-vis-recent-on-screen10487645_102=\"177137\" data-gtm-vis-first-on-screen10487645_102=\"177137\" data-gtm-vis-total-visible-time10487645_102=\"100\" data-gtm-vis-has-fired10487645_102=\"1\">\n<div class=\"key-value-class-item \" data-gtm-vis-recent-on-screen10487645_102=\"177138\" data-gtm-vis-first-on-screen10487645_102=\"177138\" data-gtm-vis-total-visible-time10487645_102=\"100\" data-gtm-vis-has-fired10487645_102=\"1\">\n<div class=\"key\" data-gtm-vis-recent-on-screen10487645_102=\"177140\" data-gtm-vis-first-on-screen10487645_102=\"177140\" data-gtm-vis-total-visible-time10487645_102=\"100\" data-gtm-vis-has-fired10487645_102=\"1\">\u00c7ene Uzunlu\u011fu (L3) 54,0 mm<\/div>\n<\/div>\n<\/div>\n<div class=\"field__item\" data-gtm-vis-recent-on-screen10487645_102=\"177166\" data-gtm-vis-first-on-screen10487645_102=\"177166\" data-gtm-vis-total-visible-time10487645_102=\"100\" data-gtm-vis-has-fired10487645_102=\"1\">\n<div class=\"key-value-class-item \" data-gtm-vis-recent-on-screen10487645_102=\"177169\" data-gtm-vis-first-on-screen10487645_102=\"177169\" data-gtm-vis-total-visible-time10487645_102=\"100\" data-gtm-vis-has-fired10487645_102=\"1\">\n<div class=\"key\" data-gtm-vis-recent-on-screen10487645_102=\"177170\" data-gtm-vis-first-on-screen10487645_102=\"177170\" data-gtm-vis-total-visible-time10487645_102=\"100\" data-gtm-vis-has-fired10487645_102=\"1\">Kafa Geni\u015fli\u011fi (W3) 14,0 mm<\/div>\n<\/div>\n<\/div>\n<\/div>\n","protected":false},"excerpt":{"rendered":"<div class=\"kx-flex kx-justify-between\" data-gtm-vis-first-on-screen10487645_102=\"45984\" data-gtm-vis-total-visible-time10487645_102=\"100\" data-gtm-vis-has-fired10487645_102=\"1\">\n<div class=\"kx-flex kx-items-center kx-flex-wrap kx-gap-4 kx-gap-y-0\" data-gtm-vis-first-on-screen10487645_102=\"45985\" data-gtm-vis-total-visible-time10487645_102=\"100\" data-gtm-vis-has-fired10487645_102=\"1\"><img decoding=\"async\" src=\"https:\/\/product-api-assets.knipex.com\/fd89784\/c59072fe-af18-42b9-a25f-5147fc9f65f5.png\" alt=\"\" \/><img decoding=\"async\" src=\"https:\/\/product-api-assets.knipex.com\/fd89784\/4c28429e-4c6c-492c-9cf6-114c02024eaa.png\" alt=\"\" \/><\/div>\n<\/div>\n<div class=\"bulletpoint-container\" data-gtm-vis-first-on-screen10487645_102=\"45986\" data-gtm-vis-total-visible-time10487645_102=\"100\" data-gtm-vis-has-fired10487645_102=\"1\">\n<ul>\n<li>\u00d6zellikle ince, narin u\u00e7lar<\/li>\n<li>Sivri u\u00e7lu lehim pensesi olarak da kullan\u0131labilir<\/li>\n<li>A\u011f\u0131z y\u00fczeyleri \u00e7apraz di\u015fli<\/li>\n<li>Konforlu saplar ile: optimize edilmi\u015f kullan\u0131m i\u00e7in \u00fc\u00e7 ergonomik bile\u015fenden olu\u015fur ve eklemeler i\u00e7in iki KNIPEXtend arabirimiyle donat\u0131lm\u0131\u015ft\u0131r<\/li>\n<\/ul>\n<\/div>\n","protected":false},"featured_media":18792,"template":"","meta":{"_joinchat":[]},"product_brand":[159],"product_cat":[194],"product_tag":[1972,1971,1970,1789],"class_list":{"0":"post-18790","1":"product","2":"type-product","3":"status-publish","4":"has-post-thumbnail","6":"product_brand-knipex","7":"product_cat-kargaburun","8":"product_tag-29-25-160-kargaburun","9":"product_tag-knipex-29-25-160","10":"product_tag-knipex-29-25-160-kargaburun","11":"product_tag-knipex-kargaburun","14":"first","15":"instock","16":"shipping-taxable","17":"product-type-simple"},"yoast_head":"<!-- This site is optimized with the Yoast SEO plugin v27.3 - https:\/\/yoast.com\/product\/yoast-seo-wordpress\/ -->\n<title>Knipex 29 25 160 Kargaburun - El Aleti Sepeti<\/title>\n<meta name=\"description\" content=\"Knipex 29 25 160 Kargaburun 160 mm uzun kargaburun pense, ergonomik sap ve g\u00fc\u00e7l\u00fc tutu\u015f performans\u0131yla montaj, tamir ve hassas uygulamalarda g\u00fcvenilir sonu\u00e7.\" \/>\n<meta name=\"robots\" content=\"index, follow, max-snippet:-1, max-image-preview:large, max-video-preview:-1\" \/>\n<link rel=\"canonical\" href=\"https:\/\/www.elaletisepeti.com\/?product=knipex-29-25-160-kargaburun\" \/>\n<meta property=\"og:locale\" content=\"tr_TR\" \/>\n<meta property=\"og:type\" content=\"article\" \/>\n<meta property=\"og:title\" content=\"Knipex 29 25 160 Kargaburun - El Aleti Sepeti\" \/>\n<meta property=\"og:description\" content=\"Knipex 29 25 160 Kargaburun 160 mm uzun kargaburun pense, ergonomik sap ve g\u00fc\u00e7l\u00fc tutu\u015f performans\u0131yla montaj, tamir ve hassas uygulamalarda g\u00fcvenilir sonu\u00e7.\" \/>\n<meta property=\"og:url\" content=\"https:\/\/www.elaletisepeti.com\/?product=knipex-29-25-160-kargaburun\" \/>\n<meta property=\"og:site_name\" content=\"El Aleti Sepeti\" \/>\n<meta property=\"og:image\" content=\"https:\/\/www.elaletisepeti.com\/wp-content\/uploads\/2026\/01\/Knipex-29-25-160.jpg\" \/>\n\t<meta property=\"og:image:width\" content=\"1000\" \/>\n\t<meta property=\"og:image:height\" content=\"1000\" \/>\n\t<meta property=\"og:image:type\" content=\"image\/jpeg\" \/>\n<meta name=\"twitter:card\" content=\"summary_large_image\" \/>\n<meta name=\"twitter:label1\" content=\"Tahmini okuma s\u00fcresi\" \/>\n\t<meta name=\"twitter:data1\" content=\"1 dakika\" \/>\n<script type=\"application\/ld+json\" class=\"yoast-schema-graph\">{\"@context\":\"https:\\\/\\\/schema.org\",\"@graph\":[{\"@type\":\"WebPage\",\"@id\":\"https:\\\/\\\/www.elaletisepeti.com\\\/?product=knipex-29-25-160-kargaburun\",\"url\":\"https:\\\/\\\/www.elaletisepeti.com\\\/?product=knipex-29-25-160-kargaburun\",\"name\":\"Knipex 29 25 160 Kargaburun - El Aleti Sepeti\",\"isPartOf\":{\"@id\":\"https:\\\/\\\/www.elaletisepeti.com\\\/#website\"},\"primaryImageOfPage\":{\"@id\":\"https:\\\/\\\/www.elaletisepeti.com\\\/?product=knipex-29-25-160-kargaburun#primaryimage\"},\"image\":{\"@id\":\"https:\\\/\\\/www.elaletisepeti.com\\\/?product=knipex-29-25-160-kargaburun#primaryimage\"},\"thumbnailUrl\":\"https:\\\/\\\/www.elaletisepeti.com\\\/wp-content\\\/uploads\\\/2026\\\/01\\\/Knipex-29-25-160.jpg\",\"datePublished\":\"2026-01-03T10:34:31+00:00\",\"description\":\"Knipex 29 25 160 Kargaburun 160 mm uzun kargaburun pense, ergonomik sap ve g\u00fc\u00e7l\u00fc tutu\u015f performans\u0131yla montaj, tamir ve hassas uygulamalarda g\u00fcvenilir sonu\u00e7.\",\"breadcrumb\":{\"@id\":\"https:\\\/\\\/www.elaletisepeti.com\\\/?product=knipex-29-25-160-kargaburun#breadcrumb\"},\"inLanguage\":\"tr\",\"potentialAction\":[{\"@type\":\"ReadAction\",\"target\":[\"https:\\\/\\\/www.elaletisepeti.com\\\/?product=knipex-29-25-160-kargaburun\"]}]},{\"@type\":\"ImageObject\",\"inLanguage\":\"tr\",\"@id\":\"https:\\\/\\\/www.elaletisepeti.com\\\/?product=knipex-29-25-160-kargaburun#primaryimage\",\"url\":\"https:\\\/\\\/www.elaletisepeti.com\\\/wp-content\\\/uploads\\\/2026\\\/01\\\/Knipex-29-25-160.jpg\",\"contentUrl\":\"https:\\\/\\\/www.elaletisepeti.com\\\/wp-content\\\/uploads\\\/2026\\\/01\\\/Knipex-29-25-160.jpg\",\"width\":1000,\"height\":1000},{\"@type\":\"BreadcrumbList\",\"@id\":\"https:\\\/\\\/www.elaletisepeti.com\\\/?product=knipex-29-25-160-kargaburun#breadcrumb\",\"itemListElement\":[{\"@type\":\"ListItem\",\"position\":1,\"name\":\"Anasayfa\",\"item\":\"https:\\\/\\\/www.elaletisepeti.com\\\/\"},{\"@type\":\"ListItem\",\"position\":2,\"name\":\"Shop\",\"item\":\"https:\\\/\\\/www.elaletisepeti.com\\\/?page_id=7\"},{\"@type\":\"ListItem\",\"position\":3,\"name\":\"Knipex 29 25 160 Kargaburun\"}]},{\"@type\":\"WebSite\",\"@id\":\"https:\\\/\\\/www.elaletisepeti.com\\\/#website\",\"url\":\"https:\\\/\\\/www.elaletisepeti.com\\\/\",\"name\":\"El Aleti Sepeti\",\"description\":\"El Aletleri, Knipex Pense, Knipex Kerpeten, Knipex Kargaburun,  Kn\u0131pex  Yankeski, Kn\u0131pex Boru Kesme, Knipex Kablo S\u0131y\u0131rma, Knipex  El Aletleri\",\"potentialAction\":[{\"@type\":\"SearchAction\",\"target\":{\"@type\":\"EntryPoint\",\"urlTemplate\":\"https:\\\/\\\/www.elaletisepeti.com\\\/?s={search_term_string}\"},\"query-input\":{\"@type\":\"PropertyValueSpecification\",\"valueRequired\":true,\"valueName\":\"search_term_string\"}}],\"inLanguage\":\"tr\"}]}<\/script>\n<!-- \/ Yoast SEO plugin. -->","yoast_head_json":{"title":"Knipex 29 25 160 Kargaburun - El Aleti Sepeti","description":"Knipex 29 25 160 Kargaburun 160 mm uzun kargaburun pense, ergonomik sap ve g\u00fc\u00e7l\u00fc tutu\u015f performans\u0131yla montaj, tamir ve hassas uygulamalarda g\u00fcvenilir sonu\u00e7.","robots":{"index":"index","follow":"follow","max-snippet":"max-snippet:-1","max-image-preview":"max-image-preview:large","max-video-preview":"max-video-preview:-1"},"canonical":"https:\/\/www.elaletisepeti.com\/?product=knipex-29-25-160-kargaburun","og_locale":"tr_TR","og_type":"article","og_title":"Knipex 29 25 160 Kargaburun - El Aleti Sepeti","og_description":"Knipex 29 25 160 Kargaburun 160 mm uzun kargaburun pense, ergonomik sap ve g\u00fc\u00e7l\u00fc tutu\u015f performans\u0131yla montaj, tamir ve hassas uygulamalarda g\u00fcvenilir sonu\u00e7.","og_url":"https:\/\/www.elaletisepeti.com\/?product=knipex-29-25-160-kargaburun","og_site_name":"El Aleti Sepeti","og_image":[{"width":1000,"height":1000,"url":"https:\/\/www.elaletisepeti.com\/wp-content\/uploads\/2026\/01\/Knipex-29-25-160.jpg","type":"image\/jpeg"}],"twitter_card":"summary_large_image","twitter_misc":{"Tahmini okuma s\u00fcresi":"1 dakika"},"schema":{"@context":"https:\/\/schema.org","@graph":[{"@type":"WebPage","@id":"https:\/\/www.elaletisepeti.com\/?product=knipex-29-25-160-kargaburun","url":"https:\/\/www.elaletisepeti.com\/?product=knipex-29-25-160-kargaburun","name":"Knipex 29 25 160 Kargaburun - El Aleti Sepeti","isPartOf":{"@id":"https:\/\/www.elaletisepeti.com\/#website"},"primaryImageOfPage":{"@id":"https:\/\/www.elaletisepeti.com\/?product=knipex-29-25-160-kargaburun#primaryimage"},"image":{"@id":"https:\/\/www.elaletisepeti.com\/?product=knipex-29-25-160-kargaburun#primaryimage"},"thumbnailUrl":"https:\/\/www.elaletisepeti.com\/wp-content\/uploads\/2026\/01\/Knipex-29-25-160.jpg","datePublished":"2026-01-03T10:34:31+00:00","description":"Knipex 29 25 160 Kargaburun 160 mm uzun kargaburun pense, ergonomik sap ve g\u00fc\u00e7l\u00fc tutu\u015f performans\u0131yla montaj, tamir ve hassas uygulamalarda g\u00fcvenilir sonu\u00e7.","breadcrumb":{"@id":"https:\/\/www.elaletisepeti.com\/?product=knipex-29-25-160-kargaburun#breadcrumb"},"inLanguage":"tr","potentialAction":[{"@type":"ReadAction","target":["https:\/\/www.elaletisepeti.com\/?product=knipex-29-25-160-kargaburun"]}]},{"@type":"ImageObject","inLanguage":"tr","@id":"https:\/\/www.elaletisepeti.com\/?product=knipex-29-25-160-kargaburun#primaryimage","url":"https:\/\/www.elaletisepeti.com\/wp-content\/uploads\/2026\/01\/Knipex-29-25-160.jpg","contentUrl":"https:\/\/www.elaletisepeti.com\/wp-content\/uploads\/2026\/01\/Knipex-29-25-160.jpg","width":1000,"height":1000},{"@type":"BreadcrumbList","@id":"https:\/\/www.elaletisepeti.com\/?product=knipex-29-25-160-kargaburun#breadcrumb","itemListElement":[{"@type":"ListItem","position":1,"name":"Anasayfa","item":"https:\/\/www.elaletisepeti.com\/"},{"@type":"ListItem","position":2,"name":"Shop","item":"https:\/\/www.elaletisepeti.com\/?page_id=7"},{"@type":"ListItem","position":3,"name":"Knipex 29 25 160 Kargaburun"}]},{"@type":"WebSite","@id":"https:\/\/www.elaletisepeti.com\/#website","url":"https:\/\/www.elaletisepeti.com\/","name":"El Aleti Sepeti","description":"El Aletleri, Knipex Pense, Knipex Kerpeten, Knipex Kargaburun,  Kn\u0131pex  Yankeski, Kn\u0131pex Boru Kesme, Knipex Kablo S\u0131y\u0131rma, Knipex  El Aletleri","potentialAction":[{"@type":"SearchAction","target":{"@type":"EntryPoint","urlTemplate":"https:\/\/www.elaletisepeti.com\/?s={search_term_string}"},"query-input":{"@type":"PropertyValueSpecification","valueRequired":true,"valueName":"search_term_string"}}],"inLanguage":"tr"}]}},"_links":{"self":[{"href":"https:\/\/www.elaletisepeti.com\/index.php?rest_route=\/wp\/v2\/product\/18790","targetHints":{"allow":["GET"]}}],"collection":[{"href":"https:\/\/www.elaletisepeti.com\/index.php?rest_route=\/wp\/v2\/product"}],"about":[{"href":"https:\/\/www.elaletisepeti.com\/index.php?rest_route=\/wp\/v2\/types\/product"}],"wp:featuredmedia":[{"embeddable":true,"href":"https:\/\/www.elaletisepeti.com\/index.php?rest_route=\/wp\/v2\/media\/18792"}],"wp:attachment":[{"href":"https:\/\/www.elaletisepeti.com\/index.php?rest_route=%2Fwp%2Fv2%2Fmedia&parent=18790"}],"wp:term":[{"taxonomy":"product_brand","embeddable":true,"href":"https:\/\/www.elaletisepeti.com\/index.php?rest_route=%2Fwp%2Fv2%2Fproduct_brand&post=18790"},{"taxonomy":"product_cat","embeddable":true,"href":"https:\/\/www.elaletisepeti.com\/index.php?rest_route=%2Fwp%2Fv2%2Fproduct_cat&post=18790"},{"taxonomy":"product_tag","embeddable":true,"href":"https:\/\/www.elaletisepeti.com\/index.php?rest_route=%2Fwp%2Fv2%2Fproduct_tag&post=18790"}],"curies":[{"name":"wp","href":"https:\/\/api.w.org\/{rel}","templated":true}]}}