{"id":18009,"date":"2025-12-20T11:16:47","date_gmt":"2025-12-20T11:16:47","guid":{"rendered":"https:\/\/www.elaletisepeti.com\/?post_type=product&#038;p=18009"},"modified":"2025-12-20T11:16:47","modified_gmt":"2025-12-20T11:16:47","slug":"knipex-44-13-j3-ic-segman-pensesi","status":"publish","type":"product","link":"https:\/\/www.elaletisepeti.com\/?product=knipex-44-13-j3-ic-segman-pensesi","title":{"rendered":"Knipex 44 13 J3 \u0130\u00e7 Segman Pensesi"},"content":{"rendered":"<p><strong>Knipex 44 13 J3 \u0130\u00e7 Segman Pensesi<\/strong><\/p>\n<div class=\"product--variation-field--variation_field_general_section__1670 field field--name-field-general-section field--type-key-value-class-field-type field--label-hidden field__items\" data-gtm-vis-recent-on-screen10487645_102=\"55190\" data-gtm-vis-first-on-screen10487645_102=\"55190\" data-gtm-vis-total-visible-time10487645_102=\"100\" data-gtm-vis-has-fired10487645_102=\"1\">\n<div class=\"field__item\" data-gtm-vis-recent-on-screen10487645_102=\"55140\" data-gtm-vis-first-on-screen10487645_102=\"55140\" data-gtm-vis-total-visible-time10487645_102=\"100\" data-gtm-vis-has-fired10487645_102=\"1\">\n<div class=\"key-value-class-item \" data-gtm-vis-recent-on-screen10487645_102=\"55141\" data-gtm-vis-first-on-screen10487645_102=\"55141\" data-gtm-vis-total-visible-time10487645_102=\"100\" data-gtm-vis-has-fired10487645_102=\"1\">\n<div class=\"key\" data-gtm-vis-recent-on-screen10487645_102=\"55144\" data-gtm-vis-first-on-screen10487645_102=\"55144\" data-gtm-vis-total-visible-time10487645_102=\"100\" data-gtm-vis-has-fired10487645_102=\"1\">Kod: 44 13 J3<\/div>\n<\/div>\n<\/div>\n<div class=\"field__item\" data-gtm-vis-recent-on-screen10487645_102=\"55158\" data-gtm-vis-first-on-screen10487645_102=\"55158\" data-gtm-vis-total-visible-time10487645_102=\"100\" data-gtm-vis-has-fired10487645_102=\"1\">\n<div class=\"key-value-class-item \" data-gtm-vis-recent-on-screen10487645_102=\"55160\" data-gtm-vis-first-on-screen10487645_102=\"55160\" data-gtm-vis-total-visible-time10487645_102=\"100\" data-gtm-vis-has-fired10487645_102=\"1\">\n<div class=\"key\" data-gtm-vis-recent-on-screen10487645_102=\"55161\" data-gtm-vis-first-on-screen10487645_102=\"55161\" data-gtm-vis-total-visible-time10487645_102=\"100\" data-gtm-vis-has-fired10487645_102=\"1\">EAN 4003773042952<\/div>\n<\/div>\n<\/div>\n<div class=\"field__item\" data-gtm-vis-recent-on-screen10487645_102=\"55164\" data-gtm-vis-first-on-screen10487645_102=\"55164\" data-gtm-vis-total-visible-time10487645_102=\"100\" data-gtm-vis-has-fired10487645_102=\"1\">\n<div class=\"key-value-class-item \" data-gtm-vis-recent-on-screen10487645_102=\"55165\" data-gtm-vis-first-on-screen10487645_102=\"55165\" data-gtm-vis-total-visible-time10487645_102=\"100\" data-gtm-vis-has-fired10487645_102=\"1\">\n<div class=\"key\" data-gtm-vis-recent-on-screen10487645_102=\"55172\" data-gtm-vis-first-on-screen10487645_102=\"55172\" data-gtm-vis-total-visible-time10487645_102=\"100\" data-gtm-vis-has-fired10487645_102=\"1\">Pense Krom Kaplama<\/div>\n<\/div>\n<\/div>\n<div class=\"field__item\" data-gtm-vis-recent-on-screen10487645_102=\"55174\" data-gtm-vis-first-on-screen10487645_102=\"55174\" data-gtm-vis-total-visible-time10487645_102=\"100\" data-gtm-vis-has-fired10487645_102=\"1\">\n<div class=\"key-value-class-item \" data-gtm-vis-recent-on-screen10487645_102=\"55175\" data-gtm-vis-first-on-screen10487645_102=\"55175\" data-gtm-vis-total-visible-time10487645_102=\"100\" data-gtm-vis-has-fired10487645_102=\"1\">\n<div class=\"key\" data-gtm-vis-recent-on-screen10487645_102=\"55177\" data-gtm-vis-first-on-screen10487645_102=\"55177\" data-gtm-vis-total-visible-time10487645_102=\"100\" data-gtm-vis-has-fired10487645_102=\"1\">Ba\u015fl\u0131k Krom Kaplama<\/div>\n<\/div>\n<\/div>\n<div class=\"field__item\" data-gtm-vis-recent-on-screen10487645_102=\"55178\" data-gtm-vis-first-on-screen10487645_102=\"55178\" data-gtm-vis-total-visible-time10487645_102=\"100\" data-gtm-vis-has-fired10487645_102=\"1\">\n<div class=\"key-value-class-item \" data-gtm-vis-recent-on-screen10487645_102=\"55179\" data-gtm-vis-first-on-screen10487645_102=\"55179\" data-gtm-vis-total-visible-time10487645_102=\"100\" data-gtm-vis-has-fired10487645_102=\"1\">\n<div class=\"key\" data-gtm-vis-recent-on-screen10487645_102=\"55180\" data-gtm-vis-first-on-screen10487645_102=\"55180\" data-gtm-vis-total-visible-time10487645_102=\"100\" data-gtm-vis-has-fired10487645_102=\"1\">Kollar \u00dczeri Plastik Kaplamal\u0131<\/div>\n<\/div>\n<\/div>\n<div class=\"field__item\" data-gtm-vis-recent-on-screen10487645_102=\"55191\" data-gtm-vis-first-on-screen10487645_102=\"55191\" data-gtm-vis-total-visible-time10487645_102=\"100\" data-gtm-vis-has-fired10487645_102=\"1\">\n<div class=\"key-value-class-item \" data-gtm-vis-recent-on-screen10487645_102=\"55192\" data-gtm-vis-first-on-screen10487645_102=\"55192\" data-gtm-vis-total-visible-time10487645_102=\"100\" data-gtm-vis-has-fired10487645_102=\"1\">\n<div class=\"key\" data-gtm-vis-recent-on-screen10487645_102=\"55193\" data-gtm-vis-first-on-screen10487645_102=\"55193\" data-gtm-vis-total-visible-time10487645_102=\"100\" data-gtm-vis-has-fired10487645_102=\"1\">A\u011f\u0131rl\u0131k194 g<\/div>\n<div class=\"key\" data-gtm-vis-recent-on-screen10487645_102=\"55193\" data-gtm-vis-first-on-screen10487645_102=\"55193\" data-gtm-vis-total-visible-time10487645_102=\"100\" data-gtm-vis-has-fired10487645_102=\"1\">\u00d6l\u00e7\u00fcleri 225 x 40 x 5 mm<\/div>\n<div class=\"key\" data-gtm-vis-recent-on-screen10487645_102=\"55193\" data-gtm-vis-first-on-screen10487645_102=\"55193\" data-gtm-vis-total-visible-time10487645_102=\"100\" data-gtm-vis-has-fired10487645_102=\"1\">Norm DIN 5256 C<\/div>\n<\/div>\n<\/div>\n<div class=\"field__item\" data-gtm-vis-recent-on-screen10487645_102=\"55252\" data-gtm-vis-first-on-screen10487645_102=\"55252\" data-gtm-vis-total-visible-time10487645_102=\"100\" data-gtm-vis-has-fired10487645_102=\"1\">\n<div class=\"key-value-class-item \" data-gtm-vis-recent-on-screen10487645_102=\"55253\" data-gtm-vis-first-on-screen10487645_102=\"55253\" data-gtm-vis-total-visible-time10487645_102=\"100\" data-gtm-vis-has-fired10487645_102=\"1\">\n<div class=\"key\" data-gtm-vis-recent-on-screen10487645_102=\"55254\" data-gtm-vis-first-on-screen10487645_102=\"55254\" data-gtm-vis-total-visible-time10487645_102=\"100\" data-gtm-vis-has-fired10487645_102=\"1\">REACH Uyumlu SVHC \u0130\u00e7ermiyor<\/div>\n<\/div>\n<\/div>\n<div class=\"field__item\" data-gtm-vis-recent-on-screen10487645_102=\"55587\" data-gtm-vis-first-on-screen10487645_102=\"55587\" data-gtm-vis-total-visible-time10487645_102=\"100\" data-gtm-vis-has-fired10487645_102=\"1\">\n<div class=\"key-value-class-item \" data-gtm-vis-recent-on-screen10487645_102=\"55588\" data-gtm-vis-first-on-screen10487645_102=\"55588\" data-gtm-vis-total-visible-time10487645_102=\"100\" data-gtm-vis-has-fired10487645_102=\"1\">\n<div class=\"key\" data-gtm-vis-recent-on-screen10487645_102=\"55589\" data-gtm-vis-first-on-screen10487645_102=\"55589\" data-gtm-vis-total-visible-time10487645_102=\"100\" data-gtm-vis-has-fired10487645_102=\"1\">ROHS Uyumlu Uygulanamaz<\/div>\n<\/div>\n<\/div>\n<\/div>\n<div class=\"product--variation-field--variation_field_technical_section__1670 field field--name-field-technical-section field--type-key-value-class-field-type field--label-hidden field__items\" data-gtm-vis-recent-on-screen10487645_102=\"55656\" data-gtm-vis-first-on-screen10487645_102=\"55656\" data-gtm-vis-total-visible-time10487645_102=\"100\" data-gtm-vis-has-fired10487645_102=\"1\">\n<div class=\"field__item\" data-gtm-vis-recent-on-screen10487645_102=\"55621\" data-gtm-vis-first-on-screen10487645_102=\"55621\" data-gtm-vis-total-visible-time10487645_102=\"100\" data-gtm-vis-has-fired10487645_102=\"1\">\n<div class=\"key-value-class-item \" data-gtm-vis-recent-on-screen10487645_102=\"55623\" data-gtm-vis-first-on-screen10487645_102=\"55623\" data-gtm-vis-total-visible-time10487645_102=\"100\" data-gtm-vis-has-fired10487645_102=\"1\">\n<div class=\"key\" data-gtm-vis-recent-on-screen10487645_102=\"55624\" data-gtm-vis-first-on-screen10487645_102=\"55624\" data-gtm-vis-total-visible-time10487645_102=\"100\" data-gtm-vis-has-fired10487645_102=\"1\">Delik \u00c7ap\u0131 Kapasitesi \u00d8 40 &#8211; 100 mm<\/div>\n<\/div>\n<\/div>\n<div class=\"field__item\" data-gtm-vis-recent-on-screen10487645_102=\"55659\" data-gtm-vis-first-on-screen10487645_102=\"55659\" data-gtm-vis-total-visible-time10487645_102=\"100\" data-gtm-vis-has-fired10487645_102=\"1\">\n<div class=\"key-value-class-item \" data-gtm-vis-recent-on-screen10487645_102=\"55661\" data-gtm-vis-first-on-screen10487645_102=\"55661\" data-gtm-vis-total-visible-time10487645_102=\"100\" data-gtm-vis-has-fired10487645_102=\"1\">\n<div class=\"key\" data-gtm-vis-recent-on-screen10487645_102=\"55662\" data-gtm-vis-first-on-screen10487645_102=\"55662\" data-gtm-vis-total-visible-time10487645_102=\"100\" data-gtm-vis-has-fired10487645_102=\"1\">U\u00e7lar (\u00e7ap) \u00d8 2,3 m<\/div>\n<\/div>\n<\/div>\n<\/div>\n","protected":false},"excerpt":{"rendered":"<div class=\"kx-flex kx-justify-between\" data-gtm-vis-first-on-screen10487645_102=\"4951\" data-gtm-vis-total-visible-time10487645_102=\"100\" data-gtm-vis-has-fired10487645_102=\"1\">\n<div class=\"kx-flex kx-items-center kx-flex-wrap kx-gap-4 kx-gap-y-0\" data-gtm-vis-first-on-screen10487645_102=\"4951\" data-gtm-vis-total-visible-time10487645_102=\"100\" data-gtm-vis-has-fired10487645_102=\"1\"><img decoding=\"async\" src=\"https:\/\/product-api-assets.knipex.com\/fd89784\/b43bfd47-036f-40dd-90f3-4f5c1ba5ed9c.png\" alt=\"\" \/><\/div>\n<\/div>\n<div class=\"bulletpoint-container\" data-gtm-vis-first-on-screen10487645_102=\"4952\" data-gtm-vis-total-visible-time10487645_102=\"100\" data-gtm-vis-has-fired10487645_102=\"1\">\n<ul>\n<li>Kuvvetli \u015fekil, d\u00f6v\u00fclm\u00fc\u015f<\/li>\n<li>Kaymay\u0131 \u00f6nleyici, sa\u011flam u\u00e7lar<\/li>\n<\/ul>\n<\/div>\n","protected":false},"featured_media":18011,"template":"","meta":{"_joinchat":[]},"product_brand":[159],"product_cat":[177],"product_tag":[1590,1589,1588,1566,1499],"class_list":{"0":"post-18009","1":"product","2":"type-product","3":"status-publish","4":"has-post-thumbnail","6":"product_brand-knipex","7":"product_cat-segman-pensesi","8":"product_tag-44-13-j3-ic-segman-pensesi","9":"product_tag-knipex-44-13-j3","10":"product_tag-knipex-44-13-j3-ic-segman-pensesi","11":"product_tag-knipex-ic-segman-pensesi","12":"product_tag-knipex-segman-pensesi","15":"first","16":"instock","17":"shipping-taxable","18":"product-type-simple"},"yoast_head":"<!-- This site is optimized with the Yoast SEO plugin v27.3 - https:\/\/yoast.com\/product\/yoast-seo-wordpress\/ -->\n<title>Knipex 44 13 J3 \u0130\u00e7 Segman Pensesi - El Aleti Sepeti<\/title>\n<meta name=\"description\" content=\"Knipex 44 13 J3 i\u00e7 segman pensesi, ergonomik sap tasar\u0131m\u0131 ve g\u00fc\u00e7l\u00fc kavrama \u00f6zelli\u011fi sayesinde profesyonel at\u00f6lye ve end\u00fcstriyel uygulamalar i\u00e7in idealdir.\" \/>\n<meta name=\"robots\" content=\"index, follow, max-snippet:-1, max-image-preview:large, max-video-preview:-1\" \/>\n<link rel=\"canonical\" href=\"https:\/\/www.elaletisepeti.com\/?product=knipex-44-13-j3-ic-segman-pensesi\" \/>\n<meta property=\"og:locale\" content=\"tr_TR\" \/>\n<meta property=\"og:type\" content=\"article\" \/>\n<meta property=\"og:title\" content=\"Knipex 44 13 J3 \u0130\u00e7 Segman Pensesi - El Aleti Sepeti\" \/>\n<meta property=\"og:description\" content=\"Knipex 44 13 J3 i\u00e7 segman pensesi, ergonomik sap tasar\u0131m\u0131 ve g\u00fc\u00e7l\u00fc kavrama \u00f6zelli\u011fi sayesinde profesyonel at\u00f6lye ve end\u00fcstriyel uygulamalar i\u00e7in idealdir.\" \/>\n<meta property=\"og:url\" content=\"https:\/\/www.elaletisepeti.com\/?product=knipex-44-13-j3-ic-segman-pensesi\" \/>\n<meta property=\"og:site_name\" content=\"El Aleti Sepeti\" \/>\n<meta property=\"og:image\" content=\"https:\/\/www.elaletisepeti.com\/wp-content\/uploads\/2025\/12\/Knipex-44-13-J3.jpg\" \/>\n\t<meta property=\"og:image:width\" content=\"1000\" \/>\n\t<meta property=\"og:image:height\" content=\"1000\" \/>\n\t<meta property=\"og:image:type\" content=\"image\/jpeg\" \/>\n<meta name=\"twitter:card\" content=\"summary_large_image\" \/>\n<meta name=\"twitter:label1\" content=\"Tahmini okuma s\u00fcresi\" \/>\n\t<meta name=\"twitter:data1\" content=\"1 dakika\" \/>\n<script type=\"application\/ld+json\" class=\"yoast-schema-graph\">{\"@context\":\"https:\\\/\\\/schema.org\",\"@graph\":[{\"@type\":\"WebPage\",\"@id\":\"https:\\\/\\\/www.elaletisepeti.com\\\/?product=knipex-44-13-j3-ic-segman-pensesi\",\"url\":\"https:\\\/\\\/www.elaletisepeti.com\\\/?product=knipex-44-13-j3-ic-segman-pensesi\",\"name\":\"Knipex 44 13 J3 \u0130\u00e7 Segman Pensesi - El Aleti Sepeti\",\"isPartOf\":{\"@id\":\"https:\\\/\\\/www.elaletisepeti.com\\\/#website\"},\"primaryImageOfPage\":{\"@id\":\"https:\\\/\\\/www.elaletisepeti.com\\\/?product=knipex-44-13-j3-ic-segman-pensesi#primaryimage\"},\"image\":{\"@id\":\"https:\\\/\\\/www.elaletisepeti.com\\\/?product=knipex-44-13-j3-ic-segman-pensesi#primaryimage\"},\"thumbnailUrl\":\"https:\\\/\\\/www.elaletisepeti.com\\\/wp-content\\\/uploads\\\/2025\\\/12\\\/Knipex-44-13-J3.jpg\",\"datePublished\":\"2025-12-20T11:16:47+00:00\",\"description\":\"Knipex 44 13 J3 i\u00e7 segman pensesi, ergonomik sap tasar\u0131m\u0131 ve g\u00fc\u00e7l\u00fc kavrama \u00f6zelli\u011fi sayesinde profesyonel at\u00f6lye ve end\u00fcstriyel uygulamalar i\u00e7in idealdir.\",\"breadcrumb\":{\"@id\":\"https:\\\/\\\/www.elaletisepeti.com\\\/?product=knipex-44-13-j3-ic-segman-pensesi#breadcrumb\"},\"inLanguage\":\"tr\",\"potentialAction\":[{\"@type\":\"ReadAction\",\"target\":[\"https:\\\/\\\/www.elaletisepeti.com\\\/?product=knipex-44-13-j3-ic-segman-pensesi\"]}]},{\"@type\":\"ImageObject\",\"inLanguage\":\"tr\",\"@id\":\"https:\\\/\\\/www.elaletisepeti.com\\\/?product=knipex-44-13-j3-ic-segman-pensesi#primaryimage\",\"url\":\"https:\\\/\\\/www.elaletisepeti.com\\\/wp-content\\\/uploads\\\/2025\\\/12\\\/Knipex-44-13-J3.jpg\",\"contentUrl\":\"https:\\\/\\\/www.elaletisepeti.com\\\/wp-content\\\/uploads\\\/2025\\\/12\\\/Knipex-44-13-J3.jpg\",\"width\":1000,\"height\":1000},{\"@type\":\"BreadcrumbList\",\"@id\":\"https:\\\/\\\/www.elaletisepeti.com\\\/?product=knipex-44-13-j3-ic-segman-pensesi#breadcrumb\",\"itemListElement\":[{\"@type\":\"ListItem\",\"position\":1,\"name\":\"Anasayfa\",\"item\":\"https:\\\/\\\/www.elaletisepeti.com\\\/\"},{\"@type\":\"ListItem\",\"position\":2,\"name\":\"Shop\",\"item\":\"https:\\\/\\\/www.elaletisepeti.com\\\/?page_id=7\"},{\"@type\":\"ListItem\",\"position\":3,\"name\":\"Knipex 44 13 J3 \u0130\u00e7 Segman Pensesi\"}]},{\"@type\":\"WebSite\",\"@id\":\"https:\\\/\\\/www.elaletisepeti.com\\\/#website\",\"url\":\"https:\\\/\\\/www.elaletisepeti.com\\\/\",\"name\":\"El Aleti Sepeti\",\"description\":\"El Aletleri, Knipex Pense, Knipex Kerpeten, Knipex Kargaburun,  Kn\u0131pex  Yankeski, Kn\u0131pex Boru Kesme, Knipex Kablo S\u0131y\u0131rma, Knipex  El Aletleri\",\"potentialAction\":[{\"@type\":\"SearchAction\",\"target\":{\"@type\":\"EntryPoint\",\"urlTemplate\":\"https:\\\/\\\/www.elaletisepeti.com\\\/?s={search_term_string}\"},\"query-input\":{\"@type\":\"PropertyValueSpecification\",\"valueRequired\":true,\"valueName\":\"search_term_string\"}}],\"inLanguage\":\"tr\"}]}<\/script>\n<!-- \/ Yoast SEO plugin. -->","yoast_head_json":{"title":"Knipex 44 13 J3 \u0130\u00e7 Segman Pensesi - El Aleti Sepeti","description":"Knipex 44 13 J3 i\u00e7 segman pensesi, ergonomik sap tasar\u0131m\u0131 ve g\u00fc\u00e7l\u00fc kavrama \u00f6zelli\u011fi sayesinde profesyonel at\u00f6lye ve end\u00fcstriyel uygulamalar i\u00e7in idealdir.","robots":{"index":"index","follow":"follow","max-snippet":"max-snippet:-1","max-image-preview":"max-image-preview:large","max-video-preview":"max-video-preview:-1"},"canonical":"https:\/\/www.elaletisepeti.com\/?product=knipex-44-13-j3-ic-segman-pensesi","og_locale":"tr_TR","og_type":"article","og_title":"Knipex 44 13 J3 \u0130\u00e7 Segman Pensesi - El Aleti Sepeti","og_description":"Knipex 44 13 J3 i\u00e7 segman pensesi, ergonomik sap tasar\u0131m\u0131 ve g\u00fc\u00e7l\u00fc kavrama \u00f6zelli\u011fi sayesinde profesyonel at\u00f6lye ve end\u00fcstriyel uygulamalar i\u00e7in idealdir.","og_url":"https:\/\/www.elaletisepeti.com\/?product=knipex-44-13-j3-ic-segman-pensesi","og_site_name":"El Aleti Sepeti","og_image":[{"width":1000,"height":1000,"url":"https:\/\/www.elaletisepeti.com\/wp-content\/uploads\/2025\/12\/Knipex-44-13-J3.jpg","type":"image\/jpeg"}],"twitter_card":"summary_large_image","twitter_misc":{"Tahmini okuma s\u00fcresi":"1 dakika"},"schema":{"@context":"https:\/\/schema.org","@graph":[{"@type":"WebPage","@id":"https:\/\/www.elaletisepeti.com\/?product=knipex-44-13-j3-ic-segman-pensesi","url":"https:\/\/www.elaletisepeti.com\/?product=knipex-44-13-j3-ic-segman-pensesi","name":"Knipex 44 13 J3 \u0130\u00e7 Segman Pensesi - El Aleti Sepeti","isPartOf":{"@id":"https:\/\/www.elaletisepeti.com\/#website"},"primaryImageOfPage":{"@id":"https:\/\/www.elaletisepeti.com\/?product=knipex-44-13-j3-ic-segman-pensesi#primaryimage"},"image":{"@id":"https:\/\/www.elaletisepeti.com\/?product=knipex-44-13-j3-ic-segman-pensesi#primaryimage"},"thumbnailUrl":"https:\/\/www.elaletisepeti.com\/wp-content\/uploads\/2025\/12\/Knipex-44-13-J3.jpg","datePublished":"2025-12-20T11:16:47+00:00","description":"Knipex 44 13 J3 i\u00e7 segman pensesi, ergonomik sap tasar\u0131m\u0131 ve g\u00fc\u00e7l\u00fc kavrama \u00f6zelli\u011fi sayesinde profesyonel at\u00f6lye ve end\u00fcstriyel uygulamalar i\u00e7in idealdir.","breadcrumb":{"@id":"https:\/\/www.elaletisepeti.com\/?product=knipex-44-13-j3-ic-segman-pensesi#breadcrumb"},"inLanguage":"tr","potentialAction":[{"@type":"ReadAction","target":["https:\/\/www.elaletisepeti.com\/?product=knipex-44-13-j3-ic-segman-pensesi"]}]},{"@type":"ImageObject","inLanguage":"tr","@id":"https:\/\/www.elaletisepeti.com\/?product=knipex-44-13-j3-ic-segman-pensesi#primaryimage","url":"https:\/\/www.elaletisepeti.com\/wp-content\/uploads\/2025\/12\/Knipex-44-13-J3.jpg","contentUrl":"https:\/\/www.elaletisepeti.com\/wp-content\/uploads\/2025\/12\/Knipex-44-13-J3.jpg","width":1000,"height":1000},{"@type":"BreadcrumbList","@id":"https:\/\/www.elaletisepeti.com\/?product=knipex-44-13-j3-ic-segman-pensesi#breadcrumb","itemListElement":[{"@type":"ListItem","position":1,"name":"Anasayfa","item":"https:\/\/www.elaletisepeti.com\/"},{"@type":"ListItem","position":2,"name":"Shop","item":"https:\/\/www.elaletisepeti.com\/?page_id=7"},{"@type":"ListItem","position":3,"name":"Knipex 44 13 J3 \u0130\u00e7 Segman Pensesi"}]},{"@type":"WebSite","@id":"https:\/\/www.elaletisepeti.com\/#website","url":"https:\/\/www.elaletisepeti.com\/","name":"El Aleti Sepeti","description":"El Aletleri, Knipex Pense, Knipex Kerpeten, Knipex Kargaburun,  Kn\u0131pex  Yankeski, Kn\u0131pex Boru Kesme, Knipex Kablo S\u0131y\u0131rma, Knipex  El Aletleri","potentialAction":[{"@type":"SearchAction","target":{"@type":"EntryPoint","urlTemplate":"https:\/\/www.elaletisepeti.com\/?s={search_term_string}"},"query-input":{"@type":"PropertyValueSpecification","valueRequired":true,"valueName":"search_term_string"}}],"inLanguage":"tr"}]}},"_links":{"self":[{"href":"https:\/\/www.elaletisepeti.com\/index.php?rest_route=\/wp\/v2\/product\/18009","targetHints":{"allow":["GET"]}}],"collection":[{"href":"https:\/\/www.elaletisepeti.com\/index.php?rest_route=\/wp\/v2\/product"}],"about":[{"href":"https:\/\/www.elaletisepeti.com\/index.php?rest_route=\/wp\/v2\/types\/product"}],"wp:featuredmedia":[{"embeddable":true,"href":"https:\/\/www.elaletisepeti.com\/index.php?rest_route=\/wp\/v2\/media\/18011"}],"wp:attachment":[{"href":"https:\/\/www.elaletisepeti.com\/index.php?rest_route=%2Fwp%2Fv2%2Fmedia&parent=18009"}],"wp:term":[{"taxonomy":"product_brand","embeddable":true,"href":"https:\/\/www.elaletisepeti.com\/index.php?rest_route=%2Fwp%2Fv2%2Fproduct_brand&post=18009"},{"taxonomy":"product_cat","embeddable":true,"href":"https:\/\/www.elaletisepeti.com\/index.php?rest_route=%2Fwp%2Fv2%2Fproduct_cat&post=18009"},{"taxonomy":"product_tag","embeddable":true,"href":"https:\/\/www.elaletisepeti.com\/index.php?rest_route=%2Fwp%2Fv2%2Fproduct_tag&post=18009"}],"curies":[{"name":"wp","href":"https:\/\/api.w.org\/{rel}","templated":true}]}}