{"id":17805,"date":"2025-12-17T19:28:30","date_gmt":"2025-12-17T19:28:30","guid":{"rendered":"https:\/\/www.elaletisepeti.com\/?post_type=product&#038;p=17805"},"modified":"2025-12-17T19:28:30","modified_gmt":"2025-12-17T19:28:30","slug":"knipex-12-82-130-sb-kablo-siyirma","status":"publish","type":"product","link":"https:\/\/www.elaletisepeti.com\/?product=knipex-12-82-130-sb-kablo-siyirma","title":{"rendered":"Knipex 12 82 130 SB Kablo S\u0131y\u0131rma"},"content":{"rendered":"<div class=\"SliderProductDetailContainer\" data-gtm-vis-recent-on-screen10487645_102=\"14922\" data-gtm-vis-first-on-screen10487645_102=\"14922\" data-gtm-vis-total-visible-time10487645_102=\"100\" data-gtm-vis-has-fired10487645_102=\"1\">\n<div class=\"SliderProductDetail\">\n<div class=\"ArrowsContainer\"><\/div>\n<\/div>\n<\/div>\n<div class=\"ProductDetailDescriptionContainer\" data-gtm-vis-recent-on-screen10487645_102=\"14939\" data-gtm-vis-first-on-screen10487645_102=\"14939\" data-gtm-vis-total-visible-time10487645_102=\"100\" data-gtm-vis-has-fired10487645_102=\"1\">\n<div class=\"ProductDetailDescriptionSubcontainer\" data-gtm-vis-recent-on-screen10487645_102=\"14940\" data-gtm-vis-first-on-screen10487645_102=\"14940\" data-gtm-vis-total-visible-time10487645_102=\"100\" data-gtm-vis-has-fired10487645_102=\"1\">\n<div class=\"ProductDetailTitle kx-flex kx-flex-row kx-justify-between kx-gap-5\" data-gtm-vis-recent-on-screen10487645_102=\"14941\" data-gtm-vis-first-on-screen10487645_102=\"14941\" data-gtm-vis-total-visible-time10487645_102=\"100\" data-gtm-vis-has-fired10487645_102=\"1\">\n<div class=\"product--variation-field--variation_field_computed_detail_title__1923 field field--name-field-computed-detail-title field--type-string field--label-hidden field__item\" data-gtm-vis-recent-on-screen10487645_102=\"14943\" data-gtm-vis-first-on-screen10487645_102=\"14943\" data-gtm-vis-total-visible-time10487645_102=\"100\" data-gtm-vis-has-fired10487645_102=\"1\">\n<div class=\"computed_detail_title_name\" data-gtm-vis-recent-on-screen10487645_102=\"14944\" data-gtm-vis-first-on-screen10487645_102=\"14944\" data-gtm-vis-total-visible-time10487645_102=\"100\" data-gtm-vis-has-fired10487645_102=\"1\"><strong>Knipex 12 82 130 SB Kablo S\u0131y\u0131rma Pensesi (Fiber optik kablolar i\u00e7in)<\/strong><\/div>\n<div data-gtm-vis-recent-on-screen10487645_102=\"14944\" data-gtm-vis-first-on-screen10487645_102=\"14944\" data-gtm-vis-total-visible-time10487645_102=\"100\" data-gtm-vis-has-fired10487645_102=\"1\">\n<div class=\"product--variation-field--variation_field_general_section__1923 field field--name-field-general-section field--type-key-value-class-field-type field--label-hidden field__items\" data-gtm-vis-recent-on-screen10487645_102=\"74296\" data-gtm-vis-first-on-screen10487645_102=\"74296\" data-gtm-vis-total-visible-time10487645_102=\"100\" data-gtm-vis-has-fired10487645_102=\"1\">\n<div class=\"field__item\" data-gtm-vis-recent-on-screen10487645_102=\"74264\" data-gtm-vis-first-on-screen10487645_102=\"74264\" data-gtm-vis-total-visible-time10487645_102=\"100\" data-gtm-vis-has-fired10487645_102=\"1\">\n<div class=\"key-value-class-item \" data-gtm-vis-recent-on-screen10487645_102=\"74266\" data-gtm-vis-first-on-screen10487645_102=\"74266\" data-gtm-vis-total-visible-time10487645_102=\"100\" data-gtm-vis-has-fired10487645_102=\"1\">\n<div data-gtm-vis-recent-on-screen10487645_102=\"74267\" data-gtm-vis-first-on-screen10487645_102=\"74267\" data-gtm-vis-total-visible-time10487645_102=\"100\" data-gtm-vis-has-fired10487645_102=\"1\"><\/div>\n<div class=\"key\" data-gtm-vis-recent-on-screen10487645_102=\"74267\" data-gtm-vis-first-on-screen10487645_102=\"74267\" data-gtm-vis-total-visible-time10487645_102=\"100\" data-gtm-vis-has-fired10487645_102=\"1\">Kof: 12 82 130 SB<\/div>\n<\/div>\n<\/div>\n<div class=\"field__item\" data-gtm-vis-recent-on-screen10487645_102=\"74279\" data-gtm-vis-first-on-screen10487645_102=\"74279\" data-gtm-vis-total-visible-time10487645_102=\"100\" data-gtm-vis-has-fired10487645_102=\"1\">\n<div class=\"key-value-class-item \" data-gtm-vis-recent-on-screen10487645_102=\"74280\" data-gtm-vis-first-on-screen10487645_102=\"74280\" data-gtm-vis-total-visible-time10487645_102=\"100\" data-gtm-vis-has-fired10487645_102=\"1\">\n<div class=\"key\" data-gtm-vis-recent-on-screen10487645_102=\"74281\" data-gtm-vis-first-on-screen10487645_102=\"74281\" data-gtm-vis-total-visible-time10487645_102=\"100\" data-gtm-vis-has-fired10487645_102=\"1\">EAN 4003773050094<\/div>\n<\/div>\n<\/div>\n<div class=\"field__item\" data-gtm-vis-recent-on-screen10487645_102=\"74297\" data-gtm-vis-first-on-screen10487645_102=\"74297\" data-gtm-vis-total-visible-time10487645_102=\"100\" data-gtm-vis-has-fired10487645_102=\"1\">\n<div class=\"key-value-class-item \" data-gtm-vis-recent-on-screen10487645_102=\"74298\" data-gtm-vis-first-on-screen10487645_102=\"74298\" data-gtm-vis-total-visible-time10487645_102=\"100\" data-gtm-vis-has-fired10487645_102=\"1\">\n<div class=\"key\" data-gtm-vis-recent-on-screen10487645_102=\"74299\" data-gtm-vis-first-on-screen10487645_102=\"74299\" data-gtm-vis-total-visible-time10487645_102=\"100\" data-gtm-vis-has-fired10487645_102=\"1\">Pense Cilal\u0131<\/div>\n<\/div>\n<\/div>\n<div class=\"field__item\" data-gtm-vis-recent-on-screen10487645_102=\"74313\" data-gtm-vis-first-on-screen10487645_102=\"74313\" data-gtm-vis-total-visible-time10487645_102=\"100\" data-gtm-vis-has-fired10487645_102=\"1\">\n<div class=\"key-value-class-item \" data-gtm-vis-recent-on-screen10487645_102=\"74315\" data-gtm-vis-first-on-screen10487645_102=\"74315\" data-gtm-vis-total-visible-time10487645_102=\"100\" data-gtm-vis-has-fired10487645_102=\"1\">\n<div class=\"key\" data-gtm-vis-recent-on-screen10487645_102=\"74316\" data-gtm-vis-first-on-screen10487645_102=\"74316\" data-gtm-vis-total-visible-time10487645_102=\"100\" data-gtm-vis-has-fired10487645_102=\"1\">Kollar \u00c7ok Bile\u015fenli Tutacaklarla<\/div>\n<\/div>\n<\/div>\n<div class=\"field__item\" data-gtm-vis-recent-on-screen10487645_102=\"74326\" data-gtm-vis-first-on-screen10487645_102=\"74326\" data-gtm-vis-total-visible-time10487645_102=\"100\" data-gtm-vis-has-fired10487645_102=\"1\">\n<div class=\"key-value-class-item \" data-gtm-vis-recent-on-screen10487645_102=\"74327\" data-gtm-vis-first-on-screen10487645_102=\"74327\" data-gtm-vis-total-visible-time10487645_102=\"100\" data-gtm-vis-has-fired10487645_102=\"1\">\n<div class=\"key\" data-gtm-vis-recent-on-screen10487645_102=\"74327\" data-gtm-vis-first-on-screen10487645_102=\"74327\" data-gtm-vis-total-visible-time10487645_102=\"100\" data-gtm-vis-has-fired10487645_102=\"1\">A\u011f\u0131rl\u0131k 75 g<\/div>\n<\/div>\n<\/div>\n<div class=\"field__item\" data-gtm-vis-recent-on-screen10487645_102=\"74329\" data-gtm-vis-first-on-screen10487645_102=\"74329\" data-gtm-vis-total-visible-time10487645_102=\"100\" data-gtm-vis-has-fired10487645_102=\"1\">\n<div class=\"key-value-class-item \" data-gtm-vis-recent-on-screen10487645_102=\"74329\" data-gtm-vis-first-on-screen10487645_102=\"74329\" data-gtm-vis-total-visible-time10487645_102=\"100\" data-gtm-vis-has-fired10487645_102=\"1\">\n<div class=\"key\" data-gtm-vis-recent-on-screen10487645_102=\"74330\" data-gtm-vis-first-on-screen10487645_102=\"74330\" data-gtm-vis-total-visible-time10487645_102=\"100\" data-gtm-vis-has-fired10487645_102=\"1\">\u00d6l\u00e7\u00fcleri 130 x 85 x 20 mm<\/div>\n<\/div>\n<\/div>\n<div class=\"field__item\" data-gtm-vis-polling-id10487645_102=\"990\">ROHS Uyumlu Uygulanamaz<\/div>\n<\/div>\n<div class=\"product--variation-field--variation_field_technical_section__1923 field field--name-field-technical-section field--type-key-value-class-field-type field--label-hidden field__items\" data-gtm-vis-recent-on-screen10487645_102=\"74380\" data-gtm-vis-first-on-screen10487645_102=\"74380\" data-gtm-vis-total-visible-time10487645_102=\"100\" data-gtm-vis-has-fired10487645_102=\"1\">\n<div class=\"field__item\" data-gtm-vis-recent-on-screen10487645_102=\"74363\" data-gtm-vis-first-on-screen10487645_102=\"74363\" data-gtm-vis-total-visible-time10487645_102=\"100\" data-gtm-vis-has-fired10487645_102=\"1\">\n<div class=\"key-value-class-item \" data-gtm-vis-recent-on-screen10487645_102=\"74364\" data-gtm-vis-first-on-screen10487645_102=\"74364\" data-gtm-vis-total-visible-time10487645_102=\"100\" data-gtm-vis-has-fired10487645_102=\"1\">\n<div class=\"key\" data-gtm-vis-recent-on-screen10487645_102=\"74366\" data-gtm-vis-first-on-screen10487645_102=\"74366\" data-gtm-vis-total-visible-time10487645_102=\"100\" data-gtm-vis-has-fired10487645_102=\"1\">Kablo S\u0131y\u0131rma De\u011ferleri (\u00e7ap)<\/div>\n<div class=\"value\" data-gtm-vis-recent-on-screen10487645_102=\"74367\" data-gtm-vis-first-on-screen10487645_102=\"74367\" data-gtm-vis-total-visible-time10487645_102=\"100\" data-gtm-vis-has-fired10487645_102=\"1\">Fiber \u00f6rt\u00fc: 0,125 mm; i\u00e7 plastik kaplama: 0,250 mm<\/div>\n<\/div>\n<\/div>\n<\/div>\n<\/div>\n<div class=\"computed_detail_title_extras\" data-gtm-vis-polling-id10487645_102=\"695\"><\/div>\n<\/div>\n<div class=\"kx-flex kx-flex-col kx-justify-between kx-gap-1.5 kx-items-end kx-mb-2 kx-shrink-0\" data-gtm-vis-recent-on-screen10487645_102=\"14944\" data-gtm-vis-first-on-screen10487645_102=\"14944\" data-gtm-vis-total-visible-time10487645_102=\"100\" data-gtm-vis-has-fired10487645_102=\"1\">\n<div data-gtm-vis-recent-on-screen10487645_102=\"14946\" data-gtm-vis-first-on-screen10487645_102=\"14946\" data-gtm-vis-total-visible-time10487645_102=\"100\" data-gtm-vis-has-fired10487645_102=\"1\"><\/div>\n<\/div>\n<\/div>\n<\/div>\n<\/div>\n","protected":false},"excerpt":{"rendered":"<ul>\n<li>Fiber optik kablolarda, fiber \u00f6rt\u00fc ve i\u00e7 plastik koruyucu k\u0131l\u0131f\u0131n \u00e7\u0131kar\u0131lmas\u0131<\/li>\n<\/ul>\n","protected":false},"featured_media":17807,"template":"","meta":{"_joinchat":[]},"product_brand":[159],"product_cat":[191],"product_tag":[1483,1482,1481,1287,1309],"class_list":{"0":"post-17805","1":"product","2":"type-product","3":"status-publish","4":"has-post-thumbnail","6":"product_brand-knipex","7":"product_cat-kablo-soyma-ve-siyirma-penseleri","8":"product_tag-12-82-130-sb-kablo-siyirma","9":"product_tag-knipex-12-82-130-sb","10":"product_tag-knipex-12-82-130-sb-kablo-siyirma","11":"product_tag-knipex-kablo-siyirma","12":"product_tag-knipex-kablo-siyirma-pensesi","15":"first","16":"instock","17":"shipping-taxable","18":"product-type-simple"},"yoast_head":"<!-- This site is optimized with the Yoast SEO plugin v27.3 - https:\/\/yoast.com\/product\/yoast-seo-wordpress\/ -->\n<title>Knipex 12 82 130 SB Kablo S\u0131y\u0131rma - El Aleti Sepeti<\/title>\n<meta name=\"description\" content=\"Knipex 12 82 130 SB kablo s\u0131y\u0131rma, ergonomik tasar\u0131m\u0131 ve hassas b\u0131\u00e7ak yap\u0131s\u0131yla izolasyonu zedelemeden h\u0131zl\u0131 ve temiz s\u0131y\u0131rma sa\u011flar. Knipex kablo s\u0131y\u0131rma\" \/>\n<meta name=\"robots\" content=\"index, follow, max-snippet:-1, max-image-preview:large, max-video-preview:-1\" \/>\n<link rel=\"canonical\" href=\"https:\/\/www.elaletisepeti.com\/?product=knipex-12-82-130-sb-kablo-siyirma\" \/>\n<meta property=\"og:locale\" content=\"tr_TR\" \/>\n<meta property=\"og:type\" content=\"article\" \/>\n<meta property=\"og:title\" content=\"Knipex 12 82 130 SB Kablo S\u0131y\u0131rma - El Aleti Sepeti\" \/>\n<meta property=\"og:description\" content=\"Knipex 12 82 130 SB kablo s\u0131y\u0131rma, ergonomik tasar\u0131m\u0131 ve hassas b\u0131\u00e7ak yap\u0131s\u0131yla izolasyonu zedelemeden h\u0131zl\u0131 ve temiz s\u0131y\u0131rma sa\u011flar. Knipex kablo s\u0131y\u0131rma\" \/>\n<meta property=\"og:url\" content=\"https:\/\/www.elaletisepeti.com\/?product=knipex-12-82-130-sb-kablo-siyirma\" \/>\n<meta property=\"og:site_name\" content=\"El Aleti Sepeti\" \/>\n<meta property=\"og:image\" content=\"https:\/\/www.elaletisepeti.com\/wp-content\/uploads\/2025\/12\/Knipex-12-82-130-SB.jpg\" \/>\n\t<meta property=\"og:image:width\" content=\"1000\" \/>\n\t<meta property=\"og:image:height\" content=\"1000\" \/>\n\t<meta property=\"og:image:type\" content=\"image\/jpeg\" \/>\n<meta name=\"twitter:card\" content=\"summary_large_image\" \/>\n<meta name=\"twitter:label1\" content=\"Tahmini okuma s\u00fcresi\" \/>\n\t<meta name=\"twitter:data1\" content=\"1 dakika\" \/>\n<script type=\"application\/ld+json\" class=\"yoast-schema-graph\">{\"@context\":\"https:\\\/\\\/schema.org\",\"@graph\":[{\"@type\":\"WebPage\",\"@id\":\"https:\\\/\\\/www.elaletisepeti.com\\\/?product=knipex-12-82-130-sb-kablo-siyirma\",\"url\":\"https:\\\/\\\/www.elaletisepeti.com\\\/?product=knipex-12-82-130-sb-kablo-siyirma\",\"name\":\"Knipex 12 82 130 SB Kablo S\u0131y\u0131rma - El Aleti Sepeti\",\"isPartOf\":{\"@id\":\"https:\\\/\\\/www.elaletisepeti.com\\\/#website\"},\"primaryImageOfPage\":{\"@id\":\"https:\\\/\\\/www.elaletisepeti.com\\\/?product=knipex-12-82-130-sb-kablo-siyirma#primaryimage\"},\"image\":{\"@id\":\"https:\\\/\\\/www.elaletisepeti.com\\\/?product=knipex-12-82-130-sb-kablo-siyirma#primaryimage\"},\"thumbnailUrl\":\"https:\\\/\\\/www.elaletisepeti.com\\\/wp-content\\\/uploads\\\/2025\\\/12\\\/Knipex-12-82-130-SB.jpg\",\"datePublished\":\"2025-12-17T19:28:30+00:00\",\"description\":\"Knipex 12 82 130 SB kablo s\u0131y\u0131rma, ergonomik tasar\u0131m\u0131 ve hassas b\u0131\u00e7ak yap\u0131s\u0131yla izolasyonu zedelemeden h\u0131zl\u0131 ve temiz s\u0131y\u0131rma sa\u011flar. Knipex kablo s\u0131y\u0131rma\",\"breadcrumb\":{\"@id\":\"https:\\\/\\\/www.elaletisepeti.com\\\/?product=knipex-12-82-130-sb-kablo-siyirma#breadcrumb\"},\"inLanguage\":\"tr\",\"potentialAction\":[{\"@type\":\"ReadAction\",\"target\":[\"https:\\\/\\\/www.elaletisepeti.com\\\/?product=knipex-12-82-130-sb-kablo-siyirma\"]}]},{\"@type\":\"ImageObject\",\"inLanguage\":\"tr\",\"@id\":\"https:\\\/\\\/www.elaletisepeti.com\\\/?product=knipex-12-82-130-sb-kablo-siyirma#primaryimage\",\"url\":\"https:\\\/\\\/www.elaletisepeti.com\\\/wp-content\\\/uploads\\\/2025\\\/12\\\/Knipex-12-82-130-SB.jpg\",\"contentUrl\":\"https:\\\/\\\/www.elaletisepeti.com\\\/wp-content\\\/uploads\\\/2025\\\/12\\\/Knipex-12-82-130-SB.jpg\",\"width\":1000,\"height\":1000},{\"@type\":\"BreadcrumbList\",\"@id\":\"https:\\\/\\\/www.elaletisepeti.com\\\/?product=knipex-12-82-130-sb-kablo-siyirma#breadcrumb\",\"itemListElement\":[{\"@type\":\"ListItem\",\"position\":1,\"name\":\"Anasayfa\",\"item\":\"https:\\\/\\\/www.elaletisepeti.com\\\/\"},{\"@type\":\"ListItem\",\"position\":2,\"name\":\"Shop\",\"item\":\"https:\\\/\\\/www.elaletisepeti.com\\\/?page_id=7\"},{\"@type\":\"ListItem\",\"position\":3,\"name\":\"Knipex 12 82 130 SB Kablo S\u0131y\u0131rma\"}]},{\"@type\":\"WebSite\",\"@id\":\"https:\\\/\\\/www.elaletisepeti.com\\\/#website\",\"url\":\"https:\\\/\\\/www.elaletisepeti.com\\\/\",\"name\":\"El Aleti Sepeti\",\"description\":\"El Aletleri, Knipex Pense, Knipex Kerpeten, Knipex Kargaburun,  Kn\u0131pex  Yankeski, Kn\u0131pex Boru Kesme, Knipex Kablo S\u0131y\u0131rma, Knipex  El Aletleri\",\"potentialAction\":[{\"@type\":\"SearchAction\",\"target\":{\"@type\":\"EntryPoint\",\"urlTemplate\":\"https:\\\/\\\/www.elaletisepeti.com\\\/?s={search_term_string}\"},\"query-input\":{\"@type\":\"PropertyValueSpecification\",\"valueRequired\":true,\"valueName\":\"search_term_string\"}}],\"inLanguage\":\"tr\"}]}<\/script>\n<!-- \/ Yoast SEO plugin. -->","yoast_head_json":{"title":"Knipex 12 82 130 SB Kablo S\u0131y\u0131rma - El Aleti Sepeti","description":"Knipex 12 82 130 SB kablo s\u0131y\u0131rma, ergonomik tasar\u0131m\u0131 ve hassas b\u0131\u00e7ak yap\u0131s\u0131yla izolasyonu zedelemeden h\u0131zl\u0131 ve temiz s\u0131y\u0131rma sa\u011flar. Knipex kablo s\u0131y\u0131rma","robots":{"index":"index","follow":"follow","max-snippet":"max-snippet:-1","max-image-preview":"max-image-preview:large","max-video-preview":"max-video-preview:-1"},"canonical":"https:\/\/www.elaletisepeti.com\/?product=knipex-12-82-130-sb-kablo-siyirma","og_locale":"tr_TR","og_type":"article","og_title":"Knipex 12 82 130 SB Kablo S\u0131y\u0131rma - El Aleti Sepeti","og_description":"Knipex 12 82 130 SB kablo s\u0131y\u0131rma, ergonomik tasar\u0131m\u0131 ve hassas b\u0131\u00e7ak yap\u0131s\u0131yla izolasyonu zedelemeden h\u0131zl\u0131 ve temiz s\u0131y\u0131rma sa\u011flar. Knipex kablo s\u0131y\u0131rma","og_url":"https:\/\/www.elaletisepeti.com\/?product=knipex-12-82-130-sb-kablo-siyirma","og_site_name":"El Aleti Sepeti","og_image":[{"width":1000,"height":1000,"url":"https:\/\/www.elaletisepeti.com\/wp-content\/uploads\/2025\/12\/Knipex-12-82-130-SB.jpg","type":"image\/jpeg"}],"twitter_card":"summary_large_image","twitter_misc":{"Tahmini okuma s\u00fcresi":"1 dakika"},"schema":{"@context":"https:\/\/schema.org","@graph":[{"@type":"WebPage","@id":"https:\/\/www.elaletisepeti.com\/?product=knipex-12-82-130-sb-kablo-siyirma","url":"https:\/\/www.elaletisepeti.com\/?product=knipex-12-82-130-sb-kablo-siyirma","name":"Knipex 12 82 130 SB Kablo S\u0131y\u0131rma - El Aleti Sepeti","isPartOf":{"@id":"https:\/\/www.elaletisepeti.com\/#website"},"primaryImageOfPage":{"@id":"https:\/\/www.elaletisepeti.com\/?product=knipex-12-82-130-sb-kablo-siyirma#primaryimage"},"image":{"@id":"https:\/\/www.elaletisepeti.com\/?product=knipex-12-82-130-sb-kablo-siyirma#primaryimage"},"thumbnailUrl":"https:\/\/www.elaletisepeti.com\/wp-content\/uploads\/2025\/12\/Knipex-12-82-130-SB.jpg","datePublished":"2025-12-17T19:28:30+00:00","description":"Knipex 12 82 130 SB kablo s\u0131y\u0131rma, ergonomik tasar\u0131m\u0131 ve hassas b\u0131\u00e7ak yap\u0131s\u0131yla izolasyonu zedelemeden h\u0131zl\u0131 ve temiz s\u0131y\u0131rma sa\u011flar. Knipex kablo s\u0131y\u0131rma","breadcrumb":{"@id":"https:\/\/www.elaletisepeti.com\/?product=knipex-12-82-130-sb-kablo-siyirma#breadcrumb"},"inLanguage":"tr","potentialAction":[{"@type":"ReadAction","target":["https:\/\/www.elaletisepeti.com\/?product=knipex-12-82-130-sb-kablo-siyirma"]}]},{"@type":"ImageObject","inLanguage":"tr","@id":"https:\/\/www.elaletisepeti.com\/?product=knipex-12-82-130-sb-kablo-siyirma#primaryimage","url":"https:\/\/www.elaletisepeti.com\/wp-content\/uploads\/2025\/12\/Knipex-12-82-130-SB.jpg","contentUrl":"https:\/\/www.elaletisepeti.com\/wp-content\/uploads\/2025\/12\/Knipex-12-82-130-SB.jpg","width":1000,"height":1000},{"@type":"BreadcrumbList","@id":"https:\/\/www.elaletisepeti.com\/?product=knipex-12-82-130-sb-kablo-siyirma#breadcrumb","itemListElement":[{"@type":"ListItem","position":1,"name":"Anasayfa","item":"https:\/\/www.elaletisepeti.com\/"},{"@type":"ListItem","position":2,"name":"Shop","item":"https:\/\/www.elaletisepeti.com\/?page_id=7"},{"@type":"ListItem","position":3,"name":"Knipex 12 82 130 SB Kablo S\u0131y\u0131rma"}]},{"@type":"WebSite","@id":"https:\/\/www.elaletisepeti.com\/#website","url":"https:\/\/www.elaletisepeti.com\/","name":"El Aleti Sepeti","description":"El Aletleri, Knipex Pense, Knipex Kerpeten, Knipex Kargaburun,  Kn\u0131pex  Yankeski, Kn\u0131pex Boru Kesme, Knipex Kablo S\u0131y\u0131rma, Knipex  El Aletleri","potentialAction":[{"@type":"SearchAction","target":{"@type":"EntryPoint","urlTemplate":"https:\/\/www.elaletisepeti.com\/?s={search_term_string}"},"query-input":{"@type":"PropertyValueSpecification","valueRequired":true,"valueName":"search_term_string"}}],"inLanguage":"tr"}]}},"_links":{"self":[{"href":"https:\/\/www.elaletisepeti.com\/index.php?rest_route=\/wp\/v2\/product\/17805","targetHints":{"allow":["GET"]}}],"collection":[{"href":"https:\/\/www.elaletisepeti.com\/index.php?rest_route=\/wp\/v2\/product"}],"about":[{"href":"https:\/\/www.elaletisepeti.com\/index.php?rest_route=\/wp\/v2\/types\/product"}],"wp:featuredmedia":[{"embeddable":true,"href":"https:\/\/www.elaletisepeti.com\/index.php?rest_route=\/wp\/v2\/media\/17807"}],"wp:attachment":[{"href":"https:\/\/www.elaletisepeti.com\/index.php?rest_route=%2Fwp%2Fv2%2Fmedia&parent=17805"}],"wp:term":[{"taxonomy":"product_brand","embeddable":true,"href":"https:\/\/www.elaletisepeti.com\/index.php?rest_route=%2Fwp%2Fv2%2Fproduct_brand&post=17805"},{"taxonomy":"product_cat","embeddable":true,"href":"https:\/\/www.elaletisepeti.com\/index.php?rest_route=%2Fwp%2Fv2%2Fproduct_cat&post=17805"},{"taxonomy":"product_tag","embeddable":true,"href":"https:\/\/www.elaletisepeti.com\/index.php?rest_route=%2Fwp%2Fv2%2Fproduct_tag&post=17805"}],"curies":[{"name":"wp","href":"https:\/\/api.w.org\/{rel}","templated":true}]}}