{"id":17595,"date":"2025-12-14T15:41:51","date_gmt":"2025-12-14T15:41:51","guid":{"rendered":"https:\/\/www.elaletisepeti.com\/?post_type=product&#038;p=17595"},"modified":"2025-12-14T15:41:51","modified_gmt":"2025-12-14T15:41:51","slug":"knipex-12-74-180-oto-kablo-siyirma","status":"publish","type":"product","link":"https:\/\/www.elaletisepeti.com\/?product=knipex-12-74-180-oto-kablo-siyirma","title":{"rendered":"Knipex 12 74 180 Oto.Kablo S\u0131y\u0131rma"},"content":{"rendered":"<p><strong>Knipex 12 74 180 Otomatik Kablo S\u0131y\u0131rma<\/strong><\/p>\n<div class=\"product--variation-field--variation_field_general_section__17786 field field--name-field-general-section field--type-key-value-class-field-type field--label-hidden field__items\" data-gtm-vis-recent-on-screen10487645_102=\"133340\" data-gtm-vis-first-on-screen10487645_102=\"133340\" data-gtm-vis-total-visible-time10487645_102=\"100\" data-gtm-vis-has-fired10487645_102=\"1\">\n<div class=\"field__item\" data-gtm-vis-recent-on-screen10487645_102=\"133307\" data-gtm-vis-first-on-screen10487645_102=\"133307\" data-gtm-vis-total-visible-time10487645_102=\"100\" data-gtm-vis-has-fired10487645_102=\"1\">\n<div class=\"key-value-class-item \" data-gtm-vis-recent-on-screen10487645_102=\"133309\" data-gtm-vis-first-on-screen10487645_102=\"133309\" data-gtm-vis-total-visible-time10487645_102=\"100\" data-gtm-vis-has-fired10487645_102=\"1\">\n<div class=\"key\" data-gtm-vis-recent-on-screen10487645_102=\"133310\" data-gtm-vis-first-on-screen10487645_102=\"133310\" data-gtm-vis-total-visible-time10487645_102=\"100\" data-gtm-vis-has-fired10487645_102=\"1\">Kod:\u00a012 74 180<\/div>\n<\/div>\n<\/div>\n<div class=\"field__item\" data-gtm-vis-recent-on-screen10487645_102=\"133324\" data-gtm-vis-first-on-screen10487645_102=\"133324\" data-gtm-vis-total-visible-time10487645_102=\"100\" data-gtm-vis-has-fired10487645_102=\"1\">\n<div class=\"key-value-class-item \" data-gtm-vis-recent-on-screen10487645_102=\"133325\" data-gtm-vis-first-on-screen10487645_102=\"133325\" data-gtm-vis-total-visible-time10487645_102=\"100\" data-gtm-vis-has-fired10487645_102=\"1\">\n<div class=\"key\" data-gtm-vis-recent-on-screen10487645_102=\"133326\" data-gtm-vis-first-on-screen10487645_102=\"133326\" data-gtm-vis-total-visible-time10487645_102=\"100\" data-gtm-vis-has-fired10487645_102=\"1\">EAN 4003773092667<\/div>\n<\/div>\n<\/div>\n<div class=\"field__item\" data-gtm-vis-recent-on-screen10487645_102=\"133341\" data-gtm-vis-first-on-screen10487645_102=\"133341\" data-gtm-vis-total-visible-time10487645_102=\"100\" data-gtm-vis-has-fired10487645_102=\"1\">\n<div class=\"key-value-class-item \" data-gtm-vis-recent-on-screen10487645_102=\"133342\" data-gtm-vis-first-on-screen10487645_102=\"133342\" data-gtm-vis-total-visible-time10487645_102=\"100\" data-gtm-vis-has-fired10487645_102=\"1\">\n<div class=\"key\" data-gtm-vis-recent-on-screen10487645_102=\"133343\" data-gtm-vis-first-on-screen10487645_102=\"133343\" data-gtm-vis-total-visible-time10487645_102=\"100\" data-gtm-vis-has-fired10487645_102=\"1\">A\u011f\u0131rl\u0131k 145 g<\/div>\n<\/div>\n<\/div>\n<div class=\"field__item\" data-gtm-vis-recent-on-screen10487645_102=\"133364\" data-gtm-vis-first-on-screen10487645_102=\"133364\" data-gtm-vis-total-visible-time10487645_102=\"100\" data-gtm-vis-has-fired10487645_102=\"1\">\n<div class=\"key-value-class-item \" data-gtm-vis-recent-on-screen10487645_102=\"133366\" data-gtm-vis-first-on-screen10487645_102=\"133366\" data-gtm-vis-total-visible-time10487645_102=\"100\" data-gtm-vis-has-fired10487645_102=\"1\">\n<div class=\"key\" data-gtm-vis-recent-on-screen10487645_102=\"133367\" data-gtm-vis-first-on-screen10487645_102=\"133367\" data-gtm-vis-total-visible-time10487645_102=\"100\" data-gtm-vis-has-fired10487645_102=\"1\">\u00d6l\u00e7\u00fcleri 175 x 98 x 30 mm<\/div>\n<\/div>\n<\/div>\n<div class=\"field__item\" data-gtm-vis-recent-on-screen10487645_102=\"133376\" data-gtm-vis-first-on-screen10487645_102=\"133376\" data-gtm-vis-total-visible-time10487645_102=\"100\" data-gtm-vis-has-fired10487645_102=\"1\">\n<div class=\"key-value-class-item \" data-gtm-vis-recent-on-screen10487645_102=\"133378\" data-gtm-vis-first-on-screen10487645_102=\"133378\" data-gtm-vis-total-visible-time10487645_102=\"100\" data-gtm-vis-has-fired10487645_102=\"1\">\n<div class=\"key\" data-gtm-vis-recent-on-screen10487645_102=\"133380\" data-gtm-vis-first-on-screen10487645_102=\"133380\" data-gtm-vis-total-visible-time10487645_102=\"100\" data-gtm-vis-has-fired10487645_102=\"1\">REACH Uyumlu SVHC \u0130\u00e7ermiyor<\/div>\n<\/div>\n<\/div>\n<div class=\"field__item\" data-gtm-vis-recent-on-screen10487645_102=\"133392\" data-gtm-vis-first-on-screen10487645_102=\"133392\" data-gtm-vis-total-visible-time10487645_102=\"100\" data-gtm-vis-has-fired10487645_102=\"1\">\n<div class=\"key-value-class-item \" data-gtm-vis-recent-on-screen10487645_102=\"133394\" data-gtm-vis-first-on-screen10487645_102=\"133394\" data-gtm-vis-total-visible-time10487645_102=\"100\" data-gtm-vis-has-fired10487645_102=\"1\">\n<div class=\"key\" data-gtm-vis-recent-on-screen10487645_102=\"133395\" data-gtm-vis-first-on-screen10487645_102=\"133395\" data-gtm-vis-total-visible-time10487645_102=\"100\" data-gtm-vis-has-fired10487645_102=\"1\">ROHS Uyumlu Uygulanamaz<\/div>\n<\/div>\n<\/div>\n<\/div>\n<div class=\"product--variation-field--variation_field_technical_section__17786 field field--name-field-technical-section field--type-key-value-class-field-type field--label-hidden field__items\" data-gtm-vis-recent-on-screen10487645_102=\"133421\" data-gtm-vis-first-on-screen10487645_102=\"133421\" data-gtm-vis-total-visible-time10487645_102=\"100\" data-gtm-vis-has-fired10487645_102=\"1\">\n<div class=\"field__item\" data-gtm-vis-polling-id10487645_102=\"1111\">Kablo S\u0131y\u0131rma De\u011ferleri (\u00e7ap) \u00d8 4,4 \u2014 7,5 mm<\/div>\n<\/div>\n","protected":false},"excerpt":{"rendered":"<div class=\"kx-flex kx-justify-between\" data-gtm-vis-first-on-screen10487645_102=\"1053\" data-gtm-vis-total-visible-time10487645_102=\"100\" data-gtm-vis-has-fired10487645_102=\"1\">\n<div class=\"kx-flex kx-items-center kx-flex-wrap kx-gap-4 kx-gap-y-0\" data-gtm-vis-first-on-screen10487645_102=\"1054\" data-gtm-vis-total-visible-time10487645_102=\"100\" data-gtm-vis-has-fired10487645_102=\"1\"><img decoding=\"async\" src=\"https:\/\/product-api-assets.knipex.com\/fd89784\/30547752-c1ba-43e4-835f-fcbde2014d08.png\" alt=\"\" \/><\/div>\n<\/div>\n<div class=\"bulletpoint-container\" data-gtm-vis-first-on-screen10487645_102=\"1054\" data-gtm-vis-total-visible-time10487645_102=\"100\" data-gtm-vis-has-fired10487645_102=\"1\">\n<ul>\n<li>Esnek besleme ve uzatma kablolar\u0131n\u0131, kontrol ve sens\u00f6r\/akt\u00fcat\u00f6r kablolar\u0131n\u0131 s\u0131y\u0131rmak i\u00e7in<\/li>\n<li>\u00d8 4,4 mm&#8217;den \u00d8 7,5 mm&#8217;ye kadar kablolara otomatik ayarlama, iletkenlere veya ekranlama \u00f6rg\u00fcs\u00fcne zarar vermeden<\/li>\n<li>Bak\u0131m\u0131 kolay b\u0131\u00e7ak \u00fcnitesi sayesinde a\u015f\u0131nd\u0131\u011f\u0131nda h\u0131zl\u0131 b\u0131\u00e7ak de\u011fi\u015fimi<\/li>\n<li>Y\u00fcksek esneklikteki TPE-U, PUR, PVC ve kau\u00e7uktan yap\u0131lm\u0131\u015f kablo k\u0131l\u0131flar\u0131, ya\u011fa dayan\u0131kl\u0131 ve halojensiz kontrol ve sens\u00f6r\/akt\u00fcat\u00f6r kablolar\u0131 vb. i\u00e7in uygundur.<\/li>\n<li>Kablo itilebilir, bu nedenle daha uzun s\u0131y\u0131rma mesafeleri i\u00e7in de uygundur<\/li>\n<li>Yumu\u015fak kavrama b\u00f6lgesine sahip ergonomik iki bile\u015fenli saplar sayesinde d\u00fc\u015f\u00fck eforla \u00e7al\u0131\u015fma ve maksimum kuvvet iletimi<\/li>\n<li>Sorunsuz \u00e7al\u0131\u015fan mekanizma sayesinde efor tasarrufu sa\u011flar<\/li>\n<\/ul>\n<\/div>\n","protected":false},"featured_media":17596,"template":"","meta":{"_joinchat":[]},"product_brand":[159],"product_cat":[191],"product_tag":[],"class_list":{"0":"post-17595","1":"product","2":"type-product","3":"status-publish","4":"has-post-thumbnail","6":"product_brand-knipex","7":"product_cat-kablo-soyma-ve-siyirma-penseleri","10":"first","11":"instock","12":"shipping-taxable","13":"product-type-simple"},"yoast_head":"<!-- This site is optimized with the Yoast SEO plugin v27.3 - https:\/\/yoast.com\/product\/yoast-seo-wordpress\/ -->\n<title>Knipex 12 74 180 Oto.Kablo S\u0131y\u0131rma - El Aleti Sepeti<\/title>\n<meta name=\"description\" content=\"Knipex 12 74 180 otomatik kablo s\u0131y\u0131rma pensesi, elektrik tesisatlar\u0131nda zaman kazand\u0131r\u0131r. Ergonomik yap\u0131s\u0131yla profesyonel ve rahat kullan\u0131m sa\u011flar.\" \/>\n<meta name=\"robots\" content=\"index, follow, max-snippet:-1, max-image-preview:large, max-video-preview:-1\" \/>\n<link rel=\"canonical\" href=\"https:\/\/www.elaletisepeti.com\/?product=knipex-12-74-180-oto-kablo-siyirma\" \/>\n<meta property=\"og:locale\" content=\"tr_TR\" \/>\n<meta property=\"og:type\" content=\"article\" \/>\n<meta property=\"og:title\" content=\"Knipex 12 74 180 Oto.Kablo S\u0131y\u0131rma - El Aleti Sepeti\" \/>\n<meta property=\"og:description\" content=\"Knipex 12 74 180 otomatik kablo s\u0131y\u0131rma pensesi, elektrik tesisatlar\u0131nda zaman kazand\u0131r\u0131r. Ergonomik yap\u0131s\u0131yla profesyonel ve rahat kullan\u0131m sa\u011flar.\" \/>\n<meta property=\"og:url\" content=\"https:\/\/www.elaletisepeti.com\/?product=knipex-12-74-180-oto-kablo-siyirma\" \/>\n<meta property=\"og:site_name\" content=\"El Aleti Sepeti\" \/>\n<meta property=\"og:image\" content=\"https:\/\/www.elaletisepeti.com\/wp-content\/uploads\/2025\/12\/Knipex-12-74-180.jpg\" \/>\n\t<meta property=\"og:image:width\" content=\"1000\" \/>\n\t<meta property=\"og:image:height\" content=\"1000\" \/>\n\t<meta property=\"og:image:type\" content=\"image\/jpeg\" \/>\n<meta name=\"twitter:card\" content=\"summary_large_image\" \/>\n<meta name=\"twitter:label1\" content=\"Tahmini okuma s\u00fcresi\" \/>\n\t<meta name=\"twitter:data1\" content=\"1 dakika\" \/>\n<script type=\"application\/ld+json\" class=\"yoast-schema-graph\">{\"@context\":\"https:\\\/\\\/schema.org\",\"@graph\":[{\"@type\":\"WebPage\",\"@id\":\"https:\\\/\\\/www.elaletisepeti.com\\\/?product=knipex-12-74-180-oto-kablo-siyirma\",\"url\":\"https:\\\/\\\/www.elaletisepeti.com\\\/?product=knipex-12-74-180-oto-kablo-siyirma\",\"name\":\"Knipex 12 74 180 Oto.Kablo S\u0131y\u0131rma - El Aleti Sepeti\",\"isPartOf\":{\"@id\":\"https:\\\/\\\/www.elaletisepeti.com\\\/#website\"},\"primaryImageOfPage\":{\"@id\":\"https:\\\/\\\/www.elaletisepeti.com\\\/?product=knipex-12-74-180-oto-kablo-siyirma#primaryimage\"},\"image\":{\"@id\":\"https:\\\/\\\/www.elaletisepeti.com\\\/?product=knipex-12-74-180-oto-kablo-siyirma#primaryimage\"},\"thumbnailUrl\":\"https:\\\/\\\/www.elaletisepeti.com\\\/wp-content\\\/uploads\\\/2025\\\/12\\\/Knipex-12-74-180.jpg\",\"datePublished\":\"2025-12-14T15:41:51+00:00\",\"description\":\"Knipex 12 74 180 otomatik kablo s\u0131y\u0131rma pensesi, elektrik tesisatlar\u0131nda zaman kazand\u0131r\u0131r. Ergonomik yap\u0131s\u0131yla profesyonel ve rahat kullan\u0131m sa\u011flar.\",\"breadcrumb\":{\"@id\":\"https:\\\/\\\/www.elaletisepeti.com\\\/?product=knipex-12-74-180-oto-kablo-siyirma#breadcrumb\"},\"inLanguage\":\"tr\",\"potentialAction\":[{\"@type\":\"ReadAction\",\"target\":[\"https:\\\/\\\/www.elaletisepeti.com\\\/?product=knipex-12-74-180-oto-kablo-siyirma\"]}]},{\"@type\":\"ImageObject\",\"inLanguage\":\"tr\",\"@id\":\"https:\\\/\\\/www.elaletisepeti.com\\\/?product=knipex-12-74-180-oto-kablo-siyirma#primaryimage\",\"url\":\"https:\\\/\\\/www.elaletisepeti.com\\\/wp-content\\\/uploads\\\/2025\\\/12\\\/Knipex-12-74-180.jpg\",\"contentUrl\":\"https:\\\/\\\/www.elaletisepeti.com\\\/wp-content\\\/uploads\\\/2025\\\/12\\\/Knipex-12-74-180.jpg\",\"width\":1000,\"height\":1000},{\"@type\":\"BreadcrumbList\",\"@id\":\"https:\\\/\\\/www.elaletisepeti.com\\\/?product=knipex-12-74-180-oto-kablo-siyirma#breadcrumb\",\"itemListElement\":[{\"@type\":\"ListItem\",\"position\":1,\"name\":\"Anasayfa\",\"item\":\"https:\\\/\\\/www.elaletisepeti.com\\\/\"},{\"@type\":\"ListItem\",\"position\":2,\"name\":\"Shop\",\"item\":\"https:\\\/\\\/www.elaletisepeti.com\\\/?page_id=7\"},{\"@type\":\"ListItem\",\"position\":3,\"name\":\"Knipex 12 74 180 Oto.Kablo S\u0131y\u0131rma\"}]},{\"@type\":\"WebSite\",\"@id\":\"https:\\\/\\\/www.elaletisepeti.com\\\/#website\",\"url\":\"https:\\\/\\\/www.elaletisepeti.com\\\/\",\"name\":\"El Aleti Sepeti\",\"description\":\"El Aletleri, Knipex Pense, Knipex Kerpeten, Knipex Kargaburun,  Kn\u0131pex  Yankeski, Kn\u0131pex Boru Kesme, Knipex Kablo S\u0131y\u0131rma, Knipex  El Aletleri\",\"potentialAction\":[{\"@type\":\"SearchAction\",\"target\":{\"@type\":\"EntryPoint\",\"urlTemplate\":\"https:\\\/\\\/www.elaletisepeti.com\\\/?s={search_term_string}\"},\"query-input\":{\"@type\":\"PropertyValueSpecification\",\"valueRequired\":true,\"valueName\":\"search_term_string\"}}],\"inLanguage\":\"tr\"}]}<\/script>\n<!-- \/ Yoast SEO plugin. -->","yoast_head_json":{"title":"Knipex 12 74 180 Oto.Kablo S\u0131y\u0131rma - El Aleti Sepeti","description":"Knipex 12 74 180 otomatik kablo s\u0131y\u0131rma pensesi, elektrik tesisatlar\u0131nda zaman kazand\u0131r\u0131r. Ergonomik yap\u0131s\u0131yla profesyonel ve rahat kullan\u0131m sa\u011flar.","robots":{"index":"index","follow":"follow","max-snippet":"max-snippet:-1","max-image-preview":"max-image-preview:large","max-video-preview":"max-video-preview:-1"},"canonical":"https:\/\/www.elaletisepeti.com\/?product=knipex-12-74-180-oto-kablo-siyirma","og_locale":"tr_TR","og_type":"article","og_title":"Knipex 12 74 180 Oto.Kablo S\u0131y\u0131rma - El Aleti Sepeti","og_description":"Knipex 12 74 180 otomatik kablo s\u0131y\u0131rma pensesi, elektrik tesisatlar\u0131nda zaman kazand\u0131r\u0131r. Ergonomik yap\u0131s\u0131yla profesyonel ve rahat kullan\u0131m sa\u011flar.","og_url":"https:\/\/www.elaletisepeti.com\/?product=knipex-12-74-180-oto-kablo-siyirma","og_site_name":"El Aleti Sepeti","og_image":[{"width":1000,"height":1000,"url":"https:\/\/www.elaletisepeti.com\/wp-content\/uploads\/2025\/12\/Knipex-12-74-180.jpg","type":"image\/jpeg"}],"twitter_card":"summary_large_image","twitter_misc":{"Tahmini okuma s\u00fcresi":"1 dakika"},"schema":{"@context":"https:\/\/schema.org","@graph":[{"@type":"WebPage","@id":"https:\/\/www.elaletisepeti.com\/?product=knipex-12-74-180-oto-kablo-siyirma","url":"https:\/\/www.elaletisepeti.com\/?product=knipex-12-74-180-oto-kablo-siyirma","name":"Knipex 12 74 180 Oto.Kablo S\u0131y\u0131rma - El Aleti Sepeti","isPartOf":{"@id":"https:\/\/www.elaletisepeti.com\/#website"},"primaryImageOfPage":{"@id":"https:\/\/www.elaletisepeti.com\/?product=knipex-12-74-180-oto-kablo-siyirma#primaryimage"},"image":{"@id":"https:\/\/www.elaletisepeti.com\/?product=knipex-12-74-180-oto-kablo-siyirma#primaryimage"},"thumbnailUrl":"https:\/\/www.elaletisepeti.com\/wp-content\/uploads\/2025\/12\/Knipex-12-74-180.jpg","datePublished":"2025-12-14T15:41:51+00:00","description":"Knipex 12 74 180 otomatik kablo s\u0131y\u0131rma pensesi, elektrik tesisatlar\u0131nda zaman kazand\u0131r\u0131r. Ergonomik yap\u0131s\u0131yla profesyonel ve rahat kullan\u0131m sa\u011flar.","breadcrumb":{"@id":"https:\/\/www.elaletisepeti.com\/?product=knipex-12-74-180-oto-kablo-siyirma#breadcrumb"},"inLanguage":"tr","potentialAction":[{"@type":"ReadAction","target":["https:\/\/www.elaletisepeti.com\/?product=knipex-12-74-180-oto-kablo-siyirma"]}]},{"@type":"ImageObject","inLanguage":"tr","@id":"https:\/\/www.elaletisepeti.com\/?product=knipex-12-74-180-oto-kablo-siyirma#primaryimage","url":"https:\/\/www.elaletisepeti.com\/wp-content\/uploads\/2025\/12\/Knipex-12-74-180.jpg","contentUrl":"https:\/\/www.elaletisepeti.com\/wp-content\/uploads\/2025\/12\/Knipex-12-74-180.jpg","width":1000,"height":1000},{"@type":"BreadcrumbList","@id":"https:\/\/www.elaletisepeti.com\/?product=knipex-12-74-180-oto-kablo-siyirma#breadcrumb","itemListElement":[{"@type":"ListItem","position":1,"name":"Anasayfa","item":"https:\/\/www.elaletisepeti.com\/"},{"@type":"ListItem","position":2,"name":"Shop","item":"https:\/\/www.elaletisepeti.com\/?page_id=7"},{"@type":"ListItem","position":3,"name":"Knipex 12 74 180 Oto.Kablo S\u0131y\u0131rma"}]},{"@type":"WebSite","@id":"https:\/\/www.elaletisepeti.com\/#website","url":"https:\/\/www.elaletisepeti.com\/","name":"El Aleti Sepeti","description":"El Aletleri, Knipex Pense, Knipex Kerpeten, Knipex Kargaburun,  Kn\u0131pex  Yankeski, Kn\u0131pex Boru Kesme, Knipex Kablo S\u0131y\u0131rma, Knipex  El Aletleri","potentialAction":[{"@type":"SearchAction","target":{"@type":"EntryPoint","urlTemplate":"https:\/\/www.elaletisepeti.com\/?s={search_term_string}"},"query-input":{"@type":"PropertyValueSpecification","valueRequired":true,"valueName":"search_term_string"}}],"inLanguage":"tr"}]}},"_links":{"self":[{"href":"https:\/\/www.elaletisepeti.com\/index.php?rest_route=\/wp\/v2\/product\/17595","targetHints":{"allow":["GET"]}}],"collection":[{"href":"https:\/\/www.elaletisepeti.com\/index.php?rest_route=\/wp\/v2\/product"}],"about":[{"href":"https:\/\/www.elaletisepeti.com\/index.php?rest_route=\/wp\/v2\/types\/product"}],"wp:featuredmedia":[{"embeddable":true,"href":"https:\/\/www.elaletisepeti.com\/index.php?rest_route=\/wp\/v2\/media\/17596"}],"wp:attachment":[{"href":"https:\/\/www.elaletisepeti.com\/index.php?rest_route=%2Fwp%2Fv2%2Fmedia&parent=17595"}],"wp:term":[{"taxonomy":"product_brand","embeddable":true,"href":"https:\/\/www.elaletisepeti.com\/index.php?rest_route=%2Fwp%2Fv2%2Fproduct_brand&post=17595"},{"taxonomy":"product_cat","embeddable":true,"href":"https:\/\/www.elaletisepeti.com\/index.php?rest_route=%2Fwp%2Fv2%2Fproduct_cat&post=17595"},{"taxonomy":"product_tag","embeddable":true,"href":"https:\/\/www.elaletisepeti.com\/index.php?rest_route=%2Fwp%2Fv2%2Fproduct_tag&post=17595"}],"curies":[{"name":"wp","href":"https:\/\/api.w.org\/{rel}","templated":true}]}}