{"id":17576,"date":"2025-12-14T12:45:09","date_gmt":"2025-12-14T12:45:09","guid":{"rendered":"https:\/\/www.elaletisepeti.com\/?post_type=product&#038;p=17576"},"modified":"2025-12-14T12:45:09","modified_gmt":"2025-12-14T12:45:09","slug":"knipex-13-62-180-kablo-siyirma-pensesi","status":"publish","type":"product","link":"https:\/\/www.elaletisepeti.com\/?product=knipex-13-62-180-kablo-siyirma-pensesi","title":{"rendered":"Knipex 13 62 180 Kablo S\u0131y\u0131rma Pensesi"},"content":{"rendered":"<p><strong>Knipex 13 62 180 Kablo S\u0131y\u0131rma Pensesi KNIPEX StriX\u00ae<\/strong><\/p>\n<div class=\"product--variation-field--variation_field_general_section__2037 field field--name-field-general-section field--type-key-value-class-field-type field--label-hidden field__items\" data-gtm-vis-recent-on-screen10487645_102=\"75657\" data-gtm-vis-first-on-screen10487645_102=\"75657\" data-gtm-vis-total-visible-time10487645_102=\"100\" data-gtm-vis-has-fired10487645_102=\"1\">\n<div class=\"field__item\" data-gtm-vis-first-on-screen10487645_102=\"75617\" data-gtm-vis-total-visible-time10487645_102=\"100\" data-gtm-vis-has-fired10487645_102=\"1\">\n<div class=\"key-value-class-item \" data-gtm-vis-first-on-screen10487645_102=\"75618\" data-gtm-vis-total-visible-time10487645_102=\"100\" data-gtm-vis-has-fired10487645_102=\"1\">\n<div class=\"key\" data-gtm-vis-first-on-screen10487645_102=\"75619\" data-gtm-vis-total-visible-time10487645_102=\"100\" data-gtm-vis-has-fired10487645_102=\"1\">Kod:\u00a013 62 180<\/div>\n<\/div>\n<\/div>\n<div class=\"field__item\" data-gtm-vis-first-on-screen10487645_102=\"75620\" data-gtm-vis-total-visible-time10487645_102=\"100\" data-gtm-vis-has-fired10487645_102=\"1\">\n<div class=\"key-value-class-item \" data-gtm-vis-first-on-screen10487645_102=\"75621\" data-gtm-vis-total-visible-time10487645_102=\"100\" data-gtm-vis-has-fired10487645_102=\"1\">\n<div class=\"key\" data-gtm-vis-first-on-screen10487645_102=\"75622\" data-gtm-vis-total-visible-time10487645_102=\"100\" data-gtm-vis-has-fired10487645_102=\"1\">EAN 4003773081302<\/div>\n<\/div>\n<\/div>\n<div class=\"field__item\" data-gtm-vis-first-on-screen10487645_102=\"75634\" data-gtm-vis-total-visible-time10487645_102=\"100\" data-gtm-vis-has-fired10487645_102=\"1\">\n<div class=\"key-value-class-item \" data-gtm-vis-first-on-screen10487645_102=\"75635\" data-gtm-vis-total-visible-time10487645_102=\"100\" data-gtm-vis-has-fired10487645_102=\"1\">\n<div class=\"key\" data-gtm-vis-first-on-screen10487645_102=\"75636\" data-gtm-vis-total-visible-time10487645_102=\"100\" data-gtm-vis-has-fired10487645_102=\"1\">Pense Siyah Atramentize<\/div>\n<\/div>\n<\/div>\n<div class=\"field__item\" data-gtm-vis-recent-on-screen10487645_102=\"75637\" data-gtm-vis-first-on-screen10487645_102=\"75637\" data-gtm-vis-total-visible-time10487645_102=\"100\" data-gtm-vis-has-fired10487645_102=\"1\">\n<div class=\"key-value-class-item \" data-gtm-vis-recent-on-screen10487645_102=\"75637\" data-gtm-vis-first-on-screen10487645_102=\"75637\" data-gtm-vis-total-visible-time10487645_102=\"100\" data-gtm-vis-has-fired10487645_102=\"1\">\n<div class=\"key\" data-gtm-vis-recent-on-screen10487645_102=\"75637\" data-gtm-vis-first-on-screen10487645_102=\"75637\" data-gtm-vis-total-visible-time10487645_102=\"100\" data-gtm-vis-has-fired10487645_102=\"1\">Ba\u015fl\u0131k Cilal\u0131<\/div>\n<\/div>\n<\/div>\n<div class=\"field__item\" data-gtm-vis-recent-on-screen10487645_102=\"75658\" data-gtm-vis-first-on-screen10487645_102=\"75658\" data-gtm-vis-total-visible-time10487645_102=\"100\" data-gtm-vis-has-fired10487645_102=\"1\">\n<div class=\"key-value-class-item \" data-gtm-vis-recent-on-screen10487645_102=\"75659\" data-gtm-vis-first-on-screen10487645_102=\"75659\" data-gtm-vis-total-visible-time10487645_102=\"100\" data-gtm-vis-has-fired10487645_102=\"1\">\n<div class=\"key\" data-gtm-vis-recent-on-screen10487645_102=\"75659\" data-gtm-vis-first-on-screen10487645_102=\"75659\" data-gtm-vis-total-visible-time10487645_102=\"100\" data-gtm-vis-has-fired10487645_102=\"1\">Kollar Konforlu Saplar \u0130le<\/div>\n<\/div>\n<\/div>\n<div class=\"field__item\" data-gtm-vis-recent-on-screen10487645_102=\"75660\" data-gtm-vis-first-on-screen10487645_102=\"75660\" data-gtm-vis-total-visible-time10487645_102=\"100\" data-gtm-vis-has-fired10487645_102=\"1\">\n<div class=\"key-value-class-item \" data-gtm-vis-recent-on-screen10487645_102=\"75667\" data-gtm-vis-first-on-screen10487645_102=\"75667\" data-gtm-vis-total-visible-time10487645_102=\"100\" data-gtm-vis-has-fired10487645_102=\"1\">\n<div class=\"key\" data-gtm-vis-recent-on-screen10487645_102=\"75670\" data-gtm-vis-first-on-screen10487645_102=\"75670\" data-gtm-vis-total-visible-time10487645_102=\"100\" data-gtm-vis-has-fired10487645_102=\"1\">A\u011f\u0131rl\u0131k 200 g<\/div>\n<\/div>\n<\/div>\n<div class=\"field__item\" data-gtm-vis-recent-on-screen10487645_102=\"75673\" data-gtm-vis-first-on-screen10487645_102=\"75673\" data-gtm-vis-total-visible-time10487645_102=\"100\" data-gtm-vis-has-fired10487645_102=\"1\">\n<div class=\"key-value-class-item \" data-gtm-vis-recent-on-screen10487645_102=\"75674\" data-gtm-vis-first-on-screen10487645_102=\"75674\" data-gtm-vis-total-visible-time10487645_102=\"100\" data-gtm-vis-has-fired10487645_102=\"1\">\n<div class=\"key\" data-gtm-vis-recent-on-screen10487645_102=\"75674\" data-gtm-vis-first-on-screen10487645_102=\"75674\" data-gtm-vis-total-visible-time10487645_102=\"100\" data-gtm-vis-has-fired10487645_102=\"1\">\u00d6l\u00e7\u00fcleri 180 x 51 x 20 mm<\/div>\n<\/div>\n<\/div>\n<div class=\"field__item\" data-gtm-vis-recent-on-screen10487645_102=\"75680\" data-gtm-vis-first-on-screen10487645_102=\"75680\" data-gtm-vis-total-visible-time10487645_102=\"100\" data-gtm-vis-has-fired10487645_102=\"1\">\n<div class=\"key-value-class-item \" data-gtm-vis-recent-on-screen10487645_102=\"75681\" data-gtm-vis-first-on-screen10487645_102=\"75681\" data-gtm-vis-total-visible-time10487645_102=\"100\" data-gtm-vis-has-fired10487645_102=\"1\">\n<div class=\"key\" data-gtm-vis-recent-on-screen10487645_102=\"75682\" data-gtm-vis-first-on-screen10487645_102=\"75682\" data-gtm-vis-total-visible-time10487645_102=\"100\" data-gtm-vis-has-fired10487645_102=\"1\">REACH Uyumlu SVHC \u0130\u00e7ermiyor<\/div>\n<\/div>\n<\/div>\n<div class=\"field__item\" data-gtm-vis-recent-on-screen10487645_102=\"75698\" data-gtm-vis-first-on-screen10487645_102=\"75698\" data-gtm-vis-total-visible-time10487645_102=\"100\" data-gtm-vis-has-fired10487645_102=\"1\">\n<div class=\"key-value-class-item \" data-gtm-vis-recent-on-screen10487645_102=\"75699\" data-gtm-vis-first-on-screen10487645_102=\"75699\" data-gtm-vis-total-visible-time10487645_102=\"100\" data-gtm-vis-has-fired10487645_102=\"1\">\n<div class=\"key\" data-gtm-vis-recent-on-screen10487645_102=\"75699\" data-gtm-vis-first-on-screen10487645_102=\"75699\" data-gtm-vis-total-visible-time10487645_102=\"100\" data-gtm-vis-has-fired10487645_102=\"1\">ROHS Uyumlu Uygulanamaz<\/div>\n<\/div>\n<\/div>\n<\/div>\n<div class=\"product--variation-field--variation_field_technical_section__2037 field field--name-field-technical-section field--type-key-value-class-field-type field--label-hidden field__items\" data-gtm-vis-recent-on-screen10487645_102=\"76054\" data-gtm-vis-first-on-screen10487645_102=\"76054\" data-gtm-vis-total-visible-time10487645_102=\"100\" data-gtm-vis-has-fired10487645_102=\"1\">\n<div class=\"field__item\" data-gtm-vis-recent-on-screen10487645_102=\"75999\" data-gtm-vis-first-on-screen10487645_102=\"75999\" data-gtm-vis-total-visible-time10487645_102=\"100\" data-gtm-vis-has-fired10487645_102=\"1\">\n<div class=\"key-value-class-item \" data-gtm-vis-recent-on-screen10487645_102=\"76001\" data-gtm-vis-first-on-screen10487645_102=\"76001\" data-gtm-vis-total-visible-time10487645_102=\"100\" data-gtm-vis-has-fired10487645_102=\"1\">\n<div class=\"key\" data-gtm-vis-recent-on-screen10487645_102=\"76004\" data-gtm-vis-first-on-screen10487645_102=\"76004\" data-gtm-vis-total-visible-time10487645_102=\"100\" data-gtm-vis-has-fired10487645_102=\"1\">Bak\u0131r Kablo Kesim De\u011feri, \u00c7ok Telli 50 mm\u00b2<\/div>\n<\/div>\n<\/div>\n<div class=\"field__item\" data-gtm-vis-recent-on-screen10487645_102=\"76030\" data-gtm-vis-first-on-screen10487645_102=\"76030\" data-gtm-vis-total-visible-time10487645_102=\"100\" data-gtm-vis-has-fired10487645_102=\"1\">\n<div class=\"key-value-class-item \" data-gtm-vis-recent-on-screen10487645_102=\"76032\" data-gtm-vis-first-on-screen10487645_102=\"76032\" data-gtm-vis-total-visible-time10487645_102=\"100\" data-gtm-vis-has-fired10487645_102=\"1\">\n<div class=\"key\" data-gtm-vis-recent-on-screen10487645_102=\"76033\" data-gtm-vis-first-on-screen10487645_102=\"76033\" data-gtm-vis-total-visible-time10487645_102=\"100\" data-gtm-vis-has-fired10487645_102=\"1\">Bak\u0131r Kablo Kesim De\u011feri, \u00c7ok Telli \u00d8 15 mm<\/div>\n<\/div>\n<\/div>\n<div class=\"field__item\" data-gtm-vis-recent-on-screen10487645_102=\"76046\" data-gtm-vis-first-on-screen10487645_102=\"76046\" data-gtm-vis-total-visible-time10487645_102=\"100\" data-gtm-vis-has-fired10487645_102=\"1\">\n<div class=\"key-value-class-item \" data-gtm-vis-recent-on-screen10487645_102=\"76048\" data-gtm-vis-first-on-screen10487645_102=\"76048\" data-gtm-vis-total-visible-time10487645_102=\"100\" data-gtm-vis-has-fired10487645_102=\"1\">\n<div class=\"key\" data-gtm-vis-recent-on-screen10487645_102=\"76048\" data-gtm-vis-first-on-screen10487645_102=\"76048\" data-gtm-vis-total-visible-time10487645_102=\"100\" data-gtm-vis-has-fired10487645_102=\"1\">Kablo S\u0131y\u0131rma De\u011feri Milimetrekare 10,0 mm\u00b2<\/div>\n<\/div>\n<\/div>\n<div class=\"field__item\" data-gtm-vis-recent-on-screen10487645_102=\"76056\" data-gtm-vis-first-on-screen10487645_102=\"76056\" data-gtm-vis-total-visible-time10487645_102=\"100\" data-gtm-vis-has-fired10487645_102=\"1\">\n<div class=\"key-value-class-item \" data-gtm-vis-recent-on-screen10487645_102=\"76058\" data-gtm-vis-first-on-screen10487645_102=\"76058\" data-gtm-vis-total-visible-time10487645_102=\"100\" data-gtm-vis-has-fired10487645_102=\"1\">\n<div class=\"key\" data-gtm-vis-recent-on-screen10487645_102=\"76059\" data-gtm-vis-first-on-screen10487645_102=\"76059\" data-gtm-vis-total-visible-time10487645_102=\"100\" data-gtm-vis-has-fired10487645_102=\"1\">Kablo S\u0131y\u0131rma De\u011ferleri (\u00e7ap) \u00d8 5,0 mm<\/div>\n<\/div>\n<\/div>\n<div class=\"field__item\" data-gtm-vis-recent-on-screen10487645_102=\"76079\" data-gtm-vis-first-on-screen10487645_102=\"76079\" data-gtm-vis-total-visible-time10487645_102=\"100\" data-gtm-vis-has-fired10487645_102=\"1\">\n<div class=\"key-value-class-item \" data-gtm-vis-recent-on-screen10487645_102=\"76082\" data-gtm-vis-first-on-screen10487645_102=\"76082\" data-gtm-vis-total-visible-time10487645_102=\"100\" data-gtm-vis-has-fired10487645_102=\"1\">\n<div class=\"key\" data-gtm-vis-recent-on-screen10487645_102=\"76083\" data-gtm-vis-first-on-screen10487645_102=\"76083\" data-gtm-vis-total-visible-time10487645_102=\"100\" data-gtm-vis-has-fired10487645_102=\"1\">AWG 8<\/div>\n<\/div>\n<\/div>\n<\/div>\n","protected":false},"excerpt":{"rendered":"<ul>\n<li>Kablo makasl\u0131 kablo s\u0131y\u0131r\u0131c\u0131 &#8211; bir \u00e7ift pensede iki temel elektrik tesisat\u0131 aleti<\/li>\n<li>Bak\u0131r ve al\u00fcminyum kablolar\u0131 ezmeden d\u00fczg\u00fcn bi\u00e7imde kesmek i\u00e7in entegre kablo keskisi<\/li>\n<li>Kesici a\u011f\u0131z k\u0131sm\u0131 ind\u00fcksiyonda g\u00fc\u00e7lendirilmi\u015ftir. Kesici sertli\u011fi yakl. 57 HRC<\/li>\n<li>Bir ayar vidas\u0131 yard\u0131m\u0131yla s\u0131y\u0131rma b\u0131\u00e7aklar\u0131nda \u00fcniversal ayarlama<\/li>\n<li>Dar alanlara eri\u015fim i\u00e7in ince yap\u0131<\/li>\n<li>En fazla 5 mm \u00e7ap\u0131nda veya 10 mm\u00b2&#8217; kesit alanl\u0131, tek, \u00e7ok say\u0131da ve ince telli iletkenlerin plastik veya lastik yal\u0131t\u0131mlar\u0131n\u0131 s\u0131y\u0131rmak i\u00e7in<\/li>\n<li>Kademeli \u00e7ene, standart uzunluklardaki (11 mm ve 16 mm) kablolar\u0131 s\u0131y\u0131r\u0131rken g\u00f6rsel bir k\u0131lavuz i\u015flevi g\u00f6r\u00fcr<\/li>\n<li>Konforlu saplar ile: optimize edilmi\u015f kullan\u0131m i\u00e7in \u00fc\u00e7 ergonomik bile\u015fenden olu\u015fur ve eklemeler i\u00e7in iki KNIPEXtend arabirimiyle donat\u0131lm\u0131\u015ft\u0131r<\/li>\n<\/ul>\n","protected":false},"featured_media":17577,"template":"","meta":{"_joinchat":[]},"product_brand":[159],"product_cat":[191],"product_tag":[1393,1392,1391,1287,1309],"class_list":{"0":"post-17576","1":"product","2":"type-product","3":"status-publish","4":"has-post-thumbnail","6":"product_brand-knipex","7":"product_cat-kablo-soyma-ve-siyirma-penseleri","8":"product_tag-13-62-180-kablo-siyirma-pensesi","9":"product_tag-knipex-13-62-180","10":"product_tag-knipex-13-62-180-kablo-siyirma-pensesi","11":"product_tag-knipex-kablo-siyirma","12":"product_tag-knipex-kablo-siyirma-pensesi","15":"first","16":"instock","17":"shipping-taxable","18":"product-type-simple"},"yoast_head":"<!-- This site is optimized with the Yoast SEO plugin v27.3 - https:\/\/yoast.com\/product\/yoast-seo-wordpress\/ -->\n<title>Knipex 13 62 180 Kablo S\u0131y\u0131rma Pensesi - El Aleti Sepeti<\/title>\n<meta name=\"description\" content=\"Knipex 13 62 180 kablo s\u0131y\u0131rma pensesi, elektrik tesisatlar\u0131nda hassas ve temiz s\u0131y\u0131rma sa\u011flar. Ergonomik tasar\u0131m\u0131yla profesyonel kullan\u0131m sunar.\" \/>\n<meta name=\"robots\" content=\"index, follow, max-snippet:-1, max-image-preview:large, max-video-preview:-1\" \/>\n<link rel=\"canonical\" href=\"https:\/\/www.elaletisepeti.com\/?product=knipex-13-62-180-kablo-siyirma-pensesi\" \/>\n<meta property=\"og:locale\" content=\"tr_TR\" \/>\n<meta property=\"og:type\" content=\"article\" \/>\n<meta property=\"og:title\" content=\"Knipex 13 62 180 Kablo S\u0131y\u0131rma Pensesi - El Aleti Sepeti\" \/>\n<meta property=\"og:description\" content=\"Knipex 13 62 180 kablo s\u0131y\u0131rma pensesi, elektrik tesisatlar\u0131nda hassas ve temiz s\u0131y\u0131rma sa\u011flar. Ergonomik tasar\u0131m\u0131yla profesyonel kullan\u0131m sunar.\" \/>\n<meta property=\"og:url\" content=\"https:\/\/www.elaletisepeti.com\/?product=knipex-13-62-180-kablo-siyirma-pensesi\" \/>\n<meta property=\"og:site_name\" content=\"El Aleti Sepeti\" \/>\n<meta property=\"og:image\" content=\"https:\/\/www.elaletisepeti.com\/wp-content\/uploads\/2025\/12\/Knipex-13-62-180-.jpg\" \/>\n\t<meta property=\"og:image:width\" content=\"1000\" \/>\n\t<meta property=\"og:image:height\" content=\"1000\" \/>\n\t<meta property=\"og:image:type\" content=\"image\/jpeg\" \/>\n<meta name=\"twitter:card\" content=\"summary_large_image\" \/>\n<meta name=\"twitter:label1\" content=\"Tahmini okuma s\u00fcresi\" \/>\n\t<meta name=\"twitter:data1\" content=\"1 dakika\" \/>\n<script type=\"application\/ld+json\" class=\"yoast-schema-graph\">{\"@context\":\"https:\\\/\\\/schema.org\",\"@graph\":[{\"@type\":\"WebPage\",\"@id\":\"https:\\\/\\\/www.elaletisepeti.com\\\/?product=knipex-13-62-180-kablo-siyirma-pensesi\",\"url\":\"https:\\\/\\\/www.elaletisepeti.com\\\/?product=knipex-13-62-180-kablo-siyirma-pensesi\",\"name\":\"Knipex 13 62 180 Kablo S\u0131y\u0131rma Pensesi - El Aleti Sepeti\",\"isPartOf\":{\"@id\":\"https:\\\/\\\/www.elaletisepeti.com\\\/#website\"},\"primaryImageOfPage\":{\"@id\":\"https:\\\/\\\/www.elaletisepeti.com\\\/?product=knipex-13-62-180-kablo-siyirma-pensesi#primaryimage\"},\"image\":{\"@id\":\"https:\\\/\\\/www.elaletisepeti.com\\\/?product=knipex-13-62-180-kablo-siyirma-pensesi#primaryimage\"},\"thumbnailUrl\":\"https:\\\/\\\/www.elaletisepeti.com\\\/wp-content\\\/uploads\\\/2025\\\/12\\\/Knipex-13-62-180-.jpg\",\"datePublished\":\"2025-12-14T12:45:09+00:00\",\"description\":\"Knipex 13 62 180 kablo s\u0131y\u0131rma pensesi, elektrik tesisatlar\u0131nda hassas ve temiz s\u0131y\u0131rma sa\u011flar. Ergonomik tasar\u0131m\u0131yla profesyonel kullan\u0131m sunar.\",\"breadcrumb\":{\"@id\":\"https:\\\/\\\/www.elaletisepeti.com\\\/?product=knipex-13-62-180-kablo-siyirma-pensesi#breadcrumb\"},\"inLanguage\":\"tr\",\"potentialAction\":[{\"@type\":\"ReadAction\",\"target\":[\"https:\\\/\\\/www.elaletisepeti.com\\\/?product=knipex-13-62-180-kablo-siyirma-pensesi\"]}]},{\"@type\":\"ImageObject\",\"inLanguage\":\"tr\",\"@id\":\"https:\\\/\\\/www.elaletisepeti.com\\\/?product=knipex-13-62-180-kablo-siyirma-pensesi#primaryimage\",\"url\":\"https:\\\/\\\/www.elaletisepeti.com\\\/wp-content\\\/uploads\\\/2025\\\/12\\\/Knipex-13-62-180-.jpg\",\"contentUrl\":\"https:\\\/\\\/www.elaletisepeti.com\\\/wp-content\\\/uploads\\\/2025\\\/12\\\/Knipex-13-62-180-.jpg\",\"width\":1000,\"height\":1000},{\"@type\":\"BreadcrumbList\",\"@id\":\"https:\\\/\\\/www.elaletisepeti.com\\\/?product=knipex-13-62-180-kablo-siyirma-pensesi#breadcrumb\",\"itemListElement\":[{\"@type\":\"ListItem\",\"position\":1,\"name\":\"Anasayfa\",\"item\":\"https:\\\/\\\/www.elaletisepeti.com\\\/\"},{\"@type\":\"ListItem\",\"position\":2,\"name\":\"Shop\",\"item\":\"https:\\\/\\\/www.elaletisepeti.com\\\/?page_id=7\"},{\"@type\":\"ListItem\",\"position\":3,\"name\":\"Knipex 13 62 180 Kablo S\u0131y\u0131rma Pensesi\"}]},{\"@type\":\"WebSite\",\"@id\":\"https:\\\/\\\/www.elaletisepeti.com\\\/#website\",\"url\":\"https:\\\/\\\/www.elaletisepeti.com\\\/\",\"name\":\"El Aleti Sepeti\",\"description\":\"El Aletleri, Knipex Pense, Knipex Kerpeten, Knipex Kargaburun,  Kn\u0131pex  Yankeski, Kn\u0131pex Boru Kesme, Knipex Kablo S\u0131y\u0131rma, Knipex  El Aletleri\",\"potentialAction\":[{\"@type\":\"SearchAction\",\"target\":{\"@type\":\"EntryPoint\",\"urlTemplate\":\"https:\\\/\\\/www.elaletisepeti.com\\\/?s={search_term_string}\"},\"query-input\":{\"@type\":\"PropertyValueSpecification\",\"valueRequired\":true,\"valueName\":\"search_term_string\"}}],\"inLanguage\":\"tr\"}]}<\/script>\n<!-- \/ Yoast SEO plugin. -->","yoast_head_json":{"title":"Knipex 13 62 180 Kablo S\u0131y\u0131rma Pensesi - El Aleti Sepeti","description":"Knipex 13 62 180 kablo s\u0131y\u0131rma pensesi, elektrik tesisatlar\u0131nda hassas ve temiz s\u0131y\u0131rma sa\u011flar. Ergonomik tasar\u0131m\u0131yla profesyonel kullan\u0131m sunar.","robots":{"index":"index","follow":"follow","max-snippet":"max-snippet:-1","max-image-preview":"max-image-preview:large","max-video-preview":"max-video-preview:-1"},"canonical":"https:\/\/www.elaletisepeti.com\/?product=knipex-13-62-180-kablo-siyirma-pensesi","og_locale":"tr_TR","og_type":"article","og_title":"Knipex 13 62 180 Kablo S\u0131y\u0131rma Pensesi - El Aleti Sepeti","og_description":"Knipex 13 62 180 kablo s\u0131y\u0131rma pensesi, elektrik tesisatlar\u0131nda hassas ve temiz s\u0131y\u0131rma sa\u011flar. Ergonomik tasar\u0131m\u0131yla profesyonel kullan\u0131m sunar.","og_url":"https:\/\/www.elaletisepeti.com\/?product=knipex-13-62-180-kablo-siyirma-pensesi","og_site_name":"El Aleti Sepeti","og_image":[{"width":1000,"height":1000,"url":"https:\/\/www.elaletisepeti.com\/wp-content\/uploads\/2025\/12\/Knipex-13-62-180-.jpg","type":"image\/jpeg"}],"twitter_card":"summary_large_image","twitter_misc":{"Tahmini okuma s\u00fcresi":"1 dakika"},"schema":{"@context":"https:\/\/schema.org","@graph":[{"@type":"WebPage","@id":"https:\/\/www.elaletisepeti.com\/?product=knipex-13-62-180-kablo-siyirma-pensesi","url":"https:\/\/www.elaletisepeti.com\/?product=knipex-13-62-180-kablo-siyirma-pensesi","name":"Knipex 13 62 180 Kablo S\u0131y\u0131rma Pensesi - El Aleti Sepeti","isPartOf":{"@id":"https:\/\/www.elaletisepeti.com\/#website"},"primaryImageOfPage":{"@id":"https:\/\/www.elaletisepeti.com\/?product=knipex-13-62-180-kablo-siyirma-pensesi#primaryimage"},"image":{"@id":"https:\/\/www.elaletisepeti.com\/?product=knipex-13-62-180-kablo-siyirma-pensesi#primaryimage"},"thumbnailUrl":"https:\/\/www.elaletisepeti.com\/wp-content\/uploads\/2025\/12\/Knipex-13-62-180-.jpg","datePublished":"2025-12-14T12:45:09+00:00","description":"Knipex 13 62 180 kablo s\u0131y\u0131rma pensesi, elektrik tesisatlar\u0131nda hassas ve temiz s\u0131y\u0131rma sa\u011flar. Ergonomik tasar\u0131m\u0131yla profesyonel kullan\u0131m sunar.","breadcrumb":{"@id":"https:\/\/www.elaletisepeti.com\/?product=knipex-13-62-180-kablo-siyirma-pensesi#breadcrumb"},"inLanguage":"tr","potentialAction":[{"@type":"ReadAction","target":["https:\/\/www.elaletisepeti.com\/?product=knipex-13-62-180-kablo-siyirma-pensesi"]}]},{"@type":"ImageObject","inLanguage":"tr","@id":"https:\/\/www.elaletisepeti.com\/?product=knipex-13-62-180-kablo-siyirma-pensesi#primaryimage","url":"https:\/\/www.elaletisepeti.com\/wp-content\/uploads\/2025\/12\/Knipex-13-62-180-.jpg","contentUrl":"https:\/\/www.elaletisepeti.com\/wp-content\/uploads\/2025\/12\/Knipex-13-62-180-.jpg","width":1000,"height":1000},{"@type":"BreadcrumbList","@id":"https:\/\/www.elaletisepeti.com\/?product=knipex-13-62-180-kablo-siyirma-pensesi#breadcrumb","itemListElement":[{"@type":"ListItem","position":1,"name":"Anasayfa","item":"https:\/\/www.elaletisepeti.com\/"},{"@type":"ListItem","position":2,"name":"Shop","item":"https:\/\/www.elaletisepeti.com\/?page_id=7"},{"@type":"ListItem","position":3,"name":"Knipex 13 62 180 Kablo S\u0131y\u0131rma Pensesi"}]},{"@type":"WebSite","@id":"https:\/\/www.elaletisepeti.com\/#website","url":"https:\/\/www.elaletisepeti.com\/","name":"El Aleti Sepeti","description":"El Aletleri, Knipex Pense, Knipex Kerpeten, Knipex Kargaburun,  Kn\u0131pex  Yankeski, Kn\u0131pex Boru Kesme, Knipex Kablo S\u0131y\u0131rma, Knipex  El Aletleri","potentialAction":[{"@type":"SearchAction","target":{"@type":"EntryPoint","urlTemplate":"https:\/\/www.elaletisepeti.com\/?s={search_term_string}"},"query-input":{"@type":"PropertyValueSpecification","valueRequired":true,"valueName":"search_term_string"}}],"inLanguage":"tr"}]}},"_links":{"self":[{"href":"https:\/\/www.elaletisepeti.com\/index.php?rest_route=\/wp\/v2\/product\/17576","targetHints":{"allow":["GET"]}}],"collection":[{"href":"https:\/\/www.elaletisepeti.com\/index.php?rest_route=\/wp\/v2\/product"}],"about":[{"href":"https:\/\/www.elaletisepeti.com\/index.php?rest_route=\/wp\/v2\/types\/product"}],"wp:featuredmedia":[{"embeddable":true,"href":"https:\/\/www.elaletisepeti.com\/index.php?rest_route=\/wp\/v2\/media\/17577"}],"wp:attachment":[{"href":"https:\/\/www.elaletisepeti.com\/index.php?rest_route=%2Fwp%2Fv2%2Fmedia&parent=17576"}],"wp:term":[{"taxonomy":"product_brand","embeddable":true,"href":"https:\/\/www.elaletisepeti.com\/index.php?rest_route=%2Fwp%2Fv2%2Fproduct_brand&post=17576"},{"taxonomy":"product_cat","embeddable":true,"href":"https:\/\/www.elaletisepeti.com\/index.php?rest_route=%2Fwp%2Fv2%2Fproduct_cat&post=17576"},{"taxonomy":"product_tag","embeddable":true,"href":"https:\/\/www.elaletisepeti.com\/index.php?rest_route=%2Fwp%2Fv2%2Fproduct_tag&post=17576"}],"curies":[{"name":"wp","href":"https:\/\/api.w.org\/{rel}","templated":true}]}}