{"id":17532,"date":"2025-12-14T07:10:30","date_gmt":"2025-12-14T07:10:30","guid":{"rendered":"https:\/\/www.elaletisepeti.com\/?post_type=product&#038;p=17532"},"modified":"2025-12-14T07:10:30","modified_gmt":"2025-12-14T07:10:30","slug":"knipex-13-71-200-me-kablo-siyirma","status":"publish","type":"product","link":"https:\/\/www.elaletisepeti.com\/?product=knipex-13-71-200-me-kablo-siyirma","title":{"rendered":"Knipex 13 71 200 ME Kablo S\u0131y\u0131rma"},"content":{"rendered":"<p><strong>Knipex 13 71 200 ME Kablo S\u0131y\u0131rma KNIPEX WireStripper Metrik Model<\/strong><\/p>\n<div class=\"field__item\" data-gtm-vis-recent-on-screen10487645_102=\"433968\" data-gtm-vis-first-on-screen10487645_102=\"433968\" data-gtm-vis-total-visible-time10487645_102=\"100\" data-gtm-vis-has-fired10487645_102=\"1\">\n<div class=\"key-value-class-item \" data-gtm-vis-recent-on-screen10487645_102=\"433969\" data-gtm-vis-first-on-screen10487645_102=\"433969\" data-gtm-vis-total-visible-time10487645_102=\"100\" data-gtm-vis-has-fired10487645_102=\"1\">\n<div class=\"key\" data-gtm-vis-recent-on-screen10487645_102=\"433970\" data-gtm-vis-first-on-screen10487645_102=\"433970\" data-gtm-vis-total-visible-time10487645_102=\"100\" data-gtm-vis-has-fired10487645_102=\"1\">Kod:\u00a013 71 200 ME<\/div>\n<\/div>\n<\/div>\n<div class=\"field__item\" data-gtm-vis-recent-on-screen10487645_102=\"433983\" data-gtm-vis-first-on-screen10487645_102=\"433983\" data-gtm-vis-total-visible-time10487645_102=\"100\" data-gtm-vis-has-fired10487645_102=\"1\">\n<div class=\"key-value-class-item \" data-gtm-vis-recent-on-screen10487645_102=\"433984\" data-gtm-vis-first-on-screen10487645_102=\"433984\" data-gtm-vis-total-visible-time10487645_102=\"100\" data-gtm-vis-has-fired10487645_102=\"1\">\n<div class=\"key\" data-gtm-vis-recent-on-screen10487645_102=\"433985\" data-gtm-vis-first-on-screen10487645_102=\"433985\" data-gtm-vis-total-visible-time10487645_102=\"100\" data-gtm-vis-has-fired10487645_102=\"1\">EAN 4003773088929<\/div>\n<\/div>\n<\/div>\n<div class=\"field__item\" data-gtm-vis-recent-on-screen10487645_102=\"434001\" data-gtm-vis-first-on-screen10487645_102=\"434001\" data-gtm-vis-total-visible-time10487645_102=\"100\" data-gtm-vis-has-fired10487645_102=\"1\">\n<div class=\"key-value-class-item \" data-gtm-vis-recent-on-screen10487645_102=\"434002\" data-gtm-vis-first-on-screen10487645_102=\"434002\" data-gtm-vis-total-visible-time10487645_102=\"100\" data-gtm-vis-has-fired10487645_102=\"1\">\n<div class=\"key\" data-gtm-vis-recent-on-screen10487645_102=\"434003\" data-gtm-vis-first-on-screen10487645_102=\"434003\" data-gtm-vis-total-visible-time10487645_102=\"100\" data-gtm-vis-has-fired10487645_102=\"1\">Pense Siyah Atramentize<\/div>\n<\/div>\n<\/div>\n<div class=\"field__item\" data-gtm-vis-recent-on-screen10487645_102=\"434033\" data-gtm-vis-first-on-screen10487645_102=\"434033\" data-gtm-vis-total-visible-time10487645_102=\"100\" data-gtm-vis-has-fired10487645_102=\"1\">\n<div class=\"key-value-class-item \" data-gtm-vis-recent-on-screen10487645_102=\"434034\" data-gtm-vis-first-on-screen10487645_102=\"434034\" data-gtm-vis-total-visible-time10487645_102=\"100\" data-gtm-vis-has-fired10487645_102=\"1\">\n<div class=\"key\" data-gtm-vis-recent-on-screen10487645_102=\"434035\" data-gtm-vis-first-on-screen10487645_102=\"434035\" data-gtm-vis-total-visible-time10487645_102=\"100\" data-gtm-vis-has-fired10487645_102=\"1\">Ba\u015fl\u0131k Cilal\u0131<\/div>\n<\/div>\n<\/div>\n<div class=\"field__item\" data-gtm-vis-recent-on-screen10487645_102=\"434213\" data-gtm-vis-first-on-screen10487645_102=\"434213\" data-gtm-vis-total-visible-time10487645_102=\"100\" data-gtm-vis-has-fired10487645_102=\"1\">\n<div class=\"key-value-class-item \" data-gtm-vis-recent-on-screen10487645_102=\"434214\" data-gtm-vis-first-on-screen10487645_102=\"434214\" data-gtm-vis-total-visible-time10487645_102=\"100\" data-gtm-vis-has-fired10487645_102=\"1\">\n<div class=\"key\" data-gtm-vis-recent-on-screen10487645_102=\"434215\" data-gtm-vis-first-on-screen10487645_102=\"434215\" data-gtm-vis-total-visible-time10487645_102=\"100\" data-gtm-vis-has-fired10487645_102=\"1\">Kollar \u00dczeri Plastik Kaplamal\u0131<\/div>\n<\/div>\n<\/div>\n<div class=\"field__item\" data-gtm-vis-recent-on-screen10487645_102=\"434243\" data-gtm-vis-first-on-screen10487645_102=\"434243\" data-gtm-vis-total-visible-time10487645_102=\"100\" data-gtm-vis-has-fired10487645_102=\"1\">\n<div class=\"key-value-class-item \" data-gtm-vis-recent-on-screen10487645_102=\"434244\" data-gtm-vis-first-on-screen10487645_102=\"434244\" data-gtm-vis-total-visible-time10487645_102=\"100\" data-gtm-vis-has-fired10487645_102=\"1\">\n<div class=\"key\" data-gtm-vis-recent-on-screen10487645_102=\"434245\" data-gtm-vis-first-on-screen10487645_102=\"434245\" data-gtm-vis-total-visible-time10487645_102=\"100\" data-gtm-vis-has-fired10487645_102=\"1\">A\u011f\u0131rl\u0131k 266 g<\/div>\n<\/div>\n<\/div>\n<div class=\"field__item\" data-gtm-vis-recent-on-screen10487645_102=\"434265\" data-gtm-vis-first-on-screen10487645_102=\"434265\" data-gtm-vis-total-visible-time10487645_102=\"100\" data-gtm-vis-has-fired10487645_102=\"1\">\n<div class=\"key-value-class-item \" data-gtm-vis-recent-on-screen10487645_102=\"434266\" data-gtm-vis-first-on-screen10487645_102=\"434266\" data-gtm-vis-total-visible-time10487645_102=\"100\" data-gtm-vis-has-fired10487645_102=\"1\">\n<div class=\"key\" data-gtm-vis-recent-on-screen10487645_102=\"434267\" data-gtm-vis-first-on-screen10487645_102=\"434267\" data-gtm-vis-total-visible-time10487645_102=\"100\" data-gtm-vis-has-fired10487645_102=\"1\">\u00d6l\u00e7\u00fcleri 200 x 46 x 14 mm<\/div>\n<\/div>\n<\/div>\n<div class=\"field__item\" data-gtm-vis-recent-on-screen10487645_102=\"434282\" data-gtm-vis-first-on-screen10487645_102=\"434282\" data-gtm-vis-total-visible-time10487645_102=\"100\" data-gtm-vis-has-fired10487645_102=\"1\">\n<div class=\"key-value-class-item \" data-gtm-vis-recent-on-screen10487645_102=\"434283\" data-gtm-vis-first-on-screen10487645_102=\"434283\" data-gtm-vis-total-visible-time10487645_102=\"100\" data-gtm-vis-has-fired10487645_102=\"1\">\n<div class=\"key\" data-gtm-vis-recent-on-screen10487645_102=\"434284\" data-gtm-vis-first-on-screen10487645_102=\"434284\" data-gtm-vis-total-visible-time10487645_102=\"100\" data-gtm-vis-has-fired10487645_102=\"1\">REACH Uyumlu SVHC \u0130\u00e7ermiyor<\/div>\n<\/div>\n<\/div>\n<div class=\"field__item\" data-gtm-vis-recent-on-screen10487645_102=\"434285\" data-gtm-vis-first-on-screen10487645_102=\"434285\" data-gtm-vis-total-visible-time10487645_102=\"100\" data-gtm-vis-has-fired10487645_102=\"1\">\n<div class=\"key-value-class-item \" data-gtm-vis-recent-on-screen10487645_102=\"434286\" data-gtm-vis-first-on-screen10487645_102=\"434286\" data-gtm-vis-total-visible-time10487645_102=\"100\" data-gtm-vis-has-fired10487645_102=\"1\">\n<div class=\"key\" data-gtm-vis-recent-on-screen10487645_102=\"434287\" data-gtm-vis-first-on-screen10487645_102=\"434287\" data-gtm-vis-total-visible-time10487645_102=\"100\" data-gtm-vis-has-fired10487645_102=\"1\">ROHS Uyumlu Uygulanamaz<\/div>\n<\/div>\n<\/div>\n<p>&nbsp;<\/p>\n","protected":false},"excerpt":{"rendered":"<div class=\"kx-flex kx-justify-between\" data-gtm-vis-first-on-screen10487645_102=\"496\" data-gtm-vis-total-visible-time10487645_102=\"100\" data-gtm-vis-has-fired10487645_102=\"1\">\n<div class=\"kx-flex kx-items-center kx-flex-wrap kx-gap-4 kx-gap-y-0\" data-gtm-vis-first-on-screen10487645_102=\"497\" data-gtm-vis-total-visible-time10487645_102=\"100\" data-gtm-vis-has-fired10487645_102=\"1\"><img decoding=\"async\" src=\"https:\/\/product-api-assets.knipex.com\/fd89784\/de0e1b9d-d7d9-4173-bb1d-e532fde3faf0.png\" alt=\"\" \/><img decoding=\"async\" src=\"https:\/\/product-api-assets.knipex.com\/fd89784\/4c28429e-4c6c-492c-9cf6-114c02024eaa.png\" alt=\"\" \/><\/div>\n<\/div>\n<div class=\"bulletpoint-container\" data-gtm-vis-first-on-screen10487645_102=\"497\" data-gtm-vis-total-visible-time10487645_102=\"100\" data-gtm-vis-has-fired10487645_102=\"1\">\n<ul>\n<li>Ak\u0131ll\u0131 s\u0131y\u0131rma: geni\u015f kapasite aral\u0131\u011f\u0131, keskin bir \u015fekilde ta\u015flanm\u0131\u015f s\u0131y\u0131rma profilleri ve h\u0131zl\u0131 \u015fekilde konumland\u0131rma<\/li>\n<li>Yenilik\u00e7i kesme geometrisi: \u00f6zellikle yass\u0131 kablolarda daha kolay kesim<\/li>\n<li>\u00c7ok fonksiyonlu tasar\u0131m: kargaburun kadar d\u00fcz, pense kadar sa\u011flam ve \u00e7al\u0131\u015fma kolayl\u0131\u011f\u0131(eri\u015filebilirlik<\/li>\n<li>\u00a00,75 &#8211; 6 mm\u00b2 tek telli iletkenler ve 0,5 &#8211; 4 mm\u00b2 ince telli iletkenler i\u00e7in hassas ta\u015flanm\u0131\u015f s\u0131y\u0131rma profilleri<\/li>\n<li>Konumland\u0131rma s\u0131rtlar\u0131 sayesinde hassas tel konumland\u0131rma<\/li>\n<li>\u00d8 15 mm&#8217;ye (1\/2&#8243;) kadar bak\u0131r ve al\u00fcminyum kablolar\u0131 kolayca keser<\/li>\n<li>Telleri b\u00fckmek i\u00e7in geni\u015f, \u00e7apraz \u00e7izgili tutma y\u00fczeyleri<\/li>\n<li>\u00c7ivi gibi k\u00fc\u00e7\u00fck i\u015f par\u00e7alar\u0131n\u0131n g\u00fcvenli bir \u015fekilde tutulmas\u0131 ve \u00e7ekilmesi i\u00e7in frezelenmi\u015f oluk<\/li>\n<li>D\u00fcz malzemenin g\u00fcvenli bir \u015fekilde tutulmas\u0131 i\u00e7in bir tarafta d\u0131\u015fb\u00fckey kavrama y\u00fczeyi ve yuvarlak malzeme i\u00e7in kavrama alan\u0131<\/li>\n<li>Borular\u0131n \u00e7apaklar\u0131n\u0131 almak i\u00e7in d\u0131\u015f kenarlar<\/li>\n<\/ul>\n<\/div>\n","protected":false},"featured_media":17533,"template":"","meta":{"_joinchat":[]},"product_brand":[159],"product_cat":[191],"product_tag":[1381,1380,1379,1287,1309],"class_list":{"0":"post-17532","1":"product","2":"type-product","3":"status-publish","4":"has-post-thumbnail","6":"product_brand-knipex","7":"product_cat-kablo-soyma-ve-siyirma-penseleri","8":"product_tag-13-71-200-me-kablo-siyirma","9":"product_tag-knipex-13-71-200-me","10":"product_tag-knipex-13-71-200-me-kablo-siyirma","11":"product_tag-knipex-kablo-siyirma","12":"product_tag-knipex-kablo-siyirma-pensesi","15":"first","16":"instock","17":"shipping-taxable","18":"product-type-simple"},"yoast_head":"<!-- This site is optimized with the Yoast SEO plugin v27.3 - https:\/\/yoast.com\/product\/yoast-seo-wordpress\/ -->\n<title>Knipex 13 71 200 ME Kablo S\u0131y\u0131rma - El Aleti Sepeti<\/title>\n<meta name=\"description\" content=\"Knipex 13 71 200 ME kablo s\u0131y\u0131rma pensesi, elektrik tesisatlar\u0131nda hassas ve temiz s\u0131y\u0131rma sa\u011flar. Ergonomik yap\u0131s\u0131yla profesyonel kullan\u0131m sunar.\" \/>\n<meta name=\"robots\" content=\"index, follow, max-snippet:-1, max-image-preview:large, max-video-preview:-1\" \/>\n<link rel=\"canonical\" href=\"https:\/\/www.elaletisepeti.com\/?product=knipex-13-71-200-me-kablo-siyirma\" \/>\n<meta property=\"og:locale\" content=\"tr_TR\" \/>\n<meta property=\"og:type\" content=\"article\" \/>\n<meta property=\"og:title\" content=\"Knipex 13 71 200 ME Kablo S\u0131y\u0131rma - El Aleti Sepeti\" \/>\n<meta property=\"og:description\" content=\"Knipex 13 71 200 ME kablo s\u0131y\u0131rma pensesi, elektrik tesisatlar\u0131nda hassas ve temiz s\u0131y\u0131rma sa\u011flar. Ergonomik yap\u0131s\u0131yla profesyonel kullan\u0131m sunar.\" \/>\n<meta property=\"og:url\" content=\"https:\/\/www.elaletisepeti.com\/?product=knipex-13-71-200-me-kablo-siyirma\" \/>\n<meta property=\"og:site_name\" content=\"El Aleti Sepeti\" \/>\n<meta property=\"og:image\" content=\"https:\/\/www.elaletisepeti.com\/wp-content\/uploads\/2025\/12\/Knipex-13-71-200-ME.jpg\" \/>\n\t<meta property=\"og:image:width\" content=\"1000\" \/>\n\t<meta property=\"og:image:height\" content=\"1000\" \/>\n\t<meta property=\"og:image:type\" content=\"image\/jpeg\" \/>\n<meta name=\"twitter:card\" content=\"summary_large_image\" \/>\n<meta name=\"twitter:label1\" content=\"Tahmini okuma s\u00fcresi\" \/>\n\t<meta name=\"twitter:data1\" content=\"1 dakika\" \/>\n<script type=\"application\/ld+json\" class=\"yoast-schema-graph\">{\"@context\":\"https:\\\/\\\/schema.org\",\"@graph\":[{\"@type\":\"WebPage\",\"@id\":\"https:\\\/\\\/www.elaletisepeti.com\\\/?product=knipex-13-71-200-me-kablo-siyirma\",\"url\":\"https:\\\/\\\/www.elaletisepeti.com\\\/?product=knipex-13-71-200-me-kablo-siyirma\",\"name\":\"Knipex 13 71 200 ME Kablo S\u0131y\u0131rma - El Aleti Sepeti\",\"isPartOf\":{\"@id\":\"https:\\\/\\\/www.elaletisepeti.com\\\/#website\"},\"primaryImageOfPage\":{\"@id\":\"https:\\\/\\\/www.elaletisepeti.com\\\/?product=knipex-13-71-200-me-kablo-siyirma#primaryimage\"},\"image\":{\"@id\":\"https:\\\/\\\/www.elaletisepeti.com\\\/?product=knipex-13-71-200-me-kablo-siyirma#primaryimage\"},\"thumbnailUrl\":\"https:\\\/\\\/www.elaletisepeti.com\\\/wp-content\\\/uploads\\\/2025\\\/12\\\/Knipex-13-71-200-ME.jpg\",\"datePublished\":\"2025-12-14T07:10:30+00:00\",\"description\":\"Knipex 13 71 200 ME kablo s\u0131y\u0131rma pensesi, elektrik tesisatlar\u0131nda hassas ve temiz s\u0131y\u0131rma sa\u011flar. Ergonomik yap\u0131s\u0131yla profesyonel kullan\u0131m sunar.\",\"breadcrumb\":{\"@id\":\"https:\\\/\\\/www.elaletisepeti.com\\\/?product=knipex-13-71-200-me-kablo-siyirma#breadcrumb\"},\"inLanguage\":\"tr\",\"potentialAction\":[{\"@type\":\"ReadAction\",\"target\":[\"https:\\\/\\\/www.elaletisepeti.com\\\/?product=knipex-13-71-200-me-kablo-siyirma\"]}]},{\"@type\":\"ImageObject\",\"inLanguage\":\"tr\",\"@id\":\"https:\\\/\\\/www.elaletisepeti.com\\\/?product=knipex-13-71-200-me-kablo-siyirma#primaryimage\",\"url\":\"https:\\\/\\\/www.elaletisepeti.com\\\/wp-content\\\/uploads\\\/2025\\\/12\\\/Knipex-13-71-200-ME.jpg\",\"contentUrl\":\"https:\\\/\\\/www.elaletisepeti.com\\\/wp-content\\\/uploads\\\/2025\\\/12\\\/Knipex-13-71-200-ME.jpg\",\"width\":1000,\"height\":1000},{\"@type\":\"BreadcrumbList\",\"@id\":\"https:\\\/\\\/www.elaletisepeti.com\\\/?product=knipex-13-71-200-me-kablo-siyirma#breadcrumb\",\"itemListElement\":[{\"@type\":\"ListItem\",\"position\":1,\"name\":\"Anasayfa\",\"item\":\"https:\\\/\\\/www.elaletisepeti.com\\\/\"},{\"@type\":\"ListItem\",\"position\":2,\"name\":\"Shop\",\"item\":\"https:\\\/\\\/www.elaletisepeti.com\\\/?page_id=7\"},{\"@type\":\"ListItem\",\"position\":3,\"name\":\"Knipex 13 71 200 ME Kablo S\u0131y\u0131rma\"}]},{\"@type\":\"WebSite\",\"@id\":\"https:\\\/\\\/www.elaletisepeti.com\\\/#website\",\"url\":\"https:\\\/\\\/www.elaletisepeti.com\\\/\",\"name\":\"El Aleti Sepeti\",\"description\":\"El Aletleri, Knipex Pense, Knipex Kerpeten, Knipex Kargaburun,  Kn\u0131pex  Yankeski, Kn\u0131pex Boru Kesme, Knipex Kablo S\u0131y\u0131rma, Knipex  El Aletleri\",\"potentialAction\":[{\"@type\":\"SearchAction\",\"target\":{\"@type\":\"EntryPoint\",\"urlTemplate\":\"https:\\\/\\\/www.elaletisepeti.com\\\/?s={search_term_string}\"},\"query-input\":{\"@type\":\"PropertyValueSpecification\",\"valueRequired\":true,\"valueName\":\"search_term_string\"}}],\"inLanguage\":\"tr\"}]}<\/script>\n<!-- \/ Yoast SEO plugin. -->","yoast_head_json":{"title":"Knipex 13 71 200 ME Kablo S\u0131y\u0131rma - El Aleti Sepeti","description":"Knipex 13 71 200 ME kablo s\u0131y\u0131rma pensesi, elektrik tesisatlar\u0131nda hassas ve temiz s\u0131y\u0131rma sa\u011flar. Ergonomik yap\u0131s\u0131yla profesyonel kullan\u0131m sunar.","robots":{"index":"index","follow":"follow","max-snippet":"max-snippet:-1","max-image-preview":"max-image-preview:large","max-video-preview":"max-video-preview:-1"},"canonical":"https:\/\/www.elaletisepeti.com\/?product=knipex-13-71-200-me-kablo-siyirma","og_locale":"tr_TR","og_type":"article","og_title":"Knipex 13 71 200 ME Kablo S\u0131y\u0131rma - El Aleti Sepeti","og_description":"Knipex 13 71 200 ME kablo s\u0131y\u0131rma pensesi, elektrik tesisatlar\u0131nda hassas ve temiz s\u0131y\u0131rma sa\u011flar. Ergonomik yap\u0131s\u0131yla profesyonel kullan\u0131m sunar.","og_url":"https:\/\/www.elaletisepeti.com\/?product=knipex-13-71-200-me-kablo-siyirma","og_site_name":"El Aleti Sepeti","og_image":[{"width":1000,"height":1000,"url":"https:\/\/www.elaletisepeti.com\/wp-content\/uploads\/2025\/12\/Knipex-13-71-200-ME.jpg","type":"image\/jpeg"}],"twitter_card":"summary_large_image","twitter_misc":{"Tahmini okuma s\u00fcresi":"1 dakika"},"schema":{"@context":"https:\/\/schema.org","@graph":[{"@type":"WebPage","@id":"https:\/\/www.elaletisepeti.com\/?product=knipex-13-71-200-me-kablo-siyirma","url":"https:\/\/www.elaletisepeti.com\/?product=knipex-13-71-200-me-kablo-siyirma","name":"Knipex 13 71 200 ME Kablo S\u0131y\u0131rma - El Aleti Sepeti","isPartOf":{"@id":"https:\/\/www.elaletisepeti.com\/#website"},"primaryImageOfPage":{"@id":"https:\/\/www.elaletisepeti.com\/?product=knipex-13-71-200-me-kablo-siyirma#primaryimage"},"image":{"@id":"https:\/\/www.elaletisepeti.com\/?product=knipex-13-71-200-me-kablo-siyirma#primaryimage"},"thumbnailUrl":"https:\/\/www.elaletisepeti.com\/wp-content\/uploads\/2025\/12\/Knipex-13-71-200-ME.jpg","datePublished":"2025-12-14T07:10:30+00:00","description":"Knipex 13 71 200 ME kablo s\u0131y\u0131rma pensesi, elektrik tesisatlar\u0131nda hassas ve temiz s\u0131y\u0131rma sa\u011flar. Ergonomik yap\u0131s\u0131yla profesyonel kullan\u0131m sunar.","breadcrumb":{"@id":"https:\/\/www.elaletisepeti.com\/?product=knipex-13-71-200-me-kablo-siyirma#breadcrumb"},"inLanguage":"tr","potentialAction":[{"@type":"ReadAction","target":["https:\/\/www.elaletisepeti.com\/?product=knipex-13-71-200-me-kablo-siyirma"]}]},{"@type":"ImageObject","inLanguage":"tr","@id":"https:\/\/www.elaletisepeti.com\/?product=knipex-13-71-200-me-kablo-siyirma#primaryimage","url":"https:\/\/www.elaletisepeti.com\/wp-content\/uploads\/2025\/12\/Knipex-13-71-200-ME.jpg","contentUrl":"https:\/\/www.elaletisepeti.com\/wp-content\/uploads\/2025\/12\/Knipex-13-71-200-ME.jpg","width":1000,"height":1000},{"@type":"BreadcrumbList","@id":"https:\/\/www.elaletisepeti.com\/?product=knipex-13-71-200-me-kablo-siyirma#breadcrumb","itemListElement":[{"@type":"ListItem","position":1,"name":"Anasayfa","item":"https:\/\/www.elaletisepeti.com\/"},{"@type":"ListItem","position":2,"name":"Shop","item":"https:\/\/www.elaletisepeti.com\/?page_id=7"},{"@type":"ListItem","position":3,"name":"Knipex 13 71 200 ME Kablo S\u0131y\u0131rma"}]},{"@type":"WebSite","@id":"https:\/\/www.elaletisepeti.com\/#website","url":"https:\/\/www.elaletisepeti.com\/","name":"El Aleti Sepeti","description":"El Aletleri, Knipex Pense, Knipex Kerpeten, Knipex Kargaburun,  Kn\u0131pex  Yankeski, Kn\u0131pex Boru Kesme, Knipex Kablo S\u0131y\u0131rma, Knipex  El Aletleri","potentialAction":[{"@type":"SearchAction","target":{"@type":"EntryPoint","urlTemplate":"https:\/\/www.elaletisepeti.com\/?s={search_term_string}"},"query-input":{"@type":"PropertyValueSpecification","valueRequired":true,"valueName":"search_term_string"}}],"inLanguage":"tr"}]}},"_links":{"self":[{"href":"https:\/\/www.elaletisepeti.com\/index.php?rest_route=\/wp\/v2\/product\/17532","targetHints":{"allow":["GET"]}}],"collection":[{"href":"https:\/\/www.elaletisepeti.com\/index.php?rest_route=\/wp\/v2\/product"}],"about":[{"href":"https:\/\/www.elaletisepeti.com\/index.php?rest_route=\/wp\/v2\/types\/product"}],"wp:featuredmedia":[{"embeddable":true,"href":"https:\/\/www.elaletisepeti.com\/index.php?rest_route=\/wp\/v2\/media\/17533"}],"wp:attachment":[{"href":"https:\/\/www.elaletisepeti.com\/index.php?rest_route=%2Fwp%2Fv2%2Fmedia&parent=17532"}],"wp:term":[{"taxonomy":"product_brand","embeddable":true,"href":"https:\/\/www.elaletisepeti.com\/index.php?rest_route=%2Fwp%2Fv2%2Fproduct_brand&post=17532"},{"taxonomy":"product_cat","embeddable":true,"href":"https:\/\/www.elaletisepeti.com\/index.php?rest_route=%2Fwp%2Fv2%2Fproduct_cat&post=17532"},{"taxonomy":"product_tag","embeddable":true,"href":"https:\/\/www.elaletisepeti.com\/index.php?rest_route=%2Fwp%2Fv2%2Fproduct_tag&post=17532"}],"curies":[{"name":"wp","href":"https:\/\/api.w.org\/{rel}","templated":true}]}}