{"id":17518,"date":"2025-12-13T14:20:37","date_gmt":"2025-12-13T14:20:37","guid":{"rendered":"https:\/\/www.elaletisepeti.com\/?post_type=product&#038;p=17518"},"modified":"2025-12-13T14:25:27","modified_gmt":"2025-12-13T14:25:27","slug":"knipex-13-72-8-kablo-siyirma","status":"publish","type":"product","link":"https:\/\/www.elaletisepeti.com\/?product=knipex-13-72-8-kablo-siyirma","title":{"rendered":"Knipex 13 72 8 Kablo S\u0131y\u0131rma Pensesi"},"content":{"rendered":"<p><strong>Knipex 13 72 8 Kablo S\u0131y\u0131rma KNIPEX WireStripper Amerikan Modeli<\/strong><\/p>\n<div class=\"product--variation-field--variation_field_general_section__24197 field field--name-field-general-section field--type-key-value-class-field-type field--label-hidden field__items\" data-gtm-vis-recent-on-screen10487645_102=\"30265640\" data-gtm-vis-first-on-screen10487645_102=\"30265640\" data-gtm-vis-total-visible-time10487645_102=\"100\" data-gtm-vis-has-fired10487645_102=\"1\">\n<div class=\"field__item\" data-gtm-vis-recent-on-screen10487645_102=\"30265343\" data-gtm-vis-first-on-screen10487645_102=\"30265343\" data-gtm-vis-total-visible-time10487645_102=\"100\" data-gtm-vis-has-fired10487645_102=\"1\">\n<div class=\"key-value-class-item \" data-gtm-vis-recent-on-screen10487645_102=\"30265344\" data-gtm-vis-first-on-screen10487645_102=\"30265344\" data-gtm-vis-total-visible-time10487645_102=\"100\" data-gtm-vis-has-fired10487645_102=\"1\">\n<div class=\"key\" data-gtm-vis-recent-on-screen10487645_102=\"30265344\" data-gtm-vis-first-on-screen10487645_102=\"30265344\" data-gtm-vis-total-visible-time10487645_102=\"100\" data-gtm-vis-has-fired10487645_102=\"1\">Kod:\u00a013 72 8<\/div>\n<\/div>\n<\/div>\n<div class=\"field__item\" data-gtm-vis-recent-on-screen10487645_102=\"30265356\" data-gtm-vis-first-on-screen10487645_102=\"30265356\" data-gtm-vis-total-visible-time10487645_102=\"100\" data-gtm-vis-has-fired10487645_102=\"1\">\n<div class=\"key-value-class-item \" data-gtm-vis-recent-on-screen10487645_102=\"30265357\" data-gtm-vis-first-on-screen10487645_102=\"30265357\" data-gtm-vis-total-visible-time10487645_102=\"100\" data-gtm-vis-has-fired10487645_102=\"1\">\n<div class=\"key\" data-gtm-vis-recent-on-screen10487645_102=\"30265357\" data-gtm-vis-first-on-screen10487645_102=\"30265357\" data-gtm-vis-total-visible-time10487645_102=\"100\" data-gtm-vis-has-fired10487645_102=\"1\">EAN 4003773086680<\/div>\n<\/div>\n<\/div>\n<div class=\"field__item\" data-gtm-vis-recent-on-screen10487645_102=\"30265393\" data-gtm-vis-first-on-screen10487645_102=\"30265393\" data-gtm-vis-total-visible-time10487645_102=\"100\" data-gtm-vis-has-fired10487645_102=\"1\">\n<div class=\"key-value-class-item \" data-gtm-vis-recent-on-screen10487645_102=\"30265395\" data-gtm-vis-first-on-screen10487645_102=\"30265395\" data-gtm-vis-total-visible-time10487645_102=\"100\" data-gtm-vis-has-fired10487645_102=\"1\">\n<div class=\"key\" data-gtm-vis-recent-on-screen10487645_102=\"30265396\" data-gtm-vis-first-on-screen10487645_102=\"30265396\" data-gtm-vis-total-visible-time10487645_102=\"100\" data-gtm-vis-has-fired10487645_102=\"1\">Pense Siyah Atramentize<\/div>\n<\/div>\n<\/div>\n<div class=\"field__item\" data-gtm-vis-recent-on-screen10487645_102=\"30265626\" data-gtm-vis-first-on-screen10487645_102=\"30265626\" data-gtm-vis-total-visible-time10487645_102=\"100\" data-gtm-vis-has-fired10487645_102=\"1\">\n<div class=\"key-value-class-item \" data-gtm-vis-recent-on-screen10487645_102=\"30265627\" data-gtm-vis-first-on-screen10487645_102=\"30265627\" data-gtm-vis-total-visible-time10487645_102=\"100\" data-gtm-vis-has-fired10487645_102=\"1\">\n<div class=\"key\" data-gtm-vis-recent-on-screen10487645_102=\"30265628\" data-gtm-vis-first-on-screen10487645_102=\"30265628\" data-gtm-vis-total-visible-time10487645_102=\"100\" data-gtm-vis-has-fired10487645_102=\"1\">Ba\u015fl\u0131k Cilal\u0131<\/div>\n<\/div>\n<\/div>\n<div class=\"field__item\" data-gtm-vis-recent-on-screen10487645_102=\"30265642\" data-gtm-vis-first-on-screen10487645_102=\"30265642\" data-gtm-vis-total-visible-time10487645_102=\"100\" data-gtm-vis-has-fired10487645_102=\"1\">\n<div class=\"key-value-class-item \" data-gtm-vis-recent-on-screen10487645_102=\"30265643\" data-gtm-vis-first-on-screen10487645_102=\"30265643\" data-gtm-vis-total-visible-time10487645_102=\"100\" data-gtm-vis-has-fired10487645_102=\"1\">\n<div class=\"key\" data-gtm-vis-recent-on-screen10487645_102=\"30265644\" data-gtm-vis-first-on-screen10487645_102=\"30265644\" data-gtm-vis-total-visible-time10487645_102=\"100\" data-gtm-vis-has-fired10487645_102=\"1\">Kollar Konforlu Saplar \u0130le<\/div>\n<\/div>\n<\/div>\n<div class=\"field__item\" data-gtm-vis-recent-on-screen10487645_102=\"30265657\" data-gtm-vis-first-on-screen10487645_102=\"30265657\" data-gtm-vis-total-visible-time10487645_102=\"100\" data-gtm-vis-has-fired10487645_102=\"1\">\n<div class=\"key-value-class-item \" data-gtm-vis-recent-on-screen10487645_102=\"30265658\" data-gtm-vis-first-on-screen10487645_102=\"30265658\" data-gtm-vis-total-visible-time10487645_102=\"100\" data-gtm-vis-has-fired10487645_102=\"1\">\n<div class=\"key\" data-gtm-vis-recent-on-screen10487645_102=\"30265659\" data-gtm-vis-first-on-screen10487645_102=\"30265659\" data-gtm-vis-total-visible-time10487645_102=\"100\" data-gtm-vis-has-fired10487645_102=\"1\">A\u011f\u0131rl\u0131k 285 g<\/div>\n<\/div>\n<\/div>\n<div class=\"field__item\" data-gtm-vis-recent-on-screen10487645_102=\"30265675\" data-gtm-vis-first-on-screen10487645_102=\"30265675\" data-gtm-vis-total-visible-time10487645_102=\"100\" data-gtm-vis-has-fired10487645_102=\"1\">\n<div class=\"key-value-class-item \" data-gtm-vis-recent-on-screen10487645_102=\"30265678\" data-gtm-vis-first-on-screen10487645_102=\"30265678\" data-gtm-vis-total-visible-time10487645_102=\"100\" data-gtm-vis-has-fired10487645_102=\"1\">\n<div class=\"key\" data-gtm-vis-recent-on-screen10487645_102=\"30265683\" data-gtm-vis-first-on-screen10487645_102=\"30265683\" data-gtm-vis-total-visible-time10487645_102=\"100\" data-gtm-vis-has-fired10487645_102=\"1\">\u00d6l\u00e7\u00fcleri 200 x 52 x 23 mm<\/div>\n<\/div>\n<\/div>\n<div class=\"field__item\" data-gtm-vis-recent-on-screen10487645_102=\"30265690\" data-gtm-vis-first-on-screen10487645_102=\"30265690\" data-gtm-vis-total-visible-time10487645_102=\"100\" data-gtm-vis-has-fired10487645_102=\"1\">\n<div class=\"key-value-class-item \" data-gtm-vis-recent-on-screen10487645_102=\"30265691\" data-gtm-vis-first-on-screen10487645_102=\"30265691\" data-gtm-vis-total-visible-time10487645_102=\"100\" data-gtm-vis-has-fired10487645_102=\"1\">\n<div class=\"key\" data-gtm-vis-recent-on-screen10487645_102=\"30265691\" data-gtm-vis-first-on-screen10487645_102=\"30265691\" data-gtm-vis-total-visible-time10487645_102=\"100\" data-gtm-vis-has-fired10487645_102=\"1\">REACH Uyumlu SVHC \u0130\u00e7ermiyor<\/div>\n<\/div>\n<\/div>\n<div class=\"field__item\" data-gtm-vis-recent-on-screen10487645_102=\"30265706\" data-gtm-vis-first-on-screen10487645_102=\"30265706\" data-gtm-vis-total-visible-time10487645_102=\"100\" data-gtm-vis-has-fired10487645_102=\"1\">\n<div class=\"key-value-class-item \" data-gtm-vis-recent-on-screen10487645_102=\"30265708\" data-gtm-vis-first-on-screen10487645_102=\"30265708\" data-gtm-vis-total-visible-time10487645_102=\"100\" data-gtm-vis-has-fired10487645_102=\"1\">\n<div class=\"key\" data-gtm-vis-recent-on-screen10487645_102=\"30265709\" data-gtm-vis-first-on-screen10487645_102=\"30265709\" data-gtm-vis-total-visible-time10487645_102=\"100\" data-gtm-vis-has-fired10487645_102=\"1\">ROHS Uyumlu Uygulanamaz<\/div>\n<\/div>\n<\/div>\n<\/div>\n<div class=\"product--variation-field--variation_field_technical_section__24197 field field--name-field-technical-section field--type-key-value-class-field-type field--label-hidden field__items\" data-gtm-vis-first-on-screen10487645_102=\"30265773\" data-gtm-vis-total-visible-time10487645_102=\"100\" data-gtm-vis-has-fired10487645_102=\"1\">\n<div class=\"field__item\" data-gtm-vis-recent-on-screen10487645_102=\"30265716\" data-gtm-vis-first-on-screen10487645_102=\"30265716\" data-gtm-vis-total-visible-time10487645_102=\"100\" data-gtm-vis-has-fired10487645_102=\"1\">\n<div class=\"key-value-class-item \" data-gtm-vis-recent-on-screen10487645_102=\"30265718\" data-gtm-vis-first-on-screen10487645_102=\"30265718\" data-gtm-vis-total-visible-time10487645_102=\"100\" data-gtm-vis-has-fired10487645_102=\"1\">\n<div class=\"key\" data-gtm-vis-recent-on-screen10487645_102=\"30265719\" data-gtm-vis-first-on-screen10487645_102=\"30265719\" data-gtm-vis-total-visible-time10487645_102=\"100\" data-gtm-vis-has-fired10487645_102=\"1\">Bak\u0131r Kablo Kesim De\u011feri, \u00c7ok Telli \u00d8 15 mm<\/div>\n<\/div>\n<\/div>\n<div class=\"field__item\" data-gtm-vis-polling-id10487645_102=\"1228\">Bak\u0131r Kablo Kesim De\u011feri, \u00c7ok Telli 50 mm\u00b2<\/div>\n<div class=\"field__item\" data-gtm-vis-first-on-screen10487645_102=\"30265790\" data-gtm-vis-total-visible-time10487645_102=\"100\" data-gtm-vis-has-fired10487645_102=\"1\">\n<div class=\"key-value-class-item \" data-gtm-vis-first-on-screen10487645_102=\"30265792\" data-gtm-vis-total-visible-time10487645_102=\"100\" data-gtm-vis-has-fired10487645_102=\"1\">\n<div class=\"key\" data-gtm-vis-first-on-screen10487645_102=\"30265793\" data-gtm-vis-total-visible-time10487645_102=\"100\" data-gtm-vis-has-fired10487645_102=\"1\">AWG 1 \/ 0<\/div>\n<\/div>\n<\/div>\n<\/div>\n","protected":false},"excerpt":{"rendered":"<div class=\"kx-flex kx-justify-between\" data-gtm-vis-first-on-screen10487645_102=\"15176\" data-gtm-vis-total-visible-time10487645_102=\"100\" data-gtm-vis-has-fired10487645_102=\"1\">\n<div class=\"kx-flex kx-items-center kx-flex-wrap kx-gap-4 kx-gap-y-0\" data-gtm-vis-first-on-screen10487645_102=\"15176\" data-gtm-vis-total-visible-time10487645_102=\"100\" data-gtm-vis-has-fired10487645_102=\"1\"><img decoding=\"async\" src=\"https:\/\/product-api-assets.knipex.com\/fd89784\/30547752-c1ba-43e4-835f-fcbde2014d08.png\" alt=\"\" \/><img decoding=\"async\" src=\"https:\/\/product-api-assets.knipex.com\/fd89784\/de0e1b9d-d7d9-4173-bb1d-e532fde3faf0.png\" alt=\"\" \/><\/div>\n<\/div>\n<div class=\"bulletpoint-container\" data-gtm-vis-first-on-screen10487645_102=\"15177\" data-gtm-vis-total-visible-time10487645_102=\"100\" data-gtm-vis-has-fired10487645_102=\"1\">\n<ul>\n<li>Daha h\u0131zl\u0131 s\u0131y\u0131r\u0131n: konumland\u0131rma s\u0131rtlar\u0131 sayesinde hassas tel konumland\u0131rma<\/li>\n<li>Yenilik\u00e7i kesici kenar geometrisi, \u00f6zellikle g\u00fc\u00e7l\u00fc kesici kenarlar: Standart tel s\u0131y\u0131r\u0131c\u0131lara k\u0131yasla %50 daha y\u00fcksek kesme kapasitesi ve kesmek i\u00e7in %25 daha az kuvvet gereksinimi<\/li>\n<li>4.6 s\u0131n\u0131f\u0131na kadar UNC 6-32 ve 8-32 vidalar ve di\u015fli \u00e7ubuklar\u0131n h\u0131zl\u0131 ve \u00e7apaks\u0131z kesilmesi<\/li>\n<li>Hassas topraklama: 18-10 AWG (tek par\u00e7a) ve 20-12 AWG (ince telli) iletkenler i\u00e7in s\u0131y\u0131rma profilleri<\/li>\n<li>\u00d8 15 mm&#8217;ye (1\/2&#8243;) kadar bak\u0131r ve al\u00fcminyum kablolar\u0131 kolayca keser<\/li>\n<li>D\u00fcz ve yuvarlak malzemeleri g\u00fcvenilir \u015fekilde kavrama, tutma ve e\u011fmenin yan\u0131 s\u0131ra telleri b\u00fckmek i\u00e7in \u00e7ok i\u015flevli kavrama y\u00fczeyleri<\/li>\n<li>D\u00fcz ve geni\u015f pense ba\u015fl\u0131\u011f\u0131ndaki hibrit u\u00e7lar sayesinde y\u00fcksek stabilite ve iyi eri\u015filebilirlik<\/li>\n<li>Kullan\u0131\u015fl\u0131: rahat a\u00e7\u0131lma geni\u015fli\u011fi ve ergonomik sap \u015fekli, entegre a\u00e7ma yay\u0131 s\u0131k kesme i\u015flemlerini kolayla\u015ft\u0131r\u0131r<\/li>\n<li>Hem sa\u011f hem de sol elini kullananlar i\u00e7in ideal: kilitleme cihaz\u0131 her iki taraftan da kullan\u0131labilir<\/li>\n<li>G\u00f6mme ba\u011flant\u0131 kutular\u0131 \u00fczerinde \u00e7al\u0131\u015fmak ve ge\u00e7i\u015f deliklerinin \u00e7apaklar\u0131n\u0131 almak i\u00e7in \u00e7enelerde d\u00fcz kesimli d\u0131\u015f kenarlar<\/li>\n<li>Konforlu saplar ile: optimize edilmi\u015f kullan\u0131m i\u00e7in \u00fc\u00e7 ergonomik bile\u015fenden olu\u015fur ve eklemeler i\u00e7in iki KNIPEXtend arabirimiyle donat\u0131lm\u0131\u015ft\u0131r<\/li>\n<\/ul>\n<\/div>\n","protected":false},"featured_media":17519,"template":"","meta":{"_joinchat":[]},"product_brand":[159],"product_cat":[191],"product_tag":[1375,1374,1373,1287,1309],"class_list":{"0":"post-17518","1":"product","2":"type-product","3":"status-publish","4":"has-post-thumbnail","6":"product_brand-knipex","7":"product_cat-kablo-soyma-ve-siyirma-penseleri","8":"product_tag-13-72-8-kablo-siyirma","9":"product_tag-knipex-13-72-8","10":"product_tag-knipex-13-72-8-kablo-siyirma","11":"product_tag-knipex-kablo-siyirma","12":"product_tag-knipex-kablo-siyirma-pensesi","15":"first","16":"instock","17":"shipping-taxable","18":"product-type-simple"},"yoast_head":"<!-- This site is optimized with the Yoast SEO plugin v27.3 - https:\/\/yoast.com\/product\/yoast-seo-wordpress\/ -->\n<title>Knipex 13 72 8 Kablo S\u0131y\u0131rma Pensesi - El Aleti Sepeti<\/title>\n<meta name=\"description\" content=\"Knipex 13 72 8 kablo s\u0131y\u0131rma pensesi, elektrik tesisatlar\u0131nda temiz ve hassas s\u0131y\u0131rma sa\u011flar. Ergonomik tasar\u0131m\u0131yla profesyonel kullan\u0131m sunar.\" \/>\n<meta name=\"robots\" content=\"index, follow, max-snippet:-1, max-image-preview:large, max-video-preview:-1\" \/>\n<link rel=\"canonical\" href=\"https:\/\/www.elaletisepeti.com\/?product=knipex-13-72-8-kablo-siyirma\" \/>\n<meta property=\"og:locale\" content=\"tr_TR\" \/>\n<meta property=\"og:type\" content=\"article\" \/>\n<meta property=\"og:title\" content=\"Knipex 13 72 8 Kablo S\u0131y\u0131rma Pensesi - El Aleti Sepeti\" \/>\n<meta property=\"og:description\" content=\"Knipex 13 72 8 kablo s\u0131y\u0131rma pensesi, elektrik tesisatlar\u0131nda temiz ve hassas s\u0131y\u0131rma sa\u011flar. Ergonomik tasar\u0131m\u0131yla profesyonel kullan\u0131m sunar.\" \/>\n<meta property=\"og:url\" content=\"https:\/\/www.elaletisepeti.com\/?product=knipex-13-72-8-kablo-siyirma\" \/>\n<meta property=\"og:site_name\" content=\"El Aleti Sepeti\" \/>\n<meta property=\"article:modified_time\" content=\"2025-12-13T14:25:27+00:00\" \/>\n<meta property=\"og:image\" content=\"https:\/\/www.elaletisepeti.com\/wp-content\/uploads\/2025\/12\/Knipex-13-72-8.jpg\" \/>\n\t<meta property=\"og:image:width\" content=\"1000\" \/>\n\t<meta property=\"og:image:height\" content=\"1000\" \/>\n\t<meta property=\"og:image:type\" content=\"image\/jpeg\" \/>\n<meta name=\"twitter:card\" content=\"summary_large_image\" \/>\n<meta name=\"twitter:label1\" content=\"Tahmini okuma s\u00fcresi\" \/>\n\t<meta name=\"twitter:data1\" content=\"1 dakika\" \/>\n<script type=\"application\/ld+json\" class=\"yoast-schema-graph\">{\"@context\":\"https:\\\/\\\/schema.org\",\"@graph\":[{\"@type\":\"WebPage\",\"@id\":\"https:\\\/\\\/www.elaletisepeti.com\\\/?product=knipex-13-72-8-kablo-siyirma\",\"url\":\"https:\\\/\\\/www.elaletisepeti.com\\\/?product=knipex-13-72-8-kablo-siyirma\",\"name\":\"Knipex 13 72 8 Kablo S\u0131y\u0131rma Pensesi - El Aleti Sepeti\",\"isPartOf\":{\"@id\":\"https:\\\/\\\/www.elaletisepeti.com\\\/#website\"},\"primaryImageOfPage\":{\"@id\":\"https:\\\/\\\/www.elaletisepeti.com\\\/?product=knipex-13-72-8-kablo-siyirma#primaryimage\"},\"image\":{\"@id\":\"https:\\\/\\\/www.elaletisepeti.com\\\/?product=knipex-13-72-8-kablo-siyirma#primaryimage\"},\"thumbnailUrl\":\"https:\\\/\\\/www.elaletisepeti.com\\\/wp-content\\\/uploads\\\/2025\\\/12\\\/Knipex-13-72-8.jpg\",\"datePublished\":\"2025-12-13T14:20:37+00:00\",\"dateModified\":\"2025-12-13T14:25:27+00:00\",\"description\":\"Knipex 13 72 8 kablo s\u0131y\u0131rma pensesi, elektrik tesisatlar\u0131nda temiz ve hassas s\u0131y\u0131rma sa\u011flar. Ergonomik tasar\u0131m\u0131yla profesyonel kullan\u0131m sunar.\",\"breadcrumb\":{\"@id\":\"https:\\\/\\\/www.elaletisepeti.com\\\/?product=knipex-13-72-8-kablo-siyirma#breadcrumb\"},\"inLanguage\":\"tr\",\"potentialAction\":[{\"@type\":\"ReadAction\",\"target\":[\"https:\\\/\\\/www.elaletisepeti.com\\\/?product=knipex-13-72-8-kablo-siyirma\"]}]},{\"@type\":\"ImageObject\",\"inLanguage\":\"tr\",\"@id\":\"https:\\\/\\\/www.elaletisepeti.com\\\/?product=knipex-13-72-8-kablo-siyirma#primaryimage\",\"url\":\"https:\\\/\\\/www.elaletisepeti.com\\\/wp-content\\\/uploads\\\/2025\\\/12\\\/Knipex-13-72-8.jpg\",\"contentUrl\":\"https:\\\/\\\/www.elaletisepeti.com\\\/wp-content\\\/uploads\\\/2025\\\/12\\\/Knipex-13-72-8.jpg\",\"width\":1000,\"height\":1000},{\"@type\":\"BreadcrumbList\",\"@id\":\"https:\\\/\\\/www.elaletisepeti.com\\\/?product=knipex-13-72-8-kablo-siyirma#breadcrumb\",\"itemListElement\":[{\"@type\":\"ListItem\",\"position\":1,\"name\":\"Anasayfa\",\"item\":\"https:\\\/\\\/www.elaletisepeti.com\\\/\"},{\"@type\":\"ListItem\",\"position\":2,\"name\":\"Shop\",\"item\":\"https:\\\/\\\/www.elaletisepeti.com\\\/?page_id=7\"},{\"@type\":\"ListItem\",\"position\":3,\"name\":\"Knipex 13 72 8 Kablo S\u0131y\u0131rma Pensesi\"}]},{\"@type\":\"WebSite\",\"@id\":\"https:\\\/\\\/www.elaletisepeti.com\\\/#website\",\"url\":\"https:\\\/\\\/www.elaletisepeti.com\\\/\",\"name\":\"El Aleti Sepeti\",\"description\":\"El Aletleri, Knipex Pense, Knipex Kerpeten, Knipex Kargaburun,  Kn\u0131pex  Yankeski, Kn\u0131pex Boru Kesme, Knipex Kablo S\u0131y\u0131rma, Knipex  El Aletleri\",\"potentialAction\":[{\"@type\":\"SearchAction\",\"target\":{\"@type\":\"EntryPoint\",\"urlTemplate\":\"https:\\\/\\\/www.elaletisepeti.com\\\/?s={search_term_string}\"},\"query-input\":{\"@type\":\"PropertyValueSpecification\",\"valueRequired\":true,\"valueName\":\"search_term_string\"}}],\"inLanguage\":\"tr\"}]}<\/script>\n<!-- \/ Yoast SEO plugin. -->","yoast_head_json":{"title":"Knipex 13 72 8 Kablo S\u0131y\u0131rma Pensesi - El Aleti Sepeti","description":"Knipex 13 72 8 kablo s\u0131y\u0131rma pensesi, elektrik tesisatlar\u0131nda temiz ve hassas s\u0131y\u0131rma sa\u011flar. Ergonomik tasar\u0131m\u0131yla profesyonel kullan\u0131m sunar.","robots":{"index":"index","follow":"follow","max-snippet":"max-snippet:-1","max-image-preview":"max-image-preview:large","max-video-preview":"max-video-preview:-1"},"canonical":"https:\/\/www.elaletisepeti.com\/?product=knipex-13-72-8-kablo-siyirma","og_locale":"tr_TR","og_type":"article","og_title":"Knipex 13 72 8 Kablo S\u0131y\u0131rma Pensesi - El Aleti Sepeti","og_description":"Knipex 13 72 8 kablo s\u0131y\u0131rma pensesi, elektrik tesisatlar\u0131nda temiz ve hassas s\u0131y\u0131rma sa\u011flar. Ergonomik tasar\u0131m\u0131yla profesyonel kullan\u0131m sunar.","og_url":"https:\/\/www.elaletisepeti.com\/?product=knipex-13-72-8-kablo-siyirma","og_site_name":"El Aleti Sepeti","article_modified_time":"2025-12-13T14:25:27+00:00","og_image":[{"width":1000,"height":1000,"url":"https:\/\/www.elaletisepeti.com\/wp-content\/uploads\/2025\/12\/Knipex-13-72-8.jpg","type":"image\/jpeg"}],"twitter_card":"summary_large_image","twitter_misc":{"Tahmini okuma s\u00fcresi":"1 dakika"},"schema":{"@context":"https:\/\/schema.org","@graph":[{"@type":"WebPage","@id":"https:\/\/www.elaletisepeti.com\/?product=knipex-13-72-8-kablo-siyirma","url":"https:\/\/www.elaletisepeti.com\/?product=knipex-13-72-8-kablo-siyirma","name":"Knipex 13 72 8 Kablo S\u0131y\u0131rma Pensesi - El Aleti Sepeti","isPartOf":{"@id":"https:\/\/www.elaletisepeti.com\/#website"},"primaryImageOfPage":{"@id":"https:\/\/www.elaletisepeti.com\/?product=knipex-13-72-8-kablo-siyirma#primaryimage"},"image":{"@id":"https:\/\/www.elaletisepeti.com\/?product=knipex-13-72-8-kablo-siyirma#primaryimage"},"thumbnailUrl":"https:\/\/www.elaletisepeti.com\/wp-content\/uploads\/2025\/12\/Knipex-13-72-8.jpg","datePublished":"2025-12-13T14:20:37+00:00","dateModified":"2025-12-13T14:25:27+00:00","description":"Knipex 13 72 8 kablo s\u0131y\u0131rma pensesi, elektrik tesisatlar\u0131nda temiz ve hassas s\u0131y\u0131rma sa\u011flar. Ergonomik tasar\u0131m\u0131yla profesyonel kullan\u0131m sunar.","breadcrumb":{"@id":"https:\/\/www.elaletisepeti.com\/?product=knipex-13-72-8-kablo-siyirma#breadcrumb"},"inLanguage":"tr","potentialAction":[{"@type":"ReadAction","target":["https:\/\/www.elaletisepeti.com\/?product=knipex-13-72-8-kablo-siyirma"]}]},{"@type":"ImageObject","inLanguage":"tr","@id":"https:\/\/www.elaletisepeti.com\/?product=knipex-13-72-8-kablo-siyirma#primaryimage","url":"https:\/\/www.elaletisepeti.com\/wp-content\/uploads\/2025\/12\/Knipex-13-72-8.jpg","contentUrl":"https:\/\/www.elaletisepeti.com\/wp-content\/uploads\/2025\/12\/Knipex-13-72-8.jpg","width":1000,"height":1000},{"@type":"BreadcrumbList","@id":"https:\/\/www.elaletisepeti.com\/?product=knipex-13-72-8-kablo-siyirma#breadcrumb","itemListElement":[{"@type":"ListItem","position":1,"name":"Anasayfa","item":"https:\/\/www.elaletisepeti.com\/"},{"@type":"ListItem","position":2,"name":"Shop","item":"https:\/\/www.elaletisepeti.com\/?page_id=7"},{"@type":"ListItem","position":3,"name":"Knipex 13 72 8 Kablo S\u0131y\u0131rma Pensesi"}]},{"@type":"WebSite","@id":"https:\/\/www.elaletisepeti.com\/#website","url":"https:\/\/www.elaletisepeti.com\/","name":"El Aleti Sepeti","description":"El Aletleri, Knipex Pense, Knipex Kerpeten, Knipex Kargaburun,  Kn\u0131pex  Yankeski, Kn\u0131pex Boru Kesme, Knipex Kablo S\u0131y\u0131rma, Knipex  El Aletleri","potentialAction":[{"@type":"SearchAction","target":{"@type":"EntryPoint","urlTemplate":"https:\/\/www.elaletisepeti.com\/?s={search_term_string}"},"query-input":{"@type":"PropertyValueSpecification","valueRequired":true,"valueName":"search_term_string"}}],"inLanguage":"tr"}]}},"_links":{"self":[{"href":"https:\/\/www.elaletisepeti.com\/index.php?rest_route=\/wp\/v2\/product\/17518","targetHints":{"allow":["GET"]}}],"collection":[{"href":"https:\/\/www.elaletisepeti.com\/index.php?rest_route=\/wp\/v2\/product"}],"about":[{"href":"https:\/\/www.elaletisepeti.com\/index.php?rest_route=\/wp\/v2\/types\/product"}],"wp:featuredmedia":[{"embeddable":true,"href":"https:\/\/www.elaletisepeti.com\/index.php?rest_route=\/wp\/v2\/media\/17519"}],"wp:attachment":[{"href":"https:\/\/www.elaletisepeti.com\/index.php?rest_route=%2Fwp%2Fv2%2Fmedia&parent=17518"}],"wp:term":[{"taxonomy":"product_brand","embeddable":true,"href":"https:\/\/www.elaletisepeti.com\/index.php?rest_route=%2Fwp%2Fv2%2Fproduct_brand&post=17518"},{"taxonomy":"product_cat","embeddable":true,"href":"https:\/\/www.elaletisepeti.com\/index.php?rest_route=%2Fwp%2Fv2%2Fproduct_cat&post=17518"},{"taxonomy":"product_tag","embeddable":true,"href":"https:\/\/www.elaletisepeti.com\/index.php?rest_route=%2Fwp%2Fv2%2Fproduct_tag&post=17518"}],"curies":[{"name":"wp","href":"https:\/\/api.w.org\/{rel}","templated":true}]}}