{"id":17460,"date":"2025-12-10T20:04:07","date_gmt":"2025-12-10T20:04:07","guid":{"rendered":"https:\/\/www.elaletisepeti.com\/?post_type=product&#038;p=17460"},"modified":"2025-12-10T20:04:08","modified_gmt":"2025-12-10T20:04:08","slug":"knipex-16-50-145-sb-kablo-siyirma","status":"publish","type":"product","link":"https:\/\/www.elaletisepeti.com\/?product=knipex-16-50-145-sb-kablo-siyirma","title":{"rendered":"Knipex 16 50 145 SB Kablo S\u0131y\u0131rma"},"content":{"rendered":"<p><strong>Knipex 16 50 145 SB Kablo S\u0131y\u0131rma B\u0131\u00e7a\u011f\u0131<\/strong><\/p>\n<div class=\"field__item\" data-gtm-vis-recent-on-screen10487645_102=\"80007\" data-gtm-vis-first-on-screen10487645_102=\"80008\" data-gtm-vis-total-visible-time10487645_102=\"100\" data-gtm-vis-has-fired10487645_102=\"1\">\n<div class=\"key-value-class-item \" data-gtm-vis-recent-on-screen10487645_102=\"80008\" data-gtm-vis-first-on-screen10487645_102=\"80008\" data-gtm-vis-total-visible-time10487645_102=\"100\" data-gtm-vis-has-fired10487645_102=\"1\">\n<div class=\"key\" data-gtm-vis-recent-on-screen10487645_102=\"80010\" data-gtm-vis-first-on-screen10487645_102=\"80010\" data-gtm-vis-total-visible-time10487645_102=\"100\" data-gtm-vis-has-fired10487645_102=\"1\">Kod:\u00a016 50 145 SB<\/div>\n<\/div>\n<\/div>\n<div class=\"field__item\" data-gtm-vis-recent-on-screen10487645_102=\"80024\" data-gtm-vis-first-on-screen10487645_102=\"80024\" data-gtm-vis-total-visible-time10487645_102=\"100\" data-gtm-vis-has-fired10487645_102=\"1\">\n<div class=\"key-value-class-item \" data-gtm-vis-recent-on-screen10487645_102=\"80024\" data-gtm-vis-first-on-screen10487645_102=\"80024\" data-gtm-vis-total-visible-time10487645_102=\"100\" data-gtm-vis-has-fired10487645_102=\"1\">\n<div class=\"key\" data-gtm-vis-recent-on-screen10487645_102=\"80025\" data-gtm-vis-first-on-screen10487645_102=\"80025\" data-gtm-vis-total-visible-time10487645_102=\"100\" data-gtm-vis-has-fired10487645_102=\"1\">EAN 4003773089902<\/div>\n<\/div>\n<\/div>\n<div class=\"field__item\" data-gtm-vis-recent-on-screen10487645_102=\"80027\" data-gtm-vis-first-on-screen10487645_102=\"80027\" data-gtm-vis-total-visible-time10487645_102=\"100\" data-gtm-vis-has-fired10487645_102=\"1\">\n<div class=\"key-value-class-item \" data-gtm-vis-recent-on-screen10487645_102=\"80027\" data-gtm-vis-first-on-screen10487645_102=\"80027\" data-gtm-vis-total-visible-time10487645_102=\"100\" data-gtm-vis-has-fired10487645_102=\"1\">\n<div class=\"key\" data-gtm-vis-recent-on-screen10487645_102=\"80028\" data-gtm-vis-first-on-screen10487645_102=\"80028\" data-gtm-vis-total-visible-time10487645_102=\"100\" data-gtm-vis-has-fired10487645_102=\"1\">Kollar \u00c7ok Bile\u015fenli Tutacaklarla<\/div>\n<\/div>\n<\/div>\n<div class=\"field__item\" data-gtm-vis-recent-on-screen10487645_102=\"80038\" data-gtm-vis-first-on-screen10487645_102=\"80038\" data-gtm-vis-total-visible-time10487645_102=\"100\" data-gtm-vis-has-fired10487645_102=\"1\">\n<div class=\"key-value-class-item \" data-gtm-vis-recent-on-screen10487645_102=\"80039\" data-gtm-vis-first-on-screen10487645_102=\"80039\" data-gtm-vis-total-visible-time10487645_102=\"100\" data-gtm-vis-has-fired10487645_102=\"1\">\n<div class=\"key\" data-gtm-vis-recent-on-screen10487645_102=\"80039\" data-gtm-vis-first-on-screen10487645_102=\"80039\" data-gtm-vis-total-visible-time10487645_102=\"100\" data-gtm-vis-has-fired10487645_102=\"1\">A\u011f\u0131rl\u0131k 120 g<\/div>\n<\/div>\n<\/div>\n<div class=\"field__item\" data-gtm-vis-recent-on-screen10487645_102=\"80040\" data-gtm-vis-first-on-screen10487645_102=\"80040\" data-gtm-vis-total-visible-time10487645_102=\"100\" data-gtm-vis-has-fired10487645_102=\"1\">\n<div class=\"key-value-class-item \" data-gtm-vis-recent-on-screen10487645_102=\"80040\" data-gtm-vis-first-on-screen10487645_102=\"80040\" data-gtm-vis-total-visible-time10487645_102=\"100\" data-gtm-vis-has-fired10487645_102=\"1\">\n<div class=\"key\" data-gtm-vis-recent-on-screen10487645_102=\"80041\" data-gtm-vis-first-on-screen10487645_102=\"80041\" data-gtm-vis-total-visible-time10487645_102=\"100\" data-gtm-vis-has-fired10487645_102=\"1\">\u00d6l\u00e7\u00fcleri 146 x 30 x 42 mm<\/div>\n<\/div>\n<\/div>\n<div class=\"field__item\" data-gtm-vis-recent-on-screen10487645_102=\"80054\" data-gtm-vis-first-on-screen10487645_102=\"80054\" data-gtm-vis-total-visible-time10487645_102=\"100\" data-gtm-vis-has-fired10487645_102=\"1\">\n<div class=\"key-value-class-item \" data-gtm-vis-recent-on-screen10487645_102=\"80055\" data-gtm-vis-first-on-screen10487645_102=\"80055\" data-gtm-vis-total-visible-time10487645_102=\"100\" data-gtm-vis-has-fired10487645_102=\"1\">\n<div class=\"key\" data-gtm-vis-recent-on-screen10487645_102=\"80055\" data-gtm-vis-first-on-screen10487645_102=\"80055\" data-gtm-vis-total-visible-time10487645_102=\"100\" data-gtm-vis-has-fired10487645_102=\"1\">REACH Uyumlu SVHC \u0130\u00e7ermiyor<\/div>\n<\/div>\n<\/div>\n<div class=\"field__item\" data-gtm-vis-recent-on-screen10487645_102=\"80056\" data-gtm-vis-first-on-screen10487645_102=\"80056\" data-gtm-vis-total-visible-time10487645_102=\"100\" data-gtm-vis-has-fired10487645_102=\"1\">\n<div class=\"key-value-class-item \" data-gtm-vis-recent-on-screen10487645_102=\"80057\" data-gtm-vis-first-on-screen10487645_102=\"80057\" data-gtm-vis-total-visible-time10487645_102=\"100\" data-gtm-vis-has-fired10487645_102=\"1\">\n<div class=\"key\" data-gtm-vis-recent-on-screen10487645_102=\"80057\" data-gtm-vis-first-on-screen10487645_102=\"80057\" data-gtm-vis-total-visible-time10487645_102=\"100\" data-gtm-vis-has-fired10487645_102=\"1\">ROHS Uyumlu Uygulanamaz<\/div>\n<\/div>\n<\/div>\n","protected":false},"excerpt":{"rendered":"<ul>\n<li>C\u0131rc\u0131r i\u015flevi: \u00e7ok \u00e7e\u015fitli kablo k\u0131l\u0131flar\u0131nda bile kolay kesim<\/li>\n<li>Yuvarlak ve uzunlamas\u0131na kesimler i\u00e7in \u00fc\u00e7 kesme alan\u0131na sahip \u00e7ok y\u00f6nl\u00fc b\u0131\u00e7ak<\/li>\n<li>K\u0131lavuz pabucu, kablo k\u0131l\u0131f\u0131n\u0131n alt\u0131ndaki iletken yal\u0131t\u0131m\u0131n\u0131 korur<\/li>\n<li>7 mm et kal\u0131nl\u0131\u011f\u0131na kadar \u00e7ok sert veya sert plastik k\u0131l\u0131flar\u0131 keser<\/li>\n<li>Orak \u015feklinde, de\u011fi\u015ftirilebilir kancal\u0131 b\u0131\u00e7ak, g\u00fcvenli ta\u015f\u0131ma i\u00e7in katlanabilir<\/li>\n<li>D\u00f6rt konumlu b\u0131\u00e7ak: katlanm\u0131\u015f, d\u00fcz, a\u00e7\u0131l\u0131 ve c\u0131rc\u0131rl\u0131<\/li>\n<li>G\u00fcvenli kullan\u0131m ve ta\u015f\u0131ma i\u00e7in \u00fc\u00e7 a\u015famal\u0131 b\u0131\u00e7ak kilidi<\/li>\n<li>Ergonomik olarak tasarlanm\u0131\u015f, konforlu sap<\/li>\n<li>D\u00fc\u015fme emniyetini ba\u011flamak i\u00e7in entegre asma halkas\u0131 ile<\/li>\n<\/ul>\n","protected":false},"featured_media":17461,"template":"","meta":{"_joinchat":[]},"product_brand":[159],"product_cat":[191],"product_tag":[1349,1348,1347,1287,1350],"class_list":{"0":"post-17460","1":"product","2":"type-product","3":"status-publish","4":"has-post-thumbnail","6":"product_brand-knipex","7":"product_cat-kablo-soyma-ve-siyirma-penseleri","8":"product_tag-16-50-145-sb-kablo-siyirma-bicagi","9":"product_tag-knipex-16-50-145-sb","10":"product_tag-knipex-16-50-145-sb-kablo-siyirma-bicagi","11":"product_tag-knipex-kablo-siyirma","12":"product_tag-knipex-kablo-siyirma-bicagi","15":"first","16":"instock","17":"shipping-taxable","18":"product-type-simple"},"yoast_head":"<!-- This site is optimized with the Yoast SEO plugin v27.3 - https:\/\/yoast.com\/product\/yoast-seo-wordpress\/ -->\n<title>Knipex 16 50 145 SB Kablo S\u0131y\u0131rma - El Aleti Sepeti<\/title>\n<meta name=\"description\" content=\"Hassas ayarl\u0131 s\u0131y\u0131rma a\u011f\u0131zlar\u0131na sahip Knipex 16 50 145 SB, ince kablolar\u0131 temiz ve kontroll\u00fc \u015fekilde soyar; profesyonel elektrik\u00e7iler i\u00e7in idealdir.\" \/>\n<meta name=\"robots\" content=\"index, follow, max-snippet:-1, max-image-preview:large, max-video-preview:-1\" \/>\n<link rel=\"canonical\" href=\"https:\/\/www.elaletisepeti.com\/?product=knipex-16-50-145-sb-kablo-siyirma\" \/>\n<meta property=\"og:locale\" content=\"tr_TR\" \/>\n<meta property=\"og:type\" content=\"article\" \/>\n<meta property=\"og:title\" content=\"Knipex 16 50 145 SB Kablo S\u0131y\u0131rma - El Aleti Sepeti\" \/>\n<meta property=\"og:description\" content=\"Hassas ayarl\u0131 s\u0131y\u0131rma a\u011f\u0131zlar\u0131na sahip Knipex 16 50 145 SB, ince kablolar\u0131 temiz ve kontroll\u00fc \u015fekilde soyar; profesyonel elektrik\u00e7iler i\u00e7in idealdir.\" \/>\n<meta property=\"og:url\" content=\"https:\/\/www.elaletisepeti.com\/?product=knipex-16-50-145-sb-kablo-siyirma\" \/>\n<meta property=\"og:site_name\" content=\"El Aleti Sepeti\" \/>\n<meta property=\"article:modified_time\" content=\"2025-12-10T20:04:08+00:00\" \/>\n<meta property=\"og:image\" content=\"https:\/\/www.elaletisepeti.com\/wp-content\/uploads\/2025\/12\/Knipex-16-50-145-SB.jpg\" \/>\n\t<meta property=\"og:image:width\" content=\"1000\" \/>\n\t<meta property=\"og:image:height\" content=\"1000\" \/>\n\t<meta property=\"og:image:type\" content=\"image\/jpeg\" \/>\n<meta name=\"twitter:card\" content=\"summary_large_image\" \/>\n<meta name=\"twitter:label1\" content=\"Tahmini okuma s\u00fcresi\" \/>\n\t<meta name=\"twitter:data1\" content=\"1 dakika\" \/>\n<script type=\"application\/ld+json\" class=\"yoast-schema-graph\">{\"@context\":\"https:\\\/\\\/schema.org\",\"@graph\":[{\"@type\":\"WebPage\",\"@id\":\"https:\\\/\\\/www.elaletisepeti.com\\\/?product=knipex-16-50-145-sb-kablo-siyirma\",\"url\":\"https:\\\/\\\/www.elaletisepeti.com\\\/?product=knipex-16-50-145-sb-kablo-siyirma\",\"name\":\"Knipex 16 50 145 SB Kablo S\u0131y\u0131rma - El Aleti Sepeti\",\"isPartOf\":{\"@id\":\"https:\\\/\\\/www.elaletisepeti.com\\\/#website\"},\"primaryImageOfPage\":{\"@id\":\"https:\\\/\\\/www.elaletisepeti.com\\\/?product=knipex-16-50-145-sb-kablo-siyirma#primaryimage\"},\"image\":{\"@id\":\"https:\\\/\\\/www.elaletisepeti.com\\\/?product=knipex-16-50-145-sb-kablo-siyirma#primaryimage\"},\"thumbnailUrl\":\"https:\\\/\\\/www.elaletisepeti.com\\\/wp-content\\\/uploads\\\/2025\\\/12\\\/Knipex-16-50-145-SB.jpg\",\"datePublished\":\"2025-12-10T20:04:07+00:00\",\"dateModified\":\"2025-12-10T20:04:08+00:00\",\"description\":\"Hassas ayarl\u0131 s\u0131y\u0131rma a\u011f\u0131zlar\u0131na sahip Knipex 16 50 145 SB, ince kablolar\u0131 temiz ve kontroll\u00fc \u015fekilde soyar; profesyonel elektrik\u00e7iler i\u00e7in idealdir.\",\"breadcrumb\":{\"@id\":\"https:\\\/\\\/www.elaletisepeti.com\\\/?product=knipex-16-50-145-sb-kablo-siyirma#breadcrumb\"},\"inLanguage\":\"tr\",\"potentialAction\":[{\"@type\":\"ReadAction\",\"target\":[\"https:\\\/\\\/www.elaletisepeti.com\\\/?product=knipex-16-50-145-sb-kablo-siyirma\"]}]},{\"@type\":\"ImageObject\",\"inLanguage\":\"tr\",\"@id\":\"https:\\\/\\\/www.elaletisepeti.com\\\/?product=knipex-16-50-145-sb-kablo-siyirma#primaryimage\",\"url\":\"https:\\\/\\\/www.elaletisepeti.com\\\/wp-content\\\/uploads\\\/2025\\\/12\\\/Knipex-16-50-145-SB.jpg\",\"contentUrl\":\"https:\\\/\\\/www.elaletisepeti.com\\\/wp-content\\\/uploads\\\/2025\\\/12\\\/Knipex-16-50-145-SB.jpg\",\"width\":1000,\"height\":1000},{\"@type\":\"BreadcrumbList\",\"@id\":\"https:\\\/\\\/www.elaletisepeti.com\\\/?product=knipex-16-50-145-sb-kablo-siyirma#breadcrumb\",\"itemListElement\":[{\"@type\":\"ListItem\",\"position\":1,\"name\":\"Anasayfa\",\"item\":\"https:\\\/\\\/www.elaletisepeti.com\\\/\"},{\"@type\":\"ListItem\",\"position\":2,\"name\":\"Shop\",\"item\":\"https:\\\/\\\/www.elaletisepeti.com\\\/?page_id=7\"},{\"@type\":\"ListItem\",\"position\":3,\"name\":\"Knipex 16 50 145 SB Kablo S\u0131y\u0131rma\"}]},{\"@type\":\"WebSite\",\"@id\":\"https:\\\/\\\/www.elaletisepeti.com\\\/#website\",\"url\":\"https:\\\/\\\/www.elaletisepeti.com\\\/\",\"name\":\"El Aleti Sepeti\",\"description\":\"El Aletleri, Knipex Pense, Knipex Kerpeten, Knipex Kargaburun,  Kn\u0131pex  Yankeski, Kn\u0131pex Boru Kesme, Knipex Kablo S\u0131y\u0131rma, Knipex  El Aletleri\",\"potentialAction\":[{\"@type\":\"SearchAction\",\"target\":{\"@type\":\"EntryPoint\",\"urlTemplate\":\"https:\\\/\\\/www.elaletisepeti.com\\\/?s={search_term_string}\"},\"query-input\":{\"@type\":\"PropertyValueSpecification\",\"valueRequired\":true,\"valueName\":\"search_term_string\"}}],\"inLanguage\":\"tr\"}]}<\/script>\n<!-- \/ Yoast SEO plugin. -->","yoast_head_json":{"title":"Knipex 16 50 145 SB Kablo S\u0131y\u0131rma - El Aleti Sepeti","description":"Hassas ayarl\u0131 s\u0131y\u0131rma a\u011f\u0131zlar\u0131na sahip Knipex 16 50 145 SB, ince kablolar\u0131 temiz ve kontroll\u00fc \u015fekilde soyar; profesyonel elektrik\u00e7iler i\u00e7in idealdir.","robots":{"index":"index","follow":"follow","max-snippet":"max-snippet:-1","max-image-preview":"max-image-preview:large","max-video-preview":"max-video-preview:-1"},"canonical":"https:\/\/www.elaletisepeti.com\/?product=knipex-16-50-145-sb-kablo-siyirma","og_locale":"tr_TR","og_type":"article","og_title":"Knipex 16 50 145 SB Kablo S\u0131y\u0131rma - El Aleti Sepeti","og_description":"Hassas ayarl\u0131 s\u0131y\u0131rma a\u011f\u0131zlar\u0131na sahip Knipex 16 50 145 SB, ince kablolar\u0131 temiz ve kontroll\u00fc \u015fekilde soyar; profesyonel elektrik\u00e7iler i\u00e7in idealdir.","og_url":"https:\/\/www.elaletisepeti.com\/?product=knipex-16-50-145-sb-kablo-siyirma","og_site_name":"El Aleti Sepeti","article_modified_time":"2025-12-10T20:04:08+00:00","og_image":[{"width":1000,"height":1000,"url":"https:\/\/www.elaletisepeti.com\/wp-content\/uploads\/2025\/12\/Knipex-16-50-145-SB.jpg","type":"image\/jpeg"}],"twitter_card":"summary_large_image","twitter_misc":{"Tahmini okuma s\u00fcresi":"1 dakika"},"schema":{"@context":"https:\/\/schema.org","@graph":[{"@type":"WebPage","@id":"https:\/\/www.elaletisepeti.com\/?product=knipex-16-50-145-sb-kablo-siyirma","url":"https:\/\/www.elaletisepeti.com\/?product=knipex-16-50-145-sb-kablo-siyirma","name":"Knipex 16 50 145 SB Kablo S\u0131y\u0131rma - El Aleti Sepeti","isPartOf":{"@id":"https:\/\/www.elaletisepeti.com\/#website"},"primaryImageOfPage":{"@id":"https:\/\/www.elaletisepeti.com\/?product=knipex-16-50-145-sb-kablo-siyirma#primaryimage"},"image":{"@id":"https:\/\/www.elaletisepeti.com\/?product=knipex-16-50-145-sb-kablo-siyirma#primaryimage"},"thumbnailUrl":"https:\/\/www.elaletisepeti.com\/wp-content\/uploads\/2025\/12\/Knipex-16-50-145-SB.jpg","datePublished":"2025-12-10T20:04:07+00:00","dateModified":"2025-12-10T20:04:08+00:00","description":"Hassas ayarl\u0131 s\u0131y\u0131rma a\u011f\u0131zlar\u0131na sahip Knipex 16 50 145 SB, ince kablolar\u0131 temiz ve kontroll\u00fc \u015fekilde soyar; profesyonel elektrik\u00e7iler i\u00e7in idealdir.","breadcrumb":{"@id":"https:\/\/www.elaletisepeti.com\/?product=knipex-16-50-145-sb-kablo-siyirma#breadcrumb"},"inLanguage":"tr","potentialAction":[{"@type":"ReadAction","target":["https:\/\/www.elaletisepeti.com\/?product=knipex-16-50-145-sb-kablo-siyirma"]}]},{"@type":"ImageObject","inLanguage":"tr","@id":"https:\/\/www.elaletisepeti.com\/?product=knipex-16-50-145-sb-kablo-siyirma#primaryimage","url":"https:\/\/www.elaletisepeti.com\/wp-content\/uploads\/2025\/12\/Knipex-16-50-145-SB.jpg","contentUrl":"https:\/\/www.elaletisepeti.com\/wp-content\/uploads\/2025\/12\/Knipex-16-50-145-SB.jpg","width":1000,"height":1000},{"@type":"BreadcrumbList","@id":"https:\/\/www.elaletisepeti.com\/?product=knipex-16-50-145-sb-kablo-siyirma#breadcrumb","itemListElement":[{"@type":"ListItem","position":1,"name":"Anasayfa","item":"https:\/\/www.elaletisepeti.com\/"},{"@type":"ListItem","position":2,"name":"Shop","item":"https:\/\/www.elaletisepeti.com\/?page_id=7"},{"@type":"ListItem","position":3,"name":"Knipex 16 50 145 SB Kablo S\u0131y\u0131rma"}]},{"@type":"WebSite","@id":"https:\/\/www.elaletisepeti.com\/#website","url":"https:\/\/www.elaletisepeti.com\/","name":"El Aleti Sepeti","description":"El Aletleri, Knipex Pense, Knipex Kerpeten, Knipex Kargaburun,  Kn\u0131pex  Yankeski, Kn\u0131pex Boru Kesme, Knipex Kablo S\u0131y\u0131rma, Knipex  El Aletleri","potentialAction":[{"@type":"SearchAction","target":{"@type":"EntryPoint","urlTemplate":"https:\/\/www.elaletisepeti.com\/?s={search_term_string}"},"query-input":{"@type":"PropertyValueSpecification","valueRequired":true,"valueName":"search_term_string"}}],"inLanguage":"tr"}]}},"_links":{"self":[{"href":"https:\/\/www.elaletisepeti.com\/index.php?rest_route=\/wp\/v2\/product\/17460","targetHints":{"allow":["GET"]}}],"collection":[{"href":"https:\/\/www.elaletisepeti.com\/index.php?rest_route=\/wp\/v2\/product"}],"about":[{"href":"https:\/\/www.elaletisepeti.com\/index.php?rest_route=\/wp\/v2\/types\/product"}],"wp:featuredmedia":[{"embeddable":true,"href":"https:\/\/www.elaletisepeti.com\/index.php?rest_route=\/wp\/v2\/media\/17461"}],"wp:attachment":[{"href":"https:\/\/www.elaletisepeti.com\/index.php?rest_route=%2Fwp%2Fv2%2Fmedia&parent=17460"}],"wp:term":[{"taxonomy":"product_brand","embeddable":true,"href":"https:\/\/www.elaletisepeti.com\/index.php?rest_route=%2Fwp%2Fv2%2Fproduct_brand&post=17460"},{"taxonomy":"product_cat","embeddable":true,"href":"https:\/\/www.elaletisepeti.com\/index.php?rest_route=%2Fwp%2Fv2%2Fproduct_cat&post=17460"},{"taxonomy":"product_tag","embeddable":true,"href":"https:\/\/www.elaletisepeti.com\/index.php?rest_route=%2Fwp%2Fv2%2Fproduct_tag&post=17460"}],"curies":[{"name":"wp","href":"https:\/\/api.w.org\/{rel}","templated":true}]}}