{"id":17419,"date":"2025-12-10T18:15:15","date_gmt":"2025-12-10T18:15:15","guid":{"rendered":"https:\/\/www.elaletisepeti.com\/?post_type=product&#038;p=17419"},"modified":"2025-12-10T18:15:15","modified_gmt":"2025-12-10T18:15:15","slug":"knipex-16-95-02-sb-kablo-siyirma","status":"publish","type":"product","link":"https:\/\/www.elaletisepeti.com\/?product=knipex-16-95-02-sb-kablo-siyirma","title":{"rendered":"Knipex 16 95 02 SB Kablo S\u0131y\u0131rma"},"content":{"rendered":"<p><strong>Knipex 16 95 02 SB Kablo S\u0131y\u0131rma KNIPEX ErgoStrip\u00ae<\/strong><\/p>\n<div class=\"product--variation-field--variation_field_general_section__1937 field field--name-field-general-section field--type-key-value-class-field-type field--label-hidden field__items\" data-gtm-vis-recent-on-screen10487645_102=\"59201\" data-gtm-vis-first-on-screen10487645_102=\"59201\" data-gtm-vis-total-visible-time10487645_102=\"100\" data-gtm-vis-has-fired10487645_102=\"1\">\n<div class=\"field__item\" data-gtm-vis-recent-on-screen10487645_102=\"59173\" data-gtm-vis-first-on-screen10487645_102=\"59173\" data-gtm-vis-total-visible-time10487645_102=\"100\" data-gtm-vis-has-fired10487645_102=\"1\">\n<div class=\"key-value-class-item \" data-gtm-vis-recent-on-screen10487645_102=\"59174\" data-gtm-vis-first-on-screen10487645_102=\"59174\" data-gtm-vis-total-visible-time10487645_102=\"100\" data-gtm-vis-has-fired10487645_102=\"1\">\n<div class=\"key\" data-gtm-vis-recent-on-screen10487645_102=\"59176\" data-gtm-vis-first-on-screen10487645_102=\"59176\" data-gtm-vis-total-visible-time10487645_102=\"100\" data-gtm-vis-has-fired10487645_102=\"1\">Kod:\u00a016 95 02 SB<\/div>\n<\/div>\n<\/div>\n<div class=\"field__item\" data-gtm-vis-recent-on-screen10487645_102=\"59178\" data-gtm-vis-first-on-screen10487645_102=\"59178\" data-gtm-vis-total-visible-time10487645_102=\"100\" data-gtm-vis-has-fired10487645_102=\"1\">\n<div class=\"key-value-class-item \" data-gtm-vis-recent-on-screen10487645_102=\"59179\" data-gtm-vis-first-on-screen10487645_102=\"59179\" data-gtm-vis-total-visible-time10487645_102=\"100\" data-gtm-vis-has-fired10487645_102=\"1\">\n<div class=\"key\" data-gtm-vis-recent-on-screen10487645_102=\"59180\" data-gtm-vis-first-on-screen10487645_102=\"59180\" data-gtm-vis-total-visible-time10487645_102=\"100\" data-gtm-vis-has-fired10487645_102=\"1\">EAN4003773082910<\/div>\n<\/div>\n<\/div>\n<div class=\"field__item\" data-gtm-vis-recent-on-screen10487645_102=\"59202\" data-gtm-vis-first-on-screen10487645_102=\"59202\" data-gtm-vis-total-visible-time10487645_102=\"100\" data-gtm-vis-has-fired10487645_102=\"1\">\n<div class=\"key-value-class-item \" data-gtm-vis-recent-on-screen10487645_102=\"59203\" data-gtm-vis-first-on-screen10487645_102=\"59203\" data-gtm-vis-total-visible-time10487645_102=\"100\" data-gtm-vis-has-fired10487645_102=\"1\">\n<div class=\"key\" data-gtm-vis-recent-on-screen10487645_102=\"59204\" data-gtm-vis-first-on-screen10487645_102=\"59204\" data-gtm-vis-total-visible-time10487645_102=\"100\" data-gtm-vis-has-fired10487645_102=\"1\">A\u011f\u0131rl\u0131k75 g<\/div>\n<\/div>\n<\/div>\n<div class=\"field__item\" data-gtm-vis-recent-on-screen10487645_102=\"59245\" data-gtm-vis-first-on-screen10487645_102=\"59245\" data-gtm-vis-total-visible-time10487645_102=\"100\" data-gtm-vis-has-fired10487645_102=\"1\">\n<div class=\"key-value-class-item \" data-gtm-vis-recent-on-screen10487645_102=\"59246\" data-gtm-vis-first-on-screen10487645_102=\"59246\" data-gtm-vis-total-visible-time10487645_102=\"100\" data-gtm-vis-has-fired10487645_102=\"1\">\n<div class=\"key\" data-gtm-vis-recent-on-screen10487645_102=\"59247\" data-gtm-vis-first-on-screen10487645_102=\"59247\" data-gtm-vis-total-visible-time10487645_102=\"100\" data-gtm-vis-has-fired10487645_102=\"1\">\u00d6l\u00e7\u00fcleri135 x 85 x 37 mm<\/div>\n<\/div>\n<\/div>\n<div class=\"field__item\" data-gtm-vis-polling-id10487645_102=\"1193\">ROHS Uyumlu Uygulanamaz<\/div>\n<\/div>\n<div class=\"product--variation-field--variation_field_technical_section__1937 field field--name-field-technical-section field--type-key-value-class-field-type field--label-hidden field__items\" data-gtm-vis-recent-on-screen10487645_102=\"59374\" data-gtm-vis-first-on-screen10487645_102=\"59374\" data-gtm-vis-total-visible-time10487645_102=\"100\" data-gtm-vis-has-fired10487645_102=\"1\">\n<div class=\"field__item\" data-gtm-vis-recent-on-screen10487645_102=\"59308\" data-gtm-vis-first-on-screen10487645_102=\"59308\" data-gtm-vis-total-visible-time10487645_102=\"100\" data-gtm-vis-has-fired10487645_102=\"1\">\n<div class=\"key-value-class-item \" data-gtm-vis-recent-on-screen10487645_102=\"59309\" data-gtm-vis-first-on-screen10487645_102=\"59309\" data-gtm-vis-total-visible-time10487645_102=\"100\" data-gtm-vis-has-fired10487645_102=\"1\">\n<div class=\"key\" data-gtm-vis-recent-on-screen10487645_102=\"59310\" data-gtm-vis-first-on-screen10487645_102=\"59310\" data-gtm-vis-total-visible-time10487645_102=\"100\" data-gtm-vis-has-fired10487645_102=\"1\">Yuvarlak Kablo \u0130zolasyon S\u0131y\u0131rma De\u011feri (\u00e7ap)\u00d8 8 &#8211; 13 mm<\/div>\n<\/div>\n<\/div>\n<div class=\"field__item\" data-gtm-vis-recent-on-screen10487645_102=\"59312\" data-gtm-vis-first-on-screen10487645_102=\"59312\" data-gtm-vis-total-visible-time10487645_102=\"100\" data-gtm-vis-has-fired10487645_102=\"1\">\n<div class=\"key-value-class-item \" data-gtm-vis-recent-on-screen10487645_102=\"59313\" data-gtm-vis-first-on-screen10487645_102=\"59313\" data-gtm-vis-total-visible-time10487645_102=\"100\" data-gtm-vis-has-fired10487645_102=\"1\">\n<div class=\"key\" data-gtm-vis-recent-on-screen10487645_102=\"59314\" data-gtm-vis-first-on-screen10487645_102=\"59314\" data-gtm-vis-total-visible-time10487645_102=\"100\" data-gtm-vis-has-fired10487645_102=\"1\">Kablo ve Tel S\u0131y\u0131rma de\u011feri 0,2 \u2014 4,0 mm\u00b2<\/div>\n<\/div>\n<\/div>\n<div class=\"field__item\" data-gtm-vis-recent-on-screen10487645_102=\"59341\" data-gtm-vis-first-on-screen10487645_102=\"59341\" data-gtm-vis-total-visible-time10487645_102=\"100\" data-gtm-vis-has-fired10487645_102=\"1\">\n<div class=\"key-value-class-item \" data-gtm-vis-recent-on-screen10487645_102=\"59342\" data-gtm-vis-first-on-screen10487645_102=\"59342\" data-gtm-vis-total-visible-time10487645_102=\"100\" data-gtm-vis-has-fired10487645_102=\"1\">\n<div class=\"key\" data-gtm-vis-recent-on-screen10487645_102=\"59343\" data-gtm-vis-first-on-screen10487645_102=\"59343\" data-gtm-vis-total-visible-time10487645_102=\"100\" data-gtm-vis-has-fired10487645_102=\"1\">Koax Kablosu \u0130zolasyon S\u0131y\u0131rma De\u011feri (\u00e7ap) \u00d8 4 &#8211; 7 mm<\/div>\n<\/div>\n<\/div>\n<div class=\"field__item\" data-gtm-vis-recent-on-screen10487645_102=\"59376\" data-gtm-vis-first-on-screen10487645_102=\"59376\" data-gtm-vis-total-visible-time10487645_102=\"100\" data-gtm-vis-has-fired10487645_102=\"1\">\n<div class=\"key-value-class-item \" data-gtm-vis-recent-on-screen10487645_102=\"59376\" data-gtm-vis-first-on-screen10487645_102=\"59376\" data-gtm-vis-total-visible-time10487645_102=\"100\" data-gtm-vis-has-fired10487645_102=\"1\">\n<div class=\"key\" data-gtm-vis-recent-on-screen10487645_102=\"59377\" data-gtm-vis-first-on-screen10487645_102=\"59377\" data-gtm-vis-total-visible-time10487645_102=\"100\" data-gtm-vis-has-fired10487645_102=\"1\">Data Kablosu \u0130zolasyon S\u0131y\u0131rma De\u011feri CAT 5 &#8211; 7, Twisted Pair (UTP\/STP)<\/div>\n<\/div>\n<\/div>\n<div class=\"field__item\" data-gtm-vis-recent-on-screen10487645_102=\"59441\" data-gtm-vis-first-on-screen10487645_102=\"59441\" data-gtm-vis-total-visible-time10487645_102=\"100\" data-gtm-vis-has-fired10487645_102=\"1\">\n<div class=\"key-value-class-item \" data-gtm-vis-recent-on-screen10487645_102=\"59444\" data-gtm-vis-first-on-screen10487645_102=\"59444\" data-gtm-vis-total-visible-time10487645_102=\"100\" data-gtm-vis-has-fired10487645_102=\"1\">\n<div class=\"key\" data-gtm-vis-recent-on-screen10487645_102=\"59445\" data-gtm-vis-first-on-screen10487645_102=\"59445\" data-gtm-vis-total-visible-time10487645_102=\"100\" data-gtm-vis-has-fired10487645_102=\"1\">Kablo S\u0131y\u0131rma De\u011feri \u00d8 8,0 \u2014 13,0 mm<\/div>\n<\/div>\n<\/div>\n<\/div>\n","protected":false},"excerpt":{"rendered":"<div class=\"kx-flex kx-justify-between\" data-gtm-vis-first-on-screen10487645_102=\"594\" data-gtm-vis-total-visible-time10487645_102=\"100\" data-gtm-vis-has-fired10487645_102=\"1\">\n<div class=\"kx-flex kx-items-center kx-flex-wrap kx-gap-4 kx-gap-y-0\" data-gtm-vis-first-on-screen10487645_102=\"595\" data-gtm-vis-total-visible-time10487645_102=\"100\" data-gtm-vis-has-fired10487645_102=\"1\"><img decoding=\"async\" src=\"https:\/\/product-api-assets.knipex.com\/fd89784\/30547752-c1ba-43e4-835f-fcbde2014d08.png\" alt=\"\" \/><\/div>\n<\/div>\n<div class=\"bulletpoint-container\" data-gtm-vis-first-on-screen10487645_102=\"595\" data-gtm-vis-total-visible-time10487645_102=\"100\" data-gtm-vis-has-fired10487645_102=\"1\">\n<ul>\n<li>Her \u00e7e\u015fit yuvarlak kablo ve \u0131slak mekanlarda kullan\u0131lan kablolar\u0131 (\u00f6rne\u011fin NYM kablolar\u0131, 3 x 1,5 mm\u00b2 ila 5 x 2,5 mm\u00b2 aras\u0131), data kablolar\u0131 (\u00f6rne\u011fin Twisted-Pair) ve koaksiyal kablolar\u0131 h\u0131zl\u0131 ve hassas \u015fekilde s\u0131yr\u0131l\u0131r ve d\u0131\u015f k\u0131l\u0131f\u0131 soyulur<\/li>\n<li>Kablo k\u0131l\u0131f\u0131n\u0131 kolayl\u0131kla kesmek, s\u0131y\u0131rmak ve uzunlamas\u0131na kesmek i\u00e7in yenilik\u00e7i, ergonomik tabanca sap\u0131 tasar\u0131m\u0131<\/li>\n<li>Dar \u00e7al\u0131\u015fma alanlar\u0131nda daha kolay eri\u015fim sa\u011flamak i\u00e7in tak\u0131m sonu konik olarak daralt\u0131lm\u0131\u015ft\u0131r<\/li>\n<li>0,2 \/ 0,3 \/ 0,8 \/ 1,5 \/ 2,5 \/ 4 mm\u00b2\u2019lik kesitler i\u00e7in izolasyon s\u0131y\u0131rma d\u00fczeni<\/li>\n<li>Pozisyonlama kanatlar\u0131 ile kablo tellerini ay\u0131rarak kolayl\u0131kla kablo k\u0131l\u0131f\u0131 s\u0131y\u0131rma<\/li>\n<li>A\u00e7ma yay\u0131 ve kilitleme tertibat\u0131 ile<\/li>\n<li>A\u00e7ma yard\u0131m\u0131 donan\u0131m\u0131 sayesinde Koax ve data kablolar\u0131 konforlu bir \u015fekilde yerle\u015ftirilir<\/li>\n<li>Konforlu kullan\u0131m ve g\u00fcvenli tutmay\u0131 sa\u011flayan yumu\u015fak plastik b\u00f6l\u00fcm\u00fc bulunan \u00e7ok komponentli tasar\u0131m<\/li>\n<\/ul>\n<ul class=\"product--variation-field--variation_field_product_description__1937 field field--name-field-product-description field--type-text-long field--label-hidden field__items\">\n<li class=\"field__item\">\u00a0Solaklar i\u00e7in<\/li>\n<\/ul>\n<\/div>\n","protected":false},"featured_media":17420,"template":"","meta":{"_joinchat":[]},"product_brand":[159],"product_cat":[191],"product_tag":[1328,1327,1325,1326,1287],"class_list":{"0":"post-17419","1":"product","2":"type-product","3":"status-publish","4":"has-post-thumbnail","6":"product_brand-knipex","7":"product_cat-kablo-soyma-ve-siyirma-penseleri","8":"product_tag-16-95-02-sb-kablo-siyirma","9":"product_tag-knipex-16-95-02-sb","10":"product_tag-knipex-16-95-02-sb-kablo-siyirma","11":"product_tag-knipex-16-95-02-sb-kablo-siyirma-knipex-ergostrip","12":"product_tag-knipex-kablo-siyirma","15":"first","16":"instock","17":"shipping-taxable","18":"product-type-simple"},"yoast_head":"<!-- This site is optimized with the Yoast SEO plugin v27.3 - https:\/\/yoast.com\/product\/yoast-seo-wordpress\/ -->\n<title>Knipex 16 95 02 SB Kablo S\u0131y\u0131rma - El Aleti Sepeti<\/title>\n<meta name=\"description\" content=\"Knipex 16 95 02 SB, yuvarlak, data ve koaksiyel kablolar\u0131 h\u0131zl\u0131 ve hassas soyan ErgoStrip tasar\u0131m\u0131yla elektrik ve a\u011f montajlar\u0131nda b\u00fcy\u00fck kolayl\u0131k sa\u011flar\" \/>\n<meta name=\"robots\" content=\"index, follow, max-snippet:-1, max-image-preview:large, max-video-preview:-1\" \/>\n<link rel=\"canonical\" href=\"https:\/\/www.elaletisepeti.com\/?product=knipex-16-95-02-sb-kablo-siyirma\" \/>\n<meta property=\"og:locale\" content=\"tr_TR\" \/>\n<meta property=\"og:type\" content=\"article\" \/>\n<meta property=\"og:title\" content=\"Knipex 16 95 02 SB Kablo S\u0131y\u0131rma - El Aleti Sepeti\" \/>\n<meta property=\"og:description\" content=\"Knipex 16 95 02 SB, yuvarlak, data ve koaksiyel kablolar\u0131 h\u0131zl\u0131 ve hassas soyan ErgoStrip tasar\u0131m\u0131yla elektrik ve a\u011f montajlar\u0131nda b\u00fcy\u00fck kolayl\u0131k sa\u011flar\" \/>\n<meta property=\"og:url\" content=\"https:\/\/www.elaletisepeti.com\/?product=knipex-16-95-02-sb-kablo-siyirma\" \/>\n<meta property=\"og:site_name\" content=\"El Aleti Sepeti\" \/>\n<meta property=\"og:image\" content=\"https:\/\/www.elaletisepeti.com\/wp-content\/uploads\/2025\/12\/Knipex-16-95-02-SB.jpg\" \/>\n\t<meta property=\"og:image:width\" content=\"1000\" \/>\n\t<meta property=\"og:image:height\" content=\"1000\" \/>\n\t<meta property=\"og:image:type\" content=\"image\/jpeg\" \/>\n<meta name=\"twitter:card\" content=\"summary_large_image\" \/>\n<meta name=\"twitter:label1\" content=\"Tahmini okuma s\u00fcresi\" \/>\n\t<meta name=\"twitter:data1\" content=\"1 dakika\" \/>\n<script type=\"application\/ld+json\" class=\"yoast-schema-graph\">{\"@context\":\"https:\\\/\\\/schema.org\",\"@graph\":[{\"@type\":\"WebPage\",\"@id\":\"https:\\\/\\\/www.elaletisepeti.com\\\/?product=knipex-16-95-02-sb-kablo-siyirma\",\"url\":\"https:\\\/\\\/www.elaletisepeti.com\\\/?product=knipex-16-95-02-sb-kablo-siyirma\",\"name\":\"Knipex 16 95 02 SB Kablo S\u0131y\u0131rma - El Aleti Sepeti\",\"isPartOf\":{\"@id\":\"https:\\\/\\\/www.elaletisepeti.com\\\/#website\"},\"primaryImageOfPage\":{\"@id\":\"https:\\\/\\\/www.elaletisepeti.com\\\/?product=knipex-16-95-02-sb-kablo-siyirma#primaryimage\"},\"image\":{\"@id\":\"https:\\\/\\\/www.elaletisepeti.com\\\/?product=knipex-16-95-02-sb-kablo-siyirma#primaryimage\"},\"thumbnailUrl\":\"https:\\\/\\\/www.elaletisepeti.com\\\/wp-content\\\/uploads\\\/2025\\\/12\\\/Knipex-16-95-02-SB.jpg\",\"datePublished\":\"2025-12-10T18:15:15+00:00\",\"description\":\"Knipex 16 95 02 SB, yuvarlak, data ve koaksiyel kablolar\u0131 h\u0131zl\u0131 ve hassas soyan ErgoStrip tasar\u0131m\u0131yla elektrik ve a\u011f montajlar\u0131nda b\u00fcy\u00fck kolayl\u0131k sa\u011flar\",\"breadcrumb\":{\"@id\":\"https:\\\/\\\/www.elaletisepeti.com\\\/?product=knipex-16-95-02-sb-kablo-siyirma#breadcrumb\"},\"inLanguage\":\"tr\",\"potentialAction\":[{\"@type\":\"ReadAction\",\"target\":[\"https:\\\/\\\/www.elaletisepeti.com\\\/?product=knipex-16-95-02-sb-kablo-siyirma\"]}]},{\"@type\":\"ImageObject\",\"inLanguage\":\"tr\",\"@id\":\"https:\\\/\\\/www.elaletisepeti.com\\\/?product=knipex-16-95-02-sb-kablo-siyirma#primaryimage\",\"url\":\"https:\\\/\\\/www.elaletisepeti.com\\\/wp-content\\\/uploads\\\/2025\\\/12\\\/Knipex-16-95-02-SB.jpg\",\"contentUrl\":\"https:\\\/\\\/www.elaletisepeti.com\\\/wp-content\\\/uploads\\\/2025\\\/12\\\/Knipex-16-95-02-SB.jpg\",\"width\":1000,\"height\":1000},{\"@type\":\"BreadcrumbList\",\"@id\":\"https:\\\/\\\/www.elaletisepeti.com\\\/?product=knipex-16-95-02-sb-kablo-siyirma#breadcrumb\",\"itemListElement\":[{\"@type\":\"ListItem\",\"position\":1,\"name\":\"Anasayfa\",\"item\":\"https:\\\/\\\/www.elaletisepeti.com\\\/\"},{\"@type\":\"ListItem\",\"position\":2,\"name\":\"Shop\",\"item\":\"https:\\\/\\\/www.elaletisepeti.com\\\/?page_id=7\"},{\"@type\":\"ListItem\",\"position\":3,\"name\":\"Knipex 16 95 02 SB Kablo S\u0131y\u0131rma\"}]},{\"@type\":\"WebSite\",\"@id\":\"https:\\\/\\\/www.elaletisepeti.com\\\/#website\",\"url\":\"https:\\\/\\\/www.elaletisepeti.com\\\/\",\"name\":\"El Aleti Sepeti\",\"description\":\"El Aletleri, Knipex Pense, Knipex Kerpeten, Knipex Kargaburun,  Kn\u0131pex  Yankeski, Kn\u0131pex Boru Kesme, Knipex Kablo S\u0131y\u0131rma, Knipex  El Aletleri\",\"potentialAction\":[{\"@type\":\"SearchAction\",\"target\":{\"@type\":\"EntryPoint\",\"urlTemplate\":\"https:\\\/\\\/www.elaletisepeti.com\\\/?s={search_term_string}\"},\"query-input\":{\"@type\":\"PropertyValueSpecification\",\"valueRequired\":true,\"valueName\":\"search_term_string\"}}],\"inLanguage\":\"tr\"}]}<\/script>\n<!-- \/ Yoast SEO plugin. -->","yoast_head_json":{"title":"Knipex 16 95 02 SB Kablo S\u0131y\u0131rma - El Aleti Sepeti","description":"Knipex 16 95 02 SB, yuvarlak, data ve koaksiyel kablolar\u0131 h\u0131zl\u0131 ve hassas soyan ErgoStrip tasar\u0131m\u0131yla elektrik ve a\u011f montajlar\u0131nda b\u00fcy\u00fck kolayl\u0131k sa\u011flar","robots":{"index":"index","follow":"follow","max-snippet":"max-snippet:-1","max-image-preview":"max-image-preview:large","max-video-preview":"max-video-preview:-1"},"canonical":"https:\/\/www.elaletisepeti.com\/?product=knipex-16-95-02-sb-kablo-siyirma","og_locale":"tr_TR","og_type":"article","og_title":"Knipex 16 95 02 SB Kablo S\u0131y\u0131rma - El Aleti Sepeti","og_description":"Knipex 16 95 02 SB, yuvarlak, data ve koaksiyel kablolar\u0131 h\u0131zl\u0131 ve hassas soyan ErgoStrip tasar\u0131m\u0131yla elektrik ve a\u011f montajlar\u0131nda b\u00fcy\u00fck kolayl\u0131k sa\u011flar","og_url":"https:\/\/www.elaletisepeti.com\/?product=knipex-16-95-02-sb-kablo-siyirma","og_site_name":"El Aleti Sepeti","og_image":[{"width":1000,"height":1000,"url":"https:\/\/www.elaletisepeti.com\/wp-content\/uploads\/2025\/12\/Knipex-16-95-02-SB.jpg","type":"image\/jpeg"}],"twitter_card":"summary_large_image","twitter_misc":{"Tahmini okuma s\u00fcresi":"1 dakika"},"schema":{"@context":"https:\/\/schema.org","@graph":[{"@type":"WebPage","@id":"https:\/\/www.elaletisepeti.com\/?product=knipex-16-95-02-sb-kablo-siyirma","url":"https:\/\/www.elaletisepeti.com\/?product=knipex-16-95-02-sb-kablo-siyirma","name":"Knipex 16 95 02 SB Kablo S\u0131y\u0131rma - El Aleti Sepeti","isPartOf":{"@id":"https:\/\/www.elaletisepeti.com\/#website"},"primaryImageOfPage":{"@id":"https:\/\/www.elaletisepeti.com\/?product=knipex-16-95-02-sb-kablo-siyirma#primaryimage"},"image":{"@id":"https:\/\/www.elaletisepeti.com\/?product=knipex-16-95-02-sb-kablo-siyirma#primaryimage"},"thumbnailUrl":"https:\/\/www.elaletisepeti.com\/wp-content\/uploads\/2025\/12\/Knipex-16-95-02-SB.jpg","datePublished":"2025-12-10T18:15:15+00:00","description":"Knipex 16 95 02 SB, yuvarlak, data ve koaksiyel kablolar\u0131 h\u0131zl\u0131 ve hassas soyan ErgoStrip tasar\u0131m\u0131yla elektrik ve a\u011f montajlar\u0131nda b\u00fcy\u00fck kolayl\u0131k sa\u011flar","breadcrumb":{"@id":"https:\/\/www.elaletisepeti.com\/?product=knipex-16-95-02-sb-kablo-siyirma#breadcrumb"},"inLanguage":"tr","potentialAction":[{"@type":"ReadAction","target":["https:\/\/www.elaletisepeti.com\/?product=knipex-16-95-02-sb-kablo-siyirma"]}]},{"@type":"ImageObject","inLanguage":"tr","@id":"https:\/\/www.elaletisepeti.com\/?product=knipex-16-95-02-sb-kablo-siyirma#primaryimage","url":"https:\/\/www.elaletisepeti.com\/wp-content\/uploads\/2025\/12\/Knipex-16-95-02-SB.jpg","contentUrl":"https:\/\/www.elaletisepeti.com\/wp-content\/uploads\/2025\/12\/Knipex-16-95-02-SB.jpg","width":1000,"height":1000},{"@type":"BreadcrumbList","@id":"https:\/\/www.elaletisepeti.com\/?product=knipex-16-95-02-sb-kablo-siyirma#breadcrumb","itemListElement":[{"@type":"ListItem","position":1,"name":"Anasayfa","item":"https:\/\/www.elaletisepeti.com\/"},{"@type":"ListItem","position":2,"name":"Shop","item":"https:\/\/www.elaletisepeti.com\/?page_id=7"},{"@type":"ListItem","position":3,"name":"Knipex 16 95 02 SB Kablo S\u0131y\u0131rma"}]},{"@type":"WebSite","@id":"https:\/\/www.elaletisepeti.com\/#website","url":"https:\/\/www.elaletisepeti.com\/","name":"El Aleti Sepeti","description":"El Aletleri, Knipex Pense, Knipex Kerpeten, Knipex Kargaburun,  Kn\u0131pex  Yankeski, Kn\u0131pex Boru Kesme, Knipex Kablo S\u0131y\u0131rma, Knipex  El Aletleri","potentialAction":[{"@type":"SearchAction","target":{"@type":"EntryPoint","urlTemplate":"https:\/\/www.elaletisepeti.com\/?s={search_term_string}"},"query-input":{"@type":"PropertyValueSpecification","valueRequired":true,"valueName":"search_term_string"}}],"inLanguage":"tr"}]}},"_links":{"self":[{"href":"https:\/\/www.elaletisepeti.com\/index.php?rest_route=\/wp\/v2\/product\/17419","targetHints":{"allow":["GET"]}}],"collection":[{"href":"https:\/\/www.elaletisepeti.com\/index.php?rest_route=\/wp\/v2\/product"}],"about":[{"href":"https:\/\/www.elaletisepeti.com\/index.php?rest_route=\/wp\/v2\/types\/product"}],"wp:featuredmedia":[{"embeddable":true,"href":"https:\/\/www.elaletisepeti.com\/index.php?rest_route=\/wp\/v2\/media\/17420"}],"wp:attachment":[{"href":"https:\/\/www.elaletisepeti.com\/index.php?rest_route=%2Fwp%2Fv2%2Fmedia&parent=17419"}],"wp:term":[{"taxonomy":"product_brand","embeddable":true,"href":"https:\/\/www.elaletisepeti.com\/index.php?rest_route=%2Fwp%2Fv2%2Fproduct_brand&post=17419"},{"taxonomy":"product_cat","embeddable":true,"href":"https:\/\/www.elaletisepeti.com\/index.php?rest_route=%2Fwp%2Fv2%2Fproduct_cat&post=17419"},{"taxonomy":"product_tag","embeddable":true,"href":"https:\/\/www.elaletisepeti.com\/index.php?rest_route=%2Fwp%2Fv2%2Fproduct_tag&post=17419"}],"curies":[{"name":"wp","href":"https:\/\/api.w.org\/{rel}","templated":true}]}}