{"id":17367,"date":"2025-12-09T18:53:23","date_gmt":"2025-12-09T18:53:23","guid":{"rendered":"https:\/\/www.elaletisepeti.com\/?post_type=product&#038;p=17367"},"modified":"2025-12-09T18:58:39","modified_gmt":"2025-12-09T18:58:39","slug":"knipex-12-62-180-kablo-siyirma","status":"publish","type":"product","link":"https:\/\/www.elaletisepeti.com\/?product=knipex-12-62-180-kablo-siyirma","title":{"rendered":"Knipex 12 62 180 Kablo S\u0131y\u0131rma"},"content":{"rendered":"<p><strong>Knipex 12 62 180 Kablo S\u0131y\u0131rma KNIPEX ComStrip<\/strong><\/p>\n<div class=\"field__item\" data-gtm-vis-recent-on-screen10487645_102=\"71233\" data-gtm-vis-first-on-screen10487645_102=\"71233\" data-gtm-vis-total-visible-time10487645_102=\"100\" data-gtm-vis-has-fired10487645_102=\"1\">\n<div class=\"key-value-class-item \" data-gtm-vis-recent-on-screen10487645_102=\"71234\" data-gtm-vis-first-on-screen10487645_102=\"71234\" data-gtm-vis-total-visible-time10487645_102=\"100\" data-gtm-vis-has-fired10487645_102=\"1\">\n<div class=\"key\" data-gtm-vis-recent-on-screen10487645_102=\"71235\" data-gtm-vis-first-on-screen10487645_102=\"71235\" data-gtm-vis-total-visible-time10487645_102=\"100\" data-gtm-vis-has-fired10487645_102=\"1\">Kod:\u00a012 62 180<\/div>\n<\/div>\n<\/div>\n<div class=\"field__item\" data-gtm-vis-recent-on-screen10487645_102=\"71236\" data-gtm-vis-first-on-screen10487645_102=\"71236\" data-gtm-vis-total-visible-time10487645_102=\"100\" data-gtm-vis-has-fired10487645_102=\"1\">\n<div class=\"key-value-class-item \" data-gtm-vis-recent-on-screen10487645_102=\"71236\" data-gtm-vis-first-on-screen10487645_102=\"71236\" data-gtm-vis-total-visible-time10487645_102=\"100\" data-gtm-vis-has-fired10487645_102=\"1\">\n<div class=\"key\" data-gtm-vis-recent-on-screen10487645_102=\"71236\" data-gtm-vis-first-on-screen10487645_102=\"71236\" data-gtm-vis-total-visible-time10487645_102=\"100\" data-gtm-vis-has-fired10487645_102=\"1\">EAN 4003773054573<\/div>\n<\/div>\n<\/div>\n<div class=\"field__item\" data-gtm-vis-recent-on-screen10487645_102=\"71253\" data-gtm-vis-first-on-screen10487645_102=\"71253\" data-gtm-vis-total-visible-time10487645_102=\"100\" data-gtm-vis-has-fired10487645_102=\"1\">\n<div class=\"key-value-class-item \" data-gtm-vis-recent-on-screen10487645_102=\"71253\" data-gtm-vis-first-on-screen10487645_102=\"71253\" data-gtm-vis-total-visible-time10487645_102=\"100\" data-gtm-vis-has-fired10487645_102=\"1\">\n<div class=\"key\" data-gtm-vis-recent-on-screen10487645_102=\"71254\" data-gtm-vis-first-on-screen10487645_102=\"71254\" data-gtm-vis-total-visible-time10487645_102=\"100\" data-gtm-vis-has-fired10487645_102=\"1\">A\u011f\u0131rl\u0131k 151 g<\/div>\n<\/div>\n<\/div>\n<div class=\"field__item\" data-gtm-vis-recent-on-screen10487645_102=\"71256\" data-gtm-vis-first-on-screen10487645_102=\"71256\" data-gtm-vis-total-visible-time10487645_102=\"100\" data-gtm-vis-has-fired10487645_102=\"1\">\n<div class=\"key-value-class-item \" data-gtm-vis-recent-on-screen10487645_102=\"71257\" data-gtm-vis-first-on-screen10487645_102=\"71257\" data-gtm-vis-total-visible-time10487645_102=\"100\" data-gtm-vis-has-fired10487645_102=\"1\">\n<div class=\"key\" data-gtm-vis-recent-on-screen10487645_102=\"71257\" data-gtm-vis-first-on-screen10487645_102=\"71257\" data-gtm-vis-total-visible-time10487645_102=\"100\" data-gtm-vis-has-fired10487645_102=\"1\">\u00d6l\u00e7\u00fcleri 165 x 135 x 25 mm<\/div>\n<\/div>\n<\/div>\n<div class=\"field__item\" data-gtm-vis-recent-on-screen10487645_102=\"71269\" data-gtm-vis-first-on-screen10487645_102=\"71269\" data-gtm-vis-total-visible-time10487645_102=\"100\" data-gtm-vis-has-fired10487645_102=\"1\">\n<div class=\"key-value-class-item \" data-gtm-vis-recent-on-screen10487645_102=\"71270\" data-gtm-vis-first-on-screen10487645_102=\"71270\" data-gtm-vis-total-visible-time10487645_102=\"100\" data-gtm-vis-has-fired10487645_102=\"1\">\n<div class=\"key\" data-gtm-vis-recent-on-screen10487645_102=\"71271\" data-gtm-vis-first-on-screen10487645_102=\"71271\" data-gtm-vis-total-visible-time10487645_102=\"100\" data-gtm-vis-has-fired10487645_102=\"1\">REACH Uyumlu SVHC \u0130\u00e7ermiyor<\/div>\n<\/div>\n<\/div>\n<div class=\"field__item\" data-gtm-vis-recent-on-screen10487645_102=\"71592\" data-gtm-vis-first-on-screen10487645_102=\"71592\" data-gtm-vis-total-visible-time10487645_102=\"100\" data-gtm-vis-has-fired10487645_102=\"1\">\n<div class=\"key-value-class-item \" data-gtm-vis-recent-on-screen10487645_102=\"71593\" data-gtm-vis-first-on-screen10487645_102=\"71593\" data-gtm-vis-total-visible-time10487645_102=\"100\" data-gtm-vis-has-fired10487645_102=\"1\">\n<div class=\"key\" data-gtm-vis-recent-on-screen10487645_102=\"71594\" data-gtm-vis-first-on-screen10487645_102=\"71594\" data-gtm-vis-total-visible-time10487645_102=\"100\" data-gtm-vis-has-fired10487645_102=\"1\">ROHS Uyumlu Uygulanamaz<\/div>\n<\/div>\n<\/div>\n","protected":false},"excerpt":{"rendered":"<div class=\"kx-flex kx-justify-between\" data-gtm-vis-first-on-screen10487645_102=\"15712\" data-gtm-vis-total-visible-time10487645_102=\"100\" data-gtm-vis-has-fired10487645_102=\"1\">\n<div class=\"kx-flex kx-items-center kx-flex-wrap kx-gap-4 kx-gap-y-0\" data-gtm-vis-first-on-screen10487645_102=\"15713\" data-gtm-vis-total-visible-time10487645_102=\"100\" data-gtm-vis-has-fired10487645_102=\"1\"><img decoding=\"async\" src=\"https:\/\/product-api-assets.knipex.com\/fd89784\/30547752-c1ba-43e4-835f-fcbde2014d08.png\" alt=\"\" \/><\/div>\n<\/div>\n<div class=\"bulletpoint-container\" data-gtm-vis-first-on-screen10487645_102=\"15714\" data-gtm-vis-total-visible-time10487645_102=\"100\" data-gtm-vis-has-fired10487645_102=\"1\">\n<ul>\n<li>M\u00fckemmel giri\u015f seviyesi modeli: 0,2 ila 6 mm\u00b2 aras\u0131nda standart yal\u0131t\u0131ml\u0131 kat\u0131, \u00e7ok telli ve ince telli iletkenleri manuel ayarlamaya gerek kalmadan s\u0131y\u0131r\u0131r<\/li>\n<li>\u0130nce ayar, \u00f6zel malzemeler veya s\u0131cakl\u0131k ko\u015fullar\u0131 i\u00e7in kesme derinli\u011finin hassas bir \u015fekilde ayarlanmas\u0131n\u0131 sa\u011flar<\/li>\n<li>2,5 mm\u00b2&#8217;ye kadar kat\u0131 iletkenler i\u00e7in kablo kesici ile, 6 mm\u00b2&#8217;ye kadar ince telli iletkenler i\u00e7in geni\u015fletilmi\u015f kesme kapasitesi<\/li>\n<li>S\u00fcrekli olarak do\u011fru s\u0131y\u0131rma uzunluklar\u0131 i\u00e7in 6 ila 18 mm aras\u0131nda ayarlanabilir uzunluk durdurma \u00f6zelli\u011fi<\/li>\n<li>Ula\u015f\u0131lmas\u0131 zor \u00e7al\u0131\u015fma alanlar\u0131nda kullan\u0131m i\u00e7in ince ba\u015fl\u0131kl\u0131 kompakt ve kullan\u0131\u015fl\u0131 alet<\/li>\n<li>Yumu\u015fak kavrama b\u00f6lgesine sahip ergonomik iki bile\u015fenli saplar sayesinde d\u00fc\u015f\u00fck eforla \u00e7al\u0131\u015fma ve maksimum kuvvet iletimi<\/li>\n<li>Cam elyaf takviyeli plastikten yap\u0131lm\u0131\u015f alet g\u00f6vdesi sayesinde hafif ve sa\u011flam<\/li>\n<li>Dayan\u0131kl\u0131 b\u0131\u00e7aklar, a\u015f\u0131nd\u0131\u011f\u0131nda de\u011fi\u015ftirilebilir<\/li>\n<\/ul>\n<\/div>\n","protected":false},"featured_media":17368,"template":"","meta":{"_joinchat":[]},"product_brand":[159],"product_cat":[191],"product_tag":[1305,1304,1303,1287,1288],"class_list":{"0":"post-17367","1":"product","2":"type-product","3":"status-publish","4":"has-post-thumbnail","6":"product_brand-knipex","7":"product_cat-kablo-soyma-ve-siyirma-penseleri","8":"product_tag-12-62-180-kablo-siyirma","9":"product_tag-knipex-12-62-180","10":"product_tag-knipex-12-62-180-kablo-siyirma","11":"product_tag-knipex-kablo-siyirma","12":"product_tag-knipex-otomatik-kablo-siyirma","15":"first","16":"instock","17":"shipping-taxable","18":"product-type-simple"},"yoast_head":"<!-- This site is optimized with the Yoast SEO plugin v27.3 - https:\/\/yoast.com\/product\/yoast-seo-wordpress\/ -->\n<title>Knipex 12 62 180 Kablo S\u0131y\u0131rma - El Aleti Sepeti<\/title>\n<meta name=\"description\" content=\"\u201cKompakt, hafif ve g\u00fc\u00e7l\u00fc: Knipex 12 62 180 otomatik kablo soyucu, bak\u0131r\/al\u00fcminyum telleri g\u00fcvenli soyarken tekrarl\u0131 i\u015fler i\u00e7in ideal uzunluk ayar\u0131 sunar.\u201d\" \/>\n<meta name=\"robots\" content=\"index, follow, max-snippet:-1, max-image-preview:large, max-video-preview:-1\" \/>\n<link rel=\"canonical\" href=\"https:\/\/www.elaletisepeti.com\/?product=knipex-12-62-180-kablo-siyirma\" \/>\n<meta property=\"og:locale\" content=\"tr_TR\" \/>\n<meta property=\"og:type\" content=\"article\" \/>\n<meta property=\"og:title\" content=\"Knipex 12 62 180 Kablo S\u0131y\u0131rma - El Aleti Sepeti\" \/>\n<meta property=\"og:description\" content=\"\u201cKompakt, hafif ve g\u00fc\u00e7l\u00fc: Knipex 12 62 180 otomatik kablo soyucu, bak\u0131r\/al\u00fcminyum telleri g\u00fcvenli soyarken tekrarl\u0131 i\u015fler i\u00e7in ideal uzunluk ayar\u0131 sunar.\u201d\" \/>\n<meta property=\"og:url\" content=\"https:\/\/www.elaletisepeti.com\/?product=knipex-12-62-180-kablo-siyirma\" \/>\n<meta property=\"og:site_name\" content=\"El Aleti Sepeti\" \/>\n<meta property=\"article:modified_time\" content=\"2025-12-09T18:58:39+00:00\" \/>\n<meta property=\"og:image\" content=\"https:\/\/www.elaletisepeti.com\/wp-content\/uploads\/2025\/12\/Knipex-12-62-180-.jpg\" \/>\n\t<meta property=\"og:image:width\" content=\"1000\" \/>\n\t<meta property=\"og:image:height\" content=\"1000\" \/>\n\t<meta property=\"og:image:type\" content=\"image\/jpeg\" \/>\n<meta name=\"twitter:card\" content=\"summary_large_image\" \/>\n<meta name=\"twitter:label1\" content=\"Tahmini okuma s\u00fcresi\" \/>\n\t<meta name=\"twitter:data1\" content=\"1 dakika\" \/>\n<script type=\"application\/ld+json\" class=\"yoast-schema-graph\">{\"@context\":\"https:\\\/\\\/schema.org\",\"@graph\":[{\"@type\":\"WebPage\",\"@id\":\"https:\\\/\\\/www.elaletisepeti.com\\\/?product=knipex-12-62-180-kablo-siyirma\",\"url\":\"https:\\\/\\\/www.elaletisepeti.com\\\/?product=knipex-12-62-180-kablo-siyirma\",\"name\":\"Knipex 12 62 180 Kablo S\u0131y\u0131rma - El Aleti Sepeti\",\"isPartOf\":{\"@id\":\"https:\\\/\\\/www.elaletisepeti.com\\\/#website\"},\"primaryImageOfPage\":{\"@id\":\"https:\\\/\\\/www.elaletisepeti.com\\\/?product=knipex-12-62-180-kablo-siyirma#primaryimage\"},\"image\":{\"@id\":\"https:\\\/\\\/www.elaletisepeti.com\\\/?product=knipex-12-62-180-kablo-siyirma#primaryimage\"},\"thumbnailUrl\":\"https:\\\/\\\/www.elaletisepeti.com\\\/wp-content\\\/uploads\\\/2025\\\/12\\\/Knipex-12-62-180-.jpg\",\"datePublished\":\"2025-12-09T18:53:23+00:00\",\"dateModified\":\"2025-12-09T18:58:39+00:00\",\"description\":\"\u201cKompakt, hafif ve g\u00fc\u00e7l\u00fc: Knipex 12 62 180 otomatik kablo soyucu, bak\u0131r\\\/al\u00fcminyum telleri g\u00fcvenli soyarken tekrarl\u0131 i\u015fler i\u00e7in ideal uzunluk ayar\u0131 sunar.\u201d\",\"breadcrumb\":{\"@id\":\"https:\\\/\\\/www.elaletisepeti.com\\\/?product=knipex-12-62-180-kablo-siyirma#breadcrumb\"},\"inLanguage\":\"tr\",\"potentialAction\":[{\"@type\":\"ReadAction\",\"target\":[\"https:\\\/\\\/www.elaletisepeti.com\\\/?product=knipex-12-62-180-kablo-siyirma\"]}]},{\"@type\":\"ImageObject\",\"inLanguage\":\"tr\",\"@id\":\"https:\\\/\\\/www.elaletisepeti.com\\\/?product=knipex-12-62-180-kablo-siyirma#primaryimage\",\"url\":\"https:\\\/\\\/www.elaletisepeti.com\\\/wp-content\\\/uploads\\\/2025\\\/12\\\/Knipex-12-62-180-.jpg\",\"contentUrl\":\"https:\\\/\\\/www.elaletisepeti.com\\\/wp-content\\\/uploads\\\/2025\\\/12\\\/Knipex-12-62-180-.jpg\",\"width\":1000,\"height\":1000},{\"@type\":\"BreadcrumbList\",\"@id\":\"https:\\\/\\\/www.elaletisepeti.com\\\/?product=knipex-12-62-180-kablo-siyirma#breadcrumb\",\"itemListElement\":[{\"@type\":\"ListItem\",\"position\":1,\"name\":\"Anasayfa\",\"item\":\"https:\\\/\\\/www.elaletisepeti.com\\\/\"},{\"@type\":\"ListItem\",\"position\":2,\"name\":\"Shop\",\"item\":\"https:\\\/\\\/www.elaletisepeti.com\\\/?page_id=7\"},{\"@type\":\"ListItem\",\"position\":3,\"name\":\"Knipex 12 62 180 Kablo S\u0131y\u0131rma\"}]},{\"@type\":\"WebSite\",\"@id\":\"https:\\\/\\\/www.elaletisepeti.com\\\/#website\",\"url\":\"https:\\\/\\\/www.elaletisepeti.com\\\/\",\"name\":\"El Aleti Sepeti\",\"description\":\"El Aletleri, Knipex Pense, Knipex Kerpeten, Knipex Kargaburun,  Kn\u0131pex  Yankeski, Kn\u0131pex Boru Kesme, Knipex Kablo S\u0131y\u0131rma, Knipex  El Aletleri\",\"potentialAction\":[{\"@type\":\"SearchAction\",\"target\":{\"@type\":\"EntryPoint\",\"urlTemplate\":\"https:\\\/\\\/www.elaletisepeti.com\\\/?s={search_term_string}\"},\"query-input\":{\"@type\":\"PropertyValueSpecification\",\"valueRequired\":true,\"valueName\":\"search_term_string\"}}],\"inLanguage\":\"tr\"}]}<\/script>\n<!-- \/ Yoast SEO plugin. -->","yoast_head_json":{"title":"Knipex 12 62 180 Kablo S\u0131y\u0131rma - El Aleti Sepeti","description":"\u201cKompakt, hafif ve g\u00fc\u00e7l\u00fc: Knipex 12 62 180 otomatik kablo soyucu, bak\u0131r\/al\u00fcminyum telleri g\u00fcvenli soyarken tekrarl\u0131 i\u015fler i\u00e7in ideal uzunluk ayar\u0131 sunar.\u201d","robots":{"index":"index","follow":"follow","max-snippet":"max-snippet:-1","max-image-preview":"max-image-preview:large","max-video-preview":"max-video-preview:-1"},"canonical":"https:\/\/www.elaletisepeti.com\/?product=knipex-12-62-180-kablo-siyirma","og_locale":"tr_TR","og_type":"article","og_title":"Knipex 12 62 180 Kablo S\u0131y\u0131rma - El Aleti Sepeti","og_description":"\u201cKompakt, hafif ve g\u00fc\u00e7l\u00fc: Knipex 12 62 180 otomatik kablo soyucu, bak\u0131r\/al\u00fcminyum telleri g\u00fcvenli soyarken tekrarl\u0131 i\u015fler i\u00e7in ideal uzunluk ayar\u0131 sunar.\u201d","og_url":"https:\/\/www.elaletisepeti.com\/?product=knipex-12-62-180-kablo-siyirma","og_site_name":"El Aleti Sepeti","article_modified_time":"2025-12-09T18:58:39+00:00","og_image":[{"width":1000,"height":1000,"url":"https:\/\/www.elaletisepeti.com\/wp-content\/uploads\/2025\/12\/Knipex-12-62-180-.jpg","type":"image\/jpeg"}],"twitter_card":"summary_large_image","twitter_misc":{"Tahmini okuma s\u00fcresi":"1 dakika"},"schema":{"@context":"https:\/\/schema.org","@graph":[{"@type":"WebPage","@id":"https:\/\/www.elaletisepeti.com\/?product=knipex-12-62-180-kablo-siyirma","url":"https:\/\/www.elaletisepeti.com\/?product=knipex-12-62-180-kablo-siyirma","name":"Knipex 12 62 180 Kablo S\u0131y\u0131rma - El Aleti Sepeti","isPartOf":{"@id":"https:\/\/www.elaletisepeti.com\/#website"},"primaryImageOfPage":{"@id":"https:\/\/www.elaletisepeti.com\/?product=knipex-12-62-180-kablo-siyirma#primaryimage"},"image":{"@id":"https:\/\/www.elaletisepeti.com\/?product=knipex-12-62-180-kablo-siyirma#primaryimage"},"thumbnailUrl":"https:\/\/www.elaletisepeti.com\/wp-content\/uploads\/2025\/12\/Knipex-12-62-180-.jpg","datePublished":"2025-12-09T18:53:23+00:00","dateModified":"2025-12-09T18:58:39+00:00","description":"\u201cKompakt, hafif ve g\u00fc\u00e7l\u00fc: Knipex 12 62 180 otomatik kablo soyucu, bak\u0131r\/al\u00fcminyum telleri g\u00fcvenli soyarken tekrarl\u0131 i\u015fler i\u00e7in ideal uzunluk ayar\u0131 sunar.\u201d","breadcrumb":{"@id":"https:\/\/www.elaletisepeti.com\/?product=knipex-12-62-180-kablo-siyirma#breadcrumb"},"inLanguage":"tr","potentialAction":[{"@type":"ReadAction","target":["https:\/\/www.elaletisepeti.com\/?product=knipex-12-62-180-kablo-siyirma"]}]},{"@type":"ImageObject","inLanguage":"tr","@id":"https:\/\/www.elaletisepeti.com\/?product=knipex-12-62-180-kablo-siyirma#primaryimage","url":"https:\/\/www.elaletisepeti.com\/wp-content\/uploads\/2025\/12\/Knipex-12-62-180-.jpg","contentUrl":"https:\/\/www.elaletisepeti.com\/wp-content\/uploads\/2025\/12\/Knipex-12-62-180-.jpg","width":1000,"height":1000},{"@type":"BreadcrumbList","@id":"https:\/\/www.elaletisepeti.com\/?product=knipex-12-62-180-kablo-siyirma#breadcrumb","itemListElement":[{"@type":"ListItem","position":1,"name":"Anasayfa","item":"https:\/\/www.elaletisepeti.com\/"},{"@type":"ListItem","position":2,"name":"Shop","item":"https:\/\/www.elaletisepeti.com\/?page_id=7"},{"@type":"ListItem","position":3,"name":"Knipex 12 62 180 Kablo S\u0131y\u0131rma"}]},{"@type":"WebSite","@id":"https:\/\/www.elaletisepeti.com\/#website","url":"https:\/\/www.elaletisepeti.com\/","name":"El Aleti Sepeti","description":"El Aletleri, Knipex Pense, Knipex Kerpeten, Knipex Kargaburun,  Kn\u0131pex  Yankeski, Kn\u0131pex Boru Kesme, Knipex Kablo S\u0131y\u0131rma, Knipex  El Aletleri","potentialAction":[{"@type":"SearchAction","target":{"@type":"EntryPoint","urlTemplate":"https:\/\/www.elaletisepeti.com\/?s={search_term_string}"},"query-input":{"@type":"PropertyValueSpecification","valueRequired":true,"valueName":"search_term_string"}}],"inLanguage":"tr"}]}},"_links":{"self":[{"href":"https:\/\/www.elaletisepeti.com\/index.php?rest_route=\/wp\/v2\/product\/17367","targetHints":{"allow":["GET"]}}],"collection":[{"href":"https:\/\/www.elaletisepeti.com\/index.php?rest_route=\/wp\/v2\/product"}],"about":[{"href":"https:\/\/www.elaletisepeti.com\/index.php?rest_route=\/wp\/v2\/types\/product"}],"wp:featuredmedia":[{"embeddable":true,"href":"https:\/\/www.elaletisepeti.com\/index.php?rest_route=\/wp\/v2\/media\/17368"}],"wp:attachment":[{"href":"https:\/\/www.elaletisepeti.com\/index.php?rest_route=%2Fwp%2Fv2%2Fmedia&parent=17367"}],"wp:term":[{"taxonomy":"product_brand","embeddable":true,"href":"https:\/\/www.elaletisepeti.com\/index.php?rest_route=%2Fwp%2Fv2%2Fproduct_brand&post=17367"},{"taxonomy":"product_cat","embeddable":true,"href":"https:\/\/www.elaletisepeti.com\/index.php?rest_route=%2Fwp%2Fv2%2Fproduct_cat&post=17367"},{"taxonomy":"product_tag","embeddable":true,"href":"https:\/\/www.elaletisepeti.com\/index.php?rest_route=%2Fwp%2Fv2%2Fproduct_tag&post=17367"}],"curies":[{"name":"wp","href":"https:\/\/api.w.org\/{rel}","templated":true}]}}