{"id":17356,"date":"2025-12-09T18:37:55","date_gmt":"2025-12-09T18:37:55","guid":{"rendered":"https:\/\/www.elaletisepeti.com\/?post_type=product&#038;p=17356"},"modified":"2025-12-09T18:37:55","modified_gmt":"2025-12-09T18:37:55","slug":"knipex-16-95-03-sb-kablo-siyirma","status":"publish","type":"product","link":"https:\/\/www.elaletisepeti.com\/?product=knipex-16-95-03-sb-kablo-siyirma","title":{"rendered":"Knipex 16 95 03 SB Kablo S\u0131y\u0131rma"},"content":{"rendered":"<p><strong>Knipex 16 95 03 SB Kablo S\u0131y\u0131rma KNIPEX ErgoStrip\u00ae PV<\/strong><\/p>\n<div class=\"product--variation-field--variation_field_general_section__18268 field field--name-field-general-section field--type-key-value-class-field-type field--label-hidden field__items\" data-gtm-vis-recent-on-screen10487645_102=\"53056\" data-gtm-vis-first-on-screen10487645_102=\"53056\" data-gtm-vis-total-visible-time10487645_102=\"100\" data-gtm-vis-has-fired10487645_102=\"1\">\n<div class=\"field__item\" data-gtm-vis-recent-on-screen10487645_102=\"53020\" data-gtm-vis-first-on-screen10487645_102=\"53020\" data-gtm-vis-total-visible-time10487645_102=\"100\" data-gtm-vis-has-fired10487645_102=\"1\">\n<div class=\"key-value-class-item \" data-gtm-vis-recent-on-screen10487645_102=\"53021\" data-gtm-vis-first-on-screen10487645_102=\"53021\" data-gtm-vis-total-visible-time10487645_102=\"100\" data-gtm-vis-has-fired10487645_102=\"1\">\n<div class=\"key\" data-gtm-vis-recent-on-screen10487645_102=\"53022\" data-gtm-vis-first-on-screen10487645_102=\"53022\" data-gtm-vis-total-visible-time10487645_102=\"100\" data-gtm-vis-has-fired10487645_102=\"1\">Kod:\u00a016 95 03 SB<\/div>\n<\/div>\n<\/div>\n<div class=\"field__item\" data-gtm-vis-recent-on-screen10487645_102=\"53037\" data-gtm-vis-first-on-screen10487645_102=\"53037\" data-gtm-vis-total-visible-time10487645_102=\"100\" data-gtm-vis-has-fired10487645_102=\"1\">\n<div class=\"key-value-class-item \" data-gtm-vis-recent-on-screen10487645_102=\"53038\" data-gtm-vis-first-on-screen10487645_102=\"53038\" data-gtm-vis-total-visible-time10487645_102=\"100\" data-gtm-vis-has-fired10487645_102=\"1\">\n<div class=\"key\" data-gtm-vis-recent-on-screen10487645_102=\"53039\" data-gtm-vis-first-on-screen10487645_102=\"53039\" data-gtm-vis-total-visible-time10487645_102=\"100\" data-gtm-vis-has-fired10487645_102=\"1\">EAN 4003773092605<\/div>\n<\/div>\n<\/div>\n<div class=\"field__item\" data-gtm-vis-recent-on-screen10487645_102=\"53059\" data-gtm-vis-first-on-screen10487645_102=\"53059\" data-gtm-vis-total-visible-time10487645_102=\"100\" data-gtm-vis-has-fired10487645_102=\"1\">\n<div class=\"key-value-class-item \" data-gtm-vis-recent-on-screen10487645_102=\"53060\" data-gtm-vis-first-on-screen10487645_102=\"53060\" data-gtm-vis-total-visible-time10487645_102=\"100\" data-gtm-vis-has-fired10487645_102=\"1\">\n<div class=\"key\" data-gtm-vis-recent-on-screen10487645_102=\"53060\" data-gtm-vis-first-on-screen10487645_102=\"53060\" data-gtm-vis-total-visible-time10487645_102=\"100\" data-gtm-vis-has-fired10487645_102=\"1\">A\u011f\u0131rl\u0131k 65 g<\/div>\n<\/div>\n<\/div>\n<div class=\"field__item\" data-gtm-vis-recent-on-screen10487645_102=\"53062\" data-gtm-vis-first-on-screen10487645_102=\"53062\" data-gtm-vis-total-visible-time10487645_102=\"100\" data-gtm-vis-has-fired10487645_102=\"1\">\n<div class=\"key-value-class-item \" data-gtm-vis-recent-on-screen10487645_102=\"53062\" data-gtm-vis-first-on-screen10487645_102=\"53062\" data-gtm-vis-total-visible-time10487645_102=\"100\" data-gtm-vis-has-fired10487645_102=\"1\">\n<div class=\"key\" data-gtm-vis-recent-on-screen10487645_102=\"53063\" data-gtm-vis-first-on-screen10487645_102=\"53063\" data-gtm-vis-total-visible-time10487645_102=\"100\" data-gtm-vis-has-fired10487645_102=\"1\">\u00d6l\u00e7\u00fcleri 135 x 85 x 38 mm<\/div>\n<\/div>\n<\/div>\n<div class=\"field__item\" data-gtm-vis-recent-on-screen10487645_102=\"53069\" data-gtm-vis-first-on-screen10487645_102=\"53069\" data-gtm-vis-total-visible-time10487645_102=\"100\" data-gtm-vis-has-fired10487645_102=\"1\">\n<div class=\"key-value-class-item \" data-gtm-vis-recent-on-screen10487645_102=\"53070\" data-gtm-vis-first-on-screen10487645_102=\"53070\" data-gtm-vis-total-visible-time10487645_102=\"100\" data-gtm-vis-has-fired10487645_102=\"1\">\n<div class=\"key\" data-gtm-vis-recent-on-screen10487645_102=\"53071\" data-gtm-vis-first-on-screen10487645_102=\"53071\" data-gtm-vis-total-visible-time10487645_102=\"100\" data-gtm-vis-has-fired10487645_102=\"1\">REACH Uyumlu SVHC \u0130\u00e7ermiyor<\/div>\n<\/div>\n<\/div>\n<div class=\"field__item\" data-gtm-vis-recent-on-screen10487645_102=\"53086\" data-gtm-vis-first-on-screen10487645_102=\"53086\" data-gtm-vis-total-visible-time10487645_102=\"100\" data-gtm-vis-has-fired10487645_102=\"1\">\n<div class=\"key-value-class-item \" data-gtm-vis-recent-on-screen10487645_102=\"53087\" data-gtm-vis-first-on-screen10487645_102=\"53087\" data-gtm-vis-total-visible-time10487645_102=\"100\" data-gtm-vis-has-fired10487645_102=\"1\">\n<div class=\"key\" data-gtm-vis-recent-on-screen10487645_102=\"53088\" data-gtm-vis-first-on-screen10487645_102=\"53088\" data-gtm-vis-total-visible-time10487645_102=\"100\" data-gtm-vis-has-fired10487645_102=\"1\">ROHS Uyumlu Uygulanamaz<\/div>\n<\/div>\n<\/div>\n<\/div>\n<div class=\"product--variation-field--variation_field_technical_section__18268 field field--name-field-technical-section field--type-key-value-class-field-type field--label-hidden field__items\" data-gtm-vis-recent-on-screen10487645_102=\"53098\" data-gtm-vis-first-on-screen10487645_102=\"53098\" data-gtm-vis-total-visible-time10487645_102=\"100\" data-gtm-vis-has-fired10487645_102=\"1\">\n<div class=\"field__item\" data-gtm-vis-recent-on-screen10487645_102=\"53090\" data-gtm-vis-first-on-screen10487645_102=\"53090\" data-gtm-vis-total-visible-time10487645_102=\"100\" data-gtm-vis-has-fired10487645_102=\"1\">\n<div class=\"key-value-class-item \" data-gtm-vis-recent-on-screen10487645_102=\"53096\" data-gtm-vis-first-on-screen10487645_102=\"53096\" data-gtm-vis-total-visible-time10487645_102=\"100\" data-gtm-vis-has-fired10487645_102=\"1\">\n<div class=\"key\" data-gtm-vis-recent-on-screen10487645_102=\"53097\" data-gtm-vis-first-on-screen10487645_102=\"53097\" data-gtm-vis-total-visible-time10487645_102=\"100\" data-gtm-vis-has-fired10487645_102=\"1\">Yuvarlak kablo izolasyon s\u0131y\u0131rma de\u011feri (\u00e7ap) \u00d8 8 &#8211; 13 mm<\/div>\n<\/div>\n<\/div>\n<div class=\"field__item\" data-gtm-vis-recent-on-screen10487645_102=\"53099\" data-gtm-vis-first-on-screen10487645_102=\"53099\" data-gtm-vis-total-visible-time10487645_102=\"100\" data-gtm-vis-has-fired10487645_102=\"1\">\n<div class=\"key-value-class-item \" data-gtm-vis-recent-on-screen10487645_102=\"53100\" data-gtm-vis-first-on-screen10487645_102=\"53100\" data-gtm-vis-total-visible-time10487645_102=\"100\" data-gtm-vis-has-fired10487645_102=\"1\">\n<div class=\"key\" data-gtm-vis-recent-on-screen10487645_102=\"53100\" data-gtm-vis-first-on-screen10487645_102=\"53100\" data-gtm-vis-total-visible-time10487645_102=\"100\" data-gtm-vis-has-fired10487645_102=\"1\">Kablo ve tel s\u0131y\u0131rma de\u011feri 0,2 \u2014 4,0 mm\u00b2<\/div>\n<\/div>\n<\/div>\n<\/div>\n","protected":false},"excerpt":{"rendered":"<div class=\"kx-flex kx-justify-between\" data-gtm-vis-first-on-screen10487645_102=\"8175\" data-gtm-vis-total-visible-time10487645_102=\"100\" data-gtm-vis-has-fired10487645_102=\"1\">\n<div class=\"kx-flex kx-items-center kx-flex-wrap kx-gap-4 kx-gap-y-0\" data-gtm-vis-first-on-screen10487645_102=\"8176\" data-gtm-vis-total-visible-time10487645_102=\"100\" data-gtm-vis-has-fired10487645_102=\"1\"><img decoding=\"async\" src=\"https:\/\/product-api-assets.knipex.com\/fd89784\/30547752-c1ba-43e4-835f-fcbde2014d08.png\" alt=\"\" \/><\/div>\n<\/div>\n<div class=\"bulletpoint-container\" data-gtm-vis-first-on-screen10487645_102=\"8177\" data-gtm-vis-total-visible-time10487645_102=\"100\" data-gtm-vis-has-fired10487645_102=\"1\">\n<ul>\n<li>4 ve 6 mm\u00b2 (\u00f6rn. H1Z2Z2-K) g\u00fcne\u015f enerjisi kablolar\u0131n\u0131n, yuvarlak ve nemden korunmu\u015f tesisat kablolar\u0131n\u0131n (\u00f6rn. NYM kablosu 3 x 1,5 mm\u00b2&#8217;den 5 x 2,5 mm\u00b2&#8217;ye kadar) h\u0131zl\u0131 ve hassas bir \u015fekilde s\u0131yr\u0131lmas\u0131 i\u00e7in<\/li>\n<li>Kablo k\u0131l\u0131f\u0131n\u0131 kolayl\u0131kla kesmek, s\u0131y\u0131rmak ve uzunlamas\u0131na kesmek i\u00e7in yenilik\u00e7i, ergonomik tabanca sap\u0131 tasar\u0131m\u0131<\/li>\n<li>PV kablolar\u0131 i\u00e7in uzunluk durdurucu: tekrarlanabilir s\u0131y\u0131rma uzunluklar\u0131 i\u00e7in 6 &#8211; 18 mm aras\u0131nda ayarlanabilir, t\u00fcm standart g\u00fcne\u015f konnekt\u00f6rleri i\u00e7in uygundur<\/li>\n<li>Dar \u00e7al\u0131\u015fma alanlar\u0131nda daha kolay eri\u015fim sa\u011flamak i\u00e7in tak\u0131m sonu konik olarak daralt\u0131lm\u0131\u015ft\u0131r<\/li>\n<li>0,2 \/ 0,3 \/ 0,8 \/ 1,5 \/ 2,5 \/ 4 mm\u00b2 kesitli PVC tek iletkenler (\u00f6rn. H07V-K) i\u00e7in tel s\u0131y\u0131rma mekanizmas\u0131<\/li>\n<li>Pozisyonlama kanatlar\u0131 ile kablo tellerini ay\u0131rarak kolayl\u0131kla kablo k\u0131l\u0131f\u0131 s\u0131y\u0131rma<\/li>\n<li>A\u00e7ma yay\u0131 ve kilitleme tertibat\u0131 ile<\/li>\n<li>Konforlu kullan\u0131m ve g\u00fcvenli tutmay\u0131 sa\u011flayan yumu\u015fak plastik b\u00f6l\u00fcm\u00fc bulunan \u00e7ok komponentli tasar\u0131m<\/li>\n<\/ul>\n<\/div>\n","protected":false},"featured_media":17357,"template":"","meta":{"_joinchat":[]},"product_brand":[159],"product_cat":[191],"product_tag":[1301,1302,1300,1299,1287],"class_list":{"0":"post-17356","1":"product","2":"type-product","3":"status-publish","4":"has-post-thumbnail","6":"product_brand-knipex","7":"product_cat-kablo-soyma-ve-siyirma-penseleri","8":"product_tag-16-95-03-sb-kablo-siyirma","9":"product_tag-kablo-siyirma","10":"product_tag-knipex-16-95-03-sb","11":"product_tag-knipex-16-95-03-sb-kablo-siyirma","12":"product_tag-knipex-kablo-siyirma","15":"first","16":"instock","17":"shipping-taxable","18":"product-type-simple"},"yoast_head":"<!-- This site is optimized with the Yoast SEO plugin v27.3 - https:\/\/yoast.com\/product\/yoast-seo-wordpress\/ -->\n<title>Knipex 16 95 03 SB Kablo S\u0131y\u0131rma - El Aleti Sepeti<\/title>\n<meta name=\"description\" content=\"\u201cKnipex 16 95 03 SB \u2013 ergonomik sapl\u0131, yayl\u0131 ve kilitli kablo s\u0131y\u0131rma pensesi. Dar alanlarda bile kolay kullan\u0131m ve h\u0131zl\u0131, temiz soyma performans\u0131 sa\u011flar.\u201d\" \/>\n<meta name=\"robots\" content=\"index, follow, max-snippet:-1, max-image-preview:large, max-video-preview:-1\" \/>\n<link rel=\"canonical\" href=\"https:\/\/www.elaletisepeti.com\/?product=knipex-16-95-03-sb-kablo-siyirma\" \/>\n<meta property=\"og:locale\" content=\"tr_TR\" \/>\n<meta property=\"og:type\" content=\"article\" \/>\n<meta property=\"og:title\" content=\"Knipex 16 95 03 SB Kablo S\u0131y\u0131rma - El Aleti Sepeti\" \/>\n<meta property=\"og:description\" content=\"\u201cKnipex 16 95 03 SB \u2013 ergonomik sapl\u0131, yayl\u0131 ve kilitli kablo s\u0131y\u0131rma pensesi. Dar alanlarda bile kolay kullan\u0131m ve h\u0131zl\u0131, temiz soyma performans\u0131 sa\u011flar.\u201d\" \/>\n<meta property=\"og:url\" content=\"https:\/\/www.elaletisepeti.com\/?product=knipex-16-95-03-sb-kablo-siyirma\" \/>\n<meta property=\"og:site_name\" content=\"El Aleti Sepeti\" \/>\n<meta property=\"og:image\" content=\"https:\/\/www.elaletisepeti.com\/wp-content\/uploads\/2025\/12\/Knipex-16-95-03-SB.jpg\" \/>\n\t<meta property=\"og:image:width\" content=\"1000\" \/>\n\t<meta property=\"og:image:height\" content=\"1000\" \/>\n\t<meta property=\"og:image:type\" content=\"image\/jpeg\" \/>\n<meta name=\"twitter:card\" content=\"summary_large_image\" \/>\n<meta name=\"twitter:label1\" content=\"Tahmini okuma s\u00fcresi\" \/>\n\t<meta name=\"twitter:data1\" content=\"1 dakika\" \/>\n<script type=\"application\/ld+json\" class=\"yoast-schema-graph\">{\"@context\":\"https:\\\/\\\/schema.org\",\"@graph\":[{\"@type\":\"WebPage\",\"@id\":\"https:\\\/\\\/www.elaletisepeti.com\\\/?product=knipex-16-95-03-sb-kablo-siyirma\",\"url\":\"https:\\\/\\\/www.elaletisepeti.com\\\/?product=knipex-16-95-03-sb-kablo-siyirma\",\"name\":\"Knipex 16 95 03 SB Kablo S\u0131y\u0131rma - El Aleti Sepeti\",\"isPartOf\":{\"@id\":\"https:\\\/\\\/www.elaletisepeti.com\\\/#website\"},\"primaryImageOfPage\":{\"@id\":\"https:\\\/\\\/www.elaletisepeti.com\\\/?product=knipex-16-95-03-sb-kablo-siyirma#primaryimage\"},\"image\":{\"@id\":\"https:\\\/\\\/www.elaletisepeti.com\\\/?product=knipex-16-95-03-sb-kablo-siyirma#primaryimage\"},\"thumbnailUrl\":\"https:\\\/\\\/www.elaletisepeti.com\\\/wp-content\\\/uploads\\\/2025\\\/12\\\/Knipex-16-95-03-SB.jpg\",\"datePublished\":\"2025-12-09T18:37:55+00:00\",\"description\":\"\u201cKnipex 16 95 03 SB \u2013 ergonomik sapl\u0131, yayl\u0131 ve kilitli kablo s\u0131y\u0131rma pensesi. Dar alanlarda bile kolay kullan\u0131m ve h\u0131zl\u0131, temiz soyma performans\u0131 sa\u011flar.\u201d\",\"breadcrumb\":{\"@id\":\"https:\\\/\\\/www.elaletisepeti.com\\\/?product=knipex-16-95-03-sb-kablo-siyirma#breadcrumb\"},\"inLanguage\":\"tr\",\"potentialAction\":[{\"@type\":\"ReadAction\",\"target\":[\"https:\\\/\\\/www.elaletisepeti.com\\\/?product=knipex-16-95-03-sb-kablo-siyirma\"]}]},{\"@type\":\"ImageObject\",\"inLanguage\":\"tr\",\"@id\":\"https:\\\/\\\/www.elaletisepeti.com\\\/?product=knipex-16-95-03-sb-kablo-siyirma#primaryimage\",\"url\":\"https:\\\/\\\/www.elaletisepeti.com\\\/wp-content\\\/uploads\\\/2025\\\/12\\\/Knipex-16-95-03-SB.jpg\",\"contentUrl\":\"https:\\\/\\\/www.elaletisepeti.com\\\/wp-content\\\/uploads\\\/2025\\\/12\\\/Knipex-16-95-03-SB.jpg\",\"width\":1000,\"height\":1000},{\"@type\":\"BreadcrumbList\",\"@id\":\"https:\\\/\\\/www.elaletisepeti.com\\\/?product=knipex-16-95-03-sb-kablo-siyirma#breadcrumb\",\"itemListElement\":[{\"@type\":\"ListItem\",\"position\":1,\"name\":\"Anasayfa\",\"item\":\"https:\\\/\\\/www.elaletisepeti.com\\\/\"},{\"@type\":\"ListItem\",\"position\":2,\"name\":\"Shop\",\"item\":\"https:\\\/\\\/www.elaletisepeti.com\\\/?page_id=7\"},{\"@type\":\"ListItem\",\"position\":3,\"name\":\"Knipex 16 95 03 SB Kablo S\u0131y\u0131rma\"}]},{\"@type\":\"WebSite\",\"@id\":\"https:\\\/\\\/www.elaletisepeti.com\\\/#website\",\"url\":\"https:\\\/\\\/www.elaletisepeti.com\\\/\",\"name\":\"El Aleti Sepeti\",\"description\":\"El Aletleri, Knipex Pense, Knipex Kerpeten, Knipex Kargaburun,  Kn\u0131pex  Yankeski, Kn\u0131pex Boru Kesme, Knipex Kablo S\u0131y\u0131rma, Knipex  El Aletleri\",\"potentialAction\":[{\"@type\":\"SearchAction\",\"target\":{\"@type\":\"EntryPoint\",\"urlTemplate\":\"https:\\\/\\\/www.elaletisepeti.com\\\/?s={search_term_string}\"},\"query-input\":{\"@type\":\"PropertyValueSpecification\",\"valueRequired\":true,\"valueName\":\"search_term_string\"}}],\"inLanguage\":\"tr\"}]}<\/script>\n<!-- \/ Yoast SEO plugin. -->","yoast_head_json":{"title":"Knipex 16 95 03 SB Kablo S\u0131y\u0131rma - El Aleti Sepeti","description":"\u201cKnipex 16 95 03 SB \u2013 ergonomik sapl\u0131, yayl\u0131 ve kilitli kablo s\u0131y\u0131rma pensesi. Dar alanlarda bile kolay kullan\u0131m ve h\u0131zl\u0131, temiz soyma performans\u0131 sa\u011flar.\u201d","robots":{"index":"index","follow":"follow","max-snippet":"max-snippet:-1","max-image-preview":"max-image-preview:large","max-video-preview":"max-video-preview:-1"},"canonical":"https:\/\/www.elaletisepeti.com\/?product=knipex-16-95-03-sb-kablo-siyirma","og_locale":"tr_TR","og_type":"article","og_title":"Knipex 16 95 03 SB Kablo S\u0131y\u0131rma - El Aleti Sepeti","og_description":"\u201cKnipex 16 95 03 SB \u2013 ergonomik sapl\u0131, yayl\u0131 ve kilitli kablo s\u0131y\u0131rma pensesi. Dar alanlarda bile kolay kullan\u0131m ve h\u0131zl\u0131, temiz soyma performans\u0131 sa\u011flar.\u201d","og_url":"https:\/\/www.elaletisepeti.com\/?product=knipex-16-95-03-sb-kablo-siyirma","og_site_name":"El Aleti Sepeti","og_image":[{"width":1000,"height":1000,"url":"https:\/\/www.elaletisepeti.com\/wp-content\/uploads\/2025\/12\/Knipex-16-95-03-SB.jpg","type":"image\/jpeg"}],"twitter_card":"summary_large_image","twitter_misc":{"Tahmini okuma s\u00fcresi":"1 dakika"},"schema":{"@context":"https:\/\/schema.org","@graph":[{"@type":"WebPage","@id":"https:\/\/www.elaletisepeti.com\/?product=knipex-16-95-03-sb-kablo-siyirma","url":"https:\/\/www.elaletisepeti.com\/?product=knipex-16-95-03-sb-kablo-siyirma","name":"Knipex 16 95 03 SB Kablo S\u0131y\u0131rma - El Aleti Sepeti","isPartOf":{"@id":"https:\/\/www.elaletisepeti.com\/#website"},"primaryImageOfPage":{"@id":"https:\/\/www.elaletisepeti.com\/?product=knipex-16-95-03-sb-kablo-siyirma#primaryimage"},"image":{"@id":"https:\/\/www.elaletisepeti.com\/?product=knipex-16-95-03-sb-kablo-siyirma#primaryimage"},"thumbnailUrl":"https:\/\/www.elaletisepeti.com\/wp-content\/uploads\/2025\/12\/Knipex-16-95-03-SB.jpg","datePublished":"2025-12-09T18:37:55+00:00","description":"\u201cKnipex 16 95 03 SB \u2013 ergonomik sapl\u0131, yayl\u0131 ve kilitli kablo s\u0131y\u0131rma pensesi. Dar alanlarda bile kolay kullan\u0131m ve h\u0131zl\u0131, temiz soyma performans\u0131 sa\u011flar.\u201d","breadcrumb":{"@id":"https:\/\/www.elaletisepeti.com\/?product=knipex-16-95-03-sb-kablo-siyirma#breadcrumb"},"inLanguage":"tr","potentialAction":[{"@type":"ReadAction","target":["https:\/\/www.elaletisepeti.com\/?product=knipex-16-95-03-sb-kablo-siyirma"]}]},{"@type":"ImageObject","inLanguage":"tr","@id":"https:\/\/www.elaletisepeti.com\/?product=knipex-16-95-03-sb-kablo-siyirma#primaryimage","url":"https:\/\/www.elaletisepeti.com\/wp-content\/uploads\/2025\/12\/Knipex-16-95-03-SB.jpg","contentUrl":"https:\/\/www.elaletisepeti.com\/wp-content\/uploads\/2025\/12\/Knipex-16-95-03-SB.jpg","width":1000,"height":1000},{"@type":"BreadcrumbList","@id":"https:\/\/www.elaletisepeti.com\/?product=knipex-16-95-03-sb-kablo-siyirma#breadcrumb","itemListElement":[{"@type":"ListItem","position":1,"name":"Anasayfa","item":"https:\/\/www.elaletisepeti.com\/"},{"@type":"ListItem","position":2,"name":"Shop","item":"https:\/\/www.elaletisepeti.com\/?page_id=7"},{"@type":"ListItem","position":3,"name":"Knipex 16 95 03 SB Kablo S\u0131y\u0131rma"}]},{"@type":"WebSite","@id":"https:\/\/www.elaletisepeti.com\/#website","url":"https:\/\/www.elaletisepeti.com\/","name":"El Aleti Sepeti","description":"El Aletleri, Knipex Pense, Knipex Kerpeten, Knipex Kargaburun,  Kn\u0131pex  Yankeski, Kn\u0131pex Boru Kesme, Knipex Kablo S\u0131y\u0131rma, Knipex  El Aletleri","potentialAction":[{"@type":"SearchAction","target":{"@type":"EntryPoint","urlTemplate":"https:\/\/www.elaletisepeti.com\/?s={search_term_string}"},"query-input":{"@type":"PropertyValueSpecification","valueRequired":true,"valueName":"search_term_string"}}],"inLanguage":"tr"}]}},"_links":{"self":[{"href":"https:\/\/www.elaletisepeti.com\/index.php?rest_route=\/wp\/v2\/product\/17356","targetHints":{"allow":["GET"]}}],"collection":[{"href":"https:\/\/www.elaletisepeti.com\/index.php?rest_route=\/wp\/v2\/product"}],"about":[{"href":"https:\/\/www.elaletisepeti.com\/index.php?rest_route=\/wp\/v2\/types\/product"}],"wp:featuredmedia":[{"embeddable":true,"href":"https:\/\/www.elaletisepeti.com\/index.php?rest_route=\/wp\/v2\/media\/17357"}],"wp:attachment":[{"href":"https:\/\/www.elaletisepeti.com\/index.php?rest_route=%2Fwp%2Fv2%2Fmedia&parent=17356"}],"wp:term":[{"taxonomy":"product_brand","embeddable":true,"href":"https:\/\/www.elaletisepeti.com\/index.php?rest_route=%2Fwp%2Fv2%2Fproduct_brand&post=17356"},{"taxonomy":"product_cat","embeddable":true,"href":"https:\/\/www.elaletisepeti.com\/index.php?rest_route=%2Fwp%2Fv2%2Fproduct_cat&post=17356"},{"taxonomy":"product_tag","embeddable":true,"href":"https:\/\/www.elaletisepeti.com\/index.php?rest_route=%2Fwp%2Fv2%2Fproduct_tag&post=17356"}],"curies":[{"name":"wp","href":"https:\/\/api.w.org\/{rel}","templated":true}]}}