{"id":17289,"date":"2025-12-07T17:42:49","date_gmt":"2025-12-07T17:42:49","guid":{"rendered":"https:\/\/www.elaletisepeti.com\/?post_type=product&#038;p=17289"},"modified":"2025-12-07T17:42:49","modified_gmt":"2025-12-07T17:42:49","slug":"knipex-86-05-150-s02-ayarli-fort-pense","status":"publish","type":"product","link":"https:\/\/www.elaletisepeti.com\/?product=knipex-86-05-150-s02-ayarli-fort-pense","title":{"rendered":"Knipex 86 05 150 S02 Ayarl\u0131 Fort Pense"},"content":{"rendered":"<p><strong>Knipex 86 05 150 S02 Ayarl\u0131 Fort Pense<\/strong><\/p>\n<div class=\"field__item\" data-gtm-vis-recent-on-screen10487645_102=\"152324\" data-gtm-vis-first-on-screen10487645_102=\"152324\" data-gtm-vis-total-visible-time10487645_102=\"100\" data-gtm-vis-has-fired10487645_102=\"1\">\n<div class=\"key-value-class-item \" data-gtm-vis-recent-on-screen10487645_102=\"152325\" data-gtm-vis-first-on-screen10487645_102=\"152325\" data-gtm-vis-total-visible-time10487645_102=\"100\" data-gtm-vis-has-fired10487645_102=\"1\">\n<div class=\"key\" data-gtm-vis-recent-on-screen10487645_102=\"152326\" data-gtm-vis-first-on-screen10487645_102=\"152326\" data-gtm-vis-total-visible-time10487645_102=\"100\" data-gtm-vis-has-fired10487645_102=\"1\">Kod:\u00a086 05 150 S02<\/div>\n<\/div>\n<\/div>\n<div class=\"field__item\" data-gtm-vis-recent-on-screen10487645_102=\"152345\" data-gtm-vis-first-on-screen10487645_102=\"152345\" data-gtm-vis-total-visible-time10487645_102=\"100\" data-gtm-vis-has-fired10487645_102=\"1\">\n<div class=\"key-value-class-item \" data-gtm-vis-recent-on-screen10487645_102=\"152347\" data-gtm-vis-first-on-screen10487645_102=\"152347\" data-gtm-vis-total-visible-time10487645_102=\"100\" data-gtm-vis-has-fired10487645_102=\"1\">\n<div class=\"key\" data-gtm-vis-recent-on-screen10487645_102=\"152349\" data-gtm-vis-first-on-screen10487645_102=\"152349\" data-gtm-vis-total-visible-time10487645_102=\"100\" data-gtm-vis-has-fired10487645_102=\"1\">EAN 4003773071785<\/div>\n<\/div>\n<\/div>\n<div class=\"field__item\" data-gtm-vis-recent-on-screen10487645_102=\"152363\" data-gtm-vis-first-on-screen10487645_102=\"152363\" data-gtm-vis-total-visible-time10487645_102=\"100\" data-gtm-vis-has-fired10487645_102=\"1\">\n<div class=\"key-value-class-item \" data-gtm-vis-recent-on-screen10487645_102=\"152364\" data-gtm-vis-first-on-screen10487645_102=\"152364\" data-gtm-vis-total-visible-time10487645_102=\"100\" data-gtm-vis-has-fired10487645_102=\"1\">\n<div class=\"key\" data-gtm-vis-recent-on-screen10487645_102=\"152365\" data-gtm-vis-first-on-screen10487645_102=\"152365\" data-gtm-vis-total-visible-time10487645_102=\"100\" data-gtm-vis-has-fired10487645_102=\"1\">Pense Krom Kaplama<\/div>\n<\/div>\n<\/div>\n<div class=\"field__item\" data-gtm-vis-recent-on-screen10487645_102=\"152368\" data-gtm-vis-first-on-screen10487645_102=\"152368\" data-gtm-vis-total-visible-time10487645_102=\"100\" data-gtm-vis-has-fired10487645_102=\"1\">\n<div class=\"key-value-class-item \" data-gtm-vis-recent-on-screen10487645_102=\"152368\" data-gtm-vis-first-on-screen10487645_102=\"152368\" data-gtm-vis-total-visible-time10487645_102=\"100\" data-gtm-vis-has-fired10487645_102=\"1\">\n<div class=\"key\" data-gtm-vis-recent-on-screen10487645_102=\"152369\" data-gtm-vis-first-on-screen10487645_102=\"152369\" data-gtm-vis-total-visible-time10487645_102=\"100\" data-gtm-vis-has-fired10487645_102=\"1\">Ba\u015fl\u0131k Krom Kaplama<\/div>\n<\/div>\n<\/div>\n<div class=\"field__item\" data-gtm-vis-recent-on-screen10487645_102=\"152377\" data-gtm-vis-first-on-screen10487645_102=\"152377\" data-gtm-vis-total-visible-time10487645_102=\"100\" data-gtm-vis-has-fired10487645_102=\"1\">\n<div class=\"key-value-class-item \" data-gtm-vis-recent-on-screen10487645_102=\"152377\" data-gtm-vis-first-on-screen10487645_102=\"152377\" data-gtm-vis-total-visible-time10487645_102=\"100\" data-gtm-vis-has-fired10487645_102=\"1\">\n<div class=\"key\" data-gtm-vis-recent-on-screen10487645_102=\"152378\" data-gtm-vis-first-on-screen10487645_102=\"152378\" data-gtm-vis-total-visible-time10487645_102=\"100\" data-gtm-vis-has-fired10487645_102=\"1\">Kollar Konforlu Saplar \u0130le<\/div>\n<\/div>\n<\/div>\n<div class=\"field__item\" data-gtm-vis-recent-on-screen10487645_102=\"152389\" data-gtm-vis-first-on-screen10487645_102=\"152389\" data-gtm-vis-total-visible-time10487645_102=\"100\" data-gtm-vis-has-fired10487645_102=\"1\">\n<div class=\"key-value-class-item \" data-gtm-vis-recent-on-screen10487645_102=\"152390\" data-gtm-vis-first-on-screen10487645_102=\"152390\" data-gtm-vis-total-visible-time10487645_102=\"100\" data-gtm-vis-has-fired10487645_102=\"1\">\n<div class=\"key\" data-gtm-vis-recent-on-screen10487645_102=\"152390\" data-gtm-vis-first-on-screen10487645_102=\"152390\" data-gtm-vis-total-visible-time10487645_102=\"100\" data-gtm-vis-has-fired10487645_102=\"1\">A\u011f\u0131rl\u0131k 193 g<\/div>\n<\/div>\n<\/div>\n<div class=\"field__item\" data-gtm-vis-recent-on-screen10487645_102=\"152406\" data-gtm-vis-first-on-screen10487645_102=\"152406\" data-gtm-vis-total-visible-time10487645_102=\"100\" data-gtm-vis-has-fired10487645_102=\"1\">\n<div class=\"key-value-class-item \" data-gtm-vis-recent-on-screen10487645_102=\"152407\" data-gtm-vis-first-on-screen10487645_102=\"152407\" data-gtm-vis-total-visible-time10487645_102=\"100\" data-gtm-vis-has-fired10487645_102=\"1\">\n<div class=\"key\" data-gtm-vis-recent-on-screen10487645_102=\"152408\" data-gtm-vis-first-on-screen10487645_102=\"152408\" data-gtm-vis-total-visible-time10487645_102=\"100\" data-gtm-vis-has-fired10487645_102=\"1\">\u00d6l\u00e7\u00fcleri 150 x 48 x 20 mm<\/div>\n<\/div>\n<\/div>\n<div class=\"field__item\" data-gtm-vis-recent-on-screen10487645_102=\"152409\" data-gtm-vis-first-on-screen10487645_102=\"152409\" data-gtm-vis-total-visible-time10487645_102=\"100\" data-gtm-vis-has-fired10487645_102=\"1\">\n<div class=\"key-value-class-item \" data-gtm-vis-recent-on-screen10487645_102=\"152409\" data-gtm-vis-first-on-screen10487645_102=\"152409\" data-gtm-vis-total-visible-time10487645_102=\"100\" data-gtm-vis-has-fired10487645_102=\"1\">\n<div class=\"key\" data-gtm-vis-recent-on-screen10487645_102=\"152410\" data-gtm-vis-first-on-screen10487645_102=\"152410\" data-gtm-vis-total-visible-time10487645_102=\"100\" data-gtm-vis-has-fired10487645_102=\"1\">REACH Uyumlu SVHC \u0130\u00e7ermiyor<\/div>\n<\/div>\n<\/div>\n<div class=\"field__item\" data-gtm-vis-recent-on-screen10487645_102=\"152427\" data-gtm-vis-first-on-screen10487645_102=\"152427\" data-gtm-vis-total-visible-time10487645_102=\"100\" data-gtm-vis-has-fired10487645_102=\"1\">\n<div class=\"key-value-class-item \" data-gtm-vis-recent-on-screen10487645_102=\"152428\" data-gtm-vis-first-on-screen10487645_102=\"152428\" data-gtm-vis-total-visible-time10487645_102=\"100\" data-gtm-vis-has-fired10487645_102=\"1\">\n<div class=\"key\" data-gtm-vis-recent-on-screen10487645_102=\"152429\" data-gtm-vis-first-on-screen10487645_102=\"152429\" data-gtm-vis-total-visible-time10487645_102=\"100\" data-gtm-vis-has-fired10487645_102=\"1\">ROHS Uyumlu Uygulanamaz<\/div>\n<\/div>\n<\/div>\n","protected":false},"excerpt":{"rendered":"<div class=\"kx-flex kx-justify-between\" data-gtm-vis-first-on-screen10487645_102=\"1157\" data-gtm-vis-total-visible-time10487645_102=\"100\" data-gtm-vis-has-fired10487645_102=\"1\">\n<div class=\"kx-flex kx-items-center kx-flex-wrap kx-gap-4 kx-gap-y-0\" data-gtm-vis-first-on-screen10487645_102=\"1157\" data-gtm-vis-total-visible-time10487645_102=\"100\" data-gtm-vis-has-fired10487645_102=\"1\"><img decoding=\"async\" src=\"https:\/\/product-api-assets.knipex.com\/fd89784\/4c28429e-4c6c-492c-9cf6-114c02024eaa.png\" alt=\"\" \/><\/div>\n<\/div>\n<div class=\"bulletpoint-container\" data-gtm-vis-first-on-screen10487645_102=\"1157\" data-gtm-vis-total-visible-time10487645_102=\"100\" data-gtm-vis-has-fired10487645_102=\"1\">\n<ul>\n<li>\u0130\u015f par\u00e7alar\u0131n\u0131n kavranmas\u0131, tutulmas\u0131, s\u0131k\u0131\u015ft\u0131r\u0131lmas\u0131 ve b\u00fck\u00fclmesi i\u00e7in olduk\u00e7a kullan\u0131\u015fl\u0131d\u0131r<\/li>\n<li>Tutma \u00e7enelerinin ayar\u0131 istem d\u0131\u015f\u0131 bozulmaz ve mafsal kaymaz<\/li>\n<li>Elle uygulanan kuvveti 10 kat g\u00fc\u00e7lendirmesi sayesinde y\u00fcksek s\u0131k\u0131\u015ft\u0131rma g\u00fcc\u00fc<\/li>\n<li>Do\u011frudan i\u015f par\u00e7as\u0131nda d\u00fc\u011fmeye bas\u0131larak h\u0131zl\u0131 ayarlama imkan\u0131<\/li>\n<li>Paralel \u00e7eneler sayesinde, belirtilen kapasiteye kadar paralel y\u00fczeylerin kademesiz olarak tutulmas\u0131 m\u00fcmk\u00fcnd\u00fcr<\/li>\n<li>Bo\u015fluksuz ve tam y\u00fczeye oturma<\/li>\n<li>P\u00fcr\u00fczlendirilmi\u015f \u00e7eneler tutunmay\u0131 iyile\u015ftirir<\/li>\n<li>Konforlu saplar ile: optimize edilmi\u015f kullan\u0131m i\u00e7in \u00fc\u00e7 ergonomik bile\u015fenden olu\u015fur ve eklemeler i\u00e7in iki KNIPEXtend arabirimiyle donat\u0131lm\u0131\u015ft\u0131r<\/li>\n<\/ul>\n<\/div>\n","protected":false},"featured_media":17290,"template":"","meta":{"_joinchat":[]},"product_brand":[159],"product_cat":[190],"product_tag":[1269,1268,1267,990,985],"class_list":{"0":"post-17289","1":"product","2":"type-product","3":"status-publish","4":"has-post-thumbnail","6":"product_brand-knipex","7":"product_cat-ayarli-fort-penseler","8":"product_tag-86-05-150-s02-ayarli-fort-pense","9":"product_tag-knipex-86-05-150-s02","10":"product_tag-knipex-86-05-150-s02-ayarli-fort-pense","11":"product_tag-knipex-ayarli-fort-pense","12":"product_tag-knipex-fort-pense","15":"first","16":"instock","17":"shipping-taxable","18":"product-type-simple"},"yoast_head":"<!-- This site is optimized with the Yoast SEO plugin v27.3 - https:\/\/yoast.com\/product\/yoast-seo-wordpress\/ -->\n<title>Knipex 86 05 150 S02 Ayarl\u0131 Fort Pense - El Aleti Sepeti<\/title>\n<meta name=\"description\" content=\"Knipex 86 05 150 S02, ayarlanabilir mekanizmas\u0131 ve sa\u011flam yap\u0131s\u0131yla ev ve profesyonel kullan\u0131mda somun, boru ve profil i\u015flerinde y\u00fcksek kontrol sunar.\" \/>\n<meta name=\"robots\" content=\"index, follow, max-snippet:-1, max-image-preview:large, max-video-preview:-1\" \/>\n<link rel=\"canonical\" href=\"https:\/\/www.elaletisepeti.com\/?product=knipex-86-05-150-s02-ayarli-fort-pense\" \/>\n<meta property=\"og:locale\" content=\"tr_TR\" \/>\n<meta property=\"og:type\" content=\"article\" \/>\n<meta property=\"og:title\" content=\"Knipex 86 05 150 S02 Ayarl\u0131 Fort Pense - El Aleti Sepeti\" \/>\n<meta property=\"og:description\" content=\"Knipex 86 05 150 S02, ayarlanabilir mekanizmas\u0131 ve sa\u011flam yap\u0131s\u0131yla ev ve profesyonel kullan\u0131mda somun, boru ve profil i\u015flerinde y\u00fcksek kontrol sunar.\" \/>\n<meta property=\"og:url\" content=\"https:\/\/www.elaletisepeti.com\/?product=knipex-86-05-150-s02-ayarli-fort-pense\" \/>\n<meta property=\"og:site_name\" content=\"El Aleti Sepeti\" \/>\n<meta property=\"og:image\" content=\"https:\/\/www.elaletisepeti.com\/wp-content\/uploads\/2025\/12\/Knipex-86-05-150-S02.jpg\" \/>\n\t<meta property=\"og:image:width\" content=\"1000\" \/>\n\t<meta property=\"og:image:height\" content=\"1000\" \/>\n\t<meta property=\"og:image:type\" content=\"image\/jpeg\" \/>\n<meta name=\"twitter:card\" content=\"summary_large_image\" \/>\n<meta name=\"twitter:label1\" content=\"Tahmini okuma s\u00fcresi\" \/>\n\t<meta name=\"twitter:data1\" content=\"1 dakika\" \/>\n<script type=\"application\/ld+json\" class=\"yoast-schema-graph\">{\"@context\":\"https:\\\/\\\/schema.org\",\"@graph\":[{\"@type\":\"WebPage\",\"@id\":\"https:\\\/\\\/www.elaletisepeti.com\\\/?product=knipex-86-05-150-s02-ayarli-fort-pense\",\"url\":\"https:\\\/\\\/www.elaletisepeti.com\\\/?product=knipex-86-05-150-s02-ayarli-fort-pense\",\"name\":\"Knipex 86 05 150 S02 Ayarl\u0131 Fort Pense - El Aleti Sepeti\",\"isPartOf\":{\"@id\":\"https:\\\/\\\/www.elaletisepeti.com\\\/#website\"},\"primaryImageOfPage\":{\"@id\":\"https:\\\/\\\/www.elaletisepeti.com\\\/?product=knipex-86-05-150-s02-ayarli-fort-pense#primaryimage\"},\"image\":{\"@id\":\"https:\\\/\\\/www.elaletisepeti.com\\\/?product=knipex-86-05-150-s02-ayarli-fort-pense#primaryimage\"},\"thumbnailUrl\":\"https:\\\/\\\/www.elaletisepeti.com\\\/wp-content\\\/uploads\\\/2025\\\/12\\\/Knipex-86-05-150-S02.jpg\",\"datePublished\":\"2025-12-07T17:42:49+00:00\",\"description\":\"Knipex 86 05 150 S02, ayarlanabilir mekanizmas\u0131 ve sa\u011flam yap\u0131s\u0131yla ev ve profesyonel kullan\u0131mda somun, boru ve profil i\u015flerinde y\u00fcksek kontrol sunar.\",\"breadcrumb\":{\"@id\":\"https:\\\/\\\/www.elaletisepeti.com\\\/?product=knipex-86-05-150-s02-ayarli-fort-pense#breadcrumb\"},\"inLanguage\":\"tr\",\"potentialAction\":[{\"@type\":\"ReadAction\",\"target\":[\"https:\\\/\\\/www.elaletisepeti.com\\\/?product=knipex-86-05-150-s02-ayarli-fort-pense\"]}]},{\"@type\":\"ImageObject\",\"inLanguage\":\"tr\",\"@id\":\"https:\\\/\\\/www.elaletisepeti.com\\\/?product=knipex-86-05-150-s02-ayarli-fort-pense#primaryimage\",\"url\":\"https:\\\/\\\/www.elaletisepeti.com\\\/wp-content\\\/uploads\\\/2025\\\/12\\\/Knipex-86-05-150-S02.jpg\",\"contentUrl\":\"https:\\\/\\\/www.elaletisepeti.com\\\/wp-content\\\/uploads\\\/2025\\\/12\\\/Knipex-86-05-150-S02.jpg\",\"width\":1000,\"height\":1000},{\"@type\":\"BreadcrumbList\",\"@id\":\"https:\\\/\\\/www.elaletisepeti.com\\\/?product=knipex-86-05-150-s02-ayarli-fort-pense#breadcrumb\",\"itemListElement\":[{\"@type\":\"ListItem\",\"position\":1,\"name\":\"Anasayfa\",\"item\":\"https:\\\/\\\/www.elaletisepeti.com\\\/\"},{\"@type\":\"ListItem\",\"position\":2,\"name\":\"Shop\",\"item\":\"https:\\\/\\\/www.elaletisepeti.com\\\/?page_id=7\"},{\"@type\":\"ListItem\",\"position\":3,\"name\":\"Knipex 86 05 150 S02 Ayarl\u0131 Fort Pense\"}]},{\"@type\":\"WebSite\",\"@id\":\"https:\\\/\\\/www.elaletisepeti.com\\\/#website\",\"url\":\"https:\\\/\\\/www.elaletisepeti.com\\\/\",\"name\":\"El Aleti Sepeti\",\"description\":\"El Aletleri, Knipex Pense, Knipex Kerpeten, Knipex Kargaburun,  Kn\u0131pex  Yankeski, Kn\u0131pex Boru Kesme, Knipex Kablo S\u0131y\u0131rma, Knipex  El Aletleri\",\"potentialAction\":[{\"@type\":\"SearchAction\",\"target\":{\"@type\":\"EntryPoint\",\"urlTemplate\":\"https:\\\/\\\/www.elaletisepeti.com\\\/?s={search_term_string}\"},\"query-input\":{\"@type\":\"PropertyValueSpecification\",\"valueRequired\":true,\"valueName\":\"search_term_string\"}}],\"inLanguage\":\"tr\"}]}<\/script>\n<!-- \/ Yoast SEO plugin. -->","yoast_head_json":{"title":"Knipex 86 05 150 S02 Ayarl\u0131 Fort Pense - El Aleti Sepeti","description":"Knipex 86 05 150 S02, ayarlanabilir mekanizmas\u0131 ve sa\u011flam yap\u0131s\u0131yla ev ve profesyonel kullan\u0131mda somun, boru ve profil i\u015flerinde y\u00fcksek kontrol sunar.","robots":{"index":"index","follow":"follow","max-snippet":"max-snippet:-1","max-image-preview":"max-image-preview:large","max-video-preview":"max-video-preview:-1"},"canonical":"https:\/\/www.elaletisepeti.com\/?product=knipex-86-05-150-s02-ayarli-fort-pense","og_locale":"tr_TR","og_type":"article","og_title":"Knipex 86 05 150 S02 Ayarl\u0131 Fort Pense - El Aleti Sepeti","og_description":"Knipex 86 05 150 S02, ayarlanabilir mekanizmas\u0131 ve sa\u011flam yap\u0131s\u0131yla ev ve profesyonel kullan\u0131mda somun, boru ve profil i\u015flerinde y\u00fcksek kontrol sunar.","og_url":"https:\/\/www.elaletisepeti.com\/?product=knipex-86-05-150-s02-ayarli-fort-pense","og_site_name":"El Aleti Sepeti","og_image":[{"width":1000,"height":1000,"url":"https:\/\/www.elaletisepeti.com\/wp-content\/uploads\/2025\/12\/Knipex-86-05-150-S02.jpg","type":"image\/jpeg"}],"twitter_card":"summary_large_image","twitter_misc":{"Tahmini okuma s\u00fcresi":"1 dakika"},"schema":{"@context":"https:\/\/schema.org","@graph":[{"@type":"WebPage","@id":"https:\/\/www.elaletisepeti.com\/?product=knipex-86-05-150-s02-ayarli-fort-pense","url":"https:\/\/www.elaletisepeti.com\/?product=knipex-86-05-150-s02-ayarli-fort-pense","name":"Knipex 86 05 150 S02 Ayarl\u0131 Fort Pense - El Aleti Sepeti","isPartOf":{"@id":"https:\/\/www.elaletisepeti.com\/#website"},"primaryImageOfPage":{"@id":"https:\/\/www.elaletisepeti.com\/?product=knipex-86-05-150-s02-ayarli-fort-pense#primaryimage"},"image":{"@id":"https:\/\/www.elaletisepeti.com\/?product=knipex-86-05-150-s02-ayarli-fort-pense#primaryimage"},"thumbnailUrl":"https:\/\/www.elaletisepeti.com\/wp-content\/uploads\/2025\/12\/Knipex-86-05-150-S02.jpg","datePublished":"2025-12-07T17:42:49+00:00","description":"Knipex 86 05 150 S02, ayarlanabilir mekanizmas\u0131 ve sa\u011flam yap\u0131s\u0131yla ev ve profesyonel kullan\u0131mda somun, boru ve profil i\u015flerinde y\u00fcksek kontrol sunar.","breadcrumb":{"@id":"https:\/\/www.elaletisepeti.com\/?product=knipex-86-05-150-s02-ayarli-fort-pense#breadcrumb"},"inLanguage":"tr","potentialAction":[{"@type":"ReadAction","target":["https:\/\/www.elaletisepeti.com\/?product=knipex-86-05-150-s02-ayarli-fort-pense"]}]},{"@type":"ImageObject","inLanguage":"tr","@id":"https:\/\/www.elaletisepeti.com\/?product=knipex-86-05-150-s02-ayarli-fort-pense#primaryimage","url":"https:\/\/www.elaletisepeti.com\/wp-content\/uploads\/2025\/12\/Knipex-86-05-150-S02.jpg","contentUrl":"https:\/\/www.elaletisepeti.com\/wp-content\/uploads\/2025\/12\/Knipex-86-05-150-S02.jpg","width":1000,"height":1000},{"@type":"BreadcrumbList","@id":"https:\/\/www.elaletisepeti.com\/?product=knipex-86-05-150-s02-ayarli-fort-pense#breadcrumb","itemListElement":[{"@type":"ListItem","position":1,"name":"Anasayfa","item":"https:\/\/www.elaletisepeti.com\/"},{"@type":"ListItem","position":2,"name":"Shop","item":"https:\/\/www.elaletisepeti.com\/?page_id=7"},{"@type":"ListItem","position":3,"name":"Knipex 86 05 150 S02 Ayarl\u0131 Fort Pense"}]},{"@type":"WebSite","@id":"https:\/\/www.elaletisepeti.com\/#website","url":"https:\/\/www.elaletisepeti.com\/","name":"El Aleti Sepeti","description":"El Aletleri, Knipex Pense, Knipex Kerpeten, Knipex Kargaburun,  Kn\u0131pex  Yankeski, Kn\u0131pex Boru Kesme, Knipex Kablo S\u0131y\u0131rma, Knipex  El Aletleri","potentialAction":[{"@type":"SearchAction","target":{"@type":"EntryPoint","urlTemplate":"https:\/\/www.elaletisepeti.com\/?s={search_term_string}"},"query-input":{"@type":"PropertyValueSpecification","valueRequired":true,"valueName":"search_term_string"}}],"inLanguage":"tr"}]}},"_links":{"self":[{"href":"https:\/\/www.elaletisepeti.com\/index.php?rest_route=\/wp\/v2\/product\/17289","targetHints":{"allow":["GET"]}}],"collection":[{"href":"https:\/\/www.elaletisepeti.com\/index.php?rest_route=\/wp\/v2\/product"}],"about":[{"href":"https:\/\/www.elaletisepeti.com\/index.php?rest_route=\/wp\/v2\/types\/product"}],"wp:featuredmedia":[{"embeddable":true,"href":"https:\/\/www.elaletisepeti.com\/index.php?rest_route=\/wp\/v2\/media\/17290"}],"wp:attachment":[{"href":"https:\/\/www.elaletisepeti.com\/index.php?rest_route=%2Fwp%2Fv2%2Fmedia&parent=17289"}],"wp:term":[{"taxonomy":"product_brand","embeddable":true,"href":"https:\/\/www.elaletisepeti.com\/index.php?rest_route=%2Fwp%2Fv2%2Fproduct_brand&post=17289"},{"taxonomy":"product_cat","embeddable":true,"href":"https:\/\/www.elaletisepeti.com\/index.php?rest_route=%2Fwp%2Fv2%2Fproduct_cat&post=17289"},{"taxonomy":"product_tag","embeddable":true,"href":"https:\/\/www.elaletisepeti.com\/index.php?rest_route=%2Fwp%2Fv2%2Fproduct_tag&post=17289"}],"curies":[{"name":"wp","href":"https:\/\/api.w.org\/{rel}","templated":true}]}}