{"id":17285,"date":"2025-12-07T17:26:46","date_gmt":"2025-12-07T17:26:46","guid":{"rendered":"https:\/\/www.elaletisepeti.com\/?post_type=product&#038;p=17285"},"modified":"2025-12-07T17:27:56","modified_gmt":"2025-12-07T17:27:56","slug":"knipex-89-05-250-fort-pense","status":"publish","type":"product","link":"https:\/\/www.elaletisepeti.com\/?product=knipex-89-05-250-fort-pense","title":{"rendered":"Knipex 89 05 250 Fort Pense"},"content":{"rendered":"<p><strong>Knipex 89 05 250 Fort Pense<\/strong><\/p>\n<div class=\"product--variation-field--variation_field_general_section__1689 field field--name-field-general-section field--type-key-value-class-field-type field--label-hidden field__items\" data-gtm-vis-recent-on-screen10487645_102=\"128927\" data-gtm-vis-first-on-screen10487645_102=\"128927\" data-gtm-vis-total-visible-time10487645_102=\"100\" data-gtm-vis-has-fired10487645_102=\"1\">\n<div class=\"field__item\" data-gtm-vis-recent-on-screen10487645_102=\"128876\" data-gtm-vis-first-on-screen10487645_102=\"128876\" data-gtm-vis-total-visible-time10487645_102=\"100\" data-gtm-vis-has-fired10487645_102=\"1\">\n<div class=\"key-value-class-item \" data-gtm-vis-recent-on-screen10487645_102=\"128877\" data-gtm-vis-first-on-screen10487645_102=\"128877\" data-gtm-vis-total-visible-time10487645_102=\"100\" data-gtm-vis-has-fired10487645_102=\"1\">\n<div class=\"key\" data-gtm-vis-recent-on-screen10487645_102=\"128878\" data-gtm-vis-first-on-screen10487645_102=\"128878\" data-gtm-vis-total-visible-time10487645_102=\"100\" data-gtm-vis-has-fired10487645_102=\"1\">Kod: 89 05 250<\/div>\n<\/div>\n<\/div>\n<div class=\"field__item\" data-gtm-vis-recent-on-screen10487645_102=\"128898\" data-gtm-vis-first-on-screen10487645_102=\"128898\" data-gtm-vis-total-visible-time10487645_102=\"100\" data-gtm-vis-has-fired10487645_102=\"1\">\n<div class=\"key-value-class-item \" data-gtm-vis-recent-on-screen10487645_102=\"128900\" data-gtm-vis-first-on-screen10487645_102=\"128900\" data-gtm-vis-total-visible-time10487645_102=\"100\" data-gtm-vis-has-fired10487645_102=\"1\">\n<div class=\"key\" data-gtm-vis-recent-on-screen10487645_102=\"128902\" data-gtm-vis-first-on-screen10487645_102=\"128902\" data-gtm-vis-total-visible-time10487645_102=\"100\" data-gtm-vis-has-fired10487645_102=\"1\">EAN 4003773043836<\/div>\n<\/div>\n<\/div>\n<div class=\"field__item\" data-gtm-vis-recent-on-screen10487645_102=\"128905\" data-gtm-vis-first-on-screen10487645_102=\"128905\" data-gtm-vis-total-visible-time10487645_102=\"100\" data-gtm-vis-has-fired10487645_102=\"1\">\n<div class=\"key-value-class-item \" data-gtm-vis-recent-on-screen10487645_102=\"128906\" data-gtm-vis-first-on-screen10487645_102=\"128906\" data-gtm-vis-total-visible-time10487645_102=\"100\" data-gtm-vis-has-fired10487645_102=\"1\">\n<div class=\"key\" data-gtm-vis-recent-on-screen10487645_102=\"128907\" data-gtm-vis-first-on-screen10487645_102=\"128907\" data-gtm-vis-total-visible-time10487645_102=\"100\" data-gtm-vis-has-fired10487645_102=\"1\">Pense Krom Kaplama<\/div>\n<\/div>\n<\/div>\n<div class=\"field__item\" data-gtm-vis-recent-on-screen10487645_102=\"128913\" data-gtm-vis-first-on-screen10487645_102=\"128913\" data-gtm-vis-total-visible-time10487645_102=\"100\" data-gtm-vis-has-fired10487645_102=\"1\">\n<div class=\"key-value-class-item \" data-gtm-vis-recent-on-screen10487645_102=\"128914\" data-gtm-vis-first-on-screen10487645_102=\"128914\" data-gtm-vis-total-visible-time10487645_102=\"100\" data-gtm-vis-has-fired10487645_102=\"1\">\n<div class=\"key\" data-gtm-vis-recent-on-screen10487645_102=\"128915\" data-gtm-vis-first-on-screen10487645_102=\"128915\" data-gtm-vis-total-visible-time10487645_102=\"100\" data-gtm-vis-has-fired10487645_102=\"1\">Ba\u015fl\u0131k Krom Kaplama<\/div>\n<\/div>\n<\/div>\n<div class=\"field__item\" data-gtm-vis-recent-on-screen10487645_102=\"128927\" data-gtm-vis-first-on-screen10487645_102=\"128927\" data-gtm-vis-total-visible-time10487645_102=\"100\" data-gtm-vis-has-fired10487645_102=\"1\">\n<div class=\"key-value-class-item \" data-gtm-vis-recent-on-screen10487645_102=\"128928\" data-gtm-vis-first-on-screen10487645_102=\"128928\" data-gtm-vis-total-visible-time10487645_102=\"100\" data-gtm-vis-has-fired10487645_102=\"1\">\n<div class=\"key\" data-gtm-vis-recent-on-screen10487645_102=\"128928\" data-gtm-vis-first-on-screen10487645_102=\"128928\" data-gtm-vis-total-visible-time10487645_102=\"100\" data-gtm-vis-has-fired10487645_102=\"1\">Kollar \u00c7ok Bile\u015fenli Tutacaklarla<\/div>\n<\/div>\n<\/div>\n<div class=\"field__item\" data-gtm-vis-recent-on-screen10487645_102=\"128929\" data-gtm-vis-first-on-screen10487645_102=\"128929\" data-gtm-vis-total-visible-time10487645_102=\"100\" data-gtm-vis-has-fired10487645_102=\"1\">\n<div class=\"key-value-class-item \" data-gtm-vis-recent-on-screen10487645_102=\"128929\" data-gtm-vis-first-on-screen10487645_102=\"128929\" data-gtm-vis-total-visible-time10487645_102=\"100\" data-gtm-vis-has-fired10487645_102=\"1\">\n<div class=\"key\" data-gtm-vis-recent-on-screen10487645_102=\"128930\" data-gtm-vis-first-on-screen10487645_102=\"128930\" data-gtm-vis-total-visible-time10487645_102=\"100\" data-gtm-vis-has-fired10487645_102=\"1\">A\u011f\u0131rl\u0131k 371 g<\/div>\n<\/div>\n<\/div>\n<div class=\"field__item\" data-gtm-vis-recent-on-screen10487645_102=\"128945\" data-gtm-vis-first-on-screen10487645_102=\"128945\" data-gtm-vis-total-visible-time10487645_102=\"100\" data-gtm-vis-has-fired10487645_102=\"1\">\n<div class=\"key-value-class-item \" data-gtm-vis-recent-on-screen10487645_102=\"128945\" data-gtm-vis-first-on-screen10487645_102=\"128945\" data-gtm-vis-total-visible-time10487645_102=\"100\" data-gtm-vis-has-fired10487645_102=\"1\">\n<div class=\"key\" data-gtm-vis-recent-on-screen10487645_102=\"128946\" data-gtm-vis-first-on-screen10487645_102=\"128946\" data-gtm-vis-total-visible-time10487645_102=\"100\" data-gtm-vis-has-fired10487645_102=\"1\">\u00d6l\u00e7\u00fcleri 250 x 60 x 20 mm<\/div>\n<\/div>\n<\/div>\n<div class=\"field__item\" data-gtm-vis-recent-on-screen10487645_102=\"128962\" data-gtm-vis-first-on-screen10487645_102=\"128962\" data-gtm-vis-total-visible-time10487645_102=\"100\" data-gtm-vis-has-fired10487645_102=\"1\">\n<div class=\"key-value-class-item \" data-gtm-vis-recent-on-screen10487645_102=\"128963\" data-gtm-vis-first-on-screen10487645_102=\"128963\" data-gtm-vis-total-visible-time10487645_102=\"100\" data-gtm-vis-has-fired10487645_102=\"1\">\n<div class=\"key\" data-gtm-vis-recent-on-screen10487645_102=\"128964\" data-gtm-vis-first-on-screen10487645_102=\"128964\" data-gtm-vis-total-visible-time10487645_102=\"100\" data-gtm-vis-has-fired10487645_102=\"1\">Norm DIN ISO 8976<\/div>\n<\/div>\n<\/div>\n<div class=\"field__item\" data-gtm-vis-recent-on-screen10487645_102=\"128981\" data-gtm-vis-first-on-screen10487645_102=\"128981\" data-gtm-vis-total-visible-time10487645_102=\"100\" data-gtm-vis-has-fired10487645_102=\"1\">\n<div class=\"key-value-class-item \" data-gtm-vis-recent-on-screen10487645_102=\"128982\" data-gtm-vis-first-on-screen10487645_102=\"128982\" data-gtm-vis-total-visible-time10487645_102=\"100\" data-gtm-vis-has-fired10487645_102=\"1\">\n<div class=\"key\" data-gtm-vis-recent-on-screen10487645_102=\"128983\" data-gtm-vis-first-on-screen10487645_102=\"128983\" data-gtm-vis-total-visible-time10487645_102=\"100\" data-gtm-vis-has-fired10487645_102=\"1\">REACH Uyumlu SVHC \u0130\u00e7ermiyor<\/div>\n<\/div>\n<\/div>\n<div class=\"field__item\" data-gtm-vis-first-on-screen10487645_102=\"128998\" data-gtm-vis-total-visible-time10487645_102=\"100\" data-gtm-vis-has-fired10487645_102=\"1\">\n<div class=\"key-value-class-item \" data-gtm-vis-first-on-screen10487645_102=\"128999\" data-gtm-vis-total-visible-time10487645_102=\"100\" data-gtm-vis-has-fired10487645_102=\"1\">\n<div class=\"key\" data-gtm-vis-first-on-screen10487645_102=\"129000\" data-gtm-vis-total-visible-time10487645_102=\"100\" data-gtm-vis-has-fired10487645_102=\"1\">ROHS Uyumlu Uygulanamaz<\/div>\n<\/div>\n<\/div>\n<\/div>\n<div class=\"product--variation-field--variation_field_technical_section__1689 field field--name-field-technical-section field--type-key-value-class-field-type field--label-hidden field__items\" data-gtm-vis-first-on-screen10487645_102=\"129029\" data-gtm-vis-total-visible-time10487645_102=\"100\" data-gtm-vis-has-fired10487645_102=\"1\">\n<div class=\"field__item\" data-gtm-vis-first-on-screen10487645_102=\"129013\" data-gtm-vis-total-visible-time10487645_102=\"100\" data-gtm-vis-has-fired10487645_102=\"1\">\n<div class=\"key-value-class-item \" data-gtm-vis-first-on-screen10487645_102=\"129014\" data-gtm-vis-total-visible-time10487645_102=\"100\" data-gtm-vis-has-fired10487645_102=\"1\">\n<div class=\"key\" data-gtm-vis-first-on-screen10487645_102=\"129015\" data-gtm-vis-total-visible-time10487645_102=\"100\" data-gtm-vis-has-fired10487645_102=\"1\">Boru \u00e7ap\u0131 kapasitesi (\u00e7ap) \u00d8 1 5\/16 \u0130n\u00e7<\/div>\n<\/div>\n<\/div>\n<div class=\"field__item\" data-gtm-vis-first-on-screen10487645_102=\"129030\" data-gtm-vis-total-visible-time10487645_102=\"100\" data-gtm-vis-has-fired10487645_102=\"1\">\n<div class=\"key-value-class-item \" data-gtm-vis-first-on-screen10487645_102=\"129031\" data-gtm-vis-total-visible-time10487645_102=\"100\" data-gtm-vis-has-fired10487645_102=\"1\">\n<div class=\"key\" data-gtm-vis-first-on-screen10487645_102=\"129032\" data-gtm-vis-total-visible-time10487645_102=\"100\" data-gtm-vis-has-fired10487645_102=\"1\">Boru \u00e7ap\u0131 kapasitesi (\u00e7ap) \u00d8 34 mm<\/div>\n<\/div>\n<\/div>\n<div class=\"field__item\" data-gtm-vis-first-on-screen10487645_102=\"129046\" data-gtm-vis-total-visible-time10487645_102=\"100\" data-gtm-vis-has-fired10487645_102=\"1\">\n<div class=\"key-value-class-item \" data-gtm-vis-first-on-screen10487645_102=\"129048\" data-gtm-vis-total-visible-time10487645_102=\"100\" data-gtm-vis-has-fired10487645_102=\"1\">\n<div class=\"key\" data-gtm-vis-first-on-screen10487645_102=\"129049\" data-gtm-vis-total-visible-time10487645_102=\"100\" data-gtm-vis-has-fired10487645_102=\"1\">Somun ve anahtar \u00f6l\u00e7\u00fcs\u00fc kapasitesi 36 mm<\/div>\n<\/div>\n<\/div>\n<\/div>\n","protected":false},"excerpt":{"rendered":"<div class=\"kx-flex kx-justify-between\" data-gtm-vis-first-on-screen10487645_102=\"2075\" data-gtm-vis-total-visible-time10487645_102=\"100\" data-gtm-vis-has-fired10487645_102=\"1\">\n<div class=\"kx-flex kx-items-center kx-flex-wrap kx-gap-4 kx-gap-y-0\" data-gtm-vis-first-on-screen10487645_102=\"2076\" data-gtm-vis-total-visible-time10487645_102=\"100\" data-gtm-vis-has-fired10487645_102=\"1\"><img decoding=\"async\" src=\"https:\/\/product-api-assets.knipex.com\/fd89784\/65badd55-ee92-4cc5-a83e-1510299a1dac.png\" alt=\"\" \/><\/div>\n<\/div>\n<div class=\"bulletpoint-container\" data-gtm-vis-first-on-screen10487645_102=\"2076\" data-gtm-vis-total-visible-time10487645_102=\"100\" data-gtm-vis-has-fired10487645_102=\"1\">\n<ul>\n<li>Borular ve somunlarda kendili\u011finden kelep\u00e7elenme: i\u015f par\u00e7as\u0131nda kayma olmaz, zahmetsiz \u00e7al\u0131\u015fma sa\u011flar<\/li>\n<li>Mafsal kaymaz<\/li>\n<li>C\u0131vata ve somunlar\u0131n tutulabildi\u011fi uygun geometrili pense kavrama deli\u011fi<\/li>\n<li>Konstr\u00fcksiyonu sayesinde mafsal vidas\u0131na binen y\u00fck azalt\u0131l\u0131r, bu nedenle vidada a\u015f\u0131nma g\u00f6r\u00fclmez<\/li>\n<li>Parmaklar\u0131n s\u0131k\u0131\u015fmas\u0131n\u0131 \u00f6nleyen tasar\u0131ma sahiptir<\/li>\n<li>\u00d6zel sertle\u015ftirilmi\u015f di\u015fli a\u011f\u0131z y\u00fczeyleri, 250 mm uzunlukta di\u015flerin sertli\u011fi yakla\u015f\u0131k. 61 HRC: A\u015f\u0131nmaya kar\u015f\u0131 y\u00fcksek dayan\u0131kl\u0131l\u0131k sayesinde g\u00fcvenli tutu\u015f<\/li>\n<\/ul>\n<\/div>\n","protected":false},"featured_media":17286,"template":"","meta":{"_joinchat":[]},"product_brand":[159],"product_cat":[190],"product_tag":[1266,1265,1264,990,985],"class_list":{"0":"post-17285","1":"product","2":"type-product","3":"status-publish","4":"has-post-thumbnail","6":"product_brand-knipex","7":"product_cat-ayarli-fort-penseler","8":"product_tag-89-05-250-fort-pense","9":"product_tag-knipex-89-05-250","10":"product_tag-knipex-89-05-250-fort-pense","11":"product_tag-knipex-ayarli-fort-pense","12":"product_tag-knipex-fort-pense","15":"first","16":"instock","17":"shipping-taxable","18":"product-type-simple"},"yoast_head":"<!-- This site is optimized with the Yoast SEO plugin v27.3 - https:\/\/yoast.com\/product\/yoast-seo-wordpress\/ -->\n<title>Knipex 89 05 250 Fort Pense - El Aleti Sepeti<\/title>\n<meta name=\"description\" content=\"Knipex 89 05 250 Fort Pense, g\u00fc\u00e7l\u00fc \u00e7ene yap\u0131s\u0131 ve sa\u011flam g\u00f6vdesiyle somun, boru ve profil gibi par\u00e7alar\u0131 g\u00fcvenle kavrar, uzun \u00f6m\u00fcrl\u00fc i\u015f sunar.\" \/>\n<meta name=\"robots\" content=\"index, follow, max-snippet:-1, max-image-preview:large, max-video-preview:-1\" \/>\n<link rel=\"canonical\" href=\"https:\/\/www.elaletisepeti.com\/?product=knipex-89-05-250-fort-pense\" \/>\n<meta property=\"og:locale\" content=\"tr_TR\" \/>\n<meta property=\"og:type\" content=\"article\" \/>\n<meta property=\"og:title\" content=\"Knipex 89 05 250 Fort Pense - El Aleti Sepeti\" \/>\n<meta property=\"og:description\" content=\"Knipex 89 05 250 Fort Pense, g\u00fc\u00e7l\u00fc \u00e7ene yap\u0131s\u0131 ve sa\u011flam g\u00f6vdesiyle somun, boru ve profil gibi par\u00e7alar\u0131 g\u00fcvenle kavrar, uzun \u00f6m\u00fcrl\u00fc i\u015f sunar.\" \/>\n<meta property=\"og:url\" content=\"https:\/\/www.elaletisepeti.com\/?product=knipex-89-05-250-fort-pense\" \/>\n<meta property=\"og:site_name\" content=\"El Aleti Sepeti\" \/>\n<meta property=\"article:modified_time\" content=\"2025-12-07T17:27:56+00:00\" \/>\n<meta property=\"og:image\" content=\"https:\/\/www.elaletisepeti.com\/wp-content\/uploads\/2025\/12\/Knipex-89-05-250.jpg\" \/>\n\t<meta property=\"og:image:width\" content=\"1000\" \/>\n\t<meta property=\"og:image:height\" content=\"1000\" \/>\n\t<meta property=\"og:image:type\" content=\"image\/jpeg\" \/>\n<meta name=\"twitter:card\" content=\"summary_large_image\" \/>\n<meta name=\"twitter:label1\" content=\"Tahmini okuma s\u00fcresi\" \/>\n\t<meta name=\"twitter:data1\" content=\"1 dakika\" \/>\n<script type=\"application\/ld+json\" class=\"yoast-schema-graph\">{\"@context\":\"https:\\\/\\\/schema.org\",\"@graph\":[{\"@type\":\"WebPage\",\"@id\":\"https:\\\/\\\/www.elaletisepeti.com\\\/?product=knipex-89-05-250-fort-pense\",\"url\":\"https:\\\/\\\/www.elaletisepeti.com\\\/?product=knipex-89-05-250-fort-pense\",\"name\":\"Knipex 89 05 250 Fort Pense - El Aleti Sepeti\",\"isPartOf\":{\"@id\":\"https:\\\/\\\/www.elaletisepeti.com\\\/#website\"},\"primaryImageOfPage\":{\"@id\":\"https:\\\/\\\/www.elaletisepeti.com\\\/?product=knipex-89-05-250-fort-pense#primaryimage\"},\"image\":{\"@id\":\"https:\\\/\\\/www.elaletisepeti.com\\\/?product=knipex-89-05-250-fort-pense#primaryimage\"},\"thumbnailUrl\":\"https:\\\/\\\/www.elaletisepeti.com\\\/wp-content\\\/uploads\\\/2025\\\/12\\\/Knipex-89-05-250.jpg\",\"datePublished\":\"2025-12-07T17:26:46+00:00\",\"dateModified\":\"2025-12-07T17:27:56+00:00\",\"description\":\"Knipex 89 05 250 Fort Pense, g\u00fc\u00e7l\u00fc \u00e7ene yap\u0131s\u0131 ve sa\u011flam g\u00f6vdesiyle somun, boru ve profil gibi par\u00e7alar\u0131 g\u00fcvenle kavrar, uzun \u00f6m\u00fcrl\u00fc i\u015f sunar.\",\"breadcrumb\":{\"@id\":\"https:\\\/\\\/www.elaletisepeti.com\\\/?product=knipex-89-05-250-fort-pense#breadcrumb\"},\"inLanguage\":\"tr\",\"potentialAction\":[{\"@type\":\"ReadAction\",\"target\":[\"https:\\\/\\\/www.elaletisepeti.com\\\/?product=knipex-89-05-250-fort-pense\"]}]},{\"@type\":\"ImageObject\",\"inLanguage\":\"tr\",\"@id\":\"https:\\\/\\\/www.elaletisepeti.com\\\/?product=knipex-89-05-250-fort-pense#primaryimage\",\"url\":\"https:\\\/\\\/www.elaletisepeti.com\\\/wp-content\\\/uploads\\\/2025\\\/12\\\/Knipex-89-05-250.jpg\",\"contentUrl\":\"https:\\\/\\\/www.elaletisepeti.com\\\/wp-content\\\/uploads\\\/2025\\\/12\\\/Knipex-89-05-250.jpg\",\"width\":1000,\"height\":1000},{\"@type\":\"BreadcrumbList\",\"@id\":\"https:\\\/\\\/www.elaletisepeti.com\\\/?product=knipex-89-05-250-fort-pense#breadcrumb\",\"itemListElement\":[{\"@type\":\"ListItem\",\"position\":1,\"name\":\"Anasayfa\",\"item\":\"https:\\\/\\\/www.elaletisepeti.com\\\/\"},{\"@type\":\"ListItem\",\"position\":2,\"name\":\"Shop\",\"item\":\"https:\\\/\\\/www.elaletisepeti.com\\\/?page_id=7\"},{\"@type\":\"ListItem\",\"position\":3,\"name\":\"Knipex 89 05 250 Fort Pense\"}]},{\"@type\":\"WebSite\",\"@id\":\"https:\\\/\\\/www.elaletisepeti.com\\\/#website\",\"url\":\"https:\\\/\\\/www.elaletisepeti.com\\\/\",\"name\":\"El Aleti Sepeti\",\"description\":\"El Aletleri, Knipex Pense, Knipex Kerpeten, Knipex Kargaburun,  Kn\u0131pex  Yankeski, Kn\u0131pex Boru Kesme, Knipex Kablo S\u0131y\u0131rma, Knipex  El Aletleri\",\"potentialAction\":[{\"@type\":\"SearchAction\",\"target\":{\"@type\":\"EntryPoint\",\"urlTemplate\":\"https:\\\/\\\/www.elaletisepeti.com\\\/?s={search_term_string}\"},\"query-input\":{\"@type\":\"PropertyValueSpecification\",\"valueRequired\":true,\"valueName\":\"search_term_string\"}}],\"inLanguage\":\"tr\"}]}<\/script>\n<!-- \/ Yoast SEO plugin. -->","yoast_head_json":{"title":"Knipex 89 05 250 Fort Pense - El Aleti Sepeti","description":"Knipex 89 05 250 Fort Pense, g\u00fc\u00e7l\u00fc \u00e7ene yap\u0131s\u0131 ve sa\u011flam g\u00f6vdesiyle somun, boru ve profil gibi par\u00e7alar\u0131 g\u00fcvenle kavrar, uzun \u00f6m\u00fcrl\u00fc i\u015f sunar.","robots":{"index":"index","follow":"follow","max-snippet":"max-snippet:-1","max-image-preview":"max-image-preview:large","max-video-preview":"max-video-preview:-1"},"canonical":"https:\/\/www.elaletisepeti.com\/?product=knipex-89-05-250-fort-pense","og_locale":"tr_TR","og_type":"article","og_title":"Knipex 89 05 250 Fort Pense - El Aleti Sepeti","og_description":"Knipex 89 05 250 Fort Pense, g\u00fc\u00e7l\u00fc \u00e7ene yap\u0131s\u0131 ve sa\u011flam g\u00f6vdesiyle somun, boru ve profil gibi par\u00e7alar\u0131 g\u00fcvenle kavrar, uzun \u00f6m\u00fcrl\u00fc i\u015f sunar.","og_url":"https:\/\/www.elaletisepeti.com\/?product=knipex-89-05-250-fort-pense","og_site_name":"El Aleti Sepeti","article_modified_time":"2025-12-07T17:27:56+00:00","og_image":[{"width":1000,"height":1000,"url":"https:\/\/www.elaletisepeti.com\/wp-content\/uploads\/2025\/12\/Knipex-89-05-250.jpg","type":"image\/jpeg"}],"twitter_card":"summary_large_image","twitter_misc":{"Tahmini okuma s\u00fcresi":"1 dakika"},"schema":{"@context":"https:\/\/schema.org","@graph":[{"@type":"WebPage","@id":"https:\/\/www.elaletisepeti.com\/?product=knipex-89-05-250-fort-pense","url":"https:\/\/www.elaletisepeti.com\/?product=knipex-89-05-250-fort-pense","name":"Knipex 89 05 250 Fort Pense - El Aleti Sepeti","isPartOf":{"@id":"https:\/\/www.elaletisepeti.com\/#website"},"primaryImageOfPage":{"@id":"https:\/\/www.elaletisepeti.com\/?product=knipex-89-05-250-fort-pense#primaryimage"},"image":{"@id":"https:\/\/www.elaletisepeti.com\/?product=knipex-89-05-250-fort-pense#primaryimage"},"thumbnailUrl":"https:\/\/www.elaletisepeti.com\/wp-content\/uploads\/2025\/12\/Knipex-89-05-250.jpg","datePublished":"2025-12-07T17:26:46+00:00","dateModified":"2025-12-07T17:27:56+00:00","description":"Knipex 89 05 250 Fort Pense, g\u00fc\u00e7l\u00fc \u00e7ene yap\u0131s\u0131 ve sa\u011flam g\u00f6vdesiyle somun, boru ve profil gibi par\u00e7alar\u0131 g\u00fcvenle kavrar, uzun \u00f6m\u00fcrl\u00fc i\u015f sunar.","breadcrumb":{"@id":"https:\/\/www.elaletisepeti.com\/?product=knipex-89-05-250-fort-pense#breadcrumb"},"inLanguage":"tr","potentialAction":[{"@type":"ReadAction","target":["https:\/\/www.elaletisepeti.com\/?product=knipex-89-05-250-fort-pense"]}]},{"@type":"ImageObject","inLanguage":"tr","@id":"https:\/\/www.elaletisepeti.com\/?product=knipex-89-05-250-fort-pense#primaryimage","url":"https:\/\/www.elaletisepeti.com\/wp-content\/uploads\/2025\/12\/Knipex-89-05-250.jpg","contentUrl":"https:\/\/www.elaletisepeti.com\/wp-content\/uploads\/2025\/12\/Knipex-89-05-250.jpg","width":1000,"height":1000},{"@type":"BreadcrumbList","@id":"https:\/\/www.elaletisepeti.com\/?product=knipex-89-05-250-fort-pense#breadcrumb","itemListElement":[{"@type":"ListItem","position":1,"name":"Anasayfa","item":"https:\/\/www.elaletisepeti.com\/"},{"@type":"ListItem","position":2,"name":"Shop","item":"https:\/\/www.elaletisepeti.com\/?page_id=7"},{"@type":"ListItem","position":3,"name":"Knipex 89 05 250 Fort Pense"}]},{"@type":"WebSite","@id":"https:\/\/www.elaletisepeti.com\/#website","url":"https:\/\/www.elaletisepeti.com\/","name":"El Aleti Sepeti","description":"El Aletleri, Knipex Pense, Knipex Kerpeten, Knipex Kargaburun,  Kn\u0131pex  Yankeski, Kn\u0131pex Boru Kesme, Knipex Kablo S\u0131y\u0131rma, Knipex  El Aletleri","potentialAction":[{"@type":"SearchAction","target":{"@type":"EntryPoint","urlTemplate":"https:\/\/www.elaletisepeti.com\/?s={search_term_string}"},"query-input":{"@type":"PropertyValueSpecification","valueRequired":true,"valueName":"search_term_string"}}],"inLanguage":"tr"}]}},"_links":{"self":[{"href":"https:\/\/www.elaletisepeti.com\/index.php?rest_route=\/wp\/v2\/product\/17285","targetHints":{"allow":["GET"]}}],"collection":[{"href":"https:\/\/www.elaletisepeti.com\/index.php?rest_route=\/wp\/v2\/product"}],"about":[{"href":"https:\/\/www.elaletisepeti.com\/index.php?rest_route=\/wp\/v2\/types\/product"}],"wp:featuredmedia":[{"embeddable":true,"href":"https:\/\/www.elaletisepeti.com\/index.php?rest_route=\/wp\/v2\/media\/17286"}],"wp:attachment":[{"href":"https:\/\/www.elaletisepeti.com\/index.php?rest_route=%2Fwp%2Fv2%2Fmedia&parent=17285"}],"wp:term":[{"taxonomy":"product_brand","embeddable":true,"href":"https:\/\/www.elaletisepeti.com\/index.php?rest_route=%2Fwp%2Fv2%2Fproduct_brand&post=17285"},{"taxonomy":"product_cat","embeddable":true,"href":"https:\/\/www.elaletisepeti.com\/index.php?rest_route=%2Fwp%2Fv2%2Fproduct_cat&post=17285"},{"taxonomy":"product_tag","embeddable":true,"href":"https:\/\/www.elaletisepeti.com\/index.php?rest_route=%2Fwp%2Fv2%2Fproduct_tag&post=17285"}],"curies":[{"name":"wp","href":"https:\/\/api.w.org\/{rel}","templated":true}]}}