{"id":17205,"date":"2025-12-07T07:20:27","date_gmt":"2025-12-07T07:20:27","guid":{"rendered":"https:\/\/www.elaletisepeti.com\/?post_type=product&#038;p=17205"},"modified":"2025-12-07T07:20:27","modified_gmt":"2025-12-07T07:20:27","slug":"knipex-86-03-400-ayarli-fort-pense","status":"publish","type":"product","link":"https:\/\/www.elaletisepeti.com\/?product=knipex-86-03-400-ayarli-fort-pense","title":{"rendered":"Knipex 86 03 400 Ayarl\u0131 Fort Pense"},"content":{"rendered":"<p><strong>Knipex 86 03 400 D\u00fcz \u00c7ene Ayarl\u0131 Pense XL<\/strong><\/p>\n<div class=\"product--variation-field--variation_field_general_section__1424 field field--name-field-general-section field--type-key-value-class-field-type field--label-hidden field__items\" data-gtm-vis-recent-on-screen10487645_102=\"156345\" data-gtm-vis-first-on-screen10487645_102=\"156345\" data-gtm-vis-total-visible-time10487645_102=\"100\" data-gtm-vis-has-fired10487645_102=\"1\">\n<div class=\"field__item\" data-gtm-vis-recent-on-screen10487645_102=\"156315\" data-gtm-vis-first-on-screen10487645_102=\"156315\" data-gtm-vis-total-visible-time10487645_102=\"100\" data-gtm-vis-has-fired10487645_102=\"1\">\n<div class=\"key-value-class-item \" data-gtm-vis-recent-on-screen10487645_102=\"156317\" data-gtm-vis-first-on-screen10487645_102=\"156317\" data-gtm-vis-total-visible-time10487645_102=\"100\" data-gtm-vis-has-fired10487645_102=\"1\">\n<div class=\"key\" data-gtm-vis-recent-on-screen10487645_102=\"156318\" data-gtm-vis-first-on-screen10487645_102=\"156318\" data-gtm-vis-total-visible-time10487645_102=\"100\" data-gtm-vis-has-fired10487645_102=\"1\">Kod:\u00a086 03 400<\/div>\n<\/div>\n<\/div>\n<div class=\"field__item\" data-gtm-vis-recent-on-screen10487645_102=\"156320\" data-gtm-vis-first-on-screen10487645_102=\"156320\" data-gtm-vis-total-visible-time10487645_102=\"100\" data-gtm-vis-has-fired10487645_102=\"1\">\n<div class=\"key-value-class-item \" data-gtm-vis-recent-on-screen10487645_102=\"156321\" data-gtm-vis-first-on-screen10487645_102=\"156321\" data-gtm-vis-total-visible-time10487645_102=\"100\" data-gtm-vis-has-fired10487645_102=\"1\">\n<div class=\"key\" data-gtm-vis-recent-on-screen10487645_102=\"156321\" data-gtm-vis-first-on-screen10487645_102=\"156321\" data-gtm-vis-total-visible-time10487645_102=\"100\" data-gtm-vis-has-fired10487645_102=\"1\">EAN 4003773077312<\/div>\n<\/div>\n<\/div>\n<div class=\"field__item\" data-gtm-vis-recent-on-screen10487645_102=\"156330\" data-gtm-vis-first-on-screen10487645_102=\"156330\" data-gtm-vis-total-visible-time10487645_102=\"100\" data-gtm-vis-has-fired10487645_102=\"1\">\n<div class=\"key-value-class-item \" data-gtm-vis-recent-on-screen10487645_102=\"156332\" data-gtm-vis-first-on-screen10487645_102=\"156332\" data-gtm-vis-total-visible-time10487645_102=\"100\" data-gtm-vis-has-fired10487645_102=\"1\">\n<div class=\"key\" data-gtm-vis-recent-on-screen10487645_102=\"156333\" data-gtm-vis-first-on-screen10487645_102=\"156333\" data-gtm-vis-total-visible-time10487645_102=\"100\" data-gtm-vis-has-fired10487645_102=\"1\">Pense Krom Kaplama<\/div>\n<\/div>\n<\/div>\n<div class=\"field__item\" data-gtm-vis-recent-on-screen10487645_102=\"156335\" data-gtm-vis-first-on-screen10487645_102=\"156335\" data-gtm-vis-total-visible-time10487645_102=\"100\" data-gtm-vis-has-fired10487645_102=\"1\">\n<div class=\"key-value-class-item \" data-gtm-vis-recent-on-screen10487645_102=\"156336\" data-gtm-vis-first-on-screen10487645_102=\"156336\" data-gtm-vis-total-visible-time10487645_102=\"100\" data-gtm-vis-has-fired10487645_102=\"1\">\n<div class=\"key\" data-gtm-vis-recent-on-screen10487645_102=\"156336\" data-gtm-vis-first-on-screen10487645_102=\"156336\" data-gtm-vis-total-visible-time10487645_102=\"100\" data-gtm-vis-has-fired10487645_102=\"1\">Ba\u015fl\u0131k Krom Kaplama<\/div>\n<\/div>\n<\/div>\n<div class=\"field__item\" data-gtm-vis-recent-on-screen10487645_102=\"156347\" data-gtm-vis-first-on-screen10487645_102=\"156347\" data-gtm-vis-total-visible-time10487645_102=\"100\" data-gtm-vis-has-fired10487645_102=\"1\">\n<div class=\"key-value-class-item \" data-gtm-vis-recent-on-screen10487645_102=\"156347\" data-gtm-vis-first-on-screen10487645_102=\"156347\" data-gtm-vis-total-visible-time10487645_102=\"100\" data-gtm-vis-has-fired10487645_102=\"1\">\n<div class=\"key\" data-gtm-vis-recent-on-screen10487645_102=\"156348\" data-gtm-vis-first-on-screen10487645_102=\"156348\" data-gtm-vis-total-visible-time10487645_102=\"100\" data-gtm-vis-has-fired10487645_102=\"1\">Kollar \u00dczeri Plastik Kaplamal\u0131<\/div>\n<\/div>\n<\/div>\n<div class=\"field__item\" data-gtm-vis-recent-on-screen10487645_102=\"156560\" data-gtm-vis-first-on-screen10487645_102=\"156560\" data-gtm-vis-total-visible-time10487645_102=\"100\" data-gtm-vis-has-fired10487645_102=\"1\">\n<div class=\"key-value-class-item \" data-gtm-vis-recent-on-screen10487645_102=\"156562\" data-gtm-vis-first-on-screen10487645_102=\"156562\" data-gtm-vis-total-visible-time10487645_102=\"100\" data-gtm-vis-has-fired10487645_102=\"1\">\n<div class=\"key\" data-gtm-vis-recent-on-screen10487645_102=\"156563\" data-gtm-vis-first-on-screen10487645_102=\"156563\" data-gtm-vis-total-visible-time10487645_102=\"100\" data-gtm-vis-has-fired10487645_102=\"1\">A\u011f\u0131rl\u0131k 1.460 g<\/div>\n<\/div>\n<\/div>\n<div class=\"field__item\" data-gtm-vis-recent-on-screen10487645_102=\"156564\" data-gtm-vis-first-on-screen10487645_102=\"156565\" data-gtm-vis-total-visible-time10487645_102=\"100\" data-gtm-vis-has-fired10487645_102=\"1\">\n<div class=\"key-value-class-item \" data-gtm-vis-recent-on-screen10487645_102=\"156570\" data-gtm-vis-first-on-screen10487645_102=\"156570\" data-gtm-vis-total-visible-time10487645_102=\"100\" data-gtm-vis-has-fired10487645_102=\"1\">\n<div class=\"key\" data-gtm-vis-recent-on-screen10487645_102=\"156572\" data-gtm-vis-first-on-screen10487645_102=\"156572\" data-gtm-vis-total-visible-time10487645_102=\"100\" data-gtm-vis-has-fired10487645_102=\"1\">\u00d6l\u00e7\u00fcleri 400 x 81 x 23 mm<\/div>\n<\/div>\n<\/div>\n<div class=\"field__item\" data-gtm-vis-recent-on-screen10487645_102=\"156574\" data-gtm-vis-first-on-screen10487645_102=\"156574\" data-gtm-vis-total-visible-time10487645_102=\"100\" data-gtm-vis-has-fired10487645_102=\"1\">\n<div class=\"key-value-class-item \" data-gtm-vis-recent-on-screen10487645_102=\"156575\" data-gtm-vis-first-on-screen10487645_102=\"156575\" data-gtm-vis-total-visible-time10487645_102=\"100\" data-gtm-vis-has-fired10487645_102=\"1\">\n<div class=\"key\" data-gtm-vis-recent-on-screen10487645_102=\"156575\" data-gtm-vis-first-on-screen10487645_102=\"156575\" data-gtm-vis-total-visible-time10487645_102=\"100\" data-gtm-vis-has-fired10487645_102=\"1\">REACH Uyumlu SVHC \u0130\u00e7ermiyor<\/div>\n<\/div>\n<\/div>\n<div class=\"field__item\" data-gtm-vis-recent-on-screen10487645_102=\"156577\" data-gtm-vis-first-on-screen10487645_102=\"156577\" data-gtm-vis-total-visible-time10487645_102=\"100\" data-gtm-vis-has-fired10487645_102=\"1\">\n<div class=\"key-value-class-item \" data-gtm-vis-recent-on-screen10487645_102=\"156579\" data-gtm-vis-first-on-screen10487645_102=\"156579\" data-gtm-vis-total-visible-time10487645_102=\"100\" data-gtm-vis-has-fired10487645_102=\"1\">\n<div class=\"key\" data-gtm-vis-recent-on-screen10487645_102=\"156579\" data-gtm-vis-first-on-screen10487645_102=\"156579\" data-gtm-vis-total-visible-time10487645_102=\"100\" data-gtm-vis-has-fired10487645_102=\"1\">ROHS Uyumlu Uygulanamaz<\/div>\n<\/div>\n<\/div>\n<\/div>\n<div class=\"product--variation-field--variation_field_technical_section__1424 field field--name-field-technical-section field--type-key-value-class-field-type field--label-hidden field__items\" data-gtm-vis-first-on-screen10487645_102=\"156609\" data-gtm-vis-total-visible-time10487645_102=\"100\" data-gtm-vis-has-fired10487645_102=\"1\">\n<div class=\"field__item\" data-gtm-vis-recent-on-screen10487645_102=\"156596\" data-gtm-vis-first-on-screen10487645_102=\"156596\" data-gtm-vis-total-visible-time10487645_102=\"100\" data-gtm-vis-has-fired10487645_102=\"1\">\n<div class=\"key-value-class-item \" data-gtm-vis-recent-on-screen10487645_102=\"156598\" data-gtm-vis-first-on-screen10487645_102=\"156598\" data-gtm-vis-total-visible-time10487645_102=\"100\" data-gtm-vis-has-fired10487645_102=\"1\">\n<div class=\"key\" data-gtm-vis-recent-on-screen10487645_102=\"156599\" data-gtm-vis-first-on-screen10487645_102=\"156599\" data-gtm-vis-total-visible-time10487645_102=\"100\" data-gtm-vis-has-fired10487645_102=\"1\">\u00c7ene kal\u0131nl\u0131\u011f\u0131 (eklem) (B2) 16,0 mm<\/div>\n<\/div>\n<\/div>\n<div class=\"field__item\" data-gtm-vis-first-on-screen10487645_102=\"156600\" data-gtm-vis-total-visible-time10487645_102=\"100\" data-gtm-vis-has-fired10487645_102=\"1\">\n<div class=\"key-value-class-item \" data-gtm-vis-first-on-screen10487645_102=\"156601\" data-gtm-vis-total-visible-time10487645_102=\"100\" data-gtm-vis-has-fired10487645_102=\"1\">\n<div class=\"key\" data-gtm-vis-first-on-screen10487645_102=\"156602\" data-gtm-vis-total-visible-time10487645_102=\"100\" data-gtm-vis-has-fired10487645_102=\"1\">Derz Kal\u0131nl\u0131\u011f\u0131 (B3) 20,0 mm<\/div>\n<\/div>\n<\/div>\n<div class=\"field__item\" data-gtm-vis-first-on-screen10487645_102=\"156611\" data-gtm-vis-total-visible-time10487645_102=\"100\" data-gtm-vis-has-fired10487645_102=\"1\">\n<div class=\"key-value-class-item \" data-gtm-vis-first-on-screen10487645_102=\"156613\" data-gtm-vis-total-visible-time10487645_102=\"100\" data-gtm-vis-has-fired10487645_102=\"1\">\n<div class=\"key\" data-gtm-vis-first-on-screen10487645_102=\"156614\" data-gtm-vis-total-visible-time10487645_102=\"100\" data-gtm-vis-has-fired10487645_102=\"1\">U\u00e7 Kal\u0131nl\u0131\u011f\u0131\u00a0 (B1) 12,5 mm<\/div>\n<\/div>\n<\/div>\n<div class=\"field__item\" data-gtm-vis-first-on-screen10487645_102=\"156616\" data-gtm-vis-total-visible-time10487645_102=\"100\" data-gtm-vis-has-fired10487645_102=\"1\">\n<div class=\"key-value-class-item \" data-gtm-vis-first-on-screen10487645_102=\"156617\" data-gtm-vis-total-visible-time10487645_102=\"100\" data-gtm-vis-has-fired10487645_102=\"1\">\n<div class=\"key\" data-gtm-vis-first-on-screen10487645_102=\"156618\" data-gtm-vis-total-visible-time10487645_102=\"100\" data-gtm-vis-has-fired10487645_102=\"1\">Ayar pozisyonu 25<\/div>\n<\/div>\n<\/div>\n<div class=\"field__item\" data-gtm-vis-first-on-screen10487645_102=\"156625\" data-gtm-vis-total-visible-time10487645_102=\"100\" data-gtm-vis-has-fired10487645_102=\"1\">\n<div class=\"key-value-class-item \" data-gtm-vis-first-on-screen10487645_102=\"156626\" data-gtm-vis-total-visible-time10487645_102=\"100\" data-gtm-vis-has-fired10487645_102=\"1\">\n<div class=\"key\" data-gtm-vis-first-on-screen10487645_102=\"156627\" data-gtm-vis-total-visible-time10487645_102=\"100\" data-gtm-vis-has-fired10487645_102=\"1\">Somun ve anahtar \u00f6l\u00e7\u00fcs\u00fc kapasitesi \u00d8 3 3\/8 \u0130n\u00e7<\/div>\n<\/div>\n<\/div>\n<div class=\"field__item\" data-gtm-vis-first-on-screen10487645_102=\"156629\" data-gtm-vis-total-visible-time10487645_102=\"100\" data-gtm-vis-has-fired10487645_102=\"1\">\n<div class=\"key-value-class-item \" data-gtm-vis-first-on-screen10487645_102=\"156629\" data-gtm-vis-total-visible-time10487645_102=\"100\" data-gtm-vis-has-fired10487645_102=\"1\">\n<div class=\"key\" data-gtm-vis-first-on-screen10487645_102=\"156630\" data-gtm-vis-total-visible-time10487645_102=\"100\" data-gtm-vis-has-fired10487645_102=\"1\">Somun ve anahtar \u00f6l\u00e7\u00fcs\u00fc kapasitesi 85 mm<\/div>\n<\/div>\n<\/div>\n<\/div>\n","protected":false},"excerpt":{"rendered":"<div class=\"kx-flex kx-justify-between\" data-gtm-vis-first-on-screen10487645_102=\"834\" data-gtm-vis-total-visible-time10487645_102=\"100\" data-gtm-vis-has-fired10487645_102=\"1\">\n<div class=\"kx-flex kx-items-center kx-flex-wrap kx-gap-4 kx-gap-y-0\" data-gtm-vis-first-on-screen10487645_102=\"835\" data-gtm-vis-total-visible-time10487645_102=\"100\" data-gtm-vis-has-fired10487645_102=\"1\"><img decoding=\"async\" src=\"https:\/\/product-api-assets.knipex.com\/fd89784\/aa60a8e0-5acc-40ff-8320-88734ef11826.png\" alt=\"\" \/><\/div>\n<\/div>\n<div class=\"bulletpoint-container\" data-gtm-vis-first-on-screen10487645_102=\"835\" data-gtm-vis-total-visible-time10487645_102=\"100\" data-gtm-vis-has-fired10487645_102=\"1\">\n<ul>\n<li>E\u015fsiz montaj aleti \u015fimdi 400 mm&#8217;lik boyda da mevcuttur.<\/li>\n<li>85 mm&#8217;ye \/ 3 3\/8 in\u00e7&#8217;e kadar olan a\u011f\u0131z geni\u015flikleri i\u00e7in.<\/li>\n<li>\u0130\u015f par\u00e7alar\u0131n\u0131n kavranmas\u0131, tutulmas\u0131, s\u0131k\u0131\u015ft\u0131r\u0131lmas\u0131 ve b\u00fck\u00fclmesi i\u00e7in olduk\u00e7a kullan\u0131\u015fl\u0131d\u0131r<\/li>\n<li>Ergonomik sap pozisyonu ile birlikte i\u015f par\u00e7alar\u0131na uyum optimize edilmi\u015ftir<\/li>\n<li>Mafsal pimi g\u00fcvenli bir \u015fekilde yerine oturur: Ayar istem d\u0131\u015f\u0131 bozulmaz<\/li>\n<li>Elle uygulanan kuvveti 10 kat g\u00fc\u00e7lendirmesi sayesinde y\u00fcksek s\u0131k\u0131\u015ft\u0131rma g\u00fcc\u00fc<\/li>\n<li>Do\u011frudan i\u015f par\u00e7as\u0131nda d\u00fc\u011fmeye bas\u0131larak h\u0131zl\u0131 ayarlama imkan\u0131<\/li>\n<li>Kavrama \u00e7enelerinin aras\u0131ndaki s\u0131k\u0131\u015ft\u0131rma pimi sayesinde c\u0131vata ba\u011flant\u0131lar\u0131n\u0131n c\u0131rc\u0131r lokma anahtar prensibine g\u00f6re h\u0131zl\u0131 bir \u015fekilde s\u0131k\u0131lmas\u0131 ve gev\u015fetilmesi m\u00fcmk\u00fcnd\u00fcr<\/li>\n<li>Paralel \u00e7eneler sayesinde, belirtilen kapasiteye kadar t\u00fcm civata \u00f6l\u00e7\u00fclerinin kademesiz olarak tutulmas\u0131 m\u00fcmk\u00fcnd\u00fcr<\/li>\n<li>D\u00fcz \u00e7eneler; \u00f6rne\u011fin pirin\u00e7, k\u0131z\u0131l d\u00f6k\u00fcm veya paslanmaz \u00e7elik gibi y\u00fcksek kaliteli ba\u011flant\u0131 elemanlar\u0131n\u0131n da zarar verilmeden montaj\u0131 i\u00e7in uygundur<\/li>\n<li>Bo\u015fluksuz \u015fekilde somunlar\u0131 kavrad\u0131\u011f\u0131 i\u00e7in somun k\u00f6\u015felerine zarar vermez<\/li>\n<\/ul>\n<\/div>\n","protected":false},"featured_media":17206,"template":"","meta":{"_joinchat":[]},"product_brand":[159],"product_cat":[190],"product_tag":[1223,1222,1221,1224,1201,990],"class_list":{"0":"post-17205","1":"product","2":"type-product","3":"status-publish","4":"has-post-thumbnail","6":"product_brand-knipex","7":"product_cat-ayarli-fort-penseler","8":"product_tag-86-03-400-ayarli-fort-pense","9":"product_tag-knipex-86-03-400","10":"product_tag-knipex-86-03-400-ayarli-fort-pense","11":"product_tag-knipex-86-03-400-duz-cene-ayarli-pense-xl","12":"product_tag-knipex-ayarli-boru-anahtari","13":"product_tag-knipex-ayarli-fort-pense","16":"first","17":"instock","18":"shipping-taxable","19":"product-type-simple"},"yoast_head":"<!-- This site is optimized with the Yoast SEO plugin v27.3 - https:\/\/yoast.com\/product\/yoast-seo-wordpress\/ -->\n<title>Knipex 86 03 400 Ayarl\u0131 Fort Pense - El Aleti Sepeti<\/title>\n<meta name=\"description\" content=\"Knipex 86 03 400, geni\u015f a\u00e7\u0131labilir \u00e7eneleri ve uzun kol tasar\u0131m\u0131yla g\u00fc\u00e7l\u00fc kavrama sunar; end\u00fcstriyel bak\u0131m, tesisat ve montaj i\u015fleri i\u00e7in idealdir.\" \/>\n<meta name=\"robots\" content=\"index, follow, max-snippet:-1, max-image-preview:large, max-video-preview:-1\" \/>\n<link rel=\"canonical\" href=\"https:\/\/www.elaletisepeti.com\/?product=knipex-86-03-400-ayarli-fort-pense\" \/>\n<meta property=\"og:locale\" content=\"tr_TR\" \/>\n<meta property=\"og:type\" content=\"article\" \/>\n<meta property=\"og:title\" content=\"Knipex 86 03 400 Ayarl\u0131 Fort Pense - El Aleti Sepeti\" \/>\n<meta property=\"og:description\" content=\"Knipex 86 03 400, geni\u015f a\u00e7\u0131labilir \u00e7eneleri ve uzun kol tasar\u0131m\u0131yla g\u00fc\u00e7l\u00fc kavrama sunar; end\u00fcstriyel bak\u0131m, tesisat ve montaj i\u015fleri i\u00e7in idealdir.\" \/>\n<meta property=\"og:url\" content=\"https:\/\/www.elaletisepeti.com\/?product=knipex-86-03-400-ayarli-fort-pense\" \/>\n<meta property=\"og:site_name\" content=\"El Aleti Sepeti\" \/>\n<meta property=\"og:image\" content=\"https:\/\/www.elaletisepeti.com\/wp-content\/uploads\/2025\/12\/Knipex-86-03-400.jpg\" \/>\n\t<meta property=\"og:image:width\" content=\"1000\" \/>\n\t<meta property=\"og:image:height\" content=\"1000\" \/>\n\t<meta property=\"og:image:type\" content=\"image\/jpeg\" \/>\n<meta name=\"twitter:card\" content=\"summary_large_image\" \/>\n<meta name=\"twitter:label1\" content=\"Tahmini okuma s\u00fcresi\" \/>\n\t<meta name=\"twitter:data1\" content=\"1 dakika\" \/>\n<script type=\"application\/ld+json\" class=\"yoast-schema-graph\">{\"@context\":\"https:\\\/\\\/schema.org\",\"@graph\":[{\"@type\":\"WebPage\",\"@id\":\"https:\\\/\\\/www.elaletisepeti.com\\\/?product=knipex-86-03-400-ayarli-fort-pense\",\"url\":\"https:\\\/\\\/www.elaletisepeti.com\\\/?product=knipex-86-03-400-ayarli-fort-pense\",\"name\":\"Knipex 86 03 400 Ayarl\u0131 Fort Pense - El Aleti Sepeti\",\"isPartOf\":{\"@id\":\"https:\\\/\\\/www.elaletisepeti.com\\\/#website\"},\"primaryImageOfPage\":{\"@id\":\"https:\\\/\\\/www.elaletisepeti.com\\\/?product=knipex-86-03-400-ayarli-fort-pense#primaryimage\"},\"image\":{\"@id\":\"https:\\\/\\\/www.elaletisepeti.com\\\/?product=knipex-86-03-400-ayarli-fort-pense#primaryimage\"},\"thumbnailUrl\":\"https:\\\/\\\/www.elaletisepeti.com\\\/wp-content\\\/uploads\\\/2025\\\/12\\\/Knipex-86-03-400.jpg\",\"datePublished\":\"2025-12-07T07:20:27+00:00\",\"description\":\"Knipex 86 03 400, geni\u015f a\u00e7\u0131labilir \u00e7eneleri ve uzun kol tasar\u0131m\u0131yla g\u00fc\u00e7l\u00fc kavrama sunar; end\u00fcstriyel bak\u0131m, tesisat ve montaj i\u015fleri i\u00e7in idealdir.\",\"breadcrumb\":{\"@id\":\"https:\\\/\\\/www.elaletisepeti.com\\\/?product=knipex-86-03-400-ayarli-fort-pense#breadcrumb\"},\"inLanguage\":\"tr\",\"potentialAction\":[{\"@type\":\"ReadAction\",\"target\":[\"https:\\\/\\\/www.elaletisepeti.com\\\/?product=knipex-86-03-400-ayarli-fort-pense\"]}]},{\"@type\":\"ImageObject\",\"inLanguage\":\"tr\",\"@id\":\"https:\\\/\\\/www.elaletisepeti.com\\\/?product=knipex-86-03-400-ayarli-fort-pense#primaryimage\",\"url\":\"https:\\\/\\\/www.elaletisepeti.com\\\/wp-content\\\/uploads\\\/2025\\\/12\\\/Knipex-86-03-400.jpg\",\"contentUrl\":\"https:\\\/\\\/www.elaletisepeti.com\\\/wp-content\\\/uploads\\\/2025\\\/12\\\/Knipex-86-03-400.jpg\",\"width\":1000,\"height\":1000},{\"@type\":\"BreadcrumbList\",\"@id\":\"https:\\\/\\\/www.elaletisepeti.com\\\/?product=knipex-86-03-400-ayarli-fort-pense#breadcrumb\",\"itemListElement\":[{\"@type\":\"ListItem\",\"position\":1,\"name\":\"Anasayfa\",\"item\":\"https:\\\/\\\/www.elaletisepeti.com\\\/\"},{\"@type\":\"ListItem\",\"position\":2,\"name\":\"Shop\",\"item\":\"https:\\\/\\\/www.elaletisepeti.com\\\/?page_id=7\"},{\"@type\":\"ListItem\",\"position\":3,\"name\":\"Knipex 86 03 400 Ayarl\u0131 Fort Pense\"}]},{\"@type\":\"WebSite\",\"@id\":\"https:\\\/\\\/www.elaletisepeti.com\\\/#website\",\"url\":\"https:\\\/\\\/www.elaletisepeti.com\\\/\",\"name\":\"El Aleti Sepeti\",\"description\":\"El Aletleri, Knipex Pense, Knipex Kerpeten, Knipex Kargaburun,  Kn\u0131pex  Yankeski, Kn\u0131pex Boru Kesme, Knipex Kablo S\u0131y\u0131rma, Knipex  El Aletleri\",\"potentialAction\":[{\"@type\":\"SearchAction\",\"target\":{\"@type\":\"EntryPoint\",\"urlTemplate\":\"https:\\\/\\\/www.elaletisepeti.com\\\/?s={search_term_string}\"},\"query-input\":{\"@type\":\"PropertyValueSpecification\",\"valueRequired\":true,\"valueName\":\"search_term_string\"}}],\"inLanguage\":\"tr\"}]}<\/script>\n<!-- \/ Yoast SEO plugin. -->","yoast_head_json":{"title":"Knipex 86 03 400 Ayarl\u0131 Fort Pense - El Aleti Sepeti","description":"Knipex 86 03 400, geni\u015f a\u00e7\u0131labilir \u00e7eneleri ve uzun kol tasar\u0131m\u0131yla g\u00fc\u00e7l\u00fc kavrama sunar; end\u00fcstriyel bak\u0131m, tesisat ve montaj i\u015fleri i\u00e7in idealdir.","robots":{"index":"index","follow":"follow","max-snippet":"max-snippet:-1","max-image-preview":"max-image-preview:large","max-video-preview":"max-video-preview:-1"},"canonical":"https:\/\/www.elaletisepeti.com\/?product=knipex-86-03-400-ayarli-fort-pense","og_locale":"tr_TR","og_type":"article","og_title":"Knipex 86 03 400 Ayarl\u0131 Fort Pense - El Aleti Sepeti","og_description":"Knipex 86 03 400, geni\u015f a\u00e7\u0131labilir \u00e7eneleri ve uzun kol tasar\u0131m\u0131yla g\u00fc\u00e7l\u00fc kavrama sunar; end\u00fcstriyel bak\u0131m, tesisat ve montaj i\u015fleri i\u00e7in idealdir.","og_url":"https:\/\/www.elaletisepeti.com\/?product=knipex-86-03-400-ayarli-fort-pense","og_site_name":"El Aleti Sepeti","og_image":[{"width":1000,"height":1000,"url":"https:\/\/www.elaletisepeti.com\/wp-content\/uploads\/2025\/12\/Knipex-86-03-400.jpg","type":"image\/jpeg"}],"twitter_card":"summary_large_image","twitter_misc":{"Tahmini okuma s\u00fcresi":"1 dakika"},"schema":{"@context":"https:\/\/schema.org","@graph":[{"@type":"WebPage","@id":"https:\/\/www.elaletisepeti.com\/?product=knipex-86-03-400-ayarli-fort-pense","url":"https:\/\/www.elaletisepeti.com\/?product=knipex-86-03-400-ayarli-fort-pense","name":"Knipex 86 03 400 Ayarl\u0131 Fort Pense - El Aleti Sepeti","isPartOf":{"@id":"https:\/\/www.elaletisepeti.com\/#website"},"primaryImageOfPage":{"@id":"https:\/\/www.elaletisepeti.com\/?product=knipex-86-03-400-ayarli-fort-pense#primaryimage"},"image":{"@id":"https:\/\/www.elaletisepeti.com\/?product=knipex-86-03-400-ayarli-fort-pense#primaryimage"},"thumbnailUrl":"https:\/\/www.elaletisepeti.com\/wp-content\/uploads\/2025\/12\/Knipex-86-03-400.jpg","datePublished":"2025-12-07T07:20:27+00:00","description":"Knipex 86 03 400, geni\u015f a\u00e7\u0131labilir \u00e7eneleri ve uzun kol tasar\u0131m\u0131yla g\u00fc\u00e7l\u00fc kavrama sunar; end\u00fcstriyel bak\u0131m, tesisat ve montaj i\u015fleri i\u00e7in idealdir.","breadcrumb":{"@id":"https:\/\/www.elaletisepeti.com\/?product=knipex-86-03-400-ayarli-fort-pense#breadcrumb"},"inLanguage":"tr","potentialAction":[{"@type":"ReadAction","target":["https:\/\/www.elaletisepeti.com\/?product=knipex-86-03-400-ayarli-fort-pense"]}]},{"@type":"ImageObject","inLanguage":"tr","@id":"https:\/\/www.elaletisepeti.com\/?product=knipex-86-03-400-ayarli-fort-pense#primaryimage","url":"https:\/\/www.elaletisepeti.com\/wp-content\/uploads\/2025\/12\/Knipex-86-03-400.jpg","contentUrl":"https:\/\/www.elaletisepeti.com\/wp-content\/uploads\/2025\/12\/Knipex-86-03-400.jpg","width":1000,"height":1000},{"@type":"BreadcrumbList","@id":"https:\/\/www.elaletisepeti.com\/?product=knipex-86-03-400-ayarli-fort-pense#breadcrumb","itemListElement":[{"@type":"ListItem","position":1,"name":"Anasayfa","item":"https:\/\/www.elaletisepeti.com\/"},{"@type":"ListItem","position":2,"name":"Shop","item":"https:\/\/www.elaletisepeti.com\/?page_id=7"},{"@type":"ListItem","position":3,"name":"Knipex 86 03 400 Ayarl\u0131 Fort Pense"}]},{"@type":"WebSite","@id":"https:\/\/www.elaletisepeti.com\/#website","url":"https:\/\/www.elaletisepeti.com\/","name":"El Aleti Sepeti","description":"El Aletleri, Knipex Pense, Knipex Kerpeten, Knipex Kargaburun,  Kn\u0131pex  Yankeski, Kn\u0131pex Boru Kesme, Knipex Kablo S\u0131y\u0131rma, Knipex  El Aletleri","potentialAction":[{"@type":"SearchAction","target":{"@type":"EntryPoint","urlTemplate":"https:\/\/www.elaletisepeti.com\/?s={search_term_string}"},"query-input":{"@type":"PropertyValueSpecification","valueRequired":true,"valueName":"search_term_string"}}],"inLanguage":"tr"}]}},"_links":{"self":[{"href":"https:\/\/www.elaletisepeti.com\/index.php?rest_route=\/wp\/v2\/product\/17205","targetHints":{"allow":["GET"]}}],"collection":[{"href":"https:\/\/www.elaletisepeti.com\/index.php?rest_route=\/wp\/v2\/product"}],"about":[{"href":"https:\/\/www.elaletisepeti.com\/index.php?rest_route=\/wp\/v2\/types\/product"}],"wp:featuredmedia":[{"embeddable":true,"href":"https:\/\/www.elaletisepeti.com\/index.php?rest_route=\/wp\/v2\/media\/17206"}],"wp:attachment":[{"href":"https:\/\/www.elaletisepeti.com\/index.php?rest_route=%2Fwp%2Fv2%2Fmedia&parent=17205"}],"wp:term":[{"taxonomy":"product_brand","embeddable":true,"href":"https:\/\/www.elaletisepeti.com\/index.php?rest_route=%2Fwp%2Fv2%2Fproduct_brand&post=17205"},{"taxonomy":"product_cat","embeddable":true,"href":"https:\/\/www.elaletisepeti.com\/index.php?rest_route=%2Fwp%2Fv2%2Fproduct_cat&post=17205"},{"taxonomy":"product_tag","embeddable":true,"href":"https:\/\/www.elaletisepeti.com\/index.php?rest_route=%2Fwp%2Fv2%2Fproduct_tag&post=17205"}],"curies":[{"name":"wp","href":"https:\/\/api.w.org\/{rel}","templated":true}]}}