{"id":17105,"date":"2025-12-04T17:20:40","date_gmt":"2025-12-04T17:20:40","guid":{"rendered":"https:\/\/www.elaletisepeti.com\/?post_type=product&#038;p=17105"},"modified":"2025-12-04T17:20:40","modified_gmt":"2025-12-04T17:20:40","slug":"knipex-87-21-300-fort-pense","status":"publish","type":"product","link":"https:\/\/www.elaletisepeti.com\/?product=knipex-87-21-300-fort-pense","title":{"rendered":"Knipex 87 21 300 Fort Pense"},"content":{"rendered":"<div class=\"SliderProductDetailContainer\" data-gtm-vis-first-on-screen10487645_102=\"3289\" data-gtm-vis-total-visible-time10487645_102=\"100\" data-gtm-vis-has-fired10487645_102=\"1\">\n<div class=\"SliderProductDetail\" data-gtm-vis-first-on-screen10487645_102=\"65203\" data-gtm-vis-total-visible-time10487645_102=\"100\" data-gtm-vis-has-fired10487645_102=\"1\">\n<div class=\"ArrowsContainer\" data-gtm-vis-first-on-screen10487645_102=\"65236\" data-gtm-vis-total-visible-time10487645_102=\"100\" data-gtm-vis-has-fired10487645_102=\"1\">\n<div class=\"CurrentSlide\" data-gtm-vis-first-on-screen10487645_102=\"65258\" data-gtm-vis-total-visible-time10487645_102=\"100\" data-gtm-vis-has-fired10487645_102=\"1\"><strong>Knipex 87 21 300KNIPEX Cobra\u00ae QuickSet<\/strong><\/div>\n<\/div>\n<\/div>\n<\/div>\n<div class=\"product--variation-field--variation_field_general_section__1684 field field--name-field-general-section field--type-key-value-class-field-type field--label-hidden field__items\" data-gtm-vis-recent-on-screen10487645_102=\"65420\" data-gtm-vis-first-on-screen10487645_102=\"65420\" data-gtm-vis-total-visible-time10487645_102=\"100\" data-gtm-vis-has-fired10487645_102=\"1\">\n<div class=\"field__item\" data-gtm-vis-recent-on-screen10487645_102=\"65355\" data-gtm-vis-first-on-screen10487645_102=\"65355\" data-gtm-vis-total-visible-time10487645_102=\"100\" data-gtm-vis-has-fired10487645_102=\"1\">\n<div class=\"key-value-class-item \" data-gtm-vis-recent-on-screen10487645_102=\"65357\" data-gtm-vis-first-on-screen10487645_102=\"65357\" data-gtm-vis-total-visible-time10487645_102=\"100\" data-gtm-vis-has-fired10487645_102=\"1\">\n<div class=\"key\" data-gtm-vis-recent-on-screen10487645_102=\"65357\" data-gtm-vis-first-on-screen10487645_102=\"65357\" data-gtm-vis-total-visible-time10487645_102=\"100\" data-gtm-vis-has-fired10487645_102=\"1\">Kod:\u00a087 21 300<\/div>\n<\/div>\n<\/div>\n<div class=\"field__item\" data-gtm-vis-recent-on-screen10487645_102=\"65364\" data-gtm-vis-first-on-screen10487645_102=\"65364\" data-gtm-vis-total-visible-time10487645_102=\"100\" data-gtm-vis-has-fired10487645_102=\"1\">\n<div class=\"key-value-class-item \" data-gtm-vis-recent-on-screen10487645_102=\"65366\" data-gtm-vis-first-on-screen10487645_102=\"65366\" data-gtm-vis-total-visible-time10487645_102=\"100\" data-gtm-vis-has-fired10487645_102=\"1\">\n<div class=\"key\" data-gtm-vis-recent-on-screen10487645_102=\"65367\" data-gtm-vis-first-on-screen10487645_102=\"65367\" data-gtm-vis-total-visible-time10487645_102=\"100\" data-gtm-vis-has-fired10487645_102=\"1\">EAN 4003773078524<\/div>\n<\/div>\n<\/div>\n<div class=\"field__item\" data-gtm-vis-recent-on-screen10487645_102=\"65389\" data-gtm-vis-first-on-screen10487645_102=\"65389\" data-gtm-vis-total-visible-time10487645_102=\"100\" data-gtm-vis-has-fired10487645_102=\"1\">\n<div class=\"key-value-class-item \" data-gtm-vis-recent-on-screen10487645_102=\"65390\" data-gtm-vis-first-on-screen10487645_102=\"65390\" data-gtm-vis-total-visible-time10487645_102=\"100\" data-gtm-vis-has-fired10487645_102=\"1\">\n<div class=\"key\" data-gtm-vis-recent-on-screen10487645_102=\"65391\" data-gtm-vis-first-on-screen10487645_102=\"65391\" data-gtm-vis-total-visible-time10487645_102=\"100\" data-gtm-vis-has-fired10487645_102=\"1\">Pense Gri Fosfat Kaplama<\/div>\n<\/div>\n<\/div>\n<div class=\"field__item\" data-gtm-vis-recent-on-screen10487645_102=\"65402\" data-gtm-vis-first-on-screen10487645_102=\"65402\" data-gtm-vis-total-visible-time10487645_102=\"100\" data-gtm-vis-has-fired10487645_102=\"1\">\n<div class=\"key-value-class-item \" data-gtm-vis-recent-on-screen10487645_102=\"65403\" data-gtm-vis-first-on-screen10487645_102=\"65404\" data-gtm-vis-total-visible-time10487645_102=\"100\" data-gtm-vis-has-fired10487645_102=\"1\">\n<div class=\"key\" data-gtm-vis-recent-on-screen10487645_102=\"65405\" data-gtm-vis-first-on-screen10487645_102=\"65405\" data-gtm-vis-total-visible-time10487645_102=\"100\" data-gtm-vis-has-fired10487645_102=\"1\">Ba\u015fl\u0131k Cilal\u0131<\/div>\n<\/div>\n<\/div>\n<div class=\"field__item\" data-gtm-vis-recent-on-screen10487645_102=\"65422\" data-gtm-vis-first-on-screen10487645_102=\"65422\" data-gtm-vis-total-visible-time10487645_102=\"100\" data-gtm-vis-has-fired10487645_102=\"1\">\n<div class=\"key-value-class-item \" data-gtm-vis-recent-on-screen10487645_102=\"65422\" data-gtm-vis-first-on-screen10487645_102=\"65422\" data-gtm-vis-total-visible-time10487645_102=\"100\" data-gtm-vis-has-fired10487645_102=\"1\">\n<div class=\"key\" data-gtm-vis-recent-on-screen10487645_102=\"65423\" data-gtm-vis-first-on-screen10487645_102=\"65423\" data-gtm-vis-total-visible-time10487645_102=\"100\" data-gtm-vis-has-fired10487645_102=\"1\">Kollar Kaymaz Plastikle Kapl\u0131<\/div>\n<\/div>\n<\/div>\n<div class=\"field__item\" data-gtm-vis-recent-on-screen10487645_102=\"65437\" data-gtm-vis-first-on-screen10487645_102=\"65438\" data-gtm-vis-total-visible-time10487645_102=\"100\" data-gtm-vis-has-fired10487645_102=\"1\">\n<div class=\"key-value-class-item \" data-gtm-vis-recent-on-screen10487645_102=\"65439\" data-gtm-vis-first-on-screen10487645_102=\"65439\" data-gtm-vis-total-visible-time10487645_102=\"100\" data-gtm-vis-has-fired10487645_102=\"1\">\n<div class=\"key\" data-gtm-vis-recent-on-screen10487645_102=\"65440\" data-gtm-vis-first-on-screen10487645_102=\"65440\" data-gtm-vis-total-visible-time10487645_102=\"100\" data-gtm-vis-has-fired10487645_102=\"1\">A\u011f\u0131rl\u0131k 530 g<\/div>\n<\/div>\n<\/div>\n<div class=\"field__item\" data-gtm-vis-recent-on-screen10487645_102=\"65457\" data-gtm-vis-first-on-screen10487645_102=\"65457\" data-gtm-vis-total-visible-time10487645_102=\"100\" data-gtm-vis-has-fired10487645_102=\"1\">\n<div class=\"key-value-class-item \" data-gtm-vis-recent-on-screen10487645_102=\"65460\" data-gtm-vis-first-on-screen10487645_102=\"65460\" data-gtm-vis-total-visible-time10487645_102=\"100\" data-gtm-vis-has-fired10487645_102=\"1\">\n<div class=\"key\" data-gtm-vis-recent-on-screen10487645_102=\"65462\" data-gtm-vis-first-on-screen10487645_102=\"65462\" data-gtm-vis-total-visible-time10487645_102=\"100\" data-gtm-vis-has-fired10487645_102=\"1\">\u00d6l\u00e7\u00fcleri 300 x 52 x 19 mm<\/div>\n<\/div>\n<\/div>\n<div class=\"field__item\" data-gtm-vis-recent-on-screen10487645_102=\"65783\" data-gtm-vis-first-on-screen10487645_102=\"65783\" data-gtm-vis-total-visible-time10487645_102=\"100\" data-gtm-vis-has-fired10487645_102=\"1\">\n<div class=\"key-value-class-item \" data-gtm-vis-recent-on-screen10487645_102=\"65786\" data-gtm-vis-first-on-screen10487645_102=\"65786\" data-gtm-vis-total-visible-time10487645_102=\"100\" data-gtm-vis-has-fired10487645_102=\"1\">\n<div class=\"key\" data-gtm-vis-recent-on-screen10487645_102=\"65787\" data-gtm-vis-first-on-screen10487645_102=\"65787\" data-gtm-vis-total-visible-time10487645_102=\"100\" data-gtm-vis-has-fired10487645_102=\"1\">Norm DIN ISO 8976<\/div>\n<\/div>\n<\/div>\n<div class=\"field__item\" data-gtm-vis-recent-on-screen10487645_102=\"65835\" data-gtm-vis-first-on-screen10487645_102=\"65835\" data-gtm-vis-total-visible-time10487645_102=\"100\" data-gtm-vis-has-fired10487645_102=\"1\">\n<div class=\"key-value-class-item \" data-gtm-vis-recent-on-screen10487645_102=\"65838\" data-gtm-vis-first-on-screen10487645_102=\"65838\" data-gtm-vis-total-visible-time10487645_102=\"100\" data-gtm-vis-has-fired10487645_102=\"1\">\n<div class=\"key\" data-gtm-vis-recent-on-screen10487645_102=\"65840\" data-gtm-vis-first-on-screen10487645_102=\"65840\" data-gtm-vis-total-visible-time10487645_102=\"100\" data-gtm-vis-has-fired10487645_102=\"1\">REACH Uyumlu SVHC \u0130\u00e7ermiyor<\/div>\n<\/div>\n<\/div>\n<div class=\"field__item\" data-gtm-vis-recent-on-screen10487645_102=\"65869\" data-gtm-vis-first-on-screen10487645_102=\"65870\" data-gtm-vis-total-visible-time10487645_102=\"100\" data-gtm-vis-has-fired10487645_102=\"1\">\n<div class=\"key-value-class-item \" data-gtm-vis-recent-on-screen10487645_102=\"65872\" data-gtm-vis-first-on-screen10487645_102=\"65872\" data-gtm-vis-total-visible-time10487645_102=\"100\" data-gtm-vis-has-fired10487645_102=\"1\">\n<div class=\"key\" data-gtm-vis-recent-on-screen10487645_102=\"65874\" data-gtm-vis-first-on-screen10487645_102=\"65874\" data-gtm-vis-total-visible-time10487645_102=\"100\" data-gtm-vis-has-fired10487645_102=\"1\">ROHS Uyumlu Uygulanamaz<\/div>\n<\/div>\n<\/div>\n<\/div>\n<div class=\"product--variation-field--variation_field_technical_section__1684 field field--name-field-technical-section field--type-key-value-class-field-type field--label-hidden field__items\" data-gtm-vis-first-on-screen10487645_102=\"65935\" data-gtm-vis-total-visible-time10487645_102=\"100\" data-gtm-vis-has-fired10487645_102=\"1\">\n<div class=\"field__item\" data-gtm-vis-recent-on-screen10487645_102=\"65887\" data-gtm-vis-first-on-screen10487645_102=\"65887\" data-gtm-vis-total-visible-time10487645_102=\"100\" data-gtm-vis-has-fired10487645_102=\"1\">\n<div class=\"key-value-class-item \" data-gtm-vis-recent-on-screen10487645_102=\"65892\" data-gtm-vis-first-on-screen10487645_102=\"65892\" data-gtm-vis-total-visible-time10487645_102=\"100\" data-gtm-vis-has-fired10487645_102=\"1\">\n<div class=\"key\" data-gtm-vis-recent-on-screen10487645_102=\"65896\" data-gtm-vis-first-on-screen10487645_102=\"65896\" data-gtm-vis-total-visible-time10487645_102=\"100\" data-gtm-vis-has-fired10487645_102=\"1\">Ayar Pozisyonu 25<\/div>\n<\/div>\n<\/div>\n<div class=\"field__item\" data-gtm-vis-recent-on-screen10487645_102=\"65909\" data-gtm-vis-first-on-screen10487645_102=\"65909\" data-gtm-vis-total-visible-time10487645_102=\"100\" data-gtm-vis-has-fired10487645_102=\"1\">\n<div class=\"key-value-class-item \" data-gtm-vis-recent-on-screen10487645_102=\"65910\" data-gtm-vis-first-on-screen10487645_102=\"65910\" data-gtm-vis-total-visible-time10487645_102=\"100\" data-gtm-vis-has-fired10487645_102=\"1\">\n<div class=\"key\" data-gtm-vis-recent-on-screen10487645_102=\"65911\" data-gtm-vis-first-on-screen10487645_102=\"65911\" data-gtm-vis-total-visible-time10487645_102=\"100\" data-gtm-vis-has-fired10487645_102=\"1\">Boru \u00e7ap\u0131 kapasitesi (\u00e7ap) \u00d8 2 3\/4 \u0130n\u00e7<\/div>\n<\/div>\n<\/div>\n<div class=\"field__item\" data-gtm-vis-first-on-screen10487645_102=\"65937\" data-gtm-vis-total-visible-time10487645_102=\"100\" data-gtm-vis-has-fired10487645_102=\"1\">\n<div class=\"key-value-class-item \" data-gtm-vis-first-on-screen10487645_102=\"65937\" data-gtm-vis-total-visible-time10487645_102=\"100\" data-gtm-vis-has-fired10487645_102=\"1\">\n<div class=\"key\" data-gtm-vis-first-on-screen10487645_102=\"65938\" data-gtm-vis-total-visible-time10487645_102=\"100\" data-gtm-vis-has-fired10487645_102=\"1\">Somun ve anahtar \u00f6l\u00e7\u00fcs\u00fc kapasitesi 60 mm<\/div>\n<\/div>\n<\/div>\n<div class=\"field__item\" data-gtm-vis-first-on-screen10487645_102=\"65952\" data-gtm-vis-total-visible-time10487645_102=\"100\" data-gtm-vis-has-fired10487645_102=\"1\">\n<div class=\"key-value-class-item \" data-gtm-vis-first-on-screen10487645_102=\"65954\" data-gtm-vis-total-visible-time10487645_102=\"100\" data-gtm-vis-has-fired10487645_102=\"1\">\n<div class=\"key\" data-gtm-vis-first-on-screen10487645_102=\"65955\" data-gtm-vis-total-visible-time10487645_102=\"100\" data-gtm-vis-has-fired10487645_102=\"1\">Boru \u00e7ap\u0131 kapasitesi (\u00e7ap) \u00d8 70 mm<\/div>\n<\/div>\n<\/div>\n<\/div>\n","protected":false},"excerpt":{"rendered":"<div class=\"kx-flex kx-justify-between\" data-gtm-vis-first-on-screen10487645_102=\"3323\" data-gtm-vis-total-visible-time10487645_102=\"100\" data-gtm-vis-has-fired10487645_102=\"1\">\n<div class=\"kx-flex kx-items-center kx-flex-wrap kx-gap-4 kx-gap-y-0\" data-gtm-vis-first-on-screen10487645_102=\"3324\" data-gtm-vis-total-visible-time10487645_102=\"100\" data-gtm-vis-has-fired10487645_102=\"1\"><img decoding=\"async\" src=\"https:\/\/product-api-assets.knipex.com\/fd89784\/65badd55-ee92-4cc5-a83e-1510299a1dac.png\" alt=\"\" \/><\/div>\n<\/div>\n<div class=\"bulletpoint-container\" data-gtm-vis-first-on-screen10487645_102=\"3325\" data-gtm-vis-total-visible-time10487645_102=\"100\" data-gtm-vis-has-fired10487645_102=\"1\">\n<ul>\n<li>Tam a\u00e7\u0131n, kapat\u0131n, kavray\u0131n!<\/li>\n<li>\u0130\u015f par\u00e7as\u0131na do\u011fru kayd\u0131rarak h\u0131zl\u0131 kavrama<\/li>\n<li>Kendini kan\u0131tlam\u0131\u015f d\u00fc\u011fmeli sisteme ek olarak h\u0131zl\u0131 kapatma fonksiyonu eklenen bu \u00fcst modelle dar alanlara da \u00e7al\u0131\u015fmak daha kolay<\/li>\n<li>\u0130\u015f par\u00e7as\u0131 \u00fczerinde direkt ayarlama pense sap\u0131n\u0131 iterek kolayca yap\u0131l\u0131r<\/li>\n<li>Pense \u00e7al\u0131\u015fma par\u00e7as\u0131 \u00fczerinde otomatik \u015fekilde kitlenir ve sadece d\u00fc\u011fmeye basman\u0131zla a\u00e7\u0131l\u0131r<\/li>\n<li>H\u0131zl\u0131 kapatma fonksiyonunu tekrardan aktifle\u015ftirmek i\u00e7in d\u00fc\u011fmeye bast\u0131r\u0131lmal\u0131 ve pensenin a\u011fz\u0131 sonuna kadar a\u00e7\u0131lmal\u0131<\/li>\n<li>Borular ve somunlarda kendili\u011finden kelep\u00e7elenme: i\u015f par\u00e7as\u0131nda kayma olmaz, zahmetsiz \u00e7al\u0131\u015fma sa\u011flar<\/li>\n<li>\u00d6zel sertle\u015ftirilmi\u015f di\u015fli a\u011f\u0131z y\u00fczeyleri, di\u015flerin sertli\u011fi yakla\u015f\u0131k. 61 HRC: A\u015f\u0131nmaya kar\u015f\u0131 y\u00fcksek dayan\u0131kl\u0131l\u0131k sayesinde daima g\u00fcvenli kavrama<\/li>\n<li>\u0130\u00e7 i\u00e7e ge\u00e7irilmi\u015f mafsal: \u00c7ift k\u0131lavuz sayesinde y\u00fcksek dayan\u0131kl\u0131l\u0131k<\/li>\n<li>Parmaklar\u0131n s\u0131k\u0131\u015fmas\u0131n\u0131 \u00f6nleyen tasar\u0131ma sahiptir<\/li>\n<\/ul>\n<\/div>\n","protected":false},"featured_media":17107,"template":"","meta":{"_joinchat":[]},"product_brand":[159],"product_cat":[190],"product_tag":[1172,1171,1170,1173,990],"class_list":{"0":"post-17105","1":"product","2":"type-product","3":"status-publish","4":"has-post-thumbnail","6":"product_brand-knipex","7":"product_cat-ayarli-fort-penseler","8":"product_tag-87-21-300-fort-pense","9":"product_tag-knipex-87-21-300","10":"product_tag-knipex-87-21-300-fort-pense","11":"product_tag-knipex-87-21-300knipex-cobra-quickset","12":"product_tag-knipex-ayarli-fort-pense","15":"first","16":"instock","17":"shipping-taxable","18":"product-type-simple"},"yoast_head":"<!-- This site is optimized with the Yoast SEO plugin v27.3 - https:\/\/yoast.com\/product\/yoast-seo-wordpress\/ -->\n<title>Knipex 87 21 300 Fort Pense - El Aleti Sepeti<\/title>\n<meta name=\"description\" content=\"\u201cKnipex 87 21 300 Fort Pense; g\u00fc\u00e7l\u00fc kavrama, otomatik ayar ve kaymaz sap ile boru ve somunlarda maksimum kontrol ve profesyonel kullan\u0131m sunar.\u201d\" \/>\n<meta name=\"robots\" content=\"index, follow, max-snippet:-1, max-image-preview:large, max-video-preview:-1\" \/>\n<link rel=\"canonical\" href=\"https:\/\/www.elaletisepeti.com\/?product=knipex-87-21-300-fort-pense\" \/>\n<meta property=\"og:locale\" content=\"tr_TR\" \/>\n<meta property=\"og:type\" content=\"article\" \/>\n<meta property=\"og:title\" content=\"Knipex 87 21 300 Fort Pense - El Aleti Sepeti\" \/>\n<meta property=\"og:description\" content=\"\u201cKnipex 87 21 300 Fort Pense; g\u00fc\u00e7l\u00fc kavrama, otomatik ayar ve kaymaz sap ile boru ve somunlarda maksimum kontrol ve profesyonel kullan\u0131m sunar.\u201d\" \/>\n<meta property=\"og:url\" content=\"https:\/\/www.elaletisepeti.com\/?product=knipex-87-21-300-fort-pense\" \/>\n<meta property=\"og:site_name\" content=\"El Aleti Sepeti\" \/>\n<meta property=\"og:image\" content=\"https:\/\/www.elaletisepeti.com\/wp-content\/uploads\/2025\/12\/Knipex-87-21-300.jpg\" \/>\n\t<meta property=\"og:image:width\" content=\"1000\" \/>\n\t<meta property=\"og:image:height\" content=\"1000\" \/>\n\t<meta property=\"og:image:type\" content=\"image\/jpeg\" \/>\n<meta name=\"twitter:card\" content=\"summary_large_image\" \/>\n<meta name=\"twitter:label1\" content=\"Tahmini okuma s\u00fcresi\" \/>\n\t<meta name=\"twitter:data1\" content=\"1 dakika\" \/>\n<script type=\"application\/ld+json\" class=\"yoast-schema-graph\">{\"@context\":\"https:\\\/\\\/schema.org\",\"@graph\":[{\"@type\":\"WebPage\",\"@id\":\"https:\\\/\\\/www.elaletisepeti.com\\\/?product=knipex-87-21-300-fort-pense\",\"url\":\"https:\\\/\\\/www.elaletisepeti.com\\\/?product=knipex-87-21-300-fort-pense\",\"name\":\"Knipex 87 21 300 Fort Pense - El Aleti Sepeti\",\"isPartOf\":{\"@id\":\"https:\\\/\\\/www.elaletisepeti.com\\\/#website\"},\"primaryImageOfPage\":{\"@id\":\"https:\\\/\\\/www.elaletisepeti.com\\\/?product=knipex-87-21-300-fort-pense#primaryimage\"},\"image\":{\"@id\":\"https:\\\/\\\/www.elaletisepeti.com\\\/?product=knipex-87-21-300-fort-pense#primaryimage\"},\"thumbnailUrl\":\"https:\\\/\\\/www.elaletisepeti.com\\\/wp-content\\\/uploads\\\/2025\\\/12\\\/Knipex-87-21-300.jpg\",\"datePublished\":\"2025-12-04T17:20:40+00:00\",\"description\":\"\u201cKnipex 87 21 300 Fort Pense; g\u00fc\u00e7l\u00fc kavrama, otomatik ayar ve kaymaz sap ile boru ve somunlarda maksimum kontrol ve profesyonel kullan\u0131m sunar.\u201d\",\"breadcrumb\":{\"@id\":\"https:\\\/\\\/www.elaletisepeti.com\\\/?product=knipex-87-21-300-fort-pense#breadcrumb\"},\"inLanguage\":\"tr\",\"potentialAction\":[{\"@type\":\"ReadAction\",\"target\":[\"https:\\\/\\\/www.elaletisepeti.com\\\/?product=knipex-87-21-300-fort-pense\"]}]},{\"@type\":\"ImageObject\",\"inLanguage\":\"tr\",\"@id\":\"https:\\\/\\\/www.elaletisepeti.com\\\/?product=knipex-87-21-300-fort-pense#primaryimage\",\"url\":\"https:\\\/\\\/www.elaletisepeti.com\\\/wp-content\\\/uploads\\\/2025\\\/12\\\/Knipex-87-21-300.jpg\",\"contentUrl\":\"https:\\\/\\\/www.elaletisepeti.com\\\/wp-content\\\/uploads\\\/2025\\\/12\\\/Knipex-87-21-300.jpg\",\"width\":1000,\"height\":1000},{\"@type\":\"BreadcrumbList\",\"@id\":\"https:\\\/\\\/www.elaletisepeti.com\\\/?product=knipex-87-21-300-fort-pense#breadcrumb\",\"itemListElement\":[{\"@type\":\"ListItem\",\"position\":1,\"name\":\"Anasayfa\",\"item\":\"https:\\\/\\\/www.elaletisepeti.com\\\/\"},{\"@type\":\"ListItem\",\"position\":2,\"name\":\"Shop\",\"item\":\"https:\\\/\\\/www.elaletisepeti.com\\\/?page_id=7\"},{\"@type\":\"ListItem\",\"position\":3,\"name\":\"Knipex 87 21 300 Fort Pense\"}]},{\"@type\":\"WebSite\",\"@id\":\"https:\\\/\\\/www.elaletisepeti.com\\\/#website\",\"url\":\"https:\\\/\\\/www.elaletisepeti.com\\\/\",\"name\":\"El Aleti Sepeti\",\"description\":\"El Aletleri, Knipex Pense, Knipex Kerpeten, Knipex Kargaburun,  Kn\u0131pex  Yankeski, Kn\u0131pex Boru Kesme, Knipex Kablo S\u0131y\u0131rma, Knipex  El Aletleri\",\"potentialAction\":[{\"@type\":\"SearchAction\",\"target\":{\"@type\":\"EntryPoint\",\"urlTemplate\":\"https:\\\/\\\/www.elaletisepeti.com\\\/?s={search_term_string}\"},\"query-input\":{\"@type\":\"PropertyValueSpecification\",\"valueRequired\":true,\"valueName\":\"search_term_string\"}}],\"inLanguage\":\"tr\"}]}<\/script>\n<!-- \/ Yoast SEO plugin. -->","yoast_head_json":{"title":"Knipex 87 21 300 Fort Pense - El Aleti Sepeti","description":"\u201cKnipex 87 21 300 Fort Pense; g\u00fc\u00e7l\u00fc kavrama, otomatik ayar ve kaymaz sap ile boru ve somunlarda maksimum kontrol ve profesyonel kullan\u0131m sunar.\u201d","robots":{"index":"index","follow":"follow","max-snippet":"max-snippet:-1","max-image-preview":"max-image-preview:large","max-video-preview":"max-video-preview:-1"},"canonical":"https:\/\/www.elaletisepeti.com\/?product=knipex-87-21-300-fort-pense","og_locale":"tr_TR","og_type":"article","og_title":"Knipex 87 21 300 Fort Pense - El Aleti Sepeti","og_description":"\u201cKnipex 87 21 300 Fort Pense; g\u00fc\u00e7l\u00fc kavrama, otomatik ayar ve kaymaz sap ile boru ve somunlarda maksimum kontrol ve profesyonel kullan\u0131m sunar.\u201d","og_url":"https:\/\/www.elaletisepeti.com\/?product=knipex-87-21-300-fort-pense","og_site_name":"El Aleti Sepeti","og_image":[{"width":1000,"height":1000,"url":"https:\/\/www.elaletisepeti.com\/wp-content\/uploads\/2025\/12\/Knipex-87-21-300.jpg","type":"image\/jpeg"}],"twitter_card":"summary_large_image","twitter_misc":{"Tahmini okuma s\u00fcresi":"1 dakika"},"schema":{"@context":"https:\/\/schema.org","@graph":[{"@type":"WebPage","@id":"https:\/\/www.elaletisepeti.com\/?product=knipex-87-21-300-fort-pense","url":"https:\/\/www.elaletisepeti.com\/?product=knipex-87-21-300-fort-pense","name":"Knipex 87 21 300 Fort Pense - El Aleti Sepeti","isPartOf":{"@id":"https:\/\/www.elaletisepeti.com\/#website"},"primaryImageOfPage":{"@id":"https:\/\/www.elaletisepeti.com\/?product=knipex-87-21-300-fort-pense#primaryimage"},"image":{"@id":"https:\/\/www.elaletisepeti.com\/?product=knipex-87-21-300-fort-pense#primaryimage"},"thumbnailUrl":"https:\/\/www.elaletisepeti.com\/wp-content\/uploads\/2025\/12\/Knipex-87-21-300.jpg","datePublished":"2025-12-04T17:20:40+00:00","description":"\u201cKnipex 87 21 300 Fort Pense; g\u00fc\u00e7l\u00fc kavrama, otomatik ayar ve kaymaz sap ile boru ve somunlarda maksimum kontrol ve profesyonel kullan\u0131m sunar.\u201d","breadcrumb":{"@id":"https:\/\/www.elaletisepeti.com\/?product=knipex-87-21-300-fort-pense#breadcrumb"},"inLanguage":"tr","potentialAction":[{"@type":"ReadAction","target":["https:\/\/www.elaletisepeti.com\/?product=knipex-87-21-300-fort-pense"]}]},{"@type":"ImageObject","inLanguage":"tr","@id":"https:\/\/www.elaletisepeti.com\/?product=knipex-87-21-300-fort-pense#primaryimage","url":"https:\/\/www.elaletisepeti.com\/wp-content\/uploads\/2025\/12\/Knipex-87-21-300.jpg","contentUrl":"https:\/\/www.elaletisepeti.com\/wp-content\/uploads\/2025\/12\/Knipex-87-21-300.jpg","width":1000,"height":1000},{"@type":"BreadcrumbList","@id":"https:\/\/www.elaletisepeti.com\/?product=knipex-87-21-300-fort-pense#breadcrumb","itemListElement":[{"@type":"ListItem","position":1,"name":"Anasayfa","item":"https:\/\/www.elaletisepeti.com\/"},{"@type":"ListItem","position":2,"name":"Shop","item":"https:\/\/www.elaletisepeti.com\/?page_id=7"},{"@type":"ListItem","position":3,"name":"Knipex 87 21 300 Fort Pense"}]},{"@type":"WebSite","@id":"https:\/\/www.elaletisepeti.com\/#website","url":"https:\/\/www.elaletisepeti.com\/","name":"El Aleti Sepeti","description":"El Aletleri, Knipex Pense, Knipex Kerpeten, Knipex Kargaburun,  Kn\u0131pex  Yankeski, Kn\u0131pex Boru Kesme, Knipex Kablo S\u0131y\u0131rma, Knipex  El Aletleri","potentialAction":[{"@type":"SearchAction","target":{"@type":"EntryPoint","urlTemplate":"https:\/\/www.elaletisepeti.com\/?s={search_term_string}"},"query-input":{"@type":"PropertyValueSpecification","valueRequired":true,"valueName":"search_term_string"}}],"inLanguage":"tr"}]}},"_links":{"self":[{"href":"https:\/\/www.elaletisepeti.com\/index.php?rest_route=\/wp\/v2\/product\/17105","targetHints":{"allow":["GET"]}}],"collection":[{"href":"https:\/\/www.elaletisepeti.com\/index.php?rest_route=\/wp\/v2\/product"}],"about":[{"href":"https:\/\/www.elaletisepeti.com\/index.php?rest_route=\/wp\/v2\/types\/product"}],"wp:featuredmedia":[{"embeddable":true,"href":"https:\/\/www.elaletisepeti.com\/index.php?rest_route=\/wp\/v2\/media\/17107"}],"wp:attachment":[{"href":"https:\/\/www.elaletisepeti.com\/index.php?rest_route=%2Fwp%2Fv2%2Fmedia&parent=17105"}],"wp:term":[{"taxonomy":"product_brand","embeddable":true,"href":"https:\/\/www.elaletisepeti.com\/index.php?rest_route=%2Fwp%2Fv2%2Fproduct_brand&post=17105"},{"taxonomy":"product_cat","embeddable":true,"href":"https:\/\/www.elaletisepeti.com\/index.php?rest_route=%2Fwp%2Fv2%2Fproduct_cat&post=17105"},{"taxonomy":"product_tag","embeddable":true,"href":"https:\/\/www.elaletisepeti.com\/index.php?rest_route=%2Fwp%2Fv2%2Fproduct_tag&post=17105"}],"curies":[{"name":"wp","href":"https:\/\/api.w.org\/{rel}","templated":true}]}}