{"id":16656,"date":"2025-11-24T18:28:53","date_gmt":"2025-11-24T18:28:53","guid":{"rendered":"https:\/\/www.elaletisepeti.com\/?post_type=product&#038;p=16656"},"modified":"2025-11-24T18:28:53","modified_gmt":"2025-11-24T18:28:53","slug":"knipex-99-10-250-betoncu-kerpeteni","status":"publish","type":"product","link":"https:\/\/www.elaletisepeti.com\/?product=knipex-99-10-250-betoncu-kerpeteni","title":{"rendered":"Knipex 99 10 250 Betoncu Kerpeteni"},"content":{"rendered":"<p><strong>Knipex 99 10 250 A\u011f\u0131r Tip Betoncu Kerpeteni<\/strong><\/p>\n<div class=\"product--variation-field--variation_field_general_section__16300 field field--name-field-general-section field--type-key-value-class-field-type field--label-hidden field__items\" data-gtm-vis-recent-on-screen10487645_102=\"94819\" data-gtm-vis-first-on-screen10487645_102=\"94819\" data-gtm-vis-total-visible-time10487645_102=\"100\" data-gtm-vis-has-fired10487645_102=\"1\">\n<div class=\"field__item\" data-gtm-vis-recent-on-screen10487645_102=\"94725\" data-gtm-vis-first-on-screen10487645_102=\"94725\" data-gtm-vis-total-visible-time10487645_102=\"100\" data-gtm-vis-has-fired10487645_102=\"1\">\n<div class=\"key-value-class-item \" data-gtm-vis-recent-on-screen10487645_102=\"94727\" data-gtm-vis-first-on-screen10487645_102=\"94727\" data-gtm-vis-total-visible-time10487645_102=\"100\" data-gtm-vis-has-fired10487645_102=\"1\">\n<div class=\"key\" data-gtm-vis-recent-on-screen10487645_102=\"94728\" data-gtm-vis-first-on-screen10487645_102=\"94728\" data-gtm-vis-total-visible-time10487645_102=\"100\" data-gtm-vis-has-fired10487645_102=\"1\">kod: 99 10 250<\/div>\n<\/div>\n<\/div>\n<div class=\"field__item\" data-gtm-vis-recent-on-screen10487645_102=\"94739\" data-gtm-vis-first-on-screen10487645_102=\"94739\" data-gtm-vis-total-visible-time10487645_102=\"100\" data-gtm-vis-has-fired10487645_102=\"1\">\n<div class=\"key-value-class-item \" data-gtm-vis-recent-on-screen10487645_102=\"94740\" data-gtm-vis-first-on-screen10487645_102=\"94740\" data-gtm-vis-total-visible-time10487645_102=\"100\" data-gtm-vis-has-fired10487645_102=\"1\">\n<div class=\"key\" data-gtm-vis-recent-on-screen10487645_102=\"94742\" data-gtm-vis-first-on-screen10487645_102=\"94742\" data-gtm-vis-total-visible-time10487645_102=\"100\" data-gtm-vis-has-fired10487645_102=\"1\">EAN 4003773071396<\/div>\n<\/div>\n<\/div>\n<div class=\"field__item\" data-gtm-vis-recent-on-screen10487645_102=\"94749\" data-gtm-vis-first-on-screen10487645_102=\"94749\" data-gtm-vis-total-visible-time10487645_102=\"100\" data-gtm-vis-has-fired10487645_102=\"1\">\n<div class=\"key-value-class-item \" data-gtm-vis-recent-on-screen10487645_102=\"94750\" data-gtm-vis-first-on-screen10487645_102=\"94750\" data-gtm-vis-total-visible-time10487645_102=\"100\" data-gtm-vis-has-fired10487645_102=\"1\">\n<div class=\"key\" data-gtm-vis-recent-on-screen10487645_102=\"94751\" data-gtm-vis-first-on-screen10487645_102=\"94751\" data-gtm-vis-total-visible-time10487645_102=\"100\" data-gtm-vis-has-fired10487645_102=\"1\">Pense Siyah Atramentize<\/div>\n<\/div>\n<\/div>\n<div class=\"field__item\" data-gtm-vis-recent-on-screen10487645_102=\"94790\" data-gtm-vis-first-on-screen10487645_102=\"94790\" data-gtm-vis-total-visible-time10487645_102=\"100\" data-gtm-vis-has-fired10487645_102=\"1\">\n<div class=\"key-value-class-item \" data-gtm-vis-recent-on-screen10487645_102=\"94791\" data-gtm-vis-first-on-screen10487645_102=\"94791\" data-gtm-vis-total-visible-time10487645_102=\"100\" data-gtm-vis-has-fired10487645_102=\"1\">\n<div class=\"key\" data-gtm-vis-recent-on-screen10487645_102=\"94793\" data-gtm-vis-first-on-screen10487645_102=\"94793\" data-gtm-vis-total-visible-time10487645_102=\"100\" data-gtm-vis-has-fired10487645_102=\"1\">Ba\u015fl\u0131k Cilal\u0131<\/div>\n<\/div>\n<\/div>\n<div class=\"field__item\" data-gtm-vis-recent-on-screen10487645_102=\"94820\" data-gtm-vis-first-on-screen10487645_102=\"94820\" data-gtm-vis-total-visible-time10487645_102=\"100\" data-gtm-vis-has-fired10487645_102=\"1\">\n<div class=\"key-value-class-item \" data-gtm-vis-recent-on-screen10487645_102=\"94821\" data-gtm-vis-first-on-screen10487645_102=\"94821\" data-gtm-vis-total-visible-time10487645_102=\"100\" data-gtm-vis-has-fired10487645_102=\"1\">\n<div class=\"key\" data-gtm-vis-recent-on-screen10487645_102=\"94822\" data-gtm-vis-first-on-screen10487645_102=\"94822\" data-gtm-vis-total-visible-time10487645_102=\"100\" data-gtm-vis-has-fired10487645_102=\"1\">A\u011f\u0131rl\u0131k 350 g<\/div>\n<\/div>\n<\/div>\n<div class=\"field__item\" data-gtm-vis-recent-on-screen10487645_102=\"94855\" data-gtm-vis-first-on-screen10487645_102=\"94856\" data-gtm-vis-total-visible-time10487645_102=\"100\" data-gtm-vis-has-fired10487645_102=\"1\">\n<div class=\"key-value-class-item \" data-gtm-vis-recent-on-screen10487645_102=\"94857\" data-gtm-vis-first-on-screen10487645_102=\"94857\" data-gtm-vis-total-visible-time10487645_102=\"100\" data-gtm-vis-has-fired10487645_102=\"1\">\n<div class=\"key\" data-gtm-vis-recent-on-screen10487645_102=\"94858\" data-gtm-vis-first-on-screen10487645_102=\"94858\" data-gtm-vis-total-visible-time10487645_102=\"100\" data-gtm-vis-has-fired10487645_102=\"1\">\u00d6l\u00e7\u00fcleri 250 x 48 x 25 mm<\/div>\n<\/div>\n<\/div>\n<div class=\"field__item\" data-gtm-vis-first-on-screen10487645_102=\"94886\" data-gtm-vis-total-visible-time10487645_102=\"100\" data-gtm-vis-has-fired10487645_102=\"1\">\n<div class=\"key-value-class-item \" data-gtm-vis-first-on-screen10487645_102=\"94887\" data-gtm-vis-total-visible-time10487645_102=\"100\" data-gtm-vis-has-fired10487645_102=\"1\">\n<div class=\"key\" data-gtm-vis-first-on-screen10487645_102=\"94888\" data-gtm-vis-total-visible-time10487645_102=\"100\" data-gtm-vis-has-fired10487645_102=\"1\">Norm DIN ISO 9242<\/div>\n<\/div>\n<\/div>\n<div class=\"field__item\" data-gtm-vis-first-on-screen10487645_102=\"94922\" data-gtm-vis-total-visible-time10487645_102=\"100\" data-gtm-vis-has-fired10487645_102=\"1\">\n<div class=\"key-value-class-item \" data-gtm-vis-first-on-screen10487645_102=\"94923\" data-gtm-vis-total-visible-time10487645_102=\"100\" data-gtm-vis-has-fired10487645_102=\"1\">\n<div class=\"key\" data-gtm-vis-first-on-screen10487645_102=\"94924\" data-gtm-vis-total-visible-time10487645_102=\"100\" data-gtm-vis-has-fired10487645_102=\"1\">REACH Uyumlu SVHC \u0130\u00e7ermiyor<\/div>\n<\/div>\n<\/div>\n<div class=\"field__item\" data-gtm-vis-first-on-screen10487645_102=\"94970\" data-gtm-vis-total-visible-time10487645_102=\"100\" data-gtm-vis-has-fired10487645_102=\"1\">\n<div class=\"key-value-class-item \" data-gtm-vis-first-on-screen10487645_102=\"94971\" data-gtm-vis-total-visible-time10487645_102=\"100\" data-gtm-vis-has-fired10487645_102=\"1\">\n<div class=\"key\" data-gtm-vis-first-on-screen10487645_102=\"94972\" data-gtm-vis-total-visible-time10487645_102=\"100\" data-gtm-vis-has-fired10487645_102=\"1\">ROHS Uyumlu Uygulanamaz<\/div>\n<\/div>\n<\/div>\n<\/div>\n<div class=\"product--variation-field--variation_field_technical_section__16300 field field--name-field-technical-section field--type-key-value-class-field-type field--label-hidden field__items\" data-gtm-vis-recent-on-screen10487645_102=\"97765\" data-gtm-vis-first-on-screen10487645_102=\"97765\" data-gtm-vis-total-visible-time10487645_102=\"100\" data-gtm-vis-has-fired10487645_102=\"1\">\n<div class=\"field__item\" data-gtm-vis-first-on-screen10487645_102=\"95270\" data-gtm-vis-total-visible-time10487645_102=\"100\" data-gtm-vis-has-fired10487645_102=\"1\">\n<div class=\"key-value-class-item \" data-gtm-vis-first-on-screen10487645_102=\"95272\" data-gtm-vis-total-visible-time10487645_102=\"100\" data-gtm-vis-has-fired10487645_102=\"1\">\n<div class=\"key\" data-gtm-vis-first-on-screen10487645_102=\"95273\" data-gtm-vis-total-visible-time10487645_102=\"100\" data-gtm-vis-has-fired10487645_102=\"1\">Orta sert tel kesme de\u011feri (\u00e7ap) \u00d8 1,8 mm<\/div>\n<\/div>\n<\/div>\n<div class=\"field__item\" data-gtm-vis-first-on-screen10487645_102=\"95320\" data-gtm-vis-total-visible-time10487645_102=\"100\" data-gtm-vis-has-fired10487645_102=\"1\">\n<div class=\"key-value-class-item \" data-gtm-vis-first-on-screen10487645_102=\"95322\" data-gtm-vis-total-visible-time10487645_102=\"100\" data-gtm-vis-has-fired10487645_102=\"1\">\n<div class=\"key\" data-gtm-vis-first-on-screen10487645_102=\"95323\" data-gtm-vis-total-visible-time10487645_102=\"100\" data-gtm-vis-has-fired10487645_102=\"1\">Orta sert tel kesme de\u011feri (\u00e7ap) \u00d8 3,3 mm<\/div>\n<\/div>\n<\/div>\n<div class=\"field__item\" data-gtm-vis-recent-on-screen10487645_102=\"97767\" data-gtm-vis-first-on-screen10487645_102=\"97767\" data-gtm-vis-total-visible-time10487645_102=\"100\" data-gtm-vis-has-fired10487645_102=\"1\">\n<div class=\"key-value-class-item \" data-gtm-vis-recent-on-screen10487645_102=\"97769\" data-gtm-vis-first-on-screen10487645_102=\"97769\" data-gtm-vis-total-visible-time10487645_102=\"100\" data-gtm-vis-has-fired10487645_102=\"1\">\n<div class=\"key\" data-gtm-vis-recent-on-screen10487645_102=\"97769\" data-gtm-vis-first-on-screen10487645_102=\"97769\" data-gtm-vis-total-visible-time10487645_102=\"100\" data-gtm-vis-has-fired10487645_102=\"1\">Kafa geni\u015fli\u011fi (W3) 25,0 mm<\/div>\n<\/div>\n<\/div>\n<div class=\"field__item\" data-gtm-vis-recent-on-screen10487645_102=\"97788\" data-gtm-vis-first-on-screen10487645_102=\"97788\" data-gtm-vis-total-visible-time10487645_102=\"100\" data-gtm-vis-has-fired10487645_102=\"1\">\n<div class=\"key-value-class-item \" data-gtm-vis-recent-on-screen10487645_102=\"97789\" data-gtm-vis-first-on-screen10487645_102=\"97789\" data-gtm-vis-total-visible-time10487645_102=\"100\" data-gtm-vis-has-fired10487645_102=\"1\">\n<div class=\"key\" data-gtm-vis-recent-on-screen10487645_102=\"97790\" data-gtm-vis-first-on-screen10487645_102=\"97790\" data-gtm-vis-total-visible-time10487645_102=\"100\" data-gtm-vis-has-fired10487645_102=\"1\">B\u0131\u00e7ak boyu mm 23,0 mm<\/div>\n<\/div>\n<\/div>\n<\/div>\n","protected":false},"excerpt":{"rendered":"<div class=\"kx-flex kx-justify-between\" data-gtm-vis-first-on-screen10487645_102=\"1815\" data-gtm-vis-total-visible-time10487645_102=\"100\" data-gtm-vis-has-fired10487645_102=\"1\">\n<div class=\"kx-flex kx-items-center kx-flex-wrap kx-gap-4 kx-gap-y-0\" data-gtm-vis-first-on-screen10487645_102=\"1816\" data-gtm-vis-total-visible-time10487645_102=\"100\" data-gtm-vis-has-fired10487645_102=\"1\"><img decoding=\"async\" src=\"https:\/\/product-api-assets.knipex.com\/fd89784\/6e54842e-174e-4b2d-ba59-c45461f9df4f.png\" alt=\"\" \/><\/div>\n<\/div>\n<div class=\"bulletpoint-container\" data-gtm-vis-first-on-screen10487645_102=\"1817\" data-gtm-vis-total-visible-time10487645_102=\"100\" data-gtm-vis-has-fired10487645_102=\"1\">\n<ul>\n<li>Ekleme telinin tek bir i\u015flemde b\u00fck\u00fclmesi ve ve kesilmesi i\u00e7in: g\u00fcvenilir ve hesapl\u0131<\/li>\n<li>\u00d6zel dar \u015fekli nedeniyle derinde duran demirleri ba\u011flamak i\u00e7in de kullan\u0131l\u0131r<\/li>\n<li>Ayn\u0131 boydaki s\u0131radan betoncu kerpetenine k\u0131yasla % 25 kuvvet tasarrufu elde edilir<\/li>\n<li>Y\u00fcksek aktarma oranl\u0131 mafsal, b\u00f6ylece kal\u0131n ba\u011flama telleri ile ba\u011flama yap\u0131l\u0131rken dahi yorulmadan \u00e7al\u0131\u015f\u0131labilir<\/li>\n<li>Ba\u011flama teli kesildikten sonra kesme esnas\u0131nda olu\u015fan darbeyi emerek kas ve sinirleri korur<\/li>\n<li>Kesici a\u011f\u0131z k\u0131sm\u0131 g\u00fc\u00e7lendirilmi\u015ftir. Kesici sertli\u011fi yakl. 61 HRC<\/li>\n<\/ul>\n<\/div>\n","protected":false},"featured_media":16658,"template":"","meta":{"_joinchat":[]},"product_brand":[159],"product_cat":[158],"product_tag":[964,963,962,925],"class_list":{"0":"post-16656","1":"product","2":"type-product","3":"status-publish","4":"has-post-thumbnail","6":"product_brand-knipex","7":"product_cat-kerpetenler","8":"product_tag-99-10-250-agir-tip-betoncu-kerpeteni","9":"product_tag-knipex-99-10-250","10":"product_tag-knipex-99-10-250-agir-tip-betoncu-kerpeteni","11":"product_tag-knipex-betoncu-kerpeteni","14":"first","15":"instock","16":"shipping-taxable","17":"product-type-simple"},"yoast_head":"<!-- This site is optimized with the Yoast SEO plugin v27.3 - https:\/\/yoast.com\/product\/yoast-seo-wordpress\/ -->\n<title>Knipex 99 10 250 Betoncu Kerpeteni - El Aleti Sepeti<\/title>\n<meta name=\"description\" content=\"Knipex 99 10 250 a\u011f\u0131r tip betoncu kerpeteni, beton ba\u011f\u0131 teli kesme ve b\u00fckmede \u00fcst\u00fcn dayan\u0131kl\u0131l\u0131k ve g\u00fc\u00e7l\u00fc performans sunar, uzmanlar i\u00e7in ideal.\" \/>\n<meta name=\"robots\" content=\"index, follow, max-snippet:-1, max-image-preview:large, max-video-preview:-1\" \/>\n<link rel=\"canonical\" href=\"https:\/\/www.elaletisepeti.com\/?product=knipex-99-10-250-betoncu-kerpeteni\" \/>\n<meta property=\"og:locale\" content=\"tr_TR\" \/>\n<meta property=\"og:type\" content=\"article\" \/>\n<meta property=\"og:title\" content=\"Knipex 99 10 250 Betoncu Kerpeteni - El Aleti Sepeti\" \/>\n<meta property=\"og:description\" content=\"Knipex 99 10 250 a\u011f\u0131r tip betoncu kerpeteni, beton ba\u011f\u0131 teli kesme ve b\u00fckmede \u00fcst\u00fcn dayan\u0131kl\u0131l\u0131k ve g\u00fc\u00e7l\u00fc performans sunar, uzmanlar i\u00e7in ideal.\" \/>\n<meta property=\"og:url\" content=\"https:\/\/www.elaletisepeti.com\/?product=knipex-99-10-250-betoncu-kerpeteni\" \/>\n<meta property=\"og:site_name\" content=\"El Aleti Sepeti\" \/>\n<meta property=\"og:image\" content=\"https:\/\/www.elaletisepeti.com\/wp-content\/uploads\/2025\/11\/Knipex-99-10-250.jpg\" \/>\n\t<meta property=\"og:image:width\" content=\"1000\" \/>\n\t<meta property=\"og:image:height\" content=\"1000\" \/>\n\t<meta property=\"og:image:type\" content=\"image\/jpeg\" \/>\n<meta name=\"twitter:card\" content=\"summary_large_image\" \/>\n<meta name=\"twitter:label1\" content=\"Tahmini okuma s\u00fcresi\" \/>\n\t<meta name=\"twitter:data1\" content=\"1 dakika\" \/>\n<script type=\"application\/ld+json\" class=\"yoast-schema-graph\">{\"@context\":\"https:\\\/\\\/schema.org\",\"@graph\":[{\"@type\":\"WebPage\",\"@id\":\"https:\\\/\\\/www.elaletisepeti.com\\\/?product=knipex-99-10-250-betoncu-kerpeteni\",\"url\":\"https:\\\/\\\/www.elaletisepeti.com\\\/?product=knipex-99-10-250-betoncu-kerpeteni\",\"name\":\"Knipex 99 10 250 Betoncu Kerpeteni - El Aleti Sepeti\",\"isPartOf\":{\"@id\":\"https:\\\/\\\/www.elaletisepeti.com\\\/#website\"},\"primaryImageOfPage\":{\"@id\":\"https:\\\/\\\/www.elaletisepeti.com\\\/?product=knipex-99-10-250-betoncu-kerpeteni#primaryimage\"},\"image\":{\"@id\":\"https:\\\/\\\/www.elaletisepeti.com\\\/?product=knipex-99-10-250-betoncu-kerpeteni#primaryimage\"},\"thumbnailUrl\":\"https:\\\/\\\/www.elaletisepeti.com\\\/wp-content\\\/uploads\\\/2025\\\/11\\\/Knipex-99-10-250.jpg\",\"datePublished\":\"2025-11-24T18:28:53+00:00\",\"description\":\"Knipex 99 10 250 a\u011f\u0131r tip betoncu kerpeteni, beton ba\u011f\u0131 teli kesme ve b\u00fckmede \u00fcst\u00fcn dayan\u0131kl\u0131l\u0131k ve g\u00fc\u00e7l\u00fc performans sunar, uzmanlar i\u00e7in ideal.\",\"breadcrumb\":{\"@id\":\"https:\\\/\\\/www.elaletisepeti.com\\\/?product=knipex-99-10-250-betoncu-kerpeteni#breadcrumb\"},\"inLanguage\":\"tr\",\"potentialAction\":[{\"@type\":\"ReadAction\",\"target\":[\"https:\\\/\\\/www.elaletisepeti.com\\\/?product=knipex-99-10-250-betoncu-kerpeteni\"]}]},{\"@type\":\"ImageObject\",\"inLanguage\":\"tr\",\"@id\":\"https:\\\/\\\/www.elaletisepeti.com\\\/?product=knipex-99-10-250-betoncu-kerpeteni#primaryimage\",\"url\":\"https:\\\/\\\/www.elaletisepeti.com\\\/wp-content\\\/uploads\\\/2025\\\/11\\\/Knipex-99-10-250.jpg\",\"contentUrl\":\"https:\\\/\\\/www.elaletisepeti.com\\\/wp-content\\\/uploads\\\/2025\\\/11\\\/Knipex-99-10-250.jpg\",\"width\":1000,\"height\":1000},{\"@type\":\"BreadcrumbList\",\"@id\":\"https:\\\/\\\/www.elaletisepeti.com\\\/?product=knipex-99-10-250-betoncu-kerpeteni#breadcrumb\",\"itemListElement\":[{\"@type\":\"ListItem\",\"position\":1,\"name\":\"Anasayfa\",\"item\":\"https:\\\/\\\/www.elaletisepeti.com\\\/\"},{\"@type\":\"ListItem\",\"position\":2,\"name\":\"Shop\",\"item\":\"https:\\\/\\\/www.elaletisepeti.com\\\/?page_id=7\"},{\"@type\":\"ListItem\",\"position\":3,\"name\":\"Knipex 99 10 250 Betoncu Kerpeteni\"}]},{\"@type\":\"WebSite\",\"@id\":\"https:\\\/\\\/www.elaletisepeti.com\\\/#website\",\"url\":\"https:\\\/\\\/www.elaletisepeti.com\\\/\",\"name\":\"El Aleti Sepeti\",\"description\":\"El Aletleri, Knipex Pense, Knipex Kerpeten, Knipex Kargaburun,  Kn\u0131pex  Yankeski, Kn\u0131pex Boru Kesme, Knipex Kablo S\u0131y\u0131rma, Knipex  El Aletleri\",\"potentialAction\":[{\"@type\":\"SearchAction\",\"target\":{\"@type\":\"EntryPoint\",\"urlTemplate\":\"https:\\\/\\\/www.elaletisepeti.com\\\/?s={search_term_string}\"},\"query-input\":{\"@type\":\"PropertyValueSpecification\",\"valueRequired\":true,\"valueName\":\"search_term_string\"}}],\"inLanguage\":\"tr\"}]}<\/script>\n<!-- \/ Yoast SEO plugin. -->","yoast_head_json":{"title":"Knipex 99 10 250 Betoncu Kerpeteni - El Aleti Sepeti","description":"Knipex 99 10 250 a\u011f\u0131r tip betoncu kerpeteni, beton ba\u011f\u0131 teli kesme ve b\u00fckmede \u00fcst\u00fcn dayan\u0131kl\u0131l\u0131k ve g\u00fc\u00e7l\u00fc performans sunar, uzmanlar i\u00e7in ideal.","robots":{"index":"index","follow":"follow","max-snippet":"max-snippet:-1","max-image-preview":"max-image-preview:large","max-video-preview":"max-video-preview:-1"},"canonical":"https:\/\/www.elaletisepeti.com\/?product=knipex-99-10-250-betoncu-kerpeteni","og_locale":"tr_TR","og_type":"article","og_title":"Knipex 99 10 250 Betoncu Kerpeteni - El Aleti Sepeti","og_description":"Knipex 99 10 250 a\u011f\u0131r tip betoncu kerpeteni, beton ba\u011f\u0131 teli kesme ve b\u00fckmede \u00fcst\u00fcn dayan\u0131kl\u0131l\u0131k ve g\u00fc\u00e7l\u00fc performans sunar, uzmanlar i\u00e7in ideal.","og_url":"https:\/\/www.elaletisepeti.com\/?product=knipex-99-10-250-betoncu-kerpeteni","og_site_name":"El Aleti Sepeti","og_image":[{"width":1000,"height":1000,"url":"https:\/\/www.elaletisepeti.com\/wp-content\/uploads\/2025\/11\/Knipex-99-10-250.jpg","type":"image\/jpeg"}],"twitter_card":"summary_large_image","twitter_misc":{"Tahmini okuma s\u00fcresi":"1 dakika"},"schema":{"@context":"https:\/\/schema.org","@graph":[{"@type":"WebPage","@id":"https:\/\/www.elaletisepeti.com\/?product=knipex-99-10-250-betoncu-kerpeteni","url":"https:\/\/www.elaletisepeti.com\/?product=knipex-99-10-250-betoncu-kerpeteni","name":"Knipex 99 10 250 Betoncu Kerpeteni - El Aleti Sepeti","isPartOf":{"@id":"https:\/\/www.elaletisepeti.com\/#website"},"primaryImageOfPage":{"@id":"https:\/\/www.elaletisepeti.com\/?product=knipex-99-10-250-betoncu-kerpeteni#primaryimage"},"image":{"@id":"https:\/\/www.elaletisepeti.com\/?product=knipex-99-10-250-betoncu-kerpeteni#primaryimage"},"thumbnailUrl":"https:\/\/www.elaletisepeti.com\/wp-content\/uploads\/2025\/11\/Knipex-99-10-250.jpg","datePublished":"2025-11-24T18:28:53+00:00","description":"Knipex 99 10 250 a\u011f\u0131r tip betoncu kerpeteni, beton ba\u011f\u0131 teli kesme ve b\u00fckmede \u00fcst\u00fcn dayan\u0131kl\u0131l\u0131k ve g\u00fc\u00e7l\u00fc performans sunar, uzmanlar i\u00e7in ideal.","breadcrumb":{"@id":"https:\/\/www.elaletisepeti.com\/?product=knipex-99-10-250-betoncu-kerpeteni#breadcrumb"},"inLanguage":"tr","potentialAction":[{"@type":"ReadAction","target":["https:\/\/www.elaletisepeti.com\/?product=knipex-99-10-250-betoncu-kerpeteni"]}]},{"@type":"ImageObject","inLanguage":"tr","@id":"https:\/\/www.elaletisepeti.com\/?product=knipex-99-10-250-betoncu-kerpeteni#primaryimage","url":"https:\/\/www.elaletisepeti.com\/wp-content\/uploads\/2025\/11\/Knipex-99-10-250.jpg","contentUrl":"https:\/\/www.elaletisepeti.com\/wp-content\/uploads\/2025\/11\/Knipex-99-10-250.jpg","width":1000,"height":1000},{"@type":"BreadcrumbList","@id":"https:\/\/www.elaletisepeti.com\/?product=knipex-99-10-250-betoncu-kerpeteni#breadcrumb","itemListElement":[{"@type":"ListItem","position":1,"name":"Anasayfa","item":"https:\/\/www.elaletisepeti.com\/"},{"@type":"ListItem","position":2,"name":"Shop","item":"https:\/\/www.elaletisepeti.com\/?page_id=7"},{"@type":"ListItem","position":3,"name":"Knipex 99 10 250 Betoncu Kerpeteni"}]},{"@type":"WebSite","@id":"https:\/\/www.elaletisepeti.com\/#website","url":"https:\/\/www.elaletisepeti.com\/","name":"El Aleti Sepeti","description":"El Aletleri, Knipex Pense, Knipex Kerpeten, Knipex Kargaburun,  Kn\u0131pex  Yankeski, Kn\u0131pex Boru Kesme, Knipex Kablo S\u0131y\u0131rma, Knipex  El Aletleri","potentialAction":[{"@type":"SearchAction","target":{"@type":"EntryPoint","urlTemplate":"https:\/\/www.elaletisepeti.com\/?s={search_term_string}"},"query-input":{"@type":"PropertyValueSpecification","valueRequired":true,"valueName":"search_term_string"}}],"inLanguage":"tr"}]}},"_links":{"self":[{"href":"https:\/\/www.elaletisepeti.com\/index.php?rest_route=\/wp\/v2\/product\/16656","targetHints":{"allow":["GET"]}}],"collection":[{"href":"https:\/\/www.elaletisepeti.com\/index.php?rest_route=\/wp\/v2\/product"}],"about":[{"href":"https:\/\/www.elaletisepeti.com\/index.php?rest_route=\/wp\/v2\/types\/product"}],"wp:featuredmedia":[{"embeddable":true,"href":"https:\/\/www.elaletisepeti.com\/index.php?rest_route=\/wp\/v2\/media\/16658"}],"wp:attachment":[{"href":"https:\/\/www.elaletisepeti.com\/index.php?rest_route=%2Fwp%2Fv2%2Fmedia&parent=16656"}],"wp:term":[{"taxonomy":"product_brand","embeddable":true,"href":"https:\/\/www.elaletisepeti.com\/index.php?rest_route=%2Fwp%2Fv2%2Fproduct_brand&post=16656"},{"taxonomy":"product_cat","embeddable":true,"href":"https:\/\/www.elaletisepeti.com\/index.php?rest_route=%2Fwp%2Fv2%2Fproduct_cat&post=16656"},{"taxonomy":"product_tag","embeddable":true,"href":"https:\/\/www.elaletisepeti.com\/index.php?rest_route=%2Fwp%2Fv2%2Fproduct_tag&post=16656"}],"curies":[{"name":"wp","href":"https:\/\/api.w.org\/{rel}","templated":true}]}}