{"id":16637,"date":"2025-11-24T17:50:15","date_gmt":"2025-11-24T17:50:15","guid":{"rendered":"https:\/\/www.elaletisepeti.com\/?post_type=product&#038;p=16637"},"modified":"2025-11-24T17:50:15","modified_gmt":"2025-11-24T17:50:15","slug":"knipex-99-01-300-betoncu-kerpeteni","status":"publish","type":"product","link":"https:\/\/www.elaletisepeti.com\/?product=knipex-99-01-300-betoncu-kerpeteni","title":{"rendered":"Knipex 99 01 300 Betoncu Kerpeteni"},"content":{"rendered":"<p><strong>Knipex 99 01 300 Betoncu Kerpeteni<\/strong><\/p>\n<div class=\"product--variation-field--variation_field_general_section__16299 field field--name-field-general-section field--type-key-value-class-field-type field--label-hidden field__items\" data-gtm-vis-recent-on-screen10487645_102=\"30998\" data-gtm-vis-first-on-screen10487645_102=\"30998\" data-gtm-vis-total-visible-time10487645_102=\"100\" data-gtm-vis-has-fired10487645_102=\"1\">\n<div class=\"field__item\" data-gtm-vis-recent-on-screen10487645_102=\"30948\" data-gtm-vis-first-on-screen10487645_102=\"30948\" data-gtm-vis-total-visible-time10487645_102=\"100\" data-gtm-vis-has-fired10487645_102=\"1\">\n<div class=\"key-value-class-item \" data-gtm-vis-recent-on-screen10487645_102=\"30950\" data-gtm-vis-first-on-screen10487645_102=\"30950\" data-gtm-vis-total-visible-time10487645_102=\"100\" data-gtm-vis-has-fired10487645_102=\"1\">\n<div class=\"key\" data-gtm-vis-recent-on-screen10487645_102=\"30952\" data-gtm-vis-first-on-screen10487645_102=\"30952\" data-gtm-vis-total-visible-time10487645_102=\"100\" data-gtm-vis-has-fired10487645_102=\"1\">Kod:\u00a099 01 300<\/div>\n<\/div>\n<\/div>\n<div class=\"field__item\" data-gtm-vis-recent-on-screen10487645_102=\"30964\" data-gtm-vis-first-on-screen10487645_102=\"30964\" data-gtm-vis-total-visible-time10487645_102=\"100\" data-gtm-vis-has-fired10487645_102=\"1\">\n<div class=\"key-value-class-item \" data-gtm-vis-recent-on-screen10487645_102=\"30965\" data-gtm-vis-first-on-screen10487645_102=\"30965\" data-gtm-vis-total-visible-time10487645_102=\"100\" data-gtm-vis-has-fired10487645_102=\"1\">\n<div class=\"key\" data-gtm-vis-recent-on-screen10487645_102=\"30966\" data-gtm-vis-first-on-screen10487645_102=\"30966\" data-gtm-vis-total-visible-time10487645_102=\"100\" data-gtm-vis-has-fired10487645_102=\"1\">EAN 4003773014416<\/div>\n<\/div>\n<\/div>\n<div class=\"field__item\" data-gtm-vis-recent-on-screen10487645_102=\"30969\" data-gtm-vis-first-on-screen10487645_102=\"30969\" data-gtm-vis-total-visible-time10487645_102=\"100\" data-gtm-vis-has-fired10487645_102=\"1\">\n<div class=\"key-value-class-item \" data-gtm-vis-recent-on-screen10487645_102=\"30970\" data-gtm-vis-first-on-screen10487645_102=\"30970\" data-gtm-vis-total-visible-time10487645_102=\"100\" data-gtm-vis-has-fired10487645_102=\"1\">\n<div class=\"key\" data-gtm-vis-recent-on-screen10487645_102=\"30970\" data-gtm-vis-first-on-screen10487645_102=\"30970\" data-gtm-vis-total-visible-time10487645_102=\"100\" data-gtm-vis-has-fired10487645_102=\"1\">Pense Siyah Atramentize<\/div>\n<\/div>\n<\/div>\n<div class=\"field__item\" data-gtm-vis-recent-on-screen10487645_102=\"30980\" data-gtm-vis-first-on-screen10487645_102=\"30980\" data-gtm-vis-total-visible-time10487645_102=\"100\" data-gtm-vis-has-fired10487645_102=\"1\">\n<div class=\"key-value-class-item \" data-gtm-vis-recent-on-screen10487645_102=\"30982\" data-gtm-vis-first-on-screen10487645_102=\"30982\" data-gtm-vis-total-visible-time10487645_102=\"100\" data-gtm-vis-has-fired10487645_102=\"1\">\n<div class=\"key\" data-gtm-vis-recent-on-screen10487645_102=\"30983\" data-gtm-vis-first-on-screen10487645_102=\"30983\" data-gtm-vis-total-visible-time10487645_102=\"100\" data-gtm-vis-has-fired10487645_102=\"1\">Ba\u015fl\u0131k Cilal\u0131<\/div>\n<\/div>\n<\/div>\n<div class=\"field__item\" data-gtm-vis-recent-on-screen10487645_102=\"30999\" data-gtm-vis-first-on-screen10487645_102=\"30999\" data-gtm-vis-total-visible-time10487645_102=\"100\" data-gtm-vis-has-fired10487645_102=\"1\">\n<div class=\"key-value-class-item \" data-gtm-vis-recent-on-screen10487645_102=\"30999\" data-gtm-vis-first-on-screen10487645_102=\"30999\" data-gtm-vis-total-visible-time10487645_102=\"100\" data-gtm-vis-has-fired10487645_102=\"1\">\n<div class=\"key\" data-gtm-vis-recent-on-screen10487645_102=\"31000\" data-gtm-vis-first-on-screen10487645_102=\"31000\" data-gtm-vis-total-visible-time10487645_102=\"100\" data-gtm-vis-has-fired10487645_102=\"1\">Kollar \u00dczeri Plastik Kaplamal\u0131<\/div>\n<\/div>\n<\/div>\n<div class=\"field__item\" data-gtm-vis-recent-on-screen10487645_102=\"31012\" data-gtm-vis-first-on-screen10487645_102=\"31012\" data-gtm-vis-total-visible-time10487645_102=\"100\" data-gtm-vis-has-fired10487645_102=\"1\">\n<div class=\"key-value-class-item \" data-gtm-vis-recent-on-screen10487645_102=\"31014\" data-gtm-vis-first-on-screen10487645_102=\"31014\" data-gtm-vis-total-visible-time10487645_102=\"100\" data-gtm-vis-has-fired10487645_102=\"1\">\n<div class=\"key\" data-gtm-vis-recent-on-screen10487645_102=\"31015\" data-gtm-vis-first-on-screen10487645_102=\"31015\" data-gtm-vis-total-visible-time10487645_102=\"100\" data-gtm-vis-has-fired10487645_102=\"1\">A\u011f\u0131rl\u0131k 548 g<\/div>\n<\/div>\n<\/div>\n<div class=\"field__item\" data-gtm-vis-recent-on-screen10487645_102=\"31192\" data-gtm-vis-first-on-screen10487645_102=\"31192\" data-gtm-vis-total-visible-time10487645_102=\"100\" data-gtm-vis-has-fired10487645_102=\"1\">\n<div class=\"key-value-class-item \" data-gtm-vis-recent-on-screen10487645_102=\"31193\" data-gtm-vis-first-on-screen10487645_102=\"31193\" data-gtm-vis-total-visible-time10487645_102=\"100\" data-gtm-vis-has-fired10487645_102=\"1\">\n<div class=\"key\" data-gtm-vis-recent-on-screen10487645_102=\"31194\" data-gtm-vis-first-on-screen10487645_102=\"31194\" data-gtm-vis-total-visible-time10487645_102=\"100\" data-gtm-vis-has-fired10487645_102=\"1\">\u00d6l\u00e7\u00fcleri 300 x 52 x 26 mm<\/div>\n<\/div>\n<\/div>\n<div class=\"field__item\" data-gtm-vis-recent-on-screen10487645_102=\"31215\" data-gtm-vis-first-on-screen10487645_102=\"31215\" data-gtm-vis-total-visible-time10487645_102=\"100\" data-gtm-vis-has-fired10487645_102=\"1\">\n<div class=\"key-value-class-item \" data-gtm-vis-recent-on-screen10487645_102=\"31217\" data-gtm-vis-first-on-screen10487645_102=\"31217\" data-gtm-vis-total-visible-time10487645_102=\"100\" data-gtm-vis-has-fired10487645_102=\"1\">\n<div class=\"key\" data-gtm-vis-recent-on-screen10487645_102=\"31218\" data-gtm-vis-first-on-screen10487645_102=\"31218\" data-gtm-vis-total-visible-time10487645_102=\"100\" data-gtm-vis-has-fired10487645_102=\"1\">Norm DIN ISO 9242<\/div>\n<\/div>\n<\/div>\n<div class=\"field__item\" data-gtm-vis-recent-on-screen10487645_102=\"31221\" data-gtm-vis-first-on-screen10487645_102=\"31221\" data-gtm-vis-total-visible-time10487645_102=\"100\" data-gtm-vis-has-fired10487645_102=\"1\">\n<div class=\"key-value-class-item \" data-gtm-vis-recent-on-screen10487645_102=\"31222\" data-gtm-vis-first-on-screen10487645_102=\"31222\" data-gtm-vis-total-visible-time10487645_102=\"100\" data-gtm-vis-has-fired10487645_102=\"1\">\n<div class=\"key\" data-gtm-vis-recent-on-screen10487645_102=\"31223\" data-gtm-vis-first-on-screen10487645_102=\"31223\" data-gtm-vis-total-visible-time10487645_102=\"100\" data-gtm-vis-has-fired10487645_102=\"1\">REACH Uyumlu SVHC \u0130\u00e7ermiyor<\/div>\n<\/div>\n<\/div>\n<div class=\"field__item\" data-gtm-vis-recent-on-screen10487645_102=\"31232\" data-gtm-vis-first-on-screen10487645_102=\"31232\" data-gtm-vis-total-visible-time10487645_102=\"100\" data-gtm-vis-has-fired10487645_102=\"1\">\n<div class=\"key-value-class-item \" data-gtm-vis-recent-on-screen10487645_102=\"31233\" data-gtm-vis-first-on-screen10487645_102=\"31233\" data-gtm-vis-total-visible-time10487645_102=\"100\" data-gtm-vis-has-fired10487645_102=\"1\">\n<div class=\"key\" data-gtm-vis-recent-on-screen10487645_102=\"31234\" data-gtm-vis-first-on-screen10487645_102=\"31234\" data-gtm-vis-total-visible-time10487645_102=\"100\" data-gtm-vis-has-fired10487645_102=\"1\">ROHS Uyumlu Uygulanamaz<\/div>\n<\/div>\n<\/div>\n<\/div>\n<div class=\"product--variation-field--variation_field_technical_section__16299 field field--name-field-technical-section field--type-key-value-class-field-type field--label-hidden field__items\" data-gtm-vis-recent-on-screen10487645_102=\"31248\" data-gtm-vis-first-on-screen10487645_102=\"31248\" data-gtm-vis-total-visible-time10487645_102=\"100\" data-gtm-vis-has-fired10487645_102=\"1\">\n<div class=\"field__item\" data-gtm-vis-recent-on-screen10487645_102=\"31235\" data-gtm-vis-first-on-screen10487645_102=\"31235\" data-gtm-vis-total-visible-time10487645_102=\"100\" data-gtm-vis-has-fired10487645_102=\"1\">\n<div class=\"key-value-class-item \" data-gtm-vis-recent-on-screen10487645_102=\"31236\" data-gtm-vis-first-on-screen10487645_102=\"31236\" data-gtm-vis-total-visible-time10487645_102=\"100\" data-gtm-vis-has-fired10487645_102=\"1\">\n<div class=\"key\" data-gtm-vis-recent-on-screen10487645_102=\"31236\" data-gtm-vis-first-on-screen10487645_102=\"31236\" data-gtm-vis-total-visible-time10487645_102=\"100\" data-gtm-vis-has-fired10487645_102=\"1\">Orta sert tel kesme de\u011feri (\u00e7ap) \u00d8 3,1 mm<\/div>\n<\/div>\n<\/div>\n<div class=\"field__item\" data-gtm-vis-recent-on-screen10487645_102=\"31249\" data-gtm-vis-first-on-screen10487645_102=\"31249\" data-gtm-vis-total-visible-time10487645_102=\"100\" data-gtm-vis-has-fired10487645_102=\"1\">\n<div class=\"key-value-class-item \" data-gtm-vis-recent-on-screen10487645_102=\"31249\" data-gtm-vis-first-on-screen10487645_102=\"31249\" data-gtm-vis-total-visible-time10487645_102=\"100\" data-gtm-vis-has-fired10487645_102=\"1\">\n<div class=\"key\" data-gtm-vis-recent-on-screen10487645_102=\"31250\" data-gtm-vis-first-on-screen10487645_102=\"31250\" data-gtm-vis-total-visible-time10487645_102=\"100\" data-gtm-vis-has-fired10487645_102=\"1\">Yumu\u015fak tel kesme de\u011feri (\u00e7ap) \u00d8 1,8 mm<\/div>\n<\/div>\n<\/div>\n<div class=\"field__item\" data-gtm-vis-recent-on-screen10487645_102=\"31251\" data-gtm-vis-first-on-screen10487645_102=\"31251\" data-gtm-vis-total-visible-time10487645_102=\"100\" data-gtm-vis-has-fired10487645_102=\"1\">\n<div class=\"key-value-class-item \" data-gtm-vis-recent-on-screen10487645_102=\"31252\" data-gtm-vis-first-on-screen10487645_102=\"31252\" data-gtm-vis-total-visible-time10487645_102=\"100\" data-gtm-vis-has-fired10487645_102=\"1\">\n<div class=\"key\" data-gtm-vis-recent-on-screen10487645_102=\"31252\" data-gtm-vis-first-on-screen10487645_102=\"31252\" data-gtm-vis-total-visible-time10487645_102=\"100\" data-gtm-vis-has-fired10487645_102=\"1\">B\u0131\u00e7ak boyu mm 0,0<\/div>\n<\/div>\n<\/div>\n<\/div>\n","protected":false},"excerpt":{"rendered":"<div class=\"kx-flex kx-justify-between\" data-gtm-vis-first-on-screen10487645_102=\"9208\" data-gtm-vis-total-visible-time10487645_102=\"100\" data-gtm-vis-has-fired10487645_102=\"1\">\n<div class=\"kx-flex kx-items-center kx-flex-wrap kx-gap-4 kx-gap-y-0\" data-gtm-vis-first-on-screen10487645_102=\"9210\" data-gtm-vis-total-visible-time10487645_102=\"100\" data-gtm-vis-has-fired10487645_102=\"1\"><img decoding=\"async\" src=\"https:\/\/product-api-assets.knipex.com\/fd89784\/6e54842e-174e-4b2d-ba59-c45461f9df4f.png\" alt=\"\" \/><\/div>\n<\/div>\n<div class=\"bulletpoint-container\" data-gtm-vis-first-on-screen10487645_102=\"9211\" data-gtm-vis-total-visible-time10487645_102=\"100\" data-gtm-vis-has-fired10487645_102=\"1\">\n<ul>\n<li>Ba\u011flama telinin b\u00fck\u00fclmesi ve kesilmesi i\u00e7in de uygundur<\/li>\n<li>Ekleme telinin tek bir i\u015flemde b\u00fck\u00fclmesi ve ve kesilmesi i\u00e7in: g\u00fcvenilir ve hesapl\u0131<\/li>\n<li>Kesici a\u011f\u0131z k\u0131sm\u0131 g\u00fc\u00e7lendirilmi\u015ftir. Kesici sertli\u011fi yakl. 61 HRC<\/li>\n<\/ul>\n<\/div>\n","protected":false},"featured_media":16639,"template":"","meta":{"_joinchat":[]},"product_brand":[159],"product_cat":[158],"product_tag":[952,951,950,925],"class_list":{"0":"post-16637","1":"product","2":"type-product","3":"status-publish","4":"has-post-thumbnail","6":"product_brand-knipex","7":"product_cat-kerpetenler","8":"product_tag-99-01-300-betoncu-kerpeteni","9":"product_tag-knipex-99-01-300","10":"product_tag-knipex-99-01-300-betoncu-kerpeteni","11":"product_tag-knipex-betoncu-kerpeteni","14":"first","15":"instock","16":"shipping-taxable","17":"product-type-simple"},"yoast_head":"<!-- This site is optimized with the Yoast SEO plugin v27.3 - https:\/\/yoast.com\/product\/yoast-seo-wordpress\/ -->\n<title>Knipex 99 01 300 Betoncu Kerpeteni - El Aleti Sepeti<\/title>\n<meta name=\"description\" content=\"\u201cKnipex 99 01 300 beton ve tel kesme i\u015flemleri i\u00e7in y\u00fcksek dayan\u0131kl\u0131l\u0131k sunan profesyonel keski pense. Uzun \u00f6m\u00fcrl\u00fc, g\u00fcvenilir ve g\u00fc\u00e7l\u00fc performans.\u201d\" \/>\n<meta name=\"robots\" content=\"index, follow, max-snippet:-1, max-image-preview:large, max-video-preview:-1\" \/>\n<link rel=\"canonical\" href=\"https:\/\/www.elaletisepeti.com\/?product=knipex-99-01-300-betoncu-kerpeteni\" \/>\n<meta property=\"og:locale\" content=\"tr_TR\" \/>\n<meta property=\"og:type\" content=\"article\" \/>\n<meta property=\"og:title\" content=\"Knipex 99 01 300 Betoncu Kerpeteni - El Aleti Sepeti\" \/>\n<meta property=\"og:description\" content=\"\u201cKnipex 99 01 300 beton ve tel kesme i\u015flemleri i\u00e7in y\u00fcksek dayan\u0131kl\u0131l\u0131k sunan profesyonel keski pense. Uzun \u00f6m\u00fcrl\u00fc, g\u00fcvenilir ve g\u00fc\u00e7l\u00fc performans.\u201d\" \/>\n<meta property=\"og:url\" content=\"https:\/\/www.elaletisepeti.com\/?product=knipex-99-01-300-betoncu-kerpeteni\" \/>\n<meta property=\"og:site_name\" content=\"El Aleti Sepeti\" \/>\n<meta property=\"og:image\" content=\"https:\/\/www.elaletisepeti.com\/wp-content\/uploads\/2025\/11\/Knipex-99-01-300-.jpg\" \/>\n\t<meta property=\"og:image:width\" content=\"1000\" \/>\n\t<meta property=\"og:image:height\" content=\"1000\" \/>\n\t<meta property=\"og:image:type\" content=\"image\/jpeg\" \/>\n<meta name=\"twitter:card\" content=\"summary_large_image\" \/>\n<meta name=\"twitter:label1\" content=\"Tahmini okuma s\u00fcresi\" \/>\n\t<meta name=\"twitter:data1\" content=\"1 dakika\" \/>\n<script type=\"application\/ld+json\" class=\"yoast-schema-graph\">{\"@context\":\"https:\\\/\\\/schema.org\",\"@graph\":[{\"@type\":\"WebPage\",\"@id\":\"https:\\\/\\\/www.elaletisepeti.com\\\/?product=knipex-99-01-300-betoncu-kerpeteni\",\"url\":\"https:\\\/\\\/www.elaletisepeti.com\\\/?product=knipex-99-01-300-betoncu-kerpeteni\",\"name\":\"Knipex 99 01 300 Betoncu Kerpeteni - El Aleti Sepeti\",\"isPartOf\":{\"@id\":\"https:\\\/\\\/www.elaletisepeti.com\\\/#website\"},\"primaryImageOfPage\":{\"@id\":\"https:\\\/\\\/www.elaletisepeti.com\\\/?product=knipex-99-01-300-betoncu-kerpeteni#primaryimage\"},\"image\":{\"@id\":\"https:\\\/\\\/www.elaletisepeti.com\\\/?product=knipex-99-01-300-betoncu-kerpeteni#primaryimage\"},\"thumbnailUrl\":\"https:\\\/\\\/www.elaletisepeti.com\\\/wp-content\\\/uploads\\\/2025\\\/11\\\/Knipex-99-01-300-.jpg\",\"datePublished\":\"2025-11-24T17:50:15+00:00\",\"description\":\"\u201cKnipex 99 01 300 beton ve tel kesme i\u015flemleri i\u00e7in y\u00fcksek dayan\u0131kl\u0131l\u0131k sunan profesyonel keski pense. Uzun \u00f6m\u00fcrl\u00fc, g\u00fcvenilir ve g\u00fc\u00e7l\u00fc performans.\u201d\",\"breadcrumb\":{\"@id\":\"https:\\\/\\\/www.elaletisepeti.com\\\/?product=knipex-99-01-300-betoncu-kerpeteni#breadcrumb\"},\"inLanguage\":\"tr\",\"potentialAction\":[{\"@type\":\"ReadAction\",\"target\":[\"https:\\\/\\\/www.elaletisepeti.com\\\/?product=knipex-99-01-300-betoncu-kerpeteni\"]}]},{\"@type\":\"ImageObject\",\"inLanguage\":\"tr\",\"@id\":\"https:\\\/\\\/www.elaletisepeti.com\\\/?product=knipex-99-01-300-betoncu-kerpeteni#primaryimage\",\"url\":\"https:\\\/\\\/www.elaletisepeti.com\\\/wp-content\\\/uploads\\\/2025\\\/11\\\/Knipex-99-01-300-.jpg\",\"contentUrl\":\"https:\\\/\\\/www.elaletisepeti.com\\\/wp-content\\\/uploads\\\/2025\\\/11\\\/Knipex-99-01-300-.jpg\",\"width\":1000,\"height\":1000},{\"@type\":\"BreadcrumbList\",\"@id\":\"https:\\\/\\\/www.elaletisepeti.com\\\/?product=knipex-99-01-300-betoncu-kerpeteni#breadcrumb\",\"itemListElement\":[{\"@type\":\"ListItem\",\"position\":1,\"name\":\"Anasayfa\",\"item\":\"https:\\\/\\\/www.elaletisepeti.com\\\/\"},{\"@type\":\"ListItem\",\"position\":2,\"name\":\"Shop\",\"item\":\"https:\\\/\\\/www.elaletisepeti.com\\\/?page_id=7\"},{\"@type\":\"ListItem\",\"position\":3,\"name\":\"Knipex 99 01 300 Betoncu Kerpeteni\"}]},{\"@type\":\"WebSite\",\"@id\":\"https:\\\/\\\/www.elaletisepeti.com\\\/#website\",\"url\":\"https:\\\/\\\/www.elaletisepeti.com\\\/\",\"name\":\"El Aleti Sepeti\",\"description\":\"El Aletleri, Knipex Pense, Knipex Kerpeten, Knipex Kargaburun,  Kn\u0131pex  Yankeski, Kn\u0131pex Boru Kesme, Knipex Kablo S\u0131y\u0131rma, Knipex  El Aletleri\",\"potentialAction\":[{\"@type\":\"SearchAction\",\"target\":{\"@type\":\"EntryPoint\",\"urlTemplate\":\"https:\\\/\\\/www.elaletisepeti.com\\\/?s={search_term_string}\"},\"query-input\":{\"@type\":\"PropertyValueSpecification\",\"valueRequired\":true,\"valueName\":\"search_term_string\"}}],\"inLanguage\":\"tr\"}]}<\/script>\n<!-- \/ Yoast SEO plugin. -->","yoast_head_json":{"title":"Knipex 99 01 300 Betoncu Kerpeteni - El Aleti Sepeti","description":"\u201cKnipex 99 01 300 beton ve tel kesme i\u015flemleri i\u00e7in y\u00fcksek dayan\u0131kl\u0131l\u0131k sunan profesyonel keski pense. Uzun \u00f6m\u00fcrl\u00fc, g\u00fcvenilir ve g\u00fc\u00e7l\u00fc performans.\u201d","robots":{"index":"index","follow":"follow","max-snippet":"max-snippet:-1","max-image-preview":"max-image-preview:large","max-video-preview":"max-video-preview:-1"},"canonical":"https:\/\/www.elaletisepeti.com\/?product=knipex-99-01-300-betoncu-kerpeteni","og_locale":"tr_TR","og_type":"article","og_title":"Knipex 99 01 300 Betoncu Kerpeteni - El Aleti Sepeti","og_description":"\u201cKnipex 99 01 300 beton ve tel kesme i\u015flemleri i\u00e7in y\u00fcksek dayan\u0131kl\u0131l\u0131k sunan profesyonel keski pense. Uzun \u00f6m\u00fcrl\u00fc, g\u00fcvenilir ve g\u00fc\u00e7l\u00fc performans.\u201d","og_url":"https:\/\/www.elaletisepeti.com\/?product=knipex-99-01-300-betoncu-kerpeteni","og_site_name":"El Aleti Sepeti","og_image":[{"width":1000,"height":1000,"url":"https:\/\/www.elaletisepeti.com\/wp-content\/uploads\/2025\/11\/Knipex-99-01-300-.jpg","type":"image\/jpeg"}],"twitter_card":"summary_large_image","twitter_misc":{"Tahmini okuma s\u00fcresi":"1 dakika"},"schema":{"@context":"https:\/\/schema.org","@graph":[{"@type":"WebPage","@id":"https:\/\/www.elaletisepeti.com\/?product=knipex-99-01-300-betoncu-kerpeteni","url":"https:\/\/www.elaletisepeti.com\/?product=knipex-99-01-300-betoncu-kerpeteni","name":"Knipex 99 01 300 Betoncu Kerpeteni - El Aleti Sepeti","isPartOf":{"@id":"https:\/\/www.elaletisepeti.com\/#website"},"primaryImageOfPage":{"@id":"https:\/\/www.elaletisepeti.com\/?product=knipex-99-01-300-betoncu-kerpeteni#primaryimage"},"image":{"@id":"https:\/\/www.elaletisepeti.com\/?product=knipex-99-01-300-betoncu-kerpeteni#primaryimage"},"thumbnailUrl":"https:\/\/www.elaletisepeti.com\/wp-content\/uploads\/2025\/11\/Knipex-99-01-300-.jpg","datePublished":"2025-11-24T17:50:15+00:00","description":"\u201cKnipex 99 01 300 beton ve tel kesme i\u015flemleri i\u00e7in y\u00fcksek dayan\u0131kl\u0131l\u0131k sunan profesyonel keski pense. Uzun \u00f6m\u00fcrl\u00fc, g\u00fcvenilir ve g\u00fc\u00e7l\u00fc performans.\u201d","breadcrumb":{"@id":"https:\/\/www.elaletisepeti.com\/?product=knipex-99-01-300-betoncu-kerpeteni#breadcrumb"},"inLanguage":"tr","potentialAction":[{"@type":"ReadAction","target":["https:\/\/www.elaletisepeti.com\/?product=knipex-99-01-300-betoncu-kerpeteni"]}]},{"@type":"ImageObject","inLanguage":"tr","@id":"https:\/\/www.elaletisepeti.com\/?product=knipex-99-01-300-betoncu-kerpeteni#primaryimage","url":"https:\/\/www.elaletisepeti.com\/wp-content\/uploads\/2025\/11\/Knipex-99-01-300-.jpg","contentUrl":"https:\/\/www.elaletisepeti.com\/wp-content\/uploads\/2025\/11\/Knipex-99-01-300-.jpg","width":1000,"height":1000},{"@type":"BreadcrumbList","@id":"https:\/\/www.elaletisepeti.com\/?product=knipex-99-01-300-betoncu-kerpeteni#breadcrumb","itemListElement":[{"@type":"ListItem","position":1,"name":"Anasayfa","item":"https:\/\/www.elaletisepeti.com\/"},{"@type":"ListItem","position":2,"name":"Shop","item":"https:\/\/www.elaletisepeti.com\/?page_id=7"},{"@type":"ListItem","position":3,"name":"Knipex 99 01 300 Betoncu Kerpeteni"}]},{"@type":"WebSite","@id":"https:\/\/www.elaletisepeti.com\/#website","url":"https:\/\/www.elaletisepeti.com\/","name":"El Aleti Sepeti","description":"El Aletleri, Knipex Pense, Knipex Kerpeten, Knipex Kargaburun,  Kn\u0131pex  Yankeski, Kn\u0131pex Boru Kesme, Knipex Kablo S\u0131y\u0131rma, Knipex  El Aletleri","potentialAction":[{"@type":"SearchAction","target":{"@type":"EntryPoint","urlTemplate":"https:\/\/www.elaletisepeti.com\/?s={search_term_string}"},"query-input":{"@type":"PropertyValueSpecification","valueRequired":true,"valueName":"search_term_string"}}],"inLanguage":"tr"}]}},"_links":{"self":[{"href":"https:\/\/www.elaletisepeti.com\/index.php?rest_route=\/wp\/v2\/product\/16637","targetHints":{"allow":["GET"]}}],"collection":[{"href":"https:\/\/www.elaletisepeti.com\/index.php?rest_route=\/wp\/v2\/product"}],"about":[{"href":"https:\/\/www.elaletisepeti.com\/index.php?rest_route=\/wp\/v2\/types\/product"}],"wp:featuredmedia":[{"embeddable":true,"href":"https:\/\/www.elaletisepeti.com\/index.php?rest_route=\/wp\/v2\/media\/16639"}],"wp:attachment":[{"href":"https:\/\/www.elaletisepeti.com\/index.php?rest_route=%2Fwp%2Fv2%2Fmedia&parent=16637"}],"wp:term":[{"taxonomy":"product_brand","embeddable":true,"href":"https:\/\/www.elaletisepeti.com\/index.php?rest_route=%2Fwp%2Fv2%2Fproduct_brand&post=16637"},{"taxonomy":"product_cat","embeddable":true,"href":"https:\/\/www.elaletisepeti.com\/index.php?rest_route=%2Fwp%2Fv2%2Fproduct_cat&post=16637"},{"taxonomy":"product_tag","embeddable":true,"href":"https:\/\/www.elaletisepeti.com\/index.php?rest_route=%2Fwp%2Fv2%2Fproduct_tag&post=16637"}],"curies":[{"name":"wp","href":"https:\/\/api.w.org\/{rel}","templated":true}]}}