{"id":16507,"date":"2025-11-23T09:48:09","date_gmt":"2025-11-23T09:48:09","guid":{"rendered":"https:\/\/www.elaletisepeti.com\/?post_type=product&#038;p=16507"},"modified":"2025-11-23T09:48:09","modified_gmt":"2025-11-23T09:48:09","slug":"knipex-00-31-30-bk-v02-elektrikci-seti","status":"publish","type":"product","link":"https:\/\/www.elaletisepeti.com\/?product=knipex-00-31-30-bk-v02-elektrikci-seti","title":{"rendered":"Knipex 00 31 30 BK V02 Elektrik\u00e7i Seti"},"content":{"rendered":"<p><strong>Knipex 00 31 30 BK V02 Elektrikli Kesme Seti<\/strong><\/p>\n<div class=\"field__item\" data-gtm-vis-first-on-screen10487645_102=\"18126\" data-gtm-vis-total-visible-time10487645_102=\"100\" data-gtm-vis-has-fired10487645_102=\"1\">\n<div class=\"key-value-class-item \" data-gtm-vis-first-on-screen10487645_102=\"18133\" data-gtm-vis-total-visible-time10487645_102=\"100\" data-gtm-vis-has-fired10487645_102=\"1\">\n<div class=\"key\" data-gtm-vis-first-on-screen10487645_102=\"18135\" data-gtm-vis-total-visible-time10487645_102=\"100\" data-gtm-vis-has-fired10487645_102=\"1\">Kod:\u00a000 31 30 BK V02<\/div>\n<\/div>\n<\/div>\n<div class=\"field__item\" data-gtm-vis-first-on-screen10487645_102=\"18137\" data-gtm-vis-total-visible-time10487645_102=\"100\" data-gtm-vis-has-fired10487645_102=\"1\">\n<div class=\"key-value-class-item \" data-gtm-vis-first-on-screen10487645_102=\"18138\" data-gtm-vis-total-visible-time10487645_102=\"100\" data-gtm-vis-has-fired10487645_102=\"1\">\n<div class=\"key\" data-gtm-vis-first-on-screen10487645_102=\"18138\" data-gtm-vis-total-visible-time10487645_102=\"100\" data-gtm-vis-has-fired10487645_102=\"1\">EAN 4003773087892<\/div>\n<\/div>\n<\/div>\n<div class=\"field__item\" data-gtm-vis-first-on-screen10487645_102=\"18148\" data-gtm-vis-total-visible-time10487645_102=\"100\" data-gtm-vis-has-fired10487645_102=\"1\">\n<div class=\"key-value-class-item \" data-gtm-vis-first-on-screen10487645_102=\"18148\" data-gtm-vis-total-visible-time10487645_102=\"100\" data-gtm-vis-has-fired10487645_102=\"1\">\n<div class=\"key\" data-gtm-vis-first-on-screen10487645_102=\"18149\" data-gtm-vis-total-visible-time10487645_102=\"100\" data-gtm-vis-has-fired10487645_102=\"1\">A\u011f\u0131rl\u0131k 510 g<\/div>\n<\/div>\n<\/div>\n<div class=\"field__item\" data-gtm-vis-first-on-screen10487645_102=\"18548\" data-gtm-vis-total-visible-time10487645_102=\"100\" data-gtm-vis-has-fired10487645_102=\"1\">\n<div class=\"key-value-class-item \" data-gtm-vis-first-on-screen10487645_102=\"18551\" data-gtm-vis-total-visible-time10487645_102=\"100\" data-gtm-vis-has-fired10487645_102=\"1\">\n<div class=\"key\" data-gtm-vis-first-on-screen10487645_102=\"18552\" data-gtm-vis-total-visible-time10487645_102=\"100\" data-gtm-vis-has-fired10487645_102=\"1\">\u00d6l\u00e7\u00fcleri 166 x 30 mm<\/div>\n<\/div>\n<\/div>\n<div class=\"field__item\" data-gtm-vis-first-on-screen10487645_102=\"18580\" data-gtm-vis-total-visible-time10487645_102=\"100\" data-gtm-vis-has-fired10487645_102=\"1\">\n<div class=\"key-value-class-item \" data-gtm-vis-first-on-screen10487645_102=\"18583\" data-gtm-vis-total-visible-time10487645_102=\"100\" data-gtm-vis-has-fired10487645_102=\"1\">\n<div class=\"key\" data-gtm-vis-first-on-screen10487645_102=\"18585\" data-gtm-vis-total-visible-time10487645_102=\"100\" data-gtm-vis-has-fired10487645_102=\"1\">REACH Uyumlu SVHC \u0130\u00e7ermiyor<\/div>\n<\/div>\n<\/div>\n<div class=\"field__item\" data-gtm-vis-first-on-screen10487645_102=\"18614\" data-gtm-vis-total-visible-time10487645_102=\"100\" data-gtm-vis-has-fired10487645_102=\"1\">\n<div class=\"key-value-class-item \" data-gtm-vis-first-on-screen10487645_102=\"18616\" data-gtm-vis-total-visible-time10487645_102=\"100\" data-gtm-vis-has-fired10487645_102=\"1\">\n<div class=\"key\" data-gtm-vis-first-on-screen10487645_102=\"18617\" data-gtm-vis-total-visible-time10487645_102=\"100\" data-gtm-vis-has-fired10487645_102=\"1\">ROHS Uyumlu Uygulanamaz<\/div>\n<\/div>\n<\/div>\n<p>&nbsp;<\/p>\n","protected":false},"excerpt":{"rendered":"<ul>\n<li>Elektrik kesme i\u015flerinde kullan\u0131lmak i\u00e7in tasarlanm\u0131\u015f bir set<\/li>\n<li>Geni\u015f kapsaml\u0131 kesim \u00e7ok iletkenli kablolar\u0131, ince ve masif iletkenleri keser<\/li>\n<li>Hassas kesme pensesi KNIPEX Electronic Super Knips\u00ae, sa\u011flam yan kesici ve g\u00fc\u00e7 tasarruflu kablo makas\u0131 KNIPEX StepCut\u00ae ile, hepsi VDE onayl\u0131<\/li>\n<li>Birbirini m\u00fckemmel \u015fekilde tamamlayan \u00fc\u00e7 kesme pensesinden olu\u015fan set<\/li>\n<li>Y\u00fcksek kaliteli malzemelerden \u00fcretilmi\u015f ve \u00e7ok a\u015famal\u0131 ya\u011fla sertle\u015ftirilmi\u015f, VDE onayl\u0131 tutma k\u0131l\u0131flar\u0131 ile<\/li>\n<li>KNIPEX Electronic Super Knips\u00ae Kesme Hassas Pense 78 06 125 VDE:<\/li>\n<li>Kontroll\u00fc mikro kesici eleman\u0131 ile yap\u0131lan kesim i\u015flemi \u00e7ok ince tellerin hassas kesilmesini sa\u011flar ve uzun kullan\u0131m \u00f6mr\u00fcne sahiptir<\/li>\n<li>KNIPEX Yan Kesici 70 06 160 VDE:<\/li>\n<li>\u00c7ok y\u00f6nl\u00fc: \u00d8 2 mm&#8217;ye kadar sert teller i\u00e7in de uygundur, u\u00e7larda bile temiz kesim sa\u011flar; vanadyum elektrikli \u00e7elik, d\u00f6vme, \u00e7ok a\u015famal\u0131 ya\u011fla sertle\u015ftirilmi\u015f<\/li>\n<li>KNIPEX StepCut\u00ae Kablo Makas\u0131 95 16 160 VDE:<\/li>\n<li>Zahmetsiz: Kesici u\u00e7taki kademeler damarlar\u0131 s\u0131rayla keser, kesim ayn\u0131 uzunluktaki standart kablo makaslar\u0131na g\u00f6re %40&#8217;a kadar daha kolayd\u0131r!<\/li>\n<\/ul>\n","protected":false},"featured_media":16510,"template":"","meta":{"_joinchat":[]},"product_brand":[159],"product_cat":[189],"product_tag":[885,884,883,886],"class_list":{"0":"post-16507","1":"product","2":"type-product","3":"status-publish","4":"has-post-thumbnail","6":"product_brand-knipex","7":"product_cat-alet-setleri","8":"product_tag-00-31-30-bk-v02-elektrikli-kesme-seti","9":"product_tag-knipex-00-31-30-bk-v02","10":"product_tag-knipex-00-31-30-bk-v02-elektrikli-kesme-seti","11":"product_tag-knipex-yankeski-seti","14":"first","15":"instock","16":"shipping-taxable","17":"product-type-simple"},"yoast_head":"<!-- This site is optimized with the Yoast SEO plugin v27.3 - https:\/\/yoast.com\/product\/yoast-seo-wordpress\/ -->\n<title>Knipex 00 31 30 BK V02 Elektrik\u00e7i Seti - El Aleti Sepeti<\/title>\n<meta name=\"description\" content=\"\u201c00 31 30 BK V02 \u00e7anta i\u00e7i d\u00fczenleyici; dayan\u0131kl\u0131 yap\u0131, \u00e7ok g\u00f6zl\u00fc tasar\u0131m ve kolay kullan\u0131m sunarak alet \u00e7antalar\u0131nda \u00fcst d\u00fczey organizasyon sa\u011flar.\u201d3.Par\u00e7a\" \/>\n<meta name=\"robots\" content=\"index, follow, max-snippet:-1, max-image-preview:large, max-video-preview:-1\" \/>\n<link rel=\"canonical\" href=\"https:\/\/www.elaletisepeti.com\/?product=knipex-00-31-30-bk-v02-elektrikci-seti\" \/>\n<meta property=\"og:locale\" content=\"tr_TR\" \/>\n<meta property=\"og:type\" content=\"article\" \/>\n<meta property=\"og:title\" content=\"Knipex 00 31 30 BK V02 Elektrik\u00e7i Seti - El Aleti Sepeti\" \/>\n<meta property=\"og:description\" content=\"\u201c00 31 30 BK V02 \u00e7anta i\u00e7i d\u00fczenleyici; dayan\u0131kl\u0131 yap\u0131, \u00e7ok g\u00f6zl\u00fc tasar\u0131m ve kolay kullan\u0131m sunarak alet \u00e7antalar\u0131nda \u00fcst d\u00fczey organizasyon sa\u011flar.\u201d3.Par\u00e7a\" \/>\n<meta property=\"og:url\" content=\"https:\/\/www.elaletisepeti.com\/?product=knipex-00-31-30-bk-v02-elektrikci-seti\" \/>\n<meta property=\"og:site_name\" content=\"El Aleti Sepeti\" \/>\n<meta property=\"og:image\" content=\"https:\/\/www.elaletisepeti.com\/wp-content\/uploads\/2025\/11\/Knipex-00-31-30-BK-V02.jpg\" \/>\n\t<meta property=\"og:image:width\" content=\"1000\" \/>\n\t<meta property=\"og:image:height\" content=\"1000\" \/>\n\t<meta property=\"og:image:type\" content=\"image\/jpeg\" \/>\n<meta name=\"twitter:card\" content=\"summary_large_image\" \/>\n<meta name=\"twitter:label1\" content=\"Tahmini okuma s\u00fcresi\" \/>\n\t<meta name=\"twitter:data1\" content=\"1 dakika\" \/>\n<script type=\"application\/ld+json\" class=\"yoast-schema-graph\">{\"@context\":\"https:\\\/\\\/schema.org\",\"@graph\":[{\"@type\":\"WebPage\",\"@id\":\"https:\\\/\\\/www.elaletisepeti.com\\\/?product=knipex-00-31-30-bk-v02-elektrikci-seti\",\"url\":\"https:\\\/\\\/www.elaletisepeti.com\\\/?product=knipex-00-31-30-bk-v02-elektrikci-seti\",\"name\":\"Knipex 00 31 30 BK V02 Elektrik\u00e7i Seti - El Aleti Sepeti\",\"isPartOf\":{\"@id\":\"https:\\\/\\\/www.elaletisepeti.com\\\/#website\"},\"primaryImageOfPage\":{\"@id\":\"https:\\\/\\\/www.elaletisepeti.com\\\/?product=knipex-00-31-30-bk-v02-elektrikci-seti#primaryimage\"},\"image\":{\"@id\":\"https:\\\/\\\/www.elaletisepeti.com\\\/?product=knipex-00-31-30-bk-v02-elektrikci-seti#primaryimage\"},\"thumbnailUrl\":\"https:\\\/\\\/www.elaletisepeti.com\\\/wp-content\\\/uploads\\\/2025\\\/11\\\/Knipex-00-31-30-BK-V02.jpg\",\"datePublished\":\"2025-11-23T09:48:09+00:00\",\"description\":\"\u201c00 31 30 BK V02 \u00e7anta i\u00e7i d\u00fczenleyici; dayan\u0131kl\u0131 yap\u0131, \u00e7ok g\u00f6zl\u00fc tasar\u0131m ve kolay kullan\u0131m sunarak alet \u00e7antalar\u0131nda \u00fcst d\u00fczey organizasyon sa\u011flar.\u201d3.Par\u00e7a\",\"breadcrumb\":{\"@id\":\"https:\\\/\\\/www.elaletisepeti.com\\\/?product=knipex-00-31-30-bk-v02-elektrikci-seti#breadcrumb\"},\"inLanguage\":\"tr\",\"potentialAction\":[{\"@type\":\"ReadAction\",\"target\":[\"https:\\\/\\\/www.elaletisepeti.com\\\/?product=knipex-00-31-30-bk-v02-elektrikci-seti\"]}]},{\"@type\":\"ImageObject\",\"inLanguage\":\"tr\",\"@id\":\"https:\\\/\\\/www.elaletisepeti.com\\\/?product=knipex-00-31-30-bk-v02-elektrikci-seti#primaryimage\",\"url\":\"https:\\\/\\\/www.elaletisepeti.com\\\/wp-content\\\/uploads\\\/2025\\\/11\\\/Knipex-00-31-30-BK-V02.jpg\",\"contentUrl\":\"https:\\\/\\\/www.elaletisepeti.com\\\/wp-content\\\/uploads\\\/2025\\\/11\\\/Knipex-00-31-30-BK-V02.jpg\",\"width\":1000,\"height\":1000},{\"@type\":\"BreadcrumbList\",\"@id\":\"https:\\\/\\\/www.elaletisepeti.com\\\/?product=knipex-00-31-30-bk-v02-elektrikci-seti#breadcrumb\",\"itemListElement\":[{\"@type\":\"ListItem\",\"position\":1,\"name\":\"Anasayfa\",\"item\":\"https:\\\/\\\/www.elaletisepeti.com\\\/\"},{\"@type\":\"ListItem\",\"position\":2,\"name\":\"Shop\",\"item\":\"https:\\\/\\\/www.elaletisepeti.com\\\/?page_id=7\"},{\"@type\":\"ListItem\",\"position\":3,\"name\":\"Knipex 00 31 30 BK V02 Elektrik\u00e7i Seti\"}]},{\"@type\":\"WebSite\",\"@id\":\"https:\\\/\\\/www.elaletisepeti.com\\\/#website\",\"url\":\"https:\\\/\\\/www.elaletisepeti.com\\\/\",\"name\":\"El Aleti Sepeti\",\"description\":\"El Aletleri, Knipex Pense, Knipex Kerpeten, Knipex Kargaburun,  Kn\u0131pex  Yankeski, Kn\u0131pex Boru Kesme, Knipex Kablo S\u0131y\u0131rma, Knipex  El Aletleri\",\"potentialAction\":[{\"@type\":\"SearchAction\",\"target\":{\"@type\":\"EntryPoint\",\"urlTemplate\":\"https:\\\/\\\/www.elaletisepeti.com\\\/?s={search_term_string}\"},\"query-input\":{\"@type\":\"PropertyValueSpecification\",\"valueRequired\":true,\"valueName\":\"search_term_string\"}}],\"inLanguage\":\"tr\"}]}<\/script>\n<!-- \/ Yoast SEO plugin. -->","yoast_head_json":{"title":"Knipex 00 31 30 BK V02 Elektrik\u00e7i Seti - El Aleti Sepeti","description":"\u201c00 31 30 BK V02 \u00e7anta i\u00e7i d\u00fczenleyici; dayan\u0131kl\u0131 yap\u0131, \u00e7ok g\u00f6zl\u00fc tasar\u0131m ve kolay kullan\u0131m sunarak alet \u00e7antalar\u0131nda \u00fcst d\u00fczey organizasyon sa\u011flar.\u201d3.Par\u00e7a","robots":{"index":"index","follow":"follow","max-snippet":"max-snippet:-1","max-image-preview":"max-image-preview:large","max-video-preview":"max-video-preview:-1"},"canonical":"https:\/\/www.elaletisepeti.com\/?product=knipex-00-31-30-bk-v02-elektrikci-seti","og_locale":"tr_TR","og_type":"article","og_title":"Knipex 00 31 30 BK V02 Elektrik\u00e7i Seti - El Aleti Sepeti","og_description":"\u201c00 31 30 BK V02 \u00e7anta i\u00e7i d\u00fczenleyici; dayan\u0131kl\u0131 yap\u0131, \u00e7ok g\u00f6zl\u00fc tasar\u0131m ve kolay kullan\u0131m sunarak alet \u00e7antalar\u0131nda \u00fcst d\u00fczey organizasyon sa\u011flar.\u201d3.Par\u00e7a","og_url":"https:\/\/www.elaletisepeti.com\/?product=knipex-00-31-30-bk-v02-elektrikci-seti","og_site_name":"El Aleti Sepeti","og_image":[{"width":1000,"height":1000,"url":"https:\/\/www.elaletisepeti.com\/wp-content\/uploads\/2025\/11\/Knipex-00-31-30-BK-V02.jpg","type":"image\/jpeg"}],"twitter_card":"summary_large_image","twitter_misc":{"Tahmini okuma s\u00fcresi":"1 dakika"},"schema":{"@context":"https:\/\/schema.org","@graph":[{"@type":"WebPage","@id":"https:\/\/www.elaletisepeti.com\/?product=knipex-00-31-30-bk-v02-elektrikci-seti","url":"https:\/\/www.elaletisepeti.com\/?product=knipex-00-31-30-bk-v02-elektrikci-seti","name":"Knipex 00 31 30 BK V02 Elektrik\u00e7i Seti - El Aleti Sepeti","isPartOf":{"@id":"https:\/\/www.elaletisepeti.com\/#website"},"primaryImageOfPage":{"@id":"https:\/\/www.elaletisepeti.com\/?product=knipex-00-31-30-bk-v02-elektrikci-seti#primaryimage"},"image":{"@id":"https:\/\/www.elaletisepeti.com\/?product=knipex-00-31-30-bk-v02-elektrikci-seti#primaryimage"},"thumbnailUrl":"https:\/\/www.elaletisepeti.com\/wp-content\/uploads\/2025\/11\/Knipex-00-31-30-BK-V02.jpg","datePublished":"2025-11-23T09:48:09+00:00","description":"\u201c00 31 30 BK V02 \u00e7anta i\u00e7i d\u00fczenleyici; dayan\u0131kl\u0131 yap\u0131, \u00e7ok g\u00f6zl\u00fc tasar\u0131m ve kolay kullan\u0131m sunarak alet \u00e7antalar\u0131nda \u00fcst d\u00fczey organizasyon sa\u011flar.\u201d3.Par\u00e7a","breadcrumb":{"@id":"https:\/\/www.elaletisepeti.com\/?product=knipex-00-31-30-bk-v02-elektrikci-seti#breadcrumb"},"inLanguage":"tr","potentialAction":[{"@type":"ReadAction","target":["https:\/\/www.elaletisepeti.com\/?product=knipex-00-31-30-bk-v02-elektrikci-seti"]}]},{"@type":"ImageObject","inLanguage":"tr","@id":"https:\/\/www.elaletisepeti.com\/?product=knipex-00-31-30-bk-v02-elektrikci-seti#primaryimage","url":"https:\/\/www.elaletisepeti.com\/wp-content\/uploads\/2025\/11\/Knipex-00-31-30-BK-V02.jpg","contentUrl":"https:\/\/www.elaletisepeti.com\/wp-content\/uploads\/2025\/11\/Knipex-00-31-30-BK-V02.jpg","width":1000,"height":1000},{"@type":"BreadcrumbList","@id":"https:\/\/www.elaletisepeti.com\/?product=knipex-00-31-30-bk-v02-elektrikci-seti#breadcrumb","itemListElement":[{"@type":"ListItem","position":1,"name":"Anasayfa","item":"https:\/\/www.elaletisepeti.com\/"},{"@type":"ListItem","position":2,"name":"Shop","item":"https:\/\/www.elaletisepeti.com\/?page_id=7"},{"@type":"ListItem","position":3,"name":"Knipex 00 31 30 BK V02 Elektrik\u00e7i Seti"}]},{"@type":"WebSite","@id":"https:\/\/www.elaletisepeti.com\/#website","url":"https:\/\/www.elaletisepeti.com\/","name":"El Aleti Sepeti","description":"El Aletleri, Knipex Pense, Knipex Kerpeten, Knipex Kargaburun,  Kn\u0131pex  Yankeski, Kn\u0131pex Boru Kesme, Knipex Kablo S\u0131y\u0131rma, Knipex  El Aletleri","potentialAction":[{"@type":"SearchAction","target":{"@type":"EntryPoint","urlTemplate":"https:\/\/www.elaletisepeti.com\/?s={search_term_string}"},"query-input":{"@type":"PropertyValueSpecification","valueRequired":true,"valueName":"search_term_string"}}],"inLanguage":"tr"}]}},"_links":{"self":[{"href":"https:\/\/www.elaletisepeti.com\/index.php?rest_route=\/wp\/v2\/product\/16507","targetHints":{"allow":["GET"]}}],"collection":[{"href":"https:\/\/www.elaletisepeti.com\/index.php?rest_route=\/wp\/v2\/product"}],"about":[{"href":"https:\/\/www.elaletisepeti.com\/index.php?rest_route=\/wp\/v2\/types\/product"}],"wp:featuredmedia":[{"embeddable":true,"href":"https:\/\/www.elaletisepeti.com\/index.php?rest_route=\/wp\/v2\/media\/16510"}],"wp:attachment":[{"href":"https:\/\/www.elaletisepeti.com\/index.php?rest_route=%2Fwp%2Fv2%2Fmedia&parent=16507"}],"wp:term":[{"taxonomy":"product_brand","embeddable":true,"href":"https:\/\/www.elaletisepeti.com\/index.php?rest_route=%2Fwp%2Fv2%2Fproduct_brand&post=16507"},{"taxonomy":"product_cat","embeddable":true,"href":"https:\/\/www.elaletisepeti.com\/index.php?rest_route=%2Fwp%2Fv2%2Fproduct_cat&post=16507"},{"taxonomy":"product_tag","embeddable":true,"href":"https:\/\/www.elaletisepeti.com\/index.php?rest_route=%2Fwp%2Fv2%2Fproduct_tag&post=16507"}],"curies":[{"name":"wp","href":"https:\/\/api.w.org\/{rel}","templated":true}]}}