{"id":16498,"date":"2025-11-23T08:31:42","date_gmt":"2025-11-23T08:31:42","guid":{"rendered":"https:\/\/www.elaletisepeti.com\/?post_type=product&#038;p=16498"},"modified":"2025-11-23T08:31:42","modified_gmt":"2025-11-23T08:31:42","slug":"knipex-00-21-37-m-alet-cantasi","status":"publish","type":"product","link":"https:\/\/www.elaletisepeti.com\/?product=knipex-00-21-37-m-alet-cantasi","title":{"rendered":"Knipex 00 21 37 M T.\u00c7antas\u0131 90.Par\u00e7a"},"content":{"rendered":"<p><strong>Knipex 00 21 37 M Alet \u00c7antas\u0131 &#8220;Robust45 Move&#8221; Mekanik 90 Par\u00e7al\u0131<\/strong><\/p>\n<div class=\"product--variation-field--variation_field_general_section__24213 field field--name-field-general-section field--type-key-value-class-field-type field--label-hidden field__items\" data-gtm-vis-recent-on-screen10487645_102=\"82738\" data-gtm-vis-first-on-screen10487645_102=\"82738\" data-gtm-vis-total-visible-time10487645_102=\"100\" data-gtm-vis-has-fired10487645_102=\"1\">\n<div class=\"field__item\" data-gtm-vis-recent-on-screen10487645_102=\"82706\" data-gtm-vis-first-on-screen10487645_102=\"82706\" data-gtm-vis-total-visible-time10487645_102=\"100\" data-gtm-vis-has-fired10487645_102=\"1\">\n<div class=\"key-value-class-item \" data-gtm-vis-recent-on-screen10487645_102=\"82708\" data-gtm-vis-first-on-screen10487645_102=\"82709\" data-gtm-vis-total-visible-time10487645_102=\"100\" data-gtm-vis-has-fired10487645_102=\"1\">\n<div class=\"key\" data-gtm-vis-recent-on-screen10487645_102=\"82711\" data-gtm-vis-first-on-screen10487645_102=\"82711\" data-gtm-vis-total-visible-time10487645_102=\"100\" data-gtm-vis-has-fired10487645_102=\"1\">Kod:\u00a000 21 37 M<\/div>\n<\/div>\n<\/div>\n<div class=\"field__item\" data-gtm-vis-recent-on-screen10487645_102=\"82724\" data-gtm-vis-first-on-screen10487645_102=\"82724\" data-gtm-vis-total-visible-time10487645_102=\"100\" data-gtm-vis-has-fired10487645_102=\"1\">\n<div class=\"key-value-class-item \" data-gtm-vis-recent-on-screen10487645_102=\"82725\" data-gtm-vis-first-on-screen10487645_102=\"82725\" data-gtm-vis-total-visible-time10487645_102=\"100\" data-gtm-vis-has-fired10487645_102=\"1\">\n<div class=\"key\" data-gtm-vis-recent-on-screen10487645_102=\"82726\" data-gtm-vis-first-on-screen10487645_102=\"82726\" data-gtm-vis-total-visible-time10487645_102=\"100\" data-gtm-vis-has-fired10487645_102=\"1\">EAN 4003773086239<\/div>\n<\/div>\n<\/div>\n<div class=\"field__item\" data-gtm-vis-recent-on-screen10487645_102=\"82739\" data-gtm-vis-first-on-screen10487645_102=\"82739\" data-gtm-vis-total-visible-time10487645_102=\"100\" data-gtm-vis-has-fired10487645_102=\"1\">\n<div class=\"key-value-class-item \" data-gtm-vis-recent-on-screen10487645_102=\"82740\" data-gtm-vis-first-on-screen10487645_102=\"82740\" data-gtm-vis-total-visible-time10487645_102=\"100\" data-gtm-vis-has-fired10487645_102=\"1\">\n<div class=\"key\" data-gtm-vis-recent-on-screen10487645_102=\"82740\" data-gtm-vis-first-on-screen10487645_102=\"82740\" data-gtm-vis-total-visible-time10487645_102=\"100\" data-gtm-vis-has-fired10487645_102=\"1\">A\u011f\u0131rl\u0131k 17.400 g<\/div>\n<\/div>\n<\/div>\n<div class=\"field__item\" data-gtm-vis-recent-on-screen10487645_102=\"82777\" data-gtm-vis-first-on-screen10487645_102=\"82777\" data-gtm-vis-total-visible-time10487645_102=\"100\" data-gtm-vis-has-fired10487645_102=\"1\">\n<div class=\"key-value-class-item \" data-gtm-vis-recent-on-screen10487645_102=\"82778\" data-gtm-vis-first-on-screen10487645_102=\"82778\" data-gtm-vis-total-visible-time10487645_102=\"100\" data-gtm-vis-has-fired10487645_102=\"1\">\n<div class=\"key\" data-gtm-vis-recent-on-screen10487645_102=\"82779\" data-gtm-vis-first-on-screen10487645_102=\"82779\" data-gtm-vis-total-visible-time10487645_102=\"100\" data-gtm-vis-has-fired10487645_102=\"1\">\u00d6l\u00e7\u00fcleri 428 x 428 x 263 mm<\/div>\n<\/div>\n<\/div>\n<div class=\"field__item\" data-gtm-vis-polling-id10487645_102=\"1473\">ROHS uyumlu uygulanamaz<\/div>\n<\/div>\n<div class=\"product--variation-field--variation_field_technical_section__24213 field field--name-field-technical-section field--type-key-value-class-field-type field--label-hidden field__items\" data-gtm-vis-recent-on-screen10487645_102=\"83088\" data-gtm-vis-first-on-screen10487645_102=\"83088\" data-gtm-vis-total-visible-time10487645_102=\"100\" data-gtm-vis-has-fired10487645_102=\"1\">\n<div class=\"field__item\" data-gtm-vis-recent-on-screen10487645_102=\"83055\" data-gtm-vis-first-on-screen10487645_102=\"83055\" data-gtm-vis-total-visible-time10487645_102=\"100\" data-gtm-vis-has-fired10487645_102=\"1\">\n<div class=\"key-value-class-item \" data-gtm-vis-recent-on-screen10487645_102=\"83058\" data-gtm-vis-first-on-screen10487645_102=\"83058\" data-gtm-vis-total-visible-time10487645_102=\"100\" data-gtm-vis-has-fired10487645_102=\"1\">\n<div class=\"key\" data-gtm-vis-recent-on-screen10487645_102=\"83058\" data-gtm-vis-first-on-screen10487645_102=\"83058\" data-gtm-vis-total-visible-time10487645_102=\"100\" data-gtm-vis-has-fired10487645_102=\"1\">Geni\u015flik \u00f6l\u00e7\u00fcs\u00fc 609 mm<\/div>\n<\/div>\n<\/div>\n<div class=\"field__item\" data-gtm-vis-recent-on-screen10487645_102=\"83071\" data-gtm-vis-first-on-screen10487645_102=\"83071\" data-gtm-vis-total-visible-time10487645_102=\"100\" data-gtm-vis-has-fired10487645_102=\"1\">\n<div class=\"key-value-class-item \" data-gtm-vis-recent-on-screen10487645_102=\"83071\" data-gtm-vis-first-on-screen10487645_102=\"83071\" data-gtm-vis-total-visible-time10487645_102=\"100\" data-gtm-vis-has-fired10487645_102=\"1\">\n<div class=\"key\" data-gtm-vis-recent-on-screen10487645_102=\"83072\" data-gtm-vis-first-on-screen10487645_102=\"83072\" data-gtm-vis-total-visible-time10487645_102=\"100\" data-gtm-vis-has-fired10487645_102=\"1\">Y\u00fckseklik \u00f6l\u00e7\u00fcleri 263 mm<\/div>\n<\/div>\n<\/div>\n<div class=\"field__item\" data-gtm-vis-recent-on-screen10487645_102=\"83089\" data-gtm-vis-first-on-screen10487645_102=\"83089\" data-gtm-vis-total-visible-time10487645_102=\"100\" data-gtm-vis-has-fired10487645_102=\"1\">\n<div class=\"key-value-class-item \" data-gtm-vis-recent-on-screen10487645_102=\"83090\" data-gtm-vis-first-on-screen10487645_102=\"83090\" data-gtm-vis-total-visible-time10487645_102=\"100\" data-gtm-vis-has-fired10487645_102=\"1\">\n<div class=\"key\" data-gtm-vis-recent-on-screen10487645_102=\"83090\" data-gtm-vis-first-on-screen10487645_102=\"83090\" data-gtm-vis-total-visible-time10487645_102=\"100\" data-gtm-vis-has-fired10487645_102=\"1\">Derinlik \u00f6l\u00e7\u00fcleri 428 mm<\/div>\n<\/div>\n<\/div>\n<\/div>\n","protected":false},"excerpt":{"rendered":"<ul>\n<li>12 KNIPEX Aletle donat\u0131lm\u0131\u015f, toplam 90 marka alet<\/li>\n<li>Toplam 147 yerle\u015ftirme se\u00e7ene\u011fi ile<\/li>\n<li>Maks. y\u00fck: 35 kg<\/li>\n<li>Hacim: 45 litre<\/li>\n<li>En zorlu \u00e7al\u0131\u015fma ko\u015fullar\u0131 i\u00e7in: Toz ge\u00e7irmez, su ge\u00e7irmez ve s\u0131cakl\u0131\u011fa dayan\u0131kl\u0131<\/li>\n<li>Darbeye dayan\u0131kl\u0131 polipropilenden \u00fcretilmi\u015f, u\u00e7u\u015f ebatlar\u0131na uygun g\u00f6vde<\/li>\n<li>Toz ve su ge\u00e7irmez<\/li>\n<li>Hava bas\u0131nc\u0131 dengeleme valfi<\/li>\n<li>-30\u00b0C ila +80\u00b0C aras\u0131nda s\u0131cakl\u0131k direnci<\/li>\n<li>Asma kilit halkalar\u0131<\/li>\n<li>Kir tutmaz \u00e7ift duvarl\u0131 PP levhadan imal edilmi\u015f, alet cepli ve alet ask\u0131l\u0131 belge b\u00f6lmesi ve tak\u0131m panelleri<\/li>\n<li>Kilitlenebilir taban b\u00f6l\u00fcm\u00fc, al\u00fcminyum i\u00e7 b\u00f6lme sistemi sayesinde iste\u011fe ba\u011fl\u0131 olarak d\u00fczenlenebilir<\/li>\n<li>Iki komponentli ergonomik sap<\/li>\n<li>Mente\u015fe i\u00e7indeki gazl\u0131 amortis\u00f6r<\/li>\n<li>Pn\u00f6matik frenlemeli kapak<\/li>\n<li>Rahat ta\u015f\u0131ma i\u00e7in geni\u015fletilebilir teleskopik tutamak<\/li>\n<li>B\u00fcy\u00fck, sorunsuz \u00e7al\u0131\u015fan tekerlekler<\/li>\n<li>D\u0131\u015f boyutlar (G x Y x D): 609 x 428 x 263 mm; i\u00e7 boyutlar (G x Y x D): 540 x 364 x 229 mm<\/li>\n<li>Konforlu saplar ile: optimize edilmi\u015f kullan\u0131m i\u00e7in \u00fc\u00e7 ergonomik bile\u015fenden olu\u015fur ve eklemeler i\u00e7in iki KNIPEXtend arabirimiyle donat\u0131lm\u0131\u015ft\u0131r<\/li>\n<\/ul>\n","protected":false},"featured_media":16500,"template":"","meta":{"_joinchat":[]},"product_brand":[159],"product_cat":[189],"product_tag":[876,875,874,878,877],"class_list":{"0":"post-16498","1":"product","2":"type-product","3":"status-publish","4":"has-post-thumbnail","6":"product_brand-knipex","7":"product_cat-alet-setleri","8":"product_tag-00-21-37-m-alet-cantasi-robust45-move-mekanik-90-parcali","9":"product_tag-knipex-00-21-37-m","10":"product_tag-knipex-00-21-37-m-alet-cantasi-robust45-move-mekanik-90-parcali","11":"product_tag-knipex-takim-cantasi","12":"product_tag-knipex-takim-cantasi-90-parca","15":"first","16":"instock","17":"shipping-taxable","18":"product-type-simple"},"yoast_head":"<!-- This site is optimized with the Yoast SEO plugin v27.3 - https:\/\/yoast.com\/product\/yoast-seo-wordpress\/ -->\n<title>Knipex 00 21 37 M T.\u00c7antas\u0131 90.Par\u00e7a - El Aleti Sepeti<\/title>\n<meta name=\"description\" content=\"\u201cKnipex 00 21 37 M profesyonel alet \u00e7antas\u0131; y\u00fcksek dayan\u0131m, geni\u015f i\u00e7 alan ve organize saklama \u00e7\u00f6z\u00fcmleri sunarak i\u015finizi kolayla\u015ft\u0131r\u0131r.\u201d90.Par\u00e7a Set\" \/>\n<meta name=\"robots\" content=\"index, follow, max-snippet:-1, max-image-preview:large, max-video-preview:-1\" \/>\n<link rel=\"canonical\" href=\"https:\/\/www.elaletisepeti.com\/?product=knipex-00-21-37-m-alet-cantasi\" \/>\n<meta property=\"og:locale\" content=\"tr_TR\" \/>\n<meta property=\"og:type\" content=\"article\" \/>\n<meta property=\"og:title\" content=\"Knipex 00 21 37 M T.\u00c7antas\u0131 90.Par\u00e7a - El Aleti Sepeti\" \/>\n<meta property=\"og:description\" content=\"\u201cKnipex 00 21 37 M profesyonel alet \u00e7antas\u0131; y\u00fcksek dayan\u0131m, geni\u015f i\u00e7 alan ve organize saklama \u00e7\u00f6z\u00fcmleri sunarak i\u015finizi kolayla\u015ft\u0131r\u0131r.\u201d90.Par\u00e7a Set\" \/>\n<meta property=\"og:url\" content=\"https:\/\/www.elaletisepeti.com\/?product=knipex-00-21-37-m-alet-cantasi\" \/>\n<meta property=\"og:site_name\" content=\"El Aleti Sepeti\" \/>\n<meta property=\"og:image\" content=\"https:\/\/www.elaletisepeti.com\/wp-content\/uploads\/2025\/11\/Knipex-00-21-37-M.jpg\" \/>\n\t<meta property=\"og:image:width\" content=\"1000\" \/>\n\t<meta property=\"og:image:height\" content=\"1000\" \/>\n\t<meta property=\"og:image:type\" content=\"image\/jpeg\" \/>\n<meta name=\"twitter:card\" content=\"summary_large_image\" \/>\n<meta name=\"twitter:label1\" content=\"Tahmini okuma s\u00fcresi\" \/>\n\t<meta name=\"twitter:data1\" content=\"1 dakika\" \/>\n<script type=\"application\/ld+json\" class=\"yoast-schema-graph\">{\"@context\":\"https:\\\/\\\/schema.org\",\"@graph\":[{\"@type\":\"WebPage\",\"@id\":\"https:\\\/\\\/www.elaletisepeti.com\\\/?product=knipex-00-21-37-m-alet-cantasi\",\"url\":\"https:\\\/\\\/www.elaletisepeti.com\\\/?product=knipex-00-21-37-m-alet-cantasi\",\"name\":\"Knipex 00 21 37 M T.\u00c7antas\u0131 90.Par\u00e7a - El Aleti Sepeti\",\"isPartOf\":{\"@id\":\"https:\\\/\\\/www.elaletisepeti.com\\\/#website\"},\"primaryImageOfPage\":{\"@id\":\"https:\\\/\\\/www.elaletisepeti.com\\\/?product=knipex-00-21-37-m-alet-cantasi#primaryimage\"},\"image\":{\"@id\":\"https:\\\/\\\/www.elaletisepeti.com\\\/?product=knipex-00-21-37-m-alet-cantasi#primaryimage\"},\"thumbnailUrl\":\"https:\\\/\\\/www.elaletisepeti.com\\\/wp-content\\\/uploads\\\/2025\\\/11\\\/Knipex-00-21-37-M.jpg\",\"datePublished\":\"2025-11-23T08:31:42+00:00\",\"description\":\"\u201cKnipex 00 21 37 M profesyonel alet \u00e7antas\u0131; y\u00fcksek dayan\u0131m, geni\u015f i\u00e7 alan ve organize saklama \u00e7\u00f6z\u00fcmleri sunarak i\u015finizi kolayla\u015ft\u0131r\u0131r.\u201d90.Par\u00e7a Set\",\"breadcrumb\":{\"@id\":\"https:\\\/\\\/www.elaletisepeti.com\\\/?product=knipex-00-21-37-m-alet-cantasi#breadcrumb\"},\"inLanguage\":\"tr\",\"potentialAction\":[{\"@type\":\"ReadAction\",\"target\":[\"https:\\\/\\\/www.elaletisepeti.com\\\/?product=knipex-00-21-37-m-alet-cantasi\"]}]},{\"@type\":\"ImageObject\",\"inLanguage\":\"tr\",\"@id\":\"https:\\\/\\\/www.elaletisepeti.com\\\/?product=knipex-00-21-37-m-alet-cantasi#primaryimage\",\"url\":\"https:\\\/\\\/www.elaletisepeti.com\\\/wp-content\\\/uploads\\\/2025\\\/11\\\/Knipex-00-21-37-M.jpg\",\"contentUrl\":\"https:\\\/\\\/www.elaletisepeti.com\\\/wp-content\\\/uploads\\\/2025\\\/11\\\/Knipex-00-21-37-M.jpg\",\"width\":1000,\"height\":1000},{\"@type\":\"BreadcrumbList\",\"@id\":\"https:\\\/\\\/www.elaletisepeti.com\\\/?product=knipex-00-21-37-m-alet-cantasi#breadcrumb\",\"itemListElement\":[{\"@type\":\"ListItem\",\"position\":1,\"name\":\"Anasayfa\",\"item\":\"https:\\\/\\\/www.elaletisepeti.com\\\/\"},{\"@type\":\"ListItem\",\"position\":2,\"name\":\"Shop\",\"item\":\"https:\\\/\\\/www.elaletisepeti.com\\\/?page_id=7\"},{\"@type\":\"ListItem\",\"position\":3,\"name\":\"Knipex 00 21 37 M T.\u00c7antas\u0131 90.Par\u00e7a\"}]},{\"@type\":\"WebSite\",\"@id\":\"https:\\\/\\\/www.elaletisepeti.com\\\/#website\",\"url\":\"https:\\\/\\\/www.elaletisepeti.com\\\/\",\"name\":\"El Aleti Sepeti\",\"description\":\"El Aletleri, Knipex Pense, Knipex Kerpeten, Knipex Kargaburun,  Kn\u0131pex  Yankeski, Kn\u0131pex Boru Kesme, Knipex Kablo S\u0131y\u0131rma, Knipex  El Aletleri\",\"potentialAction\":[{\"@type\":\"SearchAction\",\"target\":{\"@type\":\"EntryPoint\",\"urlTemplate\":\"https:\\\/\\\/www.elaletisepeti.com\\\/?s={search_term_string}\"},\"query-input\":{\"@type\":\"PropertyValueSpecification\",\"valueRequired\":true,\"valueName\":\"search_term_string\"}}],\"inLanguage\":\"tr\"}]}<\/script>\n<!-- \/ Yoast SEO plugin. -->","yoast_head_json":{"title":"Knipex 00 21 37 M T.\u00c7antas\u0131 90.Par\u00e7a - El Aleti Sepeti","description":"\u201cKnipex 00 21 37 M profesyonel alet \u00e7antas\u0131; y\u00fcksek dayan\u0131m, geni\u015f i\u00e7 alan ve organize saklama \u00e7\u00f6z\u00fcmleri sunarak i\u015finizi kolayla\u015ft\u0131r\u0131r.\u201d90.Par\u00e7a Set","robots":{"index":"index","follow":"follow","max-snippet":"max-snippet:-1","max-image-preview":"max-image-preview:large","max-video-preview":"max-video-preview:-1"},"canonical":"https:\/\/www.elaletisepeti.com\/?product=knipex-00-21-37-m-alet-cantasi","og_locale":"tr_TR","og_type":"article","og_title":"Knipex 00 21 37 M T.\u00c7antas\u0131 90.Par\u00e7a - El Aleti Sepeti","og_description":"\u201cKnipex 00 21 37 M profesyonel alet \u00e7antas\u0131; y\u00fcksek dayan\u0131m, geni\u015f i\u00e7 alan ve organize saklama \u00e7\u00f6z\u00fcmleri sunarak i\u015finizi kolayla\u015ft\u0131r\u0131r.\u201d90.Par\u00e7a Set","og_url":"https:\/\/www.elaletisepeti.com\/?product=knipex-00-21-37-m-alet-cantasi","og_site_name":"El Aleti Sepeti","og_image":[{"width":1000,"height":1000,"url":"https:\/\/www.elaletisepeti.com\/wp-content\/uploads\/2025\/11\/Knipex-00-21-37-M.jpg","type":"image\/jpeg"}],"twitter_card":"summary_large_image","twitter_misc":{"Tahmini okuma s\u00fcresi":"1 dakika"},"schema":{"@context":"https:\/\/schema.org","@graph":[{"@type":"WebPage","@id":"https:\/\/www.elaletisepeti.com\/?product=knipex-00-21-37-m-alet-cantasi","url":"https:\/\/www.elaletisepeti.com\/?product=knipex-00-21-37-m-alet-cantasi","name":"Knipex 00 21 37 M T.\u00c7antas\u0131 90.Par\u00e7a - El Aleti Sepeti","isPartOf":{"@id":"https:\/\/www.elaletisepeti.com\/#website"},"primaryImageOfPage":{"@id":"https:\/\/www.elaletisepeti.com\/?product=knipex-00-21-37-m-alet-cantasi#primaryimage"},"image":{"@id":"https:\/\/www.elaletisepeti.com\/?product=knipex-00-21-37-m-alet-cantasi#primaryimage"},"thumbnailUrl":"https:\/\/www.elaletisepeti.com\/wp-content\/uploads\/2025\/11\/Knipex-00-21-37-M.jpg","datePublished":"2025-11-23T08:31:42+00:00","description":"\u201cKnipex 00 21 37 M profesyonel alet \u00e7antas\u0131; y\u00fcksek dayan\u0131m, geni\u015f i\u00e7 alan ve organize saklama \u00e7\u00f6z\u00fcmleri sunarak i\u015finizi kolayla\u015ft\u0131r\u0131r.\u201d90.Par\u00e7a Set","breadcrumb":{"@id":"https:\/\/www.elaletisepeti.com\/?product=knipex-00-21-37-m-alet-cantasi#breadcrumb"},"inLanguage":"tr","potentialAction":[{"@type":"ReadAction","target":["https:\/\/www.elaletisepeti.com\/?product=knipex-00-21-37-m-alet-cantasi"]}]},{"@type":"ImageObject","inLanguage":"tr","@id":"https:\/\/www.elaletisepeti.com\/?product=knipex-00-21-37-m-alet-cantasi#primaryimage","url":"https:\/\/www.elaletisepeti.com\/wp-content\/uploads\/2025\/11\/Knipex-00-21-37-M.jpg","contentUrl":"https:\/\/www.elaletisepeti.com\/wp-content\/uploads\/2025\/11\/Knipex-00-21-37-M.jpg","width":1000,"height":1000},{"@type":"BreadcrumbList","@id":"https:\/\/www.elaletisepeti.com\/?product=knipex-00-21-37-m-alet-cantasi#breadcrumb","itemListElement":[{"@type":"ListItem","position":1,"name":"Anasayfa","item":"https:\/\/www.elaletisepeti.com\/"},{"@type":"ListItem","position":2,"name":"Shop","item":"https:\/\/www.elaletisepeti.com\/?page_id=7"},{"@type":"ListItem","position":3,"name":"Knipex 00 21 37 M T.\u00c7antas\u0131 90.Par\u00e7a"}]},{"@type":"WebSite","@id":"https:\/\/www.elaletisepeti.com\/#website","url":"https:\/\/www.elaletisepeti.com\/","name":"El Aleti Sepeti","description":"El Aletleri, Knipex Pense, Knipex Kerpeten, Knipex Kargaburun,  Kn\u0131pex  Yankeski, Kn\u0131pex Boru Kesme, Knipex Kablo S\u0131y\u0131rma, Knipex  El Aletleri","potentialAction":[{"@type":"SearchAction","target":{"@type":"EntryPoint","urlTemplate":"https:\/\/www.elaletisepeti.com\/?s={search_term_string}"},"query-input":{"@type":"PropertyValueSpecification","valueRequired":true,"valueName":"search_term_string"}}],"inLanguage":"tr"}]}},"_links":{"self":[{"href":"https:\/\/www.elaletisepeti.com\/index.php?rest_route=\/wp\/v2\/product\/16498","targetHints":{"allow":["GET"]}}],"collection":[{"href":"https:\/\/www.elaletisepeti.com\/index.php?rest_route=\/wp\/v2\/product"}],"about":[{"href":"https:\/\/www.elaletisepeti.com\/index.php?rest_route=\/wp\/v2\/types\/product"}],"wp:featuredmedia":[{"embeddable":true,"href":"https:\/\/www.elaletisepeti.com\/index.php?rest_route=\/wp\/v2\/media\/16500"}],"wp:attachment":[{"href":"https:\/\/www.elaletisepeti.com\/index.php?rest_route=%2Fwp%2Fv2%2Fmedia&parent=16498"}],"wp:term":[{"taxonomy":"product_brand","embeddable":true,"href":"https:\/\/www.elaletisepeti.com\/index.php?rest_route=%2Fwp%2Fv2%2Fproduct_brand&post=16498"},{"taxonomy":"product_cat","embeddable":true,"href":"https:\/\/www.elaletisepeti.com\/index.php?rest_route=%2Fwp%2Fv2%2Fproduct_cat&post=16498"},{"taxonomy":"product_tag","embeddable":true,"href":"https:\/\/www.elaletisepeti.com\/index.php?rest_route=%2Fwp%2Fv2%2Fproduct_tag&post=16498"}],"curies":[{"name":"wp","href":"https:\/\/api.w.org\/{rel}","templated":true}]}}