{"id":16432,"date":"2025-11-22T06:18:43","date_gmt":"2025-11-22T06:18:43","guid":{"rendered":"https:\/\/www.elaletisepeti.com\/?post_type=product&#038;p=16432"},"modified":"2025-11-22T06:18:43","modified_gmt":"2025-11-22T06:18:43","slug":"knipex-00-21-42-t-cantasi-66-parca","status":"publish","type":"product","link":"https:\/\/www.elaletisepeti.com\/?product=knipex-00-21-42-t-cantasi-66-parca","title":{"rendered":"Knipex 00 21 42 T.\u00c7antas\u0131 66 Par\u00e7a"},"content":{"rendered":"<p><strong>Knipex 00 21 42 Tak\u0131m \u00e7antas\u0131 &#8220;BIG Twin&#8221; Elektrik sistemler 66 Par\u00e7a<\/strong><\/p>\n<div class=\"product--variation-field--variation_field_general_section__22805 field field--name-field-general-section field--type-key-value-class-field-type field--label-hidden field__items\" data-gtm-vis-recent-on-screen10487645_102=\"123275\" data-gtm-vis-first-on-screen10487645_102=\"123275\" data-gtm-vis-total-visible-time10487645_102=\"100\" data-gtm-vis-has-fired10487645_102=\"1\">\n<div class=\"field__item\" data-gtm-vis-recent-on-screen10487645_102=\"123262\" data-gtm-vis-first-on-screen10487645_102=\"123262\" data-gtm-vis-total-visible-time10487645_102=\"100\" data-gtm-vis-has-fired10487645_102=\"1\">\n<div class=\"key-value-class-item \" data-gtm-vis-recent-on-screen10487645_102=\"123263\" data-gtm-vis-first-on-screen10487645_102=\"123263\" data-gtm-vis-total-visible-time10487645_102=\"100\" data-gtm-vis-has-fired10487645_102=\"1\">\n<div class=\"key\" data-gtm-vis-recent-on-screen10487645_102=\"123264\" data-gtm-vis-first-on-screen10487645_102=\"123264\" data-gtm-vis-total-visible-time10487645_102=\"100\" data-gtm-vis-has-fired10487645_102=\"1\">Kod:\u00a000 21 42<\/div>\n<\/div>\n<\/div>\n<div class=\"field__item\" data-gtm-vis-recent-on-screen10487645_102=\"123276\" data-gtm-vis-first-on-screen10487645_102=\"123276\" data-gtm-vis-total-visible-time10487645_102=\"100\" data-gtm-vis-has-fired10487645_102=\"1\">\n<div class=\"key-value-class-item \" data-gtm-vis-recent-on-screen10487645_102=\"123277\" data-gtm-vis-first-on-screen10487645_102=\"123277\" data-gtm-vis-total-visible-time10487645_102=\"100\" data-gtm-vis-has-fired10487645_102=\"1\">\n<div class=\"key\" data-gtm-vis-recent-on-screen10487645_102=\"123277\" data-gtm-vis-first-on-screen10487645_102=\"123277\" data-gtm-vis-total-visible-time10487645_102=\"100\" data-gtm-vis-has-fired10487645_102=\"1\">EAN 4003773084228<\/div>\n<\/div>\n<\/div>\n<div class=\"field__item\" data-gtm-vis-recent-on-screen10487645_102=\"123278\" data-gtm-vis-first-on-screen10487645_102=\"123278\" data-gtm-vis-total-visible-time10487645_102=\"100\" data-gtm-vis-has-fired10487645_102=\"1\">\n<div class=\"key-value-class-item \" data-gtm-vis-recent-on-screen10487645_102=\"123278\" data-gtm-vis-first-on-screen10487645_102=\"123278\" data-gtm-vis-total-visible-time10487645_102=\"100\" data-gtm-vis-has-fired10487645_102=\"1\">\n<div class=\"key\" data-gtm-vis-recent-on-screen10487645_102=\"123279\" data-gtm-vis-first-on-screen10487645_102=\"123279\" data-gtm-vis-total-visible-time10487645_102=\"100\" data-gtm-vis-has-fired10487645_102=\"1\">A\u011f\u0131rl\u0131k 11.550 g<\/div>\n<\/div>\n<\/div>\n<div class=\"field__item\" data-gtm-vis-recent-on-screen10487645_102=\"123306\" data-gtm-vis-first-on-screen10487645_102=\"123306\" data-gtm-vis-total-visible-time10487645_102=\"100\" data-gtm-vis-has-fired10487645_102=\"1\">\n<div class=\"key-value-class-item \" data-gtm-vis-recent-on-screen10487645_102=\"123306\" data-gtm-vis-first-on-screen10487645_102=\"123306\" data-gtm-vis-total-visible-time10487645_102=\"100\" data-gtm-vis-has-fired10487645_102=\"1\">\n<div class=\"key\" data-gtm-vis-recent-on-screen10487645_102=\"123307\" data-gtm-vis-first-on-screen10487645_102=\"123307\" data-gtm-vis-total-visible-time10487645_102=\"100\" data-gtm-vis-has-fired10487645_102=\"1\">\u00d6l\u00e7\u00fcleri 290 x 435 x 265 mm<\/div>\n<\/div>\n<\/div>\n<div class=\"field__item\" data-gtm-vis-polling-id10487645_102=\"911\">ROHS uyumlu uygulanamaz<\/div>\n<\/div>\n<div class=\"product--variation-field--variation_field_technical_section__22805 field field--name-field-technical-section field--type-key-value-class-field-type field--label-hidden field__items\" data-gtm-vis-recent-on-screen10487645_102=\"123536\" data-gtm-vis-first-on-screen10487645_102=\"123536\" data-gtm-vis-total-visible-time10487645_102=\"100\" data-gtm-vis-has-fired10487645_102=\"1\">\n<div class=\"field__item\" data-gtm-vis-recent-on-screen10487645_102=\"123522\" data-gtm-vis-first-on-screen10487645_102=\"123522\" data-gtm-vis-total-visible-time10487645_102=\"100\" data-gtm-vis-has-fired10487645_102=\"1\">\n<div class=\"key-value-class-item \" data-gtm-vis-recent-on-screen10487645_102=\"123525\" data-gtm-vis-first-on-screen10487645_102=\"123525\" data-gtm-vis-total-visible-time10487645_102=\"100\" data-gtm-vis-has-fired10487645_102=\"1\">\n<div class=\"key\" data-gtm-vis-recent-on-screen10487645_102=\"123526\" data-gtm-vis-first-on-screen10487645_102=\"123526\" data-gtm-vis-total-visible-time10487645_102=\"100\" data-gtm-vis-has-fired10487645_102=\"1\">Geni\u015flik \u00f6l\u00e7\u00fcs\u00fc 520 mm<\/div>\n<\/div>\n<\/div>\n<div class=\"field__item\" data-gtm-vis-recent-on-screen10487645_102=\"123539\" data-gtm-vis-first-on-screen10487645_102=\"123539\" data-gtm-vis-total-visible-time10487645_102=\"100\" data-gtm-vis-has-fired10487645_102=\"1\">\n<div class=\"key-value-class-item \" data-gtm-vis-recent-on-screen10487645_102=\"123540\" data-gtm-vis-first-on-screen10487645_102=\"123540\" data-gtm-vis-total-visible-time10487645_102=\"100\" data-gtm-vis-has-fired10487645_102=\"1\">\n<div class=\"key\" data-gtm-vis-recent-on-screen10487645_102=\"123542\" data-gtm-vis-first-on-screen10487645_102=\"123542\" data-gtm-vis-total-visible-time10487645_102=\"100\" data-gtm-vis-has-fired10487645_102=\"1\">Y\u00fckseklik \u00f6l\u00e7\u00fcleri 435 mm<\/div>\n<\/div>\n<\/div>\n<div class=\"field__item\" data-gtm-vis-recent-on-screen10487645_102=\"123544\" data-gtm-vis-first-on-screen10487645_102=\"123544\" data-gtm-vis-total-visible-time10487645_102=\"100\" data-gtm-vis-has-fired10487645_102=\"1\">\n<div class=\"key-value-class-item \" data-gtm-vis-recent-on-screen10487645_102=\"123545\" data-gtm-vis-first-on-screen10487645_102=\"123545\" data-gtm-vis-total-visible-time10487645_102=\"100\" data-gtm-vis-has-fired10487645_102=\"1\">\n<div class=\"key\" data-gtm-vis-recent-on-screen10487645_102=\"123545\" data-gtm-vis-first-on-screen10487645_102=\"123545\" data-gtm-vis-total-visible-time10487645_102=\"100\" data-gtm-vis-has-fired10487645_102=\"1\">Derinlik \u00f6l\u00e7\u00fcleri 290 mm<\/div>\n<\/div>\n<\/div>\n<\/div>\n","protected":false},"excerpt":{"rendered":"<ul>\n<li>KNIPEX aletler ile donat\u0131lm\u0131\u015f, toplam 66 par\u00e7a knipex\u00a0 marka alet, k\u0131smen DIN EN 60900&#8217;a g\u00f6re VDE testine tabidir<\/li>\n<li>Toplam 95 yerle\u015ftirme se\u00e7ene\u011fi ile<\/li>\n<li>Maks. y\u00fck: 25 kg<\/li>\n<li>Hacim: 38 litre<\/li>\n<li>A\u00e7\u0131lar\u0131 serbest\u00e7e ayarlanabilen, her iki tarafta mente\u015fe mekanizmas\u0131na sahip ge\u00e7meli kapak tutucular\u0131 sayesinde, her a\u00e7\u0131lma konumunda serbest durabilir<\/li>\n<li>Bir veya her iki taraftan a\u00e7\u0131labilir; taban ve kapak birbirinden ba\u011f\u0131ms\u0131z olarak a\u00e7\u0131labilir<\/li>\n<li>\u00d6zel etiketleme i\u00e7in iki etiketlik alan.<\/li>\n<li>ABS malzemeden imal edilmi\u015f dayan\u0131kl\u0131 model, siyah<\/li>\n<li>Her iki tarafa yerle\u015ftirilebilen, emniyetli bi\u00e7imde tak\u0131lm\u0131\u015f sa\u011flam bir orta duvar ile al\u00fcminyum \u00e7er\u00e7eve sarg\u0131s\u0131, elastik halkalar ve on iki k\u00fc\u00e7\u00fck cep sayesinde esnek yerle\u015ftirme se\u00e7enekleri<\/li>\n<li>Metal mente\u015fe<\/li>\n<li>\u00c7antan\u0131n g\u00fcvenle kilitlenmesi i\u00e7in \u00fc\u00e7 haneli \u015fifreli kilit<\/li>\n<li>Kapa\u011f\u0131 ve taban\u0131 sabitlemek i\u00e7in, her birinde iki metal e\u011fim kilidi<\/li>\n<li>13 alet cebine sahip, kir tutmaz, \u00e7ift duvarl\u0131, PP levhadan yap\u0131lm\u0131\u015f \u00e7ekilebilir belge dolab\u0131 ve \u00e7ekilebilir alet panosu<\/li>\n<li>58 mm y\u00fcksekli\u011fe sahip taban tepsisi d\u00fc\u011fmeye bas\u0131larak sabitlenebilir, esnek i\u00e7 par\u00e7alarla ek b\u00f6lmelere ayr\u0131labilir; alt\u0131 b\u00fcy\u00fck girinti \u015feklinde b\u00f6lmelere sahip kapak levhas\u0131<\/li>\n<\/ul>\n","protected":false},"featured_media":16434,"template":"","meta":{"_joinchat":[]},"product_brand":[159],"product_cat":[189],"product_tag":[825,826,824,806],"class_list":{"0":"post-16432","1":"product","2":"type-product","3":"status-publish","4":"has-post-thumbnail","6":"product_brand-knipex","7":"product_cat-alet-setleri","8":"product_tag-knipex-00-21-42-t-cantasi-66-parca","9":"product_tag-knipex-00-21-42-takim-cantasi","10":"product_tag-knipex-00-21-42-takim-cantasi-big-twin-elektrik-sistemler-66-parca","11":"product_tag-knipex-takim-cantasi-66-parca","14":"first","15":"instock","16":"shipping-taxable","17":"product-type-simple"},"yoast_head":"<!-- This site is optimized with the Yoast SEO plugin v27.3 - https:\/\/yoast.com\/product\/yoast-seo-wordpress\/ -->\n<title>Knipex 00 21 42 T.\u00c7antas\u0131 66 Par\u00e7a - El Aleti Sepeti<\/title>\n<meta name=\"description\" content=\"Knipex 00 21 42 Basic Alet \u00c7antas\u0131 ile t\u00fcm aletlerinizi zahmetsizce ta\u015f\u0131y\u0131n. Tekerlekli, teleskopik tutamakl\u0131 ve darbeye dayan\u0131kl\u0131 ABS plastikten \u00fcretilen bu bavul, geni\u015f i\u00e7 hacim ve d\u00fczen sunar.\" \/>\n<meta name=\"robots\" content=\"index, follow, max-snippet:-1, max-image-preview:large, max-video-preview:-1\" \/>\n<link rel=\"canonical\" href=\"https:\/\/www.elaletisepeti.com\/?product=knipex-00-21-42-t-cantasi-66-parca\" \/>\n<meta property=\"og:locale\" content=\"tr_TR\" \/>\n<meta property=\"og:type\" content=\"article\" \/>\n<meta property=\"og:title\" content=\"Knipex 00 21 42 T.\u00c7antas\u0131 66 Par\u00e7a - El Aleti Sepeti\" \/>\n<meta property=\"og:description\" content=\"Knipex 00 21 42 Basic Alet \u00c7antas\u0131 ile t\u00fcm aletlerinizi zahmetsizce ta\u015f\u0131y\u0131n. Tekerlekli, teleskopik tutamakl\u0131 ve darbeye dayan\u0131kl\u0131 ABS plastikten \u00fcretilen bu bavul, geni\u015f i\u00e7 hacim ve d\u00fczen sunar.\" \/>\n<meta property=\"og:url\" content=\"https:\/\/www.elaletisepeti.com\/?product=knipex-00-21-42-t-cantasi-66-parca\" \/>\n<meta property=\"og:site_name\" content=\"El Aleti Sepeti\" \/>\n<meta property=\"og:image\" content=\"https:\/\/www.elaletisepeti.com\/wp-content\/uploads\/2025\/11\/Knipex-00-21-42.jpg\" \/>\n\t<meta property=\"og:image:width\" content=\"1000\" \/>\n\t<meta property=\"og:image:height\" content=\"1000\" \/>\n\t<meta property=\"og:image:type\" content=\"image\/jpeg\" \/>\n<meta name=\"twitter:card\" content=\"summary_large_image\" \/>\n<meta name=\"twitter:label1\" content=\"Tahmini okuma s\u00fcresi\" \/>\n\t<meta name=\"twitter:data1\" content=\"1 dakika\" \/>\n<script type=\"application\/ld+json\" class=\"yoast-schema-graph\">{\"@context\":\"https:\\\/\\\/schema.org\",\"@graph\":[{\"@type\":\"WebPage\",\"@id\":\"https:\\\/\\\/www.elaletisepeti.com\\\/?product=knipex-00-21-42-t-cantasi-66-parca\",\"url\":\"https:\\\/\\\/www.elaletisepeti.com\\\/?product=knipex-00-21-42-t-cantasi-66-parca\",\"name\":\"Knipex 00 21 42 T.\u00c7antas\u0131 66 Par\u00e7a - El Aleti Sepeti\",\"isPartOf\":{\"@id\":\"https:\\\/\\\/www.elaletisepeti.com\\\/#website\"},\"primaryImageOfPage\":{\"@id\":\"https:\\\/\\\/www.elaletisepeti.com\\\/?product=knipex-00-21-42-t-cantasi-66-parca#primaryimage\"},\"image\":{\"@id\":\"https:\\\/\\\/www.elaletisepeti.com\\\/?product=knipex-00-21-42-t-cantasi-66-parca#primaryimage\"},\"thumbnailUrl\":\"https:\\\/\\\/www.elaletisepeti.com\\\/wp-content\\\/uploads\\\/2025\\\/11\\\/Knipex-00-21-42.jpg\",\"datePublished\":\"2025-11-22T06:18:43+00:00\",\"description\":\"Knipex 00 21 42 Basic Alet \u00c7antas\u0131 ile t\u00fcm aletlerinizi zahmetsizce ta\u015f\u0131y\u0131n. Tekerlekli, teleskopik tutamakl\u0131 ve darbeye dayan\u0131kl\u0131 ABS plastikten \u00fcretilen bu bavul, geni\u015f i\u00e7 hacim ve d\u00fczen sunar.\",\"breadcrumb\":{\"@id\":\"https:\\\/\\\/www.elaletisepeti.com\\\/?product=knipex-00-21-42-t-cantasi-66-parca#breadcrumb\"},\"inLanguage\":\"tr\",\"potentialAction\":[{\"@type\":\"ReadAction\",\"target\":[\"https:\\\/\\\/www.elaletisepeti.com\\\/?product=knipex-00-21-42-t-cantasi-66-parca\"]}]},{\"@type\":\"ImageObject\",\"inLanguage\":\"tr\",\"@id\":\"https:\\\/\\\/www.elaletisepeti.com\\\/?product=knipex-00-21-42-t-cantasi-66-parca#primaryimage\",\"url\":\"https:\\\/\\\/www.elaletisepeti.com\\\/wp-content\\\/uploads\\\/2025\\\/11\\\/Knipex-00-21-42.jpg\",\"contentUrl\":\"https:\\\/\\\/www.elaletisepeti.com\\\/wp-content\\\/uploads\\\/2025\\\/11\\\/Knipex-00-21-42.jpg\",\"width\":1000,\"height\":1000},{\"@type\":\"BreadcrumbList\",\"@id\":\"https:\\\/\\\/www.elaletisepeti.com\\\/?product=knipex-00-21-42-t-cantasi-66-parca#breadcrumb\",\"itemListElement\":[{\"@type\":\"ListItem\",\"position\":1,\"name\":\"Anasayfa\",\"item\":\"https:\\\/\\\/www.elaletisepeti.com\\\/\"},{\"@type\":\"ListItem\",\"position\":2,\"name\":\"Shop\",\"item\":\"https:\\\/\\\/www.elaletisepeti.com\\\/?page_id=7\"},{\"@type\":\"ListItem\",\"position\":3,\"name\":\"Knipex 00 21 42 T.\u00c7antas\u0131 66 Par\u00e7a\"}]},{\"@type\":\"WebSite\",\"@id\":\"https:\\\/\\\/www.elaletisepeti.com\\\/#website\",\"url\":\"https:\\\/\\\/www.elaletisepeti.com\\\/\",\"name\":\"El Aleti Sepeti\",\"description\":\"El Aletleri, Knipex Pense, Knipex Kerpeten, Knipex Kargaburun,  Kn\u0131pex  Yankeski, Kn\u0131pex Boru Kesme, Knipex Kablo S\u0131y\u0131rma, Knipex  El Aletleri\",\"potentialAction\":[{\"@type\":\"SearchAction\",\"target\":{\"@type\":\"EntryPoint\",\"urlTemplate\":\"https:\\\/\\\/www.elaletisepeti.com\\\/?s={search_term_string}\"},\"query-input\":{\"@type\":\"PropertyValueSpecification\",\"valueRequired\":true,\"valueName\":\"search_term_string\"}}],\"inLanguage\":\"tr\"}]}<\/script>\n<!-- \/ Yoast SEO plugin. -->","yoast_head_json":{"title":"Knipex 00 21 42 T.\u00c7antas\u0131 66 Par\u00e7a - El Aleti Sepeti","description":"Knipex 00 21 42 Basic Alet \u00c7antas\u0131 ile t\u00fcm aletlerinizi zahmetsizce ta\u015f\u0131y\u0131n. Tekerlekli, teleskopik tutamakl\u0131 ve darbeye dayan\u0131kl\u0131 ABS plastikten \u00fcretilen bu bavul, geni\u015f i\u00e7 hacim ve d\u00fczen sunar.","robots":{"index":"index","follow":"follow","max-snippet":"max-snippet:-1","max-image-preview":"max-image-preview:large","max-video-preview":"max-video-preview:-1"},"canonical":"https:\/\/www.elaletisepeti.com\/?product=knipex-00-21-42-t-cantasi-66-parca","og_locale":"tr_TR","og_type":"article","og_title":"Knipex 00 21 42 T.\u00c7antas\u0131 66 Par\u00e7a - El Aleti Sepeti","og_description":"Knipex 00 21 42 Basic Alet \u00c7antas\u0131 ile t\u00fcm aletlerinizi zahmetsizce ta\u015f\u0131y\u0131n. Tekerlekli, teleskopik tutamakl\u0131 ve darbeye dayan\u0131kl\u0131 ABS plastikten \u00fcretilen bu bavul, geni\u015f i\u00e7 hacim ve d\u00fczen sunar.","og_url":"https:\/\/www.elaletisepeti.com\/?product=knipex-00-21-42-t-cantasi-66-parca","og_site_name":"El Aleti Sepeti","og_image":[{"width":1000,"height":1000,"url":"https:\/\/www.elaletisepeti.com\/wp-content\/uploads\/2025\/11\/Knipex-00-21-42.jpg","type":"image\/jpeg"}],"twitter_card":"summary_large_image","twitter_misc":{"Tahmini okuma s\u00fcresi":"1 dakika"},"schema":{"@context":"https:\/\/schema.org","@graph":[{"@type":"WebPage","@id":"https:\/\/www.elaletisepeti.com\/?product=knipex-00-21-42-t-cantasi-66-parca","url":"https:\/\/www.elaletisepeti.com\/?product=knipex-00-21-42-t-cantasi-66-parca","name":"Knipex 00 21 42 T.\u00c7antas\u0131 66 Par\u00e7a - El Aleti Sepeti","isPartOf":{"@id":"https:\/\/www.elaletisepeti.com\/#website"},"primaryImageOfPage":{"@id":"https:\/\/www.elaletisepeti.com\/?product=knipex-00-21-42-t-cantasi-66-parca#primaryimage"},"image":{"@id":"https:\/\/www.elaletisepeti.com\/?product=knipex-00-21-42-t-cantasi-66-parca#primaryimage"},"thumbnailUrl":"https:\/\/www.elaletisepeti.com\/wp-content\/uploads\/2025\/11\/Knipex-00-21-42.jpg","datePublished":"2025-11-22T06:18:43+00:00","description":"Knipex 00 21 42 Basic Alet \u00c7antas\u0131 ile t\u00fcm aletlerinizi zahmetsizce ta\u015f\u0131y\u0131n. Tekerlekli, teleskopik tutamakl\u0131 ve darbeye dayan\u0131kl\u0131 ABS plastikten \u00fcretilen bu bavul, geni\u015f i\u00e7 hacim ve d\u00fczen sunar.","breadcrumb":{"@id":"https:\/\/www.elaletisepeti.com\/?product=knipex-00-21-42-t-cantasi-66-parca#breadcrumb"},"inLanguage":"tr","potentialAction":[{"@type":"ReadAction","target":["https:\/\/www.elaletisepeti.com\/?product=knipex-00-21-42-t-cantasi-66-parca"]}]},{"@type":"ImageObject","inLanguage":"tr","@id":"https:\/\/www.elaletisepeti.com\/?product=knipex-00-21-42-t-cantasi-66-parca#primaryimage","url":"https:\/\/www.elaletisepeti.com\/wp-content\/uploads\/2025\/11\/Knipex-00-21-42.jpg","contentUrl":"https:\/\/www.elaletisepeti.com\/wp-content\/uploads\/2025\/11\/Knipex-00-21-42.jpg","width":1000,"height":1000},{"@type":"BreadcrumbList","@id":"https:\/\/www.elaletisepeti.com\/?product=knipex-00-21-42-t-cantasi-66-parca#breadcrumb","itemListElement":[{"@type":"ListItem","position":1,"name":"Anasayfa","item":"https:\/\/www.elaletisepeti.com\/"},{"@type":"ListItem","position":2,"name":"Shop","item":"https:\/\/www.elaletisepeti.com\/?page_id=7"},{"@type":"ListItem","position":3,"name":"Knipex 00 21 42 T.\u00c7antas\u0131 66 Par\u00e7a"}]},{"@type":"WebSite","@id":"https:\/\/www.elaletisepeti.com\/#website","url":"https:\/\/www.elaletisepeti.com\/","name":"El Aleti Sepeti","description":"El Aletleri, Knipex Pense, Knipex Kerpeten, Knipex Kargaburun,  Kn\u0131pex  Yankeski, Kn\u0131pex Boru Kesme, Knipex Kablo S\u0131y\u0131rma, Knipex  El Aletleri","potentialAction":[{"@type":"SearchAction","target":{"@type":"EntryPoint","urlTemplate":"https:\/\/www.elaletisepeti.com\/?s={search_term_string}"},"query-input":{"@type":"PropertyValueSpecification","valueRequired":true,"valueName":"search_term_string"}}],"inLanguage":"tr"}]}},"_links":{"self":[{"href":"https:\/\/www.elaletisepeti.com\/index.php?rest_route=\/wp\/v2\/product\/16432","targetHints":{"allow":["GET"]}}],"collection":[{"href":"https:\/\/www.elaletisepeti.com\/index.php?rest_route=\/wp\/v2\/product"}],"about":[{"href":"https:\/\/www.elaletisepeti.com\/index.php?rest_route=\/wp\/v2\/types\/product"}],"wp:featuredmedia":[{"embeddable":true,"href":"https:\/\/www.elaletisepeti.com\/index.php?rest_route=\/wp\/v2\/media\/16434"}],"wp:attachment":[{"href":"https:\/\/www.elaletisepeti.com\/index.php?rest_route=%2Fwp%2Fv2%2Fmedia&parent=16432"}],"wp:term":[{"taxonomy":"product_brand","embeddable":true,"href":"https:\/\/www.elaletisepeti.com\/index.php?rest_route=%2Fwp%2Fv2%2Fproduct_brand&post=16432"},{"taxonomy":"product_cat","embeddable":true,"href":"https:\/\/www.elaletisepeti.com\/index.php?rest_route=%2Fwp%2Fv2%2Fproduct_cat&post=16432"},{"taxonomy":"product_tag","embeddable":true,"href":"https:\/\/www.elaletisepeti.com\/index.php?rest_route=%2Fwp%2Fv2%2Fproduct_tag&post=16432"}],"curies":[{"name":"wp","href":"https:\/\/api.w.org\/{rel}","templated":true}]}}