{"id":16098,"date":"2025-11-16T09:33:17","date_gmt":"2025-11-16T09:33:17","guid":{"rendered":"https:\/\/www.elaletisepeti.com\/?post_type=product&#038;p=16098"},"modified":"2025-11-30T04:59:15","modified_gmt":"2025-11-30T04:59:15","slug":"knipex-95-32-340-sr-acsr-hat-kablosu-kesme-aleti","status":"publish","type":"product","link":"https:\/\/www.elaletisepeti.com\/?product=knipex-95-32-340-sr-acsr-hat-kablosu-kesme-aleti","title":{"rendered":"Knipex 95 32 340 SR ACSR Hat Kablosu Kesme Aleti"},"content":{"rendered":"<p><strong>Knipex 95 32 340 SR ACSR Hat Kablosu Kesme Aleti (C\u0131rc\u0131r prensibi) \u00c7elik G\u00f6vdeli Hat Kablolar\u0131 \u0130\u00e7in<\/strong><\/p>\n<div class=\"product--variation-field--variation_field_general_section__2045 field field--name-field-general-section field--type-key-value-class-field-type field--label-hidden field__items\" data-gtm-vis-recent-on-screen10487645_102=\"132691\" data-gtm-vis-first-on-screen10487645_102=\"132691\" data-gtm-vis-total-visible-time10487645_102=\"100\" data-gtm-vis-has-fired10487645_102=\"1\">\n<div class=\"field__item\" data-gtm-vis-first-on-screen10487645_102=\"14091\" data-gtm-vis-total-visible-time10487645_102=\"100\" data-gtm-vis-has-fired10487645_102=\"1\">\n<div class=\"key-value-class-item \" data-gtm-vis-first-on-screen10487645_102=\"14094\" data-gtm-vis-total-visible-time10487645_102=\"100\" data-gtm-vis-has-fired10487645_102=\"1\">\n<div class=\"key\" data-gtm-vis-first-on-screen10487645_102=\"14096\" data-gtm-vis-total-visible-time10487645_102=\"100\" data-gtm-vis-has-fired10487645_102=\"1\">Kod:\u00a0 95 32 340 SR<\/div>\n<\/div>\n<\/div>\n<div class=\"field__item\" data-gtm-vis-first-on-screen10487645_102=\"14124\" data-gtm-vis-total-visible-time10487645_102=\"100\" data-gtm-vis-has-fired10487645_102=\"1\">\n<div class=\"key-value-class-item \" data-gtm-vis-first-on-screen10487645_102=\"14126\" data-gtm-vis-total-visible-time10487645_102=\"100\" data-gtm-vis-has-fired10487645_102=\"1\">\n<div class=\"key\" data-gtm-vis-first-on-screen10487645_102=\"14127\" data-gtm-vis-total-visible-time10487645_102=\"100\" data-gtm-vis-has-fired10487645_102=\"1\">EAN 4003773081241<\/div>\n<\/div>\n<\/div>\n<div class=\"field__item\" data-gtm-vis-first-on-screen10487645_102=\"14129\" data-gtm-vis-total-visible-time10487645_102=\"100\" data-gtm-vis-has-fired10487645_102=\"1\">\n<div class=\"key-value-class-item \" data-gtm-vis-first-on-screen10487645_102=\"14130\" data-gtm-vis-total-visible-time10487645_102=\"100\" data-gtm-vis-has-fired10487645_102=\"1\">\n<div class=\"key\" data-gtm-vis-first-on-screen10487645_102=\"14131\" data-gtm-vis-total-visible-time10487645_102=\"100\" data-gtm-vis-has-fired10487645_102=\"1\">Makas Cilal\u0131<\/div>\n<\/div>\n<\/div>\n<div class=\"field__item\" data-gtm-vis-first-on-screen10487645_102=\"14156\" data-gtm-vis-total-visible-time10487645_102=\"100\" data-gtm-vis-has-fired10487645_102=\"1\">\n<div class=\"key-value-class-item \" data-gtm-vis-first-on-screen10487645_102=\"14157\" data-gtm-vis-total-visible-time10487645_102=\"100\" data-gtm-vis-has-fired10487645_102=\"1\">\n<div class=\"key\" data-gtm-vis-first-on-screen10487645_102=\"14157\" data-gtm-vis-total-visible-time10487645_102=\"100\" data-gtm-vis-has-fired10487645_102=\"1\">Kollar \u00c7ok Bile\u015fenli Tutacaklarla<\/div>\n<\/div>\n<\/div>\n<div class=\"field__item\" data-gtm-vis-recent-on-screen10487645_102=\"132725\" data-gtm-vis-first-on-screen10487645_102=\"132725\" data-gtm-vis-total-visible-time10487645_102=\"100\" data-gtm-vis-has-fired10487645_102=\"1\">\n<div class=\"key-value-class-item \" data-gtm-vis-recent-on-screen10487645_102=\"132726\" data-gtm-vis-first-on-screen10487645_102=\"132726\" data-gtm-vis-total-visible-time10487645_102=\"100\" data-gtm-vis-has-fired10487645_102=\"1\">\n<div class=\"key\" data-gtm-vis-recent-on-screen10487645_102=\"132727\" data-gtm-vis-first-on-screen10487645_102=\"132727\" data-gtm-vis-total-visible-time10487645_102=\"100\" data-gtm-vis-has-fired10487645_102=\"1\">A\u011f\u0131rl\u0131k 1.310 g<\/div>\n<\/div>\n<\/div>\n<div class=\"field__item\" data-gtm-vis-recent-on-screen10487645_102=\"132728\" data-gtm-vis-first-on-screen10487645_102=\"132728\" data-gtm-vis-total-visible-time10487645_102=\"100\" data-gtm-vis-has-fired10487645_102=\"1\">\n<div class=\"key-value-class-item \" data-gtm-vis-recent-on-screen10487645_102=\"132729\" data-gtm-vis-first-on-screen10487645_102=\"132729\" data-gtm-vis-total-visible-time10487645_102=\"100\" data-gtm-vis-has-fired10487645_102=\"1\">\n<div class=\"key\" data-gtm-vis-recent-on-screen10487645_102=\"132730\" data-gtm-vis-first-on-screen10487645_102=\"132730\" data-gtm-vis-total-visible-time10487645_102=\"100\" data-gtm-vis-has-fired10487645_102=\"1\">\u00d6l\u00e7\u00fcleri 340 x 135 x 30 mm<\/div>\n<\/div>\n<\/div>\n<div class=\"field__item\" data-gtm-vis-recent-on-screen10487645_102=\"132774\" data-gtm-vis-first-on-screen10487645_102=\"132774\" data-gtm-vis-total-visible-time10487645_102=\"100\" data-gtm-vis-has-fired10487645_102=\"1\">\n<div class=\"key-value-class-item \" data-gtm-vis-recent-on-screen10487645_102=\"132776\" data-gtm-vis-first-on-screen10487645_102=\"132776\" data-gtm-vis-total-visible-time10487645_102=\"100\" data-gtm-vis-has-fired10487645_102=\"1\">\n<div class=\"key\" data-gtm-vis-recent-on-screen10487645_102=\"132777\" data-gtm-vis-first-on-screen10487645_102=\"132778\" data-gtm-vis-total-visible-time10487645_102=\"100\" data-gtm-vis-has-fired10487645_102=\"1\">REACH Uyumlu SVHC \u0130\u00e7ermiyor<\/div>\n<\/div>\n<\/div>\n<div class=\"field__item\" data-gtm-vis-recent-on-screen10487645_102=\"132779\" data-gtm-vis-first-on-screen10487645_102=\"132779\" data-gtm-vis-total-visible-time10487645_102=\"100\" data-gtm-vis-has-fired10487645_102=\"1\">\n<div class=\"key-value-class-item \" data-gtm-vis-recent-on-screen10487645_102=\"132780\" data-gtm-vis-first-on-screen10487645_102=\"132780\" data-gtm-vis-total-visible-time10487645_102=\"100\" data-gtm-vis-has-fired10487645_102=\"1\">\n<div class=\"key\" data-gtm-vis-recent-on-screen10487645_102=\"132781\" data-gtm-vis-first-on-screen10487645_102=\"132781\" data-gtm-vis-total-visible-time10487645_102=\"100\" data-gtm-vis-has-fired10487645_102=\"1\">ROHS Uyumlu Uygulanamaz<\/div>\n<\/div>\n<\/div>\n<\/div>\n<div class=\"product--variation-field--variation_field_technical_section__2045 field field--name-field-technical-section field--type-key-value-class-field-type field--label-hidden field__items\" data-gtm-vis-recent-on-screen10487645_102=\"132789\" data-gtm-vis-first-on-screen10487645_102=\"132790\" data-gtm-vis-total-visible-time10487645_102=\"100\" data-gtm-vis-has-fired10487645_102=\"1\">\n<div class=\"field__item\" data-gtm-vis-recent-on-screen10487645_102=\"132791\" data-gtm-vis-first-on-screen10487645_102=\"132791\" data-gtm-vis-total-visible-time10487645_102=\"100\" data-gtm-vis-has-fired10487645_102=\"1\">\n<div class=\"key-value-class-item \" data-gtm-vis-recent-on-screen10487645_102=\"132792\" data-gtm-vis-first-on-screen10487645_102=\"132792\" data-gtm-vis-total-visible-time10487645_102=\"100\" data-gtm-vis-has-fired10487645_102=\"1\">\n<div class=\"key\" data-gtm-vis-recent-on-screen10487645_102=\"132793\" data-gtm-vis-first-on-screen10487645_102=\"132793\" data-gtm-vis-total-visible-time10487645_102=\"100\" data-gtm-vis-has-fired10487645_102=\"1\">\u00c7ap 32 mm<\/div>\n<\/div>\n<\/div>\n<div class=\"field__item\" data-gtm-vis-recent-on-screen10487645_102=\"132795\" data-gtm-vis-first-on-screen10487645_102=\"132795\" data-gtm-vis-total-visible-time10487645_102=\"100\" data-gtm-vis-has-fired10487645_102=\"1\">\n<div class=\"key-value-class-item \" data-gtm-vis-recent-on-screen10487645_102=\"132795\" data-gtm-vis-first-on-screen10487645_102=\"132795\" data-gtm-vis-total-visible-time10487645_102=\"100\" data-gtm-vis-has-fired10487645_102=\"1\">\n<div class=\"key\" data-gtm-vis-recent-on-screen10487645_102=\"132796\" data-gtm-vis-first-on-screen10487645_102=\"132796\" data-gtm-vis-total-visible-time10487645_102=\"100\" data-gtm-vis-has-fired10487645_102=\"1\">\u00c7ap \u0130n\u00e7 \u00d8 1 1\/4 \u0130n\u00e7<\/div>\n<\/div>\n<\/div>\n<div class=\"field__item\" data-gtm-vis-recent-on-screen10487645_102=\"132798\" data-gtm-vis-first-on-screen10487645_102=\"132798\" data-gtm-vis-total-visible-time10487645_102=\"100\" data-gtm-vis-has-fired10487645_102=\"1\">\n<div class=\"key-value-class-item \" data-gtm-vis-recent-on-screen10487645_102=\"132799\" data-gtm-vis-first-on-screen10487645_102=\"132799\" data-gtm-vis-total-visible-time10487645_102=\"100\" data-gtm-vis-has-fired10487645_102=\"1\">\n<div class=\"key\" data-gtm-vis-recent-on-screen10487645_102=\"132800\" data-gtm-vis-first-on-screen10487645_102=\"132800\" data-gtm-vis-total-visible-time10487645_102=\"100\" data-gtm-vis-has-fired10487645_102=\"1\">MCM 477<\/div>\n<div data-gtm-vis-recent-on-screen10487645_102=\"132800\" data-gtm-vis-first-on-screen10487645_102=\"132800\" data-gtm-vis-total-visible-time10487645_102=\"100\" data-gtm-vis-has-fired10487645_102=\"1\"><a href=\"https:\/\/www.knipex.com\/tr-tr\/%C3%BCr%C3%BCnler\/kablo-makas%C4%B1-ve-%C3%A7elik-tel-kesme-makaslar%C4%B1\/acsr-havai-hat-kablosu-kesme-aleti-c%C4%B1rc%C4%B1r-prensibi-%C3%A7elik-goevdeli-havai-hat-kablolar%C4%B1-i%C3%A7in\/acsr-havai-hat-kablosu-kesme-aleti-c%C4%B1rc%C4%B1r-prensibi-%C3%A7elik-goevdeli-havai-hat-kablolar%C4%B1-i%C3%A7in\/953934001\">Resmi Sayfas\u0131<\/a><\/div>\n<div data-gtm-vis-recent-on-screen10487645_102=\"132800\" data-gtm-vis-first-on-screen10487645_102=\"132800\" data-gtm-vis-total-visible-time10487645_102=\"100\" data-gtm-vis-has-fired10487645_102=\"1\">\n<div class=\"description\">\n<ul>\n<li><strong>\u00a0<\/strong>Kablo kesici, 32 mm\u2019ye varan \u00e7aplarda \u00e7elik \u00e7ekirdekli (= Al\u00fcminyum \u0130letken \u00c7elik Takviyeli) ACSR kablosunu keser<\/li>\n<li>Tek veya iki elle kullan\u0131mda, uzun manivela basit ve do\u011fru bir kesimi garanti eder<\/li>\n<li><strong>\u00a0<\/strong>En y\u00fcksek performansla pratik ve kompaktt\u0131r<\/li>\n<li>Son derece kararl\u0131, \u00e7ift k\u0131lavuzlu d\u00f6ner b\u0131\u00e7ak<\/li>\n<li><strong>\u00a0<\/strong>Kablo \u00e7apaklanmaz: D\u00fczg\u00fcn kesim ve uzun kullan\u0131m \u00f6m\u00fcr i\u00e7in hassas ta\u015flanm\u0131\u015f ve ind\u00fcksiyonla sertle\u015ftirilmi\u015f kesici kenar<\/li>\n<li>C\u0131rc\u0131r mekanizmal\u0131 iki kademeli di\u015fli tahrik sayesinde d\u00fc\u015f\u00fck el kuvveti gerektirir<\/li>\n<li>Sabit kol k\u0131l\u0131f\u0131nda, kesim i\u015flemi esnas\u0131nda aletin yere konmas\u0131n\u0131 sa\u011flayan oturma y\u00fczeyi<\/li>\n<li>Saplar\u0131 g\u00fcvenli \u015fekilde kapat\u0131lm\u0131\u015f pensenin ta\u015f\u0131nmas\u0131n\u0131 sa\u011flayan kilitleme mekanizmas\u0131<\/li>\n<li>T\u00fcm a\u015f\u0131nan par\u00e7alar yedek par\u00e7a olarak mevcuttur ve de\u011fi\u015ftirilebilir<\/li>\n<\/ul>\n<\/div>\n<\/div>\n<\/div>\n<\/div>\n<\/div>\n","protected":false},"excerpt":{"rendered":"<ul>\n<li>Kablo kesici, 32 mm&#8217;ye varan \u00e7aplarda \u00e7elik \u00e7ekirdekli (= Al\u00fcminyum \u0130letken \u00c7elik Takviyeli) ACSR kablosunu keser<\/li>\n<li>Tek veya iki elle kullan\u0131mda, uzun manivela basit ve do\u011fru bir kesimi garanti eder<\/li>\n<li>En y\u00fcksek performansla pratik ve kompakt<\/li>\n<li>Son derece kararl\u0131, \u00e7ift k\u0131lavuzlu d\u00f6ner b\u0131\u00e7ak<\/li>\n<li>Kablo \u00e7apaklanmaz: D\u00fczg\u00fcn kesim ve uzun kullan\u0131m \u00f6m\u00fcr i\u00e7in hassas ta\u015flanm\u0131\u015f ve ind\u00fcksiyonla sertle\u015ftirilmi\u015f kesici kenar<\/li>\n<li>C\u0131rc\u0131r mekanizmal\u0131 iki kademeli di\u015fli tahrik sayesinde d\u00fc\u015f\u00fck el kuvveti gerektirir<\/li>\n<li>Sabit kol k\u0131l\u0131f\u0131nda, kesim i\u015flemi esnas\u0131nda aletin yere konmas\u0131n\u0131 sa\u011flayan oturma y\u00fczeyi<\/li>\n<li>Saplar\u0131 g\u00fcvenli \u015fekilde kapat\u0131lm\u0131\u015f pensenin ta\u015f\u0131nmas\u0131n\u0131 sa\u011flayan kilitleme mekanizmas\u0131<\/li>\n<li>T\u00fcm a\u015f\u0131nan par\u00e7alar yedek par\u00e7a olarak mevcuttur ve de\u011fi\u015ftirilebilir<\/li>\n<\/ul>\n","protected":false},"featured_media":16100,"template":"","meta":{"_joinchat":[]},"product_brand":[159],"product_cat":[195],"product_tag":[648,647,646,573,461,499],"class_list":{"0":"post-16098","1":"product","2":"type-product","3":"status-publish","4":"has-post-thumbnail","6":"product_brand-knipex","7":"product_cat-kablo-ve-tel-kesme-makaslari","8":"product_tag-95-32-340-sr-acsr-hat-kablosu-kesme-aleti","9":"product_tag-knipex-95-32-340-sr","10":"product_tag-knipex-95-32-340-sr-acsr-hat-kablosu-kesme-aleti-circir-prensibi-celik-govdeli-hat-kablolari-icin","11":"product_tag-knipex-kablo-kesme","12":"product_tag-knipex-kablo-kesme-makasi","13":"product_tag-knipex-makas","16":"first","17":"instock","18":"shipping-taxable","19":"product-type-simple"},"yoast_head":"<!-- This site is optimized with the Yoast SEO plugin v27.3 - https:\/\/yoast.com\/product\/yoast-seo-wordpress\/ -->\n<title>Knipex 95 32 340 SR ACSR Hat Kablosu Kesme Aleti - El Aleti Sepeti<\/title>\n<meta name=\"description\" content=\"Knipex 95 32 340 SR ACSR Hat Kablosu Kesme Aleti (C\u0131rc\u0131r prensibi) \u00c7elik G\u00f6vdeli Hat Kablolar\u0131 \u0130\u00e7in kullan\u0131l\u0131r. Tek veya iki elle kullann\u0131labilir.\" \/>\n<meta name=\"robots\" content=\"index, follow, max-snippet:-1, max-image-preview:large, max-video-preview:-1\" \/>\n<link rel=\"canonical\" href=\"https:\/\/www.elaletisepeti.com\/?product=knipex-95-32-340-sr-acsr-hat-kablosu-kesme-aleti\" \/>\n<meta property=\"og:locale\" content=\"tr_TR\" \/>\n<meta property=\"og:type\" content=\"article\" \/>\n<meta property=\"og:title\" content=\"Knipex 95 32 340 SR ACSR Hat Kablosu Kesme Aleti - El Aleti Sepeti\" \/>\n<meta property=\"og:description\" content=\"Knipex 95 32 340 SR ACSR Hat Kablosu Kesme Aleti (C\u0131rc\u0131r prensibi) \u00c7elik G\u00f6vdeli Hat Kablolar\u0131 \u0130\u00e7in kullan\u0131l\u0131r. Tek veya iki elle kullann\u0131labilir.\" \/>\n<meta property=\"og:url\" content=\"https:\/\/www.elaletisepeti.com\/?product=knipex-95-32-340-sr-acsr-hat-kablosu-kesme-aleti\" \/>\n<meta property=\"og:site_name\" content=\"El Aleti Sepeti\" \/>\n<meta property=\"article:modified_time\" content=\"2025-11-30T04:59:15+00:00\" \/>\n<meta property=\"og:image\" content=\"https:\/\/www.elaletisepeti.com\/wp-content\/uploads\/2025\/11\/Knipex-95-32-340-SR.jpg\" \/>\n\t<meta property=\"og:image:width\" content=\"1000\" \/>\n\t<meta property=\"og:image:height\" content=\"1000\" \/>\n\t<meta property=\"og:image:type\" content=\"image\/jpeg\" \/>\n<meta name=\"twitter:card\" content=\"summary_large_image\" \/>\n<meta name=\"twitter:label1\" content=\"Tahmini okuma s\u00fcresi\" \/>\n\t<meta name=\"twitter:data1\" content=\"2 dakika\" \/>\n<script type=\"application\/ld+json\" class=\"yoast-schema-graph\">{\"@context\":\"https:\\\/\\\/schema.org\",\"@graph\":[{\"@type\":\"WebPage\",\"@id\":\"https:\\\/\\\/www.elaletisepeti.com\\\/?product=knipex-95-32-340-sr-acsr-hat-kablosu-kesme-aleti\",\"url\":\"https:\\\/\\\/www.elaletisepeti.com\\\/?product=knipex-95-32-340-sr-acsr-hat-kablosu-kesme-aleti\",\"name\":\"Knipex 95 32 340 SR ACSR Hat Kablosu Kesme Aleti - El Aleti Sepeti\",\"isPartOf\":{\"@id\":\"https:\\\/\\\/www.elaletisepeti.com\\\/#website\"},\"primaryImageOfPage\":{\"@id\":\"https:\\\/\\\/www.elaletisepeti.com\\\/?product=knipex-95-32-340-sr-acsr-hat-kablosu-kesme-aleti#primaryimage\"},\"image\":{\"@id\":\"https:\\\/\\\/www.elaletisepeti.com\\\/?product=knipex-95-32-340-sr-acsr-hat-kablosu-kesme-aleti#primaryimage\"},\"thumbnailUrl\":\"https:\\\/\\\/www.elaletisepeti.com\\\/wp-content\\\/uploads\\\/2025\\\/11\\\/Knipex-95-32-340-SR.jpg\",\"datePublished\":\"2025-11-16T09:33:17+00:00\",\"dateModified\":\"2025-11-30T04:59:15+00:00\",\"description\":\"Knipex 95 32 340 SR ACSR Hat Kablosu Kesme Aleti (C\u0131rc\u0131r prensibi) \u00c7elik G\u00f6vdeli Hat Kablolar\u0131 \u0130\u00e7in kullan\u0131l\u0131r. Tek veya iki elle kullann\u0131labilir.\",\"breadcrumb\":{\"@id\":\"https:\\\/\\\/www.elaletisepeti.com\\\/?product=knipex-95-32-340-sr-acsr-hat-kablosu-kesme-aleti#breadcrumb\"},\"inLanguage\":\"tr\",\"potentialAction\":[{\"@type\":\"ReadAction\",\"target\":[\"https:\\\/\\\/www.elaletisepeti.com\\\/?product=knipex-95-32-340-sr-acsr-hat-kablosu-kesme-aleti\"]}]},{\"@type\":\"ImageObject\",\"inLanguage\":\"tr\",\"@id\":\"https:\\\/\\\/www.elaletisepeti.com\\\/?product=knipex-95-32-340-sr-acsr-hat-kablosu-kesme-aleti#primaryimage\",\"url\":\"https:\\\/\\\/www.elaletisepeti.com\\\/wp-content\\\/uploads\\\/2025\\\/11\\\/Knipex-95-32-340-SR.jpg\",\"contentUrl\":\"https:\\\/\\\/www.elaletisepeti.com\\\/wp-content\\\/uploads\\\/2025\\\/11\\\/Knipex-95-32-340-SR.jpg\",\"width\":1000,\"height\":1000},{\"@type\":\"BreadcrumbList\",\"@id\":\"https:\\\/\\\/www.elaletisepeti.com\\\/?product=knipex-95-32-340-sr-acsr-hat-kablosu-kesme-aleti#breadcrumb\",\"itemListElement\":[{\"@type\":\"ListItem\",\"position\":1,\"name\":\"Anasayfa\",\"item\":\"https:\\\/\\\/www.elaletisepeti.com\\\/\"},{\"@type\":\"ListItem\",\"position\":2,\"name\":\"Shop\",\"item\":\"https:\\\/\\\/www.elaletisepeti.com\\\/?page_id=7\"},{\"@type\":\"ListItem\",\"position\":3,\"name\":\"Knipex 95 32 340 SR ACSR Hat Kablosu Kesme Aleti\"}]},{\"@type\":\"WebSite\",\"@id\":\"https:\\\/\\\/www.elaletisepeti.com\\\/#website\",\"url\":\"https:\\\/\\\/www.elaletisepeti.com\\\/\",\"name\":\"El Aleti Sepeti\",\"description\":\"El Aletleri, Knipex Pense, Knipex Kerpeten, Knipex Kargaburun,  Kn\u0131pex  Yankeski, Kn\u0131pex Boru Kesme, Knipex Kablo S\u0131y\u0131rma, Knipex  El Aletleri\",\"potentialAction\":[{\"@type\":\"SearchAction\",\"target\":{\"@type\":\"EntryPoint\",\"urlTemplate\":\"https:\\\/\\\/www.elaletisepeti.com\\\/?s={search_term_string}\"},\"query-input\":{\"@type\":\"PropertyValueSpecification\",\"valueRequired\":true,\"valueName\":\"search_term_string\"}}],\"inLanguage\":\"tr\"}]}<\/script>\n<!-- \/ Yoast SEO plugin. -->","yoast_head_json":{"title":"Knipex 95 32 340 SR ACSR Hat Kablosu Kesme Aleti - El Aleti Sepeti","description":"Knipex 95 32 340 SR ACSR Hat Kablosu Kesme Aleti (C\u0131rc\u0131r prensibi) \u00c7elik G\u00f6vdeli Hat Kablolar\u0131 \u0130\u00e7in kullan\u0131l\u0131r. Tek veya iki elle kullann\u0131labilir.","robots":{"index":"index","follow":"follow","max-snippet":"max-snippet:-1","max-image-preview":"max-image-preview:large","max-video-preview":"max-video-preview:-1"},"canonical":"https:\/\/www.elaletisepeti.com\/?product=knipex-95-32-340-sr-acsr-hat-kablosu-kesme-aleti","og_locale":"tr_TR","og_type":"article","og_title":"Knipex 95 32 340 SR ACSR Hat Kablosu Kesme Aleti - El Aleti Sepeti","og_description":"Knipex 95 32 340 SR ACSR Hat Kablosu Kesme Aleti (C\u0131rc\u0131r prensibi) \u00c7elik G\u00f6vdeli Hat Kablolar\u0131 \u0130\u00e7in kullan\u0131l\u0131r. Tek veya iki elle kullann\u0131labilir.","og_url":"https:\/\/www.elaletisepeti.com\/?product=knipex-95-32-340-sr-acsr-hat-kablosu-kesme-aleti","og_site_name":"El Aleti Sepeti","article_modified_time":"2025-11-30T04:59:15+00:00","og_image":[{"width":1000,"height":1000,"url":"https:\/\/www.elaletisepeti.com\/wp-content\/uploads\/2025\/11\/Knipex-95-32-340-SR.jpg","type":"image\/jpeg"}],"twitter_card":"summary_large_image","twitter_misc":{"Tahmini okuma s\u00fcresi":"2 dakika"},"schema":{"@context":"https:\/\/schema.org","@graph":[{"@type":"WebPage","@id":"https:\/\/www.elaletisepeti.com\/?product=knipex-95-32-340-sr-acsr-hat-kablosu-kesme-aleti","url":"https:\/\/www.elaletisepeti.com\/?product=knipex-95-32-340-sr-acsr-hat-kablosu-kesme-aleti","name":"Knipex 95 32 340 SR ACSR Hat Kablosu Kesme Aleti - El Aleti Sepeti","isPartOf":{"@id":"https:\/\/www.elaletisepeti.com\/#website"},"primaryImageOfPage":{"@id":"https:\/\/www.elaletisepeti.com\/?product=knipex-95-32-340-sr-acsr-hat-kablosu-kesme-aleti#primaryimage"},"image":{"@id":"https:\/\/www.elaletisepeti.com\/?product=knipex-95-32-340-sr-acsr-hat-kablosu-kesme-aleti#primaryimage"},"thumbnailUrl":"https:\/\/www.elaletisepeti.com\/wp-content\/uploads\/2025\/11\/Knipex-95-32-340-SR.jpg","datePublished":"2025-11-16T09:33:17+00:00","dateModified":"2025-11-30T04:59:15+00:00","description":"Knipex 95 32 340 SR ACSR Hat Kablosu Kesme Aleti (C\u0131rc\u0131r prensibi) \u00c7elik G\u00f6vdeli Hat Kablolar\u0131 \u0130\u00e7in kullan\u0131l\u0131r. Tek veya iki elle kullann\u0131labilir.","breadcrumb":{"@id":"https:\/\/www.elaletisepeti.com\/?product=knipex-95-32-340-sr-acsr-hat-kablosu-kesme-aleti#breadcrumb"},"inLanguage":"tr","potentialAction":[{"@type":"ReadAction","target":["https:\/\/www.elaletisepeti.com\/?product=knipex-95-32-340-sr-acsr-hat-kablosu-kesme-aleti"]}]},{"@type":"ImageObject","inLanguage":"tr","@id":"https:\/\/www.elaletisepeti.com\/?product=knipex-95-32-340-sr-acsr-hat-kablosu-kesme-aleti#primaryimage","url":"https:\/\/www.elaletisepeti.com\/wp-content\/uploads\/2025\/11\/Knipex-95-32-340-SR.jpg","contentUrl":"https:\/\/www.elaletisepeti.com\/wp-content\/uploads\/2025\/11\/Knipex-95-32-340-SR.jpg","width":1000,"height":1000},{"@type":"BreadcrumbList","@id":"https:\/\/www.elaletisepeti.com\/?product=knipex-95-32-340-sr-acsr-hat-kablosu-kesme-aleti#breadcrumb","itemListElement":[{"@type":"ListItem","position":1,"name":"Anasayfa","item":"https:\/\/www.elaletisepeti.com\/"},{"@type":"ListItem","position":2,"name":"Shop","item":"https:\/\/www.elaletisepeti.com\/?page_id=7"},{"@type":"ListItem","position":3,"name":"Knipex 95 32 340 SR ACSR Hat Kablosu Kesme Aleti"}]},{"@type":"WebSite","@id":"https:\/\/www.elaletisepeti.com\/#website","url":"https:\/\/www.elaletisepeti.com\/","name":"El Aleti Sepeti","description":"El Aletleri, Knipex Pense, Knipex Kerpeten, Knipex Kargaburun,  Kn\u0131pex  Yankeski, Kn\u0131pex Boru Kesme, Knipex Kablo S\u0131y\u0131rma, Knipex  El Aletleri","potentialAction":[{"@type":"SearchAction","target":{"@type":"EntryPoint","urlTemplate":"https:\/\/www.elaletisepeti.com\/?s={search_term_string}"},"query-input":{"@type":"PropertyValueSpecification","valueRequired":true,"valueName":"search_term_string"}}],"inLanguage":"tr"}]}},"_links":{"self":[{"href":"https:\/\/www.elaletisepeti.com\/index.php?rest_route=\/wp\/v2\/product\/16098","targetHints":{"allow":["GET"]}}],"collection":[{"href":"https:\/\/www.elaletisepeti.com\/index.php?rest_route=\/wp\/v2\/product"}],"about":[{"href":"https:\/\/www.elaletisepeti.com\/index.php?rest_route=\/wp\/v2\/types\/product"}],"wp:featuredmedia":[{"embeddable":true,"href":"https:\/\/www.elaletisepeti.com\/index.php?rest_route=\/wp\/v2\/media\/16100"}],"wp:attachment":[{"href":"https:\/\/www.elaletisepeti.com\/index.php?rest_route=%2Fwp%2Fv2%2Fmedia&parent=16098"}],"wp:term":[{"taxonomy":"product_brand","embeddable":true,"href":"https:\/\/www.elaletisepeti.com\/index.php?rest_route=%2Fwp%2Fv2%2Fproduct_brand&post=16098"},{"taxonomy":"product_cat","embeddable":true,"href":"https:\/\/www.elaletisepeti.com\/index.php?rest_route=%2Fwp%2Fv2%2Fproduct_cat&post=16098"},{"taxonomy":"product_tag","embeddable":true,"href":"https:\/\/www.elaletisepeti.com\/index.php?rest_route=%2Fwp%2Fv2%2Fproduct_tag&post=16098"}],"curies":[{"name":"wp","href":"https:\/\/api.w.org\/{rel}","templated":true}]}}