{"id":15752,"date":"2025-11-12T17:54:43","date_gmt":"2025-11-12T17:54:43","guid":{"rendered":"https:\/\/www.elaletisepeti.com\/?post_type=product&#038;p=15752"},"modified":"2025-11-29T15:44:23","modified_gmt":"2025-11-29T15:44:23","slug":"knipex-95-12-165-kablo-makasi","status":"publish","type":"product","link":"https:\/\/www.elaletisepeti.com\/?product=knipex-95-12-165-kablo-makasi","title":{"rendered":"Knipex 95 12 165 Kablo Makas\u0131"},"content":{"rendered":"<p><strong>Knipex 95 12 165 Kablo Makas\u0131<\/strong><\/p>\n<div class=\"product--variation-field--variation_field_general_section__1453 field field--name-field-general-section field--type-key-value-class-field-type field--label-hidden field__items\" data-gtm-vis-recent-on-screen10487645_102=\"122870\" data-gtm-vis-first-on-screen10487645_102=\"122870\" data-gtm-vis-total-visible-time10487645_102=\"100\" data-gtm-vis-has-fired10487645_102=\"1\">\n<div class=\"field__item\" data-gtm-vis-recent-on-screen10487645_102=\"122821\" data-gtm-vis-first-on-screen10487645_102=\"122821\" data-gtm-vis-total-visible-time10487645_102=\"100\" data-gtm-vis-has-fired10487645_102=\"1\">\n<div class=\"key-value-class-item \" data-gtm-vis-recent-on-screen10487645_102=\"122821\" data-gtm-vis-first-on-screen10487645_102=\"122821\" data-gtm-vis-total-visible-time10487645_102=\"100\" data-gtm-vis-has-fired10487645_102=\"1\">\n<div class=\"key\" data-gtm-vis-recent-on-screen10487645_102=\"122822\" data-gtm-vis-first-on-screen10487645_102=\"122822\" data-gtm-vis-total-visible-time10487645_102=\"100\" data-gtm-vis-has-fired10487645_102=\"1\">Kod: 95 12 165<\/div>\n<\/div>\n<\/div>\n<div class=\"field__item\" data-gtm-vis-recent-on-screen10487645_102=\"122836\" data-gtm-vis-first-on-screen10487645_102=\"122836\" data-gtm-vis-total-visible-time10487645_102=\"100\" data-gtm-vis-has-fired10487645_102=\"1\">\n<div class=\"key-value-class-item \" data-gtm-vis-recent-on-screen10487645_102=\"122837\" data-gtm-vis-first-on-screen10487645_102=\"122837\" data-gtm-vis-total-visible-time10487645_102=\"100\" data-gtm-vis-has-fired10487645_102=\"1\">\n<div class=\"key\" data-gtm-vis-recent-on-screen10487645_102=\"122837\" data-gtm-vis-first-on-screen10487645_102=\"122837\" data-gtm-vis-total-visible-time10487645_102=\"100\" data-gtm-vis-has-fired10487645_102=\"1\">EAN 4003773029182<\/div>\n<\/div>\n<\/div>\n<div class=\"field__item\" data-gtm-vis-recent-on-screen10487645_102=\"122850\" data-gtm-vis-first-on-screen10487645_102=\"122850\" data-gtm-vis-total-visible-time10487645_102=\"100\" data-gtm-vis-has-fired10487645_102=\"1\">\n<div class=\"key-value-class-item \" data-gtm-vis-recent-on-screen10487645_102=\"122851\" data-gtm-vis-first-on-screen10487645_102=\"122851\" data-gtm-vis-total-visible-time10487645_102=\"100\" data-gtm-vis-has-fired10487645_102=\"1\">\n<div class=\"key\" data-gtm-vis-recent-on-screen10487645_102=\"122851\" data-gtm-vis-first-on-screen10487645_102=\"122851\" data-gtm-vis-total-visible-time10487645_102=\"100\" data-gtm-vis-has-fired10487645_102=\"1\">Makas Cilal\u0131<\/div>\n<\/div>\n<\/div>\n<div class=\"field__item\" data-gtm-vis-recent-on-screen10487645_102=\"122871\" data-gtm-vis-first-on-screen10487645_102=\"122871\" data-gtm-vis-total-visible-time10487645_102=\"100\" data-gtm-vis-has-fired10487645_102=\"1\">\n<div class=\"key-value-class-item \" data-gtm-vis-recent-on-screen10487645_102=\"122872\" data-gtm-vis-first-on-screen10487645_102=\"122872\" data-gtm-vis-total-visible-time10487645_102=\"100\" data-gtm-vis-has-fired10487645_102=\"1\">\n<div class=\"key\" data-gtm-vis-recent-on-screen10487645_102=\"122873\" data-gtm-vis-first-on-screen10487645_102=\"122873\" data-gtm-vis-total-visible-time10487645_102=\"100\" data-gtm-vis-has-fired10487645_102=\"1\">Kollar Konforlu Saplar \u0130le<\/div>\n<\/div>\n<\/div>\n<div class=\"field__item\" data-gtm-vis-recent-on-screen10487645_102=\"122886\" data-gtm-vis-first-on-screen10487645_102=\"122886\" data-gtm-vis-total-visible-time10487645_102=\"100\" data-gtm-vis-has-fired10487645_102=\"1\">\n<div class=\"key-value-class-item \" data-gtm-vis-recent-on-screen10487645_102=\"122887\" data-gtm-vis-first-on-screen10487645_102=\"122887\" data-gtm-vis-total-visible-time10487645_102=\"100\" data-gtm-vis-has-fired10487645_102=\"1\">\n<div class=\"key\" data-gtm-vis-recent-on-screen10487645_102=\"122888\" data-gtm-vis-first-on-screen10487645_102=\"122888\" data-gtm-vis-total-visible-time10487645_102=\"100\" data-gtm-vis-has-fired10487645_102=\"1\">A\u011f\u0131rl\u0131k 253 g<\/div>\n<\/div>\n<\/div>\n<div class=\"field__item\" data-gtm-vis-recent-on-screen10487645_102=\"122903\" data-gtm-vis-first-on-screen10487645_102=\"122903\" data-gtm-vis-total-visible-time10487645_102=\"100\" data-gtm-vis-has-fired10487645_102=\"1\">\n<div class=\"key-value-class-item \" data-gtm-vis-recent-on-screen10487645_102=\"122904\" data-gtm-vis-first-on-screen10487645_102=\"122904\" data-gtm-vis-total-visible-time10487645_102=\"100\" data-gtm-vis-has-fired10487645_102=\"1\">\n<div class=\"key\" data-gtm-vis-recent-on-screen10487645_102=\"122905\" data-gtm-vis-first-on-screen10487645_102=\"122905\" data-gtm-vis-total-visible-time10487645_102=\"100\" data-gtm-vis-has-fired10487645_102=\"1\">\u00d6l\u00e7\u00fcleri 165 x 50 x 22 mm<\/div>\n<\/div>\n<\/div>\n<div class=\"field__item\" data-gtm-vis-recent-on-screen10487645_102=\"122910\" data-gtm-vis-first-on-screen10487645_102=\"122910\" data-gtm-vis-total-visible-time10487645_102=\"100\" data-gtm-vis-has-fired10487645_102=\"1\">\n<div class=\"key-value-class-item \" data-gtm-vis-recent-on-screen10487645_102=\"122911\" data-gtm-vis-first-on-screen10487645_102=\"122911\" data-gtm-vis-total-visible-time10487645_102=\"100\" data-gtm-vis-has-fired10487645_102=\"1\">\n<div class=\"key\" data-gtm-vis-recent-on-screen10487645_102=\"122912\" data-gtm-vis-first-on-screen10487645_102=\"122912\" data-gtm-vis-total-visible-time10487645_102=\"100\" data-gtm-vis-has-fired10487645_102=\"1\">REACH Uyumlu SVHC \u0130\u00e7ermiyor<\/div>\n<\/div>\n<\/div>\n<div class=\"field__item\" data-gtm-vis-recent-on-screen10487645_102=\"122920\" data-gtm-vis-first-on-screen10487645_102=\"122920\" data-gtm-vis-total-visible-time10487645_102=\"100\" data-gtm-vis-has-fired10487645_102=\"1\">\n<div class=\"key-value-class-item \" data-gtm-vis-recent-on-screen10487645_102=\"122922\" data-gtm-vis-first-on-screen10487645_102=\"122922\" data-gtm-vis-total-visible-time10487645_102=\"100\" data-gtm-vis-has-fired10487645_102=\"1\">\n<div class=\"key\" data-gtm-vis-recent-on-screen10487645_102=\"122923\" data-gtm-vis-first-on-screen10487645_102=\"122923\" data-gtm-vis-total-visible-time10487645_102=\"100\" data-gtm-vis-has-fired10487645_102=\"1\">ROHS Uyumlu Uygulanamaz<\/div>\n<\/div>\n<\/div>\n<\/div>\n<div class=\"product--variation-field--variation_field_technical_section__1453 field field--name-field-technical-section field--type-key-value-class-field-type field--label-hidden field__items\" data-gtm-vis-recent-on-screen10487645_102=\"122969\" data-gtm-vis-first-on-screen10487645_102=\"122969\" data-gtm-vis-total-visible-time10487645_102=\"100\" data-gtm-vis-has-fired10487645_102=\"1\">\n<div class=\"field__item\" data-gtm-vis-recent-on-screen10487645_102=\"122936\" data-gtm-vis-first-on-screen10487645_102=\"122936\" data-gtm-vis-total-visible-time10487645_102=\"100\" data-gtm-vis-has-fired10487645_102=\"1\">\n<div class=\"key-value-class-item \" data-gtm-vis-recent-on-screen10487645_102=\"122937\" data-gtm-vis-first-on-screen10487645_102=\"122937\" data-gtm-vis-total-visible-time10487645_102=\"100\" data-gtm-vis-has-fired10487645_102=\"1\">\n<div class=\"key\" data-gtm-vis-recent-on-screen10487645_102=\"122938\" data-gtm-vis-first-on-screen10487645_102=\"122938\" data-gtm-vis-total-visible-time10487645_102=\"100\" data-gtm-vis-has-fired10487645_102=\"1\">Bak\u0131r kablo kesim de\u011feri, \u00e7ok telli 50 mm\u00b2<\/div>\n<\/div>\n<\/div>\n<div class=\"field__item\" data-gtm-vis-recent-on-screen10487645_102=\"122951\" data-gtm-vis-first-on-screen10487645_102=\"122951\" data-gtm-vis-total-visible-time10487645_102=\"100\" data-gtm-vis-has-fired10487645_102=\"1\">\n<div class=\"key-value-class-item \" data-gtm-vis-recent-on-screen10487645_102=\"122951\" data-gtm-vis-first-on-screen10487645_102=\"122951\" data-gtm-vis-total-visible-time10487645_102=\"100\" data-gtm-vis-has-fired10487645_102=\"1\">\n<div class=\"key\" data-gtm-vis-recent-on-screen10487645_102=\"122952\" data-gtm-vis-first-on-screen10487645_102=\"122952\" data-gtm-vis-total-visible-time10487645_102=\"100\" data-gtm-vis-has-fired10487645_102=\"1\">Bak\u0131r kablo kesim de\u011feri, \u00e7ok telli \u00d8 15 mm<\/div>\n<\/div>\n<\/div>\n<div class=\"field__item\" data-gtm-vis-recent-on-screen10487645_102=\"123269\" data-gtm-vis-first-on-screen10487645_102=\"123269\" data-gtm-vis-total-visible-time10487645_102=\"100\" data-gtm-vis-has-fired10487645_102=\"1\">\n<div class=\"key-value-class-item \" data-gtm-vis-recent-on-screen10487645_102=\"123271\" data-gtm-vis-first-on-screen10487645_102=\"123271\" data-gtm-vis-total-visible-time10487645_102=\"100\" data-gtm-vis-has-fired10487645_102=\"1\">\n<div class=\"key\" data-gtm-vis-recent-on-screen10487645_102=\"123272\" data-gtm-vis-first-on-screen10487645_102=\"123272\" data-gtm-vis-total-visible-time10487645_102=\"100\" data-gtm-vis-has-fired10487645_102=\"1\">AWG 1 \/ 0<\/div>\n<\/div>\n<\/div>\n<\/div>\n","protected":false},"excerpt":{"rendered":"<ul class=\"product--variation-field--variation_field_product_desc_highlighted__1453 field field--name-field-product-desc-highlighted field--type-text-long field--label-hidden field__items\">\n<li class=\"field__item\">Ezmeden d\u00fcz ve temiz bir \u015fekilde keser<\/li>\n<li class=\"field__item\">Tek elle kullan\u0131mda kolay kesim<\/li>\n<li class=\"field__item\">Ayarlanabilir vidal\u0131 mafsal, kendili\u011finden emniyetlemeli<\/li>\n<li class=\"field__item\">\u00d8 15 mm (50 mm\u00b2) kesite kadar \u00e7ok \u00e7ekirdekli bak\u0131r ve al\u00fcminyum kablolar\u0131 keser<\/li>\n<li class=\"field__item\">\u00c7elik tel ve sert \u00e7ekilmi\u015f bak\u0131r iletkenler i\u00e7in uygun de\u011fildir<\/li>\n<li class=\"field__item\">Hassas ta\u015flanm\u0131\u015f, sertle\u015ftirilmi\u015f kesiciler<\/li>\n<li class=\"field__item\">S\u0131k\u0131\u015fmaya kar\u015f\u0131 korumal\u0131<\/li>\n<li class=\"field__item\">Konforlu saplar ile: optimize edilmi\u015f kullan\u0131m i\u00e7in \u00fc\u00e7 ergonomik bile\u015fenden olu\u015fur ve eklemeler i\u00e7in iki KNIPEXtend arabirimiyle donat\u0131lm\u0131\u015ft\u0131r<\/li>\n<\/ul>\n","protected":false},"featured_media":15754,"template":"","meta":{"_joinchat":[]},"product_brand":[159],"product_cat":[195],"product_tag":[464,573,463,462],"class_list":{"0":"post-15752","1":"product","2":"type-product","3":"status-publish","4":"has-post-thumbnail","6":"product_brand-knipex","7":"product_cat-kablo-ve-tel-kesme-makaslari","8":"product_tag-95-12-165-kablo-makasi","9":"product_tag-knipex-kablo-kesme","10":"product_tag-knipex-95-12-165","11":"product_tag-knipex-95-12-165-kablo-makasi","14":"first","15":"instock","16":"shipping-taxable","17":"product-type-simple"},"yoast_head":"<!-- This site is optimized with the Yoast SEO plugin v27.3 - https:\/\/yoast.com\/product\/yoast-seo-wordpress\/ -->\n<title>Knipex 95 12 165 Kablo Makas\u0131 - El Aleti Sepeti<\/title>\n<meta name=\"description\" content=\"Knipex 95 12 165 \u2014 kablolar\u0131 kolay, temiz ve hassas bi\u00e7imde kesen, ergonomik sapl\u0131, sa\u011flam yap\u0131l\u0131 profesyonel kablo makas\u0131.\" \/>\n<meta name=\"robots\" content=\"index, follow, max-snippet:-1, max-image-preview:large, max-video-preview:-1\" \/>\n<link rel=\"canonical\" href=\"https:\/\/www.elaletisepeti.com\/?product=knipex-95-12-165-kablo-makasi\" \/>\n<meta property=\"og:locale\" content=\"tr_TR\" \/>\n<meta property=\"og:type\" content=\"article\" \/>\n<meta property=\"og:title\" content=\"Knipex 95 12 165 Kablo Makas\u0131 - El Aleti Sepeti\" \/>\n<meta property=\"og:description\" content=\"Knipex 95 12 165 \u2014 kablolar\u0131 kolay, temiz ve hassas bi\u00e7imde kesen, ergonomik sapl\u0131, sa\u011flam yap\u0131l\u0131 profesyonel kablo makas\u0131.\" \/>\n<meta property=\"og:url\" content=\"https:\/\/www.elaletisepeti.com\/?product=knipex-95-12-165-kablo-makasi\" \/>\n<meta property=\"og:site_name\" content=\"El Aleti Sepeti\" \/>\n<meta property=\"article:modified_time\" content=\"2025-11-29T15:44:23+00:00\" \/>\n<meta property=\"og:image\" content=\"https:\/\/www.elaletisepeti.com\/wp-content\/uploads\/2025\/11\/Knipex-95-12-165.jpg\" \/>\n\t<meta property=\"og:image:width\" content=\"1000\" \/>\n\t<meta property=\"og:image:height\" content=\"1000\" \/>\n\t<meta property=\"og:image:type\" content=\"image\/jpeg\" \/>\n<meta name=\"twitter:card\" content=\"summary_large_image\" \/>\n<meta name=\"twitter:label1\" content=\"Tahmini okuma s\u00fcresi\" \/>\n\t<meta name=\"twitter:data1\" content=\"1 dakika\" \/>\n<script type=\"application\/ld+json\" class=\"yoast-schema-graph\">{\"@context\":\"https:\\\/\\\/schema.org\",\"@graph\":[{\"@type\":\"WebPage\",\"@id\":\"https:\\\/\\\/www.elaletisepeti.com\\\/?product=knipex-95-12-165-kablo-makasi\",\"url\":\"https:\\\/\\\/www.elaletisepeti.com\\\/?product=knipex-95-12-165-kablo-makasi\",\"name\":\"Knipex 95 12 165 Kablo Makas\u0131 - El Aleti Sepeti\",\"isPartOf\":{\"@id\":\"https:\\\/\\\/www.elaletisepeti.com\\\/#website\"},\"primaryImageOfPage\":{\"@id\":\"https:\\\/\\\/www.elaletisepeti.com\\\/?product=knipex-95-12-165-kablo-makasi#primaryimage\"},\"image\":{\"@id\":\"https:\\\/\\\/www.elaletisepeti.com\\\/?product=knipex-95-12-165-kablo-makasi#primaryimage\"},\"thumbnailUrl\":\"https:\\\/\\\/www.elaletisepeti.com\\\/wp-content\\\/uploads\\\/2025\\\/11\\\/Knipex-95-12-165.jpg\",\"datePublished\":\"2025-11-12T17:54:43+00:00\",\"dateModified\":\"2025-11-29T15:44:23+00:00\",\"description\":\"Knipex 95 12 165 \u2014 kablolar\u0131 kolay, temiz ve hassas bi\u00e7imde kesen, ergonomik sapl\u0131, sa\u011flam yap\u0131l\u0131 profesyonel kablo makas\u0131.\",\"breadcrumb\":{\"@id\":\"https:\\\/\\\/www.elaletisepeti.com\\\/?product=knipex-95-12-165-kablo-makasi#breadcrumb\"},\"inLanguage\":\"tr\",\"potentialAction\":[{\"@type\":\"ReadAction\",\"target\":[\"https:\\\/\\\/www.elaletisepeti.com\\\/?product=knipex-95-12-165-kablo-makasi\"]}]},{\"@type\":\"ImageObject\",\"inLanguage\":\"tr\",\"@id\":\"https:\\\/\\\/www.elaletisepeti.com\\\/?product=knipex-95-12-165-kablo-makasi#primaryimage\",\"url\":\"https:\\\/\\\/www.elaletisepeti.com\\\/wp-content\\\/uploads\\\/2025\\\/11\\\/Knipex-95-12-165.jpg\",\"contentUrl\":\"https:\\\/\\\/www.elaletisepeti.com\\\/wp-content\\\/uploads\\\/2025\\\/11\\\/Knipex-95-12-165.jpg\",\"width\":1000,\"height\":1000},{\"@type\":\"BreadcrumbList\",\"@id\":\"https:\\\/\\\/www.elaletisepeti.com\\\/?product=knipex-95-12-165-kablo-makasi#breadcrumb\",\"itemListElement\":[{\"@type\":\"ListItem\",\"position\":1,\"name\":\"Anasayfa\",\"item\":\"https:\\\/\\\/www.elaletisepeti.com\\\/\"},{\"@type\":\"ListItem\",\"position\":2,\"name\":\"Shop\",\"item\":\"https:\\\/\\\/www.elaletisepeti.com\\\/?page_id=7\"},{\"@type\":\"ListItem\",\"position\":3,\"name\":\"Knipex 95 12 165 Kablo Makas\u0131\"}]},{\"@type\":\"WebSite\",\"@id\":\"https:\\\/\\\/www.elaletisepeti.com\\\/#website\",\"url\":\"https:\\\/\\\/www.elaletisepeti.com\\\/\",\"name\":\"El Aleti Sepeti\",\"description\":\"El Aletleri, Knipex Pense, Knipex Kerpeten, Knipex Kargaburun,  Kn\u0131pex  Yankeski, Kn\u0131pex Boru Kesme, Knipex Kablo S\u0131y\u0131rma, Knipex  El Aletleri\",\"potentialAction\":[{\"@type\":\"SearchAction\",\"target\":{\"@type\":\"EntryPoint\",\"urlTemplate\":\"https:\\\/\\\/www.elaletisepeti.com\\\/?s={search_term_string}\"},\"query-input\":{\"@type\":\"PropertyValueSpecification\",\"valueRequired\":true,\"valueName\":\"search_term_string\"}}],\"inLanguage\":\"tr\"}]}<\/script>\n<!-- \/ Yoast SEO plugin. -->","yoast_head_json":{"title":"Knipex 95 12 165 Kablo Makas\u0131 - El Aleti Sepeti","description":"Knipex 95 12 165 \u2014 kablolar\u0131 kolay, temiz ve hassas bi\u00e7imde kesen, ergonomik sapl\u0131, sa\u011flam yap\u0131l\u0131 profesyonel kablo makas\u0131.","robots":{"index":"index","follow":"follow","max-snippet":"max-snippet:-1","max-image-preview":"max-image-preview:large","max-video-preview":"max-video-preview:-1"},"canonical":"https:\/\/www.elaletisepeti.com\/?product=knipex-95-12-165-kablo-makasi","og_locale":"tr_TR","og_type":"article","og_title":"Knipex 95 12 165 Kablo Makas\u0131 - El Aleti Sepeti","og_description":"Knipex 95 12 165 \u2014 kablolar\u0131 kolay, temiz ve hassas bi\u00e7imde kesen, ergonomik sapl\u0131, sa\u011flam yap\u0131l\u0131 profesyonel kablo makas\u0131.","og_url":"https:\/\/www.elaletisepeti.com\/?product=knipex-95-12-165-kablo-makasi","og_site_name":"El Aleti Sepeti","article_modified_time":"2025-11-29T15:44:23+00:00","og_image":[{"width":1000,"height":1000,"url":"https:\/\/www.elaletisepeti.com\/wp-content\/uploads\/2025\/11\/Knipex-95-12-165.jpg","type":"image\/jpeg"}],"twitter_card":"summary_large_image","twitter_misc":{"Tahmini okuma s\u00fcresi":"1 dakika"},"schema":{"@context":"https:\/\/schema.org","@graph":[{"@type":"WebPage","@id":"https:\/\/www.elaletisepeti.com\/?product=knipex-95-12-165-kablo-makasi","url":"https:\/\/www.elaletisepeti.com\/?product=knipex-95-12-165-kablo-makasi","name":"Knipex 95 12 165 Kablo Makas\u0131 - El Aleti Sepeti","isPartOf":{"@id":"https:\/\/www.elaletisepeti.com\/#website"},"primaryImageOfPage":{"@id":"https:\/\/www.elaletisepeti.com\/?product=knipex-95-12-165-kablo-makasi#primaryimage"},"image":{"@id":"https:\/\/www.elaletisepeti.com\/?product=knipex-95-12-165-kablo-makasi#primaryimage"},"thumbnailUrl":"https:\/\/www.elaletisepeti.com\/wp-content\/uploads\/2025\/11\/Knipex-95-12-165.jpg","datePublished":"2025-11-12T17:54:43+00:00","dateModified":"2025-11-29T15:44:23+00:00","description":"Knipex 95 12 165 \u2014 kablolar\u0131 kolay, temiz ve hassas bi\u00e7imde kesen, ergonomik sapl\u0131, sa\u011flam yap\u0131l\u0131 profesyonel kablo makas\u0131.","breadcrumb":{"@id":"https:\/\/www.elaletisepeti.com\/?product=knipex-95-12-165-kablo-makasi#breadcrumb"},"inLanguage":"tr","potentialAction":[{"@type":"ReadAction","target":["https:\/\/www.elaletisepeti.com\/?product=knipex-95-12-165-kablo-makasi"]}]},{"@type":"ImageObject","inLanguage":"tr","@id":"https:\/\/www.elaletisepeti.com\/?product=knipex-95-12-165-kablo-makasi#primaryimage","url":"https:\/\/www.elaletisepeti.com\/wp-content\/uploads\/2025\/11\/Knipex-95-12-165.jpg","contentUrl":"https:\/\/www.elaletisepeti.com\/wp-content\/uploads\/2025\/11\/Knipex-95-12-165.jpg","width":1000,"height":1000},{"@type":"BreadcrumbList","@id":"https:\/\/www.elaletisepeti.com\/?product=knipex-95-12-165-kablo-makasi#breadcrumb","itemListElement":[{"@type":"ListItem","position":1,"name":"Anasayfa","item":"https:\/\/www.elaletisepeti.com\/"},{"@type":"ListItem","position":2,"name":"Shop","item":"https:\/\/www.elaletisepeti.com\/?page_id=7"},{"@type":"ListItem","position":3,"name":"Knipex 95 12 165 Kablo Makas\u0131"}]},{"@type":"WebSite","@id":"https:\/\/www.elaletisepeti.com\/#website","url":"https:\/\/www.elaletisepeti.com\/","name":"El Aleti Sepeti","description":"El Aletleri, Knipex Pense, Knipex Kerpeten, Knipex Kargaburun,  Kn\u0131pex  Yankeski, Kn\u0131pex Boru Kesme, Knipex Kablo S\u0131y\u0131rma, Knipex  El Aletleri","potentialAction":[{"@type":"SearchAction","target":{"@type":"EntryPoint","urlTemplate":"https:\/\/www.elaletisepeti.com\/?s={search_term_string}"},"query-input":{"@type":"PropertyValueSpecification","valueRequired":true,"valueName":"search_term_string"}}],"inLanguage":"tr"}]}},"_links":{"self":[{"href":"https:\/\/www.elaletisepeti.com\/index.php?rest_route=\/wp\/v2\/product\/15752","targetHints":{"allow":["GET"]}}],"collection":[{"href":"https:\/\/www.elaletisepeti.com\/index.php?rest_route=\/wp\/v2\/product"}],"about":[{"href":"https:\/\/www.elaletisepeti.com\/index.php?rest_route=\/wp\/v2\/types\/product"}],"wp:featuredmedia":[{"embeddable":true,"href":"https:\/\/www.elaletisepeti.com\/index.php?rest_route=\/wp\/v2\/media\/15754"}],"wp:attachment":[{"href":"https:\/\/www.elaletisepeti.com\/index.php?rest_route=%2Fwp%2Fv2%2Fmedia&parent=15752"}],"wp:term":[{"taxonomy":"product_brand","embeddable":true,"href":"https:\/\/www.elaletisepeti.com\/index.php?rest_route=%2Fwp%2Fv2%2Fproduct_brand&post=15752"},{"taxonomy":"product_cat","embeddable":true,"href":"https:\/\/www.elaletisepeti.com\/index.php?rest_route=%2Fwp%2Fv2%2Fproduct_cat&post=15752"},{"taxonomy":"product_tag","embeddable":true,"href":"https:\/\/www.elaletisepeti.com\/index.php?rest_route=%2Fwp%2Fv2%2Fproduct_tag&post=15752"}],"curies":[{"name":"wp","href":"https:\/\/api.w.org\/{rel}","templated":true}]}}