{"id":15428,"date":"2025-11-08T07:38:36","date_gmt":"2025-11-08T07:38:36","guid":{"rendered":"https:\/\/www.elaletisepeti.com\/?post_type=product&#038;p=15428"},"modified":"2025-11-29T15:14:05","modified_gmt":"2025-11-29T15:14:05","slug":"knipex-90-25-25-bilesik-ve-plastik-borular-icin","status":"publish","type":"product","link":"https:\/\/www.elaletisepeti.com\/?product=knipex-90-25-25-bilesik-ve-plastik-borular-icin","title":{"rendered":"Knipex 90 25 25 Bile\u015fik ve Plastik Borular \u0130\u00e7in"},"content":{"rendered":"<p><strong>Knipex 90 25 25 Rohrschneider Bile\u015fik ve Plastik Borular \u0130\u00e7in<\/strong><\/p>\n<div class=\"field__item\" data-gtm-vis-first-on-screen10487645_102=\"21544\" data-gtm-vis-total-visible-time10487645_102=\"100\" data-gtm-vis-has-fired10487645_102=\"1\">\n<div class=\"key-value-class-item \" data-gtm-vis-first-on-screen10487645_102=\"21545\" data-gtm-vis-total-visible-time10487645_102=\"100\" data-gtm-vis-has-fired10487645_102=\"1\">\n<div class=\"key\" data-gtm-vis-first-on-screen10487645_102=\"21547\" data-gtm-vis-total-visible-time10487645_102=\"100\" data-gtm-vis-has-fired10487645_102=\"1\">Kod:\u00a0 90 25 25<\/div>\n<\/div>\n<\/div>\n<div class=\"field__item\" data-gtm-vis-first-on-screen10487645_102=\"21557\" data-gtm-vis-total-visible-time10487645_102=\"100\" data-gtm-vis-has-fired10487645_102=\"1\">\n<div class=\"key-value-class-item \" data-gtm-vis-first-on-screen10487645_102=\"21559\" data-gtm-vis-total-visible-time10487645_102=\"100\" data-gtm-vis-has-fired10487645_102=\"1\">\n<div class=\"key\" data-gtm-vis-first-on-screen10487645_102=\"21559\" data-gtm-vis-total-visible-time10487645_102=\"100\" data-gtm-vis-has-fired10487645_102=\"1\">EAN 4003773088714<\/div>\n<\/div>\n<\/div>\n<div class=\"field__item\" data-gtm-vis-first-on-screen10487645_102=\"21591\" data-gtm-vis-total-visible-time10487645_102=\"100\" data-gtm-vis-has-fired10487645_102=\"1\">\n<div class=\"key-value-class-item \" data-gtm-vis-first-on-screen10487645_102=\"21593\" data-gtm-vis-total-visible-time10487645_102=\"100\" data-gtm-vis-has-fired10487645_102=\"1\">\n<div class=\"key\" data-gtm-vis-first-on-screen10487645_102=\"21594\" data-gtm-vis-total-visible-time10487645_102=\"100\" data-gtm-vis-has-fired10487645_102=\"1\">Pense Krom kaplama<\/div>\n<\/div>\n<\/div>\n<div class=\"field__item\" data-gtm-vis-first-on-screen10487645_102=\"21686\" data-gtm-vis-total-visible-time10487645_102=\"100\" data-gtm-vis-has-fired10487645_102=\"1\">\n<div class=\"key-value-class-item \" data-gtm-vis-first-on-screen10487645_102=\"21688\" data-gtm-vis-total-visible-time10487645_102=\"100\" data-gtm-vis-has-fired10487645_102=\"1\">\n<div class=\"key\" data-gtm-vis-first-on-screen10487645_102=\"21689\" data-gtm-vis-total-visible-time10487645_102=\"100\" data-gtm-vis-has-fired10487645_102=\"1\">Kollar \u00c7ok Bile\u015fenli Tutacaklarla<\/div>\n<\/div>\n<\/div>\n<div class=\"field__item\" data-gtm-vis-first-on-screen10487645_102=\"21744\" data-gtm-vis-total-visible-time10487645_102=\"100\" data-gtm-vis-has-fired10487645_102=\"1\">\n<div class=\"key-value-class-item \" data-gtm-vis-first-on-screen10487645_102=\"21745\" data-gtm-vis-total-visible-time10487645_102=\"100\" data-gtm-vis-has-fired10487645_102=\"1\">\n<div class=\"key\" data-gtm-vis-first-on-screen10487645_102=\"21746\" data-gtm-vis-total-visible-time10487645_102=\"100\" data-gtm-vis-has-fired10487645_102=\"1\">A\u011f\u0131rl\u0131k 391 g<\/div>\n<\/div>\n<\/div>\n<div class=\"field__item\" data-gtm-vis-first-on-screen10487645_102=\"21759\" data-gtm-vis-total-visible-time10487645_102=\"100\" data-gtm-vis-has-fired10487645_102=\"1\">\n<div class=\"key-value-class-item \" data-gtm-vis-first-on-screen10487645_102=\"21760\" data-gtm-vis-total-visible-time10487645_102=\"100\" data-gtm-vis-has-fired10487645_102=\"1\">\n<div class=\"key\" data-gtm-vis-first-on-screen10487645_102=\"21760\" data-gtm-vis-total-visible-time10487645_102=\"100\" data-gtm-vis-has-fired10487645_102=\"1\">\u00d6l\u00e7\u00fcleri 210 x 81 x 38 mm<\/div>\n<\/div>\n<\/div>\n<div class=\"field__item\" data-gtm-vis-first-on-screen10487645_102=\"21793\" data-gtm-vis-total-visible-time10487645_102=\"100\" data-gtm-vis-has-fired10487645_102=\"1\">\n<div class=\"key-value-class-item \" data-gtm-vis-first-on-screen10487645_102=\"21795\" data-gtm-vis-total-visible-time10487645_102=\"100\" data-gtm-vis-has-fired10487645_102=\"1\">\n<div class=\"key\" data-gtm-vis-first-on-screen10487645_102=\"21795\" data-gtm-vis-total-visible-time10487645_102=\"100\" data-gtm-vis-has-fired10487645_102=\"1\">REACH Uyumlu SVHC \u0130\u00e7ermiyor<\/div>\n<\/div>\n<\/div>\n<div class=\"field__item\" data-gtm-vis-first-on-screen10487645_102=\"21824\" data-gtm-vis-total-visible-time10487645_102=\"100\" data-gtm-vis-has-fired10487645_102=\"1\">\n<div class=\"key-value-class-item \" data-gtm-vis-first-on-screen10487645_102=\"21825\" data-gtm-vis-total-visible-time10487645_102=\"100\" data-gtm-vis-has-fired10487645_102=\"1\">\n<div class=\"key\" data-gtm-vis-first-on-screen10487645_102=\"21826\" data-gtm-vis-total-visible-time10487645_102=\"100\" data-gtm-vis-has-fired10487645_102=\"1\">ROHS Uyumlu Uygulanamaz<\/div>\n<\/div>\n<\/div>\n","protected":false},"excerpt":{"rendered":"<ul class=\"product--variation-field--variation_field_product_desc_highlighted__29592 field field--name-field-product-desc-highlighted field--type-text-long field--label-hidden field__items\">\n<li class=\"field__item\">%60&#8217;a kadar daha az \u00e7aba: Serbest d\u00f6ner kesme \u00e7ark\u0131, borunun kesim s\u0131ras\u0131nda minimum s\u00fcrt\u00fcnmeyle d\u00f6nd\u00fcr\u00fclmesini sa\u011flar<\/li>\n<li class=\"field__item\">Optimum kesin sonu\u00e7lar\u0131: S\u00f6ner mekanizma kesme \u00e7ark\u0131n\u0131n minimum deformasyonla boruya zahmetsizce n\u00fcfuz etmesini sa\u011flar<\/li>\n<li class=\"field__item\">Geni\u015f plastik destekler m\u00fckemmel dik kesimler sa\u011flar<\/li>\n<li class=\"field__item\">Al\u00fcminyum kompozit ve plastik sevk borular\u0131n\u0131 sabit b\u0131\u00e7akl\u0131 klasik makaslara k\u0131yasla \u00e7ok daha kolay keser<\/li>\n<li class=\"field__item\">Ayr\u0131ca art\u0131r\u0131lm\u0131\u015f al\u00fcminyum katman kal\u0131nl\u0131\u011f\u0131na sahip kompozit borular (\u00f6rn, Geberit Mepla) i\u00e7in de uygundur<\/li>\n<li class=\"field__item\">\u00d8 26 mm&#8217;ye kadar kompozit ve plastik borular\u0131 kesmek i\u00e7in<\/li>\n<li class=\"field__item\">\u00c7ok k\u0131sa d\u00fczelme b\u00f6l\u00fcmlerine olanak verir<\/li>\n<li class=\"field__item\">G\u00fcvenli ta\u015f\u0131ma i\u00e7in kilitleme mekanizmas\u0131yla<\/li>\n<li class=\"field__item\">Ergonomik \u00e7ok komponentli saplara sahip<\/li>\n<li class=\"field__item\">Yedek kesme b\u0131\u00e7a\u011f\u0131 mevcuttur (90 25 25 E01)<\/li>\n<\/ul>\n","protected":false},"featured_media":15430,"template":"","meta":{"_joinchat":[]},"product_brand":[159],"product_cat":[178],"product_tag":[384,383,382,403],"class_list":{"0":"post-15428","1":"product","2":"type-product","3":"status-publish","4":"has-post-thumbnail","6":"product_brand-knipex","7":"product_cat-boru-makasi","8":"product_tag-90-25-25-bilesik-ve-plastik-borular-icin","9":"product_tag-knipex-90-25-25","10":"product_tag-knipex-90-25-25-bilesik-ve-plastik-borular-icin","11":"product_tag-knipex-boru-kesici","14":"first","15":"instock","16":"shipping-taxable","17":"product-type-simple"},"yoast_head":"<!-- This site is optimized with the Yoast SEO plugin v27.3 - https:\/\/yoast.com\/product\/yoast-seo-wordpress\/ -->\n<title>Knipex 90 25 25 Bile\u015fik ve Plastik Borular \u0130\u00e7in - El Aleti Sepeti<\/title>\n<meta name=\"description\" content=\"Knipex 90 25 25 \u2014 bile\u015fik ve plastik borular\u0131 h\u0131zl\u0131, hassas ve temiz kesimle i\u015fleyen, kompakt, ergonomik sapl\u0131, dayan\u0131kl\u0131, profesyonel s\u0131n\u0131f boru kesici.!!\" \/>\n<meta name=\"robots\" content=\"index, follow, max-snippet:-1, max-image-preview:large, max-video-preview:-1\" \/>\n<link rel=\"canonical\" href=\"https:\/\/www.elaletisepeti.com\/?product=knipex-90-25-25-bilesik-ve-plastik-borular-icin\" \/>\n<meta property=\"og:locale\" content=\"tr_TR\" \/>\n<meta property=\"og:type\" content=\"article\" \/>\n<meta property=\"og:title\" content=\"Knipex 90 25 25 Bile\u015fik ve Plastik Borular \u0130\u00e7in - El Aleti Sepeti\" \/>\n<meta property=\"og:description\" content=\"Knipex 90 25 25 \u2014 bile\u015fik ve plastik borular\u0131 h\u0131zl\u0131, hassas ve temiz kesimle i\u015fleyen, kompakt, ergonomik sapl\u0131, dayan\u0131kl\u0131, profesyonel s\u0131n\u0131f boru kesici.!!\" \/>\n<meta property=\"og:url\" content=\"https:\/\/www.elaletisepeti.com\/?product=knipex-90-25-25-bilesik-ve-plastik-borular-icin\" \/>\n<meta property=\"og:site_name\" content=\"El Aleti Sepeti\" \/>\n<meta property=\"article:modified_time\" content=\"2025-11-29T15:14:05+00:00\" \/>\n<meta property=\"og:image\" content=\"https:\/\/www.elaletisepeti.com\/wp-content\/uploads\/2025\/11\/Knipex-90-25-25.jpg\" \/>\n\t<meta property=\"og:image:width\" content=\"1000\" \/>\n\t<meta property=\"og:image:height\" content=\"1000\" \/>\n\t<meta property=\"og:image:type\" content=\"image\/jpeg\" \/>\n<meta name=\"twitter:card\" content=\"summary_large_image\" \/>\n<meta name=\"twitter:label1\" content=\"Tahmini okuma s\u00fcresi\" \/>\n\t<meta name=\"twitter:data1\" content=\"1 dakika\" \/>\n<script type=\"application\/ld+json\" class=\"yoast-schema-graph\">{\"@context\":\"https:\\\/\\\/schema.org\",\"@graph\":[{\"@type\":\"WebPage\",\"@id\":\"https:\\\/\\\/www.elaletisepeti.com\\\/?product=knipex-90-25-25-bilesik-ve-plastik-borular-icin\",\"url\":\"https:\\\/\\\/www.elaletisepeti.com\\\/?product=knipex-90-25-25-bilesik-ve-plastik-borular-icin\",\"name\":\"Knipex 90 25 25 Bile\u015fik ve Plastik Borular \u0130\u00e7in - El Aleti Sepeti\",\"isPartOf\":{\"@id\":\"https:\\\/\\\/www.elaletisepeti.com\\\/#website\"},\"primaryImageOfPage\":{\"@id\":\"https:\\\/\\\/www.elaletisepeti.com\\\/?product=knipex-90-25-25-bilesik-ve-plastik-borular-icin#primaryimage\"},\"image\":{\"@id\":\"https:\\\/\\\/www.elaletisepeti.com\\\/?product=knipex-90-25-25-bilesik-ve-plastik-borular-icin#primaryimage\"},\"thumbnailUrl\":\"https:\\\/\\\/www.elaletisepeti.com\\\/wp-content\\\/uploads\\\/2025\\\/11\\\/Knipex-90-25-25.jpg\",\"datePublished\":\"2025-11-08T07:38:36+00:00\",\"dateModified\":\"2025-11-29T15:14:05+00:00\",\"description\":\"Knipex 90 25 25 \u2014 bile\u015fik ve plastik borular\u0131 h\u0131zl\u0131, hassas ve temiz kesimle i\u015fleyen, kompakt, ergonomik sapl\u0131, dayan\u0131kl\u0131, profesyonel s\u0131n\u0131f boru kesici.!!\",\"breadcrumb\":{\"@id\":\"https:\\\/\\\/www.elaletisepeti.com\\\/?product=knipex-90-25-25-bilesik-ve-plastik-borular-icin#breadcrumb\"},\"inLanguage\":\"tr\",\"potentialAction\":[{\"@type\":\"ReadAction\",\"target\":[\"https:\\\/\\\/www.elaletisepeti.com\\\/?product=knipex-90-25-25-bilesik-ve-plastik-borular-icin\"]}]},{\"@type\":\"ImageObject\",\"inLanguage\":\"tr\",\"@id\":\"https:\\\/\\\/www.elaletisepeti.com\\\/?product=knipex-90-25-25-bilesik-ve-plastik-borular-icin#primaryimage\",\"url\":\"https:\\\/\\\/www.elaletisepeti.com\\\/wp-content\\\/uploads\\\/2025\\\/11\\\/Knipex-90-25-25.jpg\",\"contentUrl\":\"https:\\\/\\\/www.elaletisepeti.com\\\/wp-content\\\/uploads\\\/2025\\\/11\\\/Knipex-90-25-25.jpg\",\"width\":1000,\"height\":1000},{\"@type\":\"BreadcrumbList\",\"@id\":\"https:\\\/\\\/www.elaletisepeti.com\\\/?product=knipex-90-25-25-bilesik-ve-plastik-borular-icin#breadcrumb\",\"itemListElement\":[{\"@type\":\"ListItem\",\"position\":1,\"name\":\"Anasayfa\",\"item\":\"https:\\\/\\\/www.elaletisepeti.com\\\/\"},{\"@type\":\"ListItem\",\"position\":2,\"name\":\"Shop\",\"item\":\"https:\\\/\\\/www.elaletisepeti.com\\\/?page_id=7\"},{\"@type\":\"ListItem\",\"position\":3,\"name\":\"Knipex 90 25 25 Bile\u015fik ve Plastik Borular \u0130\u00e7in\"}]},{\"@type\":\"WebSite\",\"@id\":\"https:\\\/\\\/www.elaletisepeti.com\\\/#website\",\"url\":\"https:\\\/\\\/www.elaletisepeti.com\\\/\",\"name\":\"El Aleti Sepeti\",\"description\":\"El Aletleri, Knipex Pense, Knipex Kerpeten, Knipex Kargaburun,  Kn\u0131pex  Yankeski, Kn\u0131pex Boru Kesme, Knipex Kablo S\u0131y\u0131rma, Knipex  El Aletleri\",\"potentialAction\":[{\"@type\":\"SearchAction\",\"target\":{\"@type\":\"EntryPoint\",\"urlTemplate\":\"https:\\\/\\\/www.elaletisepeti.com\\\/?s={search_term_string}\"},\"query-input\":{\"@type\":\"PropertyValueSpecification\",\"valueRequired\":true,\"valueName\":\"search_term_string\"}}],\"inLanguage\":\"tr\"}]}<\/script>\n<!-- \/ Yoast SEO plugin. -->","yoast_head_json":{"title":"Knipex 90 25 25 Bile\u015fik ve Plastik Borular \u0130\u00e7in - El Aleti Sepeti","description":"Knipex 90 25 25 \u2014 bile\u015fik ve plastik borular\u0131 h\u0131zl\u0131, hassas ve temiz kesimle i\u015fleyen, kompakt, ergonomik sapl\u0131, dayan\u0131kl\u0131, profesyonel s\u0131n\u0131f boru kesici.!!","robots":{"index":"index","follow":"follow","max-snippet":"max-snippet:-1","max-image-preview":"max-image-preview:large","max-video-preview":"max-video-preview:-1"},"canonical":"https:\/\/www.elaletisepeti.com\/?product=knipex-90-25-25-bilesik-ve-plastik-borular-icin","og_locale":"tr_TR","og_type":"article","og_title":"Knipex 90 25 25 Bile\u015fik ve Plastik Borular \u0130\u00e7in - El Aleti Sepeti","og_description":"Knipex 90 25 25 \u2014 bile\u015fik ve plastik borular\u0131 h\u0131zl\u0131, hassas ve temiz kesimle i\u015fleyen, kompakt, ergonomik sapl\u0131, dayan\u0131kl\u0131, profesyonel s\u0131n\u0131f boru kesici.!!","og_url":"https:\/\/www.elaletisepeti.com\/?product=knipex-90-25-25-bilesik-ve-plastik-borular-icin","og_site_name":"El Aleti Sepeti","article_modified_time":"2025-11-29T15:14:05+00:00","og_image":[{"width":1000,"height":1000,"url":"https:\/\/www.elaletisepeti.com\/wp-content\/uploads\/2025\/11\/Knipex-90-25-25.jpg","type":"image\/jpeg"}],"twitter_card":"summary_large_image","twitter_misc":{"Tahmini okuma s\u00fcresi":"1 dakika"},"schema":{"@context":"https:\/\/schema.org","@graph":[{"@type":"WebPage","@id":"https:\/\/www.elaletisepeti.com\/?product=knipex-90-25-25-bilesik-ve-plastik-borular-icin","url":"https:\/\/www.elaletisepeti.com\/?product=knipex-90-25-25-bilesik-ve-plastik-borular-icin","name":"Knipex 90 25 25 Bile\u015fik ve Plastik Borular \u0130\u00e7in - El Aleti Sepeti","isPartOf":{"@id":"https:\/\/www.elaletisepeti.com\/#website"},"primaryImageOfPage":{"@id":"https:\/\/www.elaletisepeti.com\/?product=knipex-90-25-25-bilesik-ve-plastik-borular-icin#primaryimage"},"image":{"@id":"https:\/\/www.elaletisepeti.com\/?product=knipex-90-25-25-bilesik-ve-plastik-borular-icin#primaryimage"},"thumbnailUrl":"https:\/\/www.elaletisepeti.com\/wp-content\/uploads\/2025\/11\/Knipex-90-25-25.jpg","datePublished":"2025-11-08T07:38:36+00:00","dateModified":"2025-11-29T15:14:05+00:00","description":"Knipex 90 25 25 \u2014 bile\u015fik ve plastik borular\u0131 h\u0131zl\u0131, hassas ve temiz kesimle i\u015fleyen, kompakt, ergonomik sapl\u0131, dayan\u0131kl\u0131, profesyonel s\u0131n\u0131f boru kesici.!!","breadcrumb":{"@id":"https:\/\/www.elaletisepeti.com\/?product=knipex-90-25-25-bilesik-ve-plastik-borular-icin#breadcrumb"},"inLanguage":"tr","potentialAction":[{"@type":"ReadAction","target":["https:\/\/www.elaletisepeti.com\/?product=knipex-90-25-25-bilesik-ve-plastik-borular-icin"]}]},{"@type":"ImageObject","inLanguage":"tr","@id":"https:\/\/www.elaletisepeti.com\/?product=knipex-90-25-25-bilesik-ve-plastik-borular-icin#primaryimage","url":"https:\/\/www.elaletisepeti.com\/wp-content\/uploads\/2025\/11\/Knipex-90-25-25.jpg","contentUrl":"https:\/\/www.elaletisepeti.com\/wp-content\/uploads\/2025\/11\/Knipex-90-25-25.jpg","width":1000,"height":1000},{"@type":"BreadcrumbList","@id":"https:\/\/www.elaletisepeti.com\/?product=knipex-90-25-25-bilesik-ve-plastik-borular-icin#breadcrumb","itemListElement":[{"@type":"ListItem","position":1,"name":"Anasayfa","item":"https:\/\/www.elaletisepeti.com\/"},{"@type":"ListItem","position":2,"name":"Shop","item":"https:\/\/www.elaletisepeti.com\/?page_id=7"},{"@type":"ListItem","position":3,"name":"Knipex 90 25 25 Bile\u015fik ve Plastik Borular \u0130\u00e7in"}]},{"@type":"WebSite","@id":"https:\/\/www.elaletisepeti.com\/#website","url":"https:\/\/www.elaletisepeti.com\/","name":"El Aleti Sepeti","description":"El Aletleri, Knipex Pense, Knipex Kerpeten, Knipex Kargaburun,  Kn\u0131pex  Yankeski, Kn\u0131pex Boru Kesme, Knipex Kablo S\u0131y\u0131rma, Knipex  El Aletleri","potentialAction":[{"@type":"SearchAction","target":{"@type":"EntryPoint","urlTemplate":"https:\/\/www.elaletisepeti.com\/?s={search_term_string}"},"query-input":{"@type":"PropertyValueSpecification","valueRequired":true,"valueName":"search_term_string"}}],"inLanguage":"tr"}]}},"_links":{"self":[{"href":"https:\/\/www.elaletisepeti.com\/index.php?rest_route=\/wp\/v2\/product\/15428","targetHints":{"allow":["GET"]}}],"collection":[{"href":"https:\/\/www.elaletisepeti.com\/index.php?rest_route=\/wp\/v2\/product"}],"about":[{"href":"https:\/\/www.elaletisepeti.com\/index.php?rest_route=\/wp\/v2\/types\/product"}],"wp:featuredmedia":[{"embeddable":true,"href":"https:\/\/www.elaletisepeti.com\/index.php?rest_route=\/wp\/v2\/media\/15430"}],"wp:attachment":[{"href":"https:\/\/www.elaletisepeti.com\/index.php?rest_route=%2Fwp%2Fv2%2Fmedia&parent=15428"}],"wp:term":[{"taxonomy":"product_brand","embeddable":true,"href":"https:\/\/www.elaletisepeti.com\/index.php?rest_route=%2Fwp%2Fv2%2Fproduct_brand&post=15428"},{"taxonomy":"product_cat","embeddable":true,"href":"https:\/\/www.elaletisepeti.com\/index.php?rest_route=%2Fwp%2Fv2%2Fproduct_cat&post=15428"},{"taxonomy":"product_tag","embeddable":true,"href":"https:\/\/www.elaletisepeti.com\/index.php?rest_route=%2Fwp%2Fv2%2Fproduct_tag&post=15428"}],"curies":[{"name":"wp","href":"https:\/\/api.w.org\/{rel}","templated":true}]}}