{"id":15333,"date":"2025-11-06T18:06:01","date_gmt":"2025-11-06T18:06:01","guid":{"rendered":"https:\/\/www.elaletisepeti.com\/?post_type=product&#038;p=15333"},"modified":"2025-11-29T15:17:18","modified_gmt":"2025-11-29T15:17:18","slug":"knipex-90-22-02-sb-spiral-boru-kesici","status":"publish","type":"product","link":"https:\/\/www.elaletisepeti.com\/?product=knipex-90-22-02-sb-spiral-boru-kesici","title":{"rendered":"Knipex 90 22 02 SB Spiral Boru Kesici"},"content":{"rendered":"<p><strong>Knipex 90 22 02 SB KNIPEX TwistCut\u00ae Spiral boru kesici<\/strong><\/p>\n<div class=\"product--variation-field--variation_field_general_section__29591 field field--name-field-general-section field--type-key-value-class-field-type field--label-hidden field__items\" data-gtm-vis-first-on-screen10487645_102=\"112808\" data-gtm-vis-total-visible-time10487645_102=\"100\" data-gtm-vis-has-fired10487645_102=\"1\">\n<div class=\"field__item\" data-gtm-vis-first-on-screen10487645_102=\"112756\" data-gtm-vis-total-visible-time10487645_102=\"100\" data-gtm-vis-has-fired10487645_102=\"1\">\n<div class=\"key-value-class-item \" data-gtm-vis-first-on-screen10487645_102=\"112757\" data-gtm-vis-total-visible-time10487645_102=\"100\" data-gtm-vis-has-fired10487645_102=\"1\">\n<div class=\"key\" data-gtm-vis-first-on-screen10487645_102=\"112758\" data-gtm-vis-total-visible-time10487645_102=\"100\" data-gtm-vis-has-fired10487645_102=\"1\">Kod: 90 22 02 SB<\/div>\n<\/div>\n<\/div>\n<div class=\"field__item\" data-gtm-vis-first-on-screen10487645_102=\"112772\" data-gtm-vis-total-visible-time10487645_102=\"100\" data-gtm-vis-has-fired10487645_102=\"1\">\n<div class=\"key-value-class-item \" data-gtm-vis-first-on-screen10487645_102=\"112773\" data-gtm-vis-total-visible-time10487645_102=\"100\" data-gtm-vis-has-fired10487645_102=\"1\">\n<div class=\"key\" data-gtm-vis-first-on-screen10487645_102=\"112773\" data-gtm-vis-total-visible-time10487645_102=\"100\" data-gtm-vis-has-fired10487645_102=\"1\">EAN 4003773082293<\/div>\n<\/div>\n<\/div>\n<div class=\"field__item\" data-gtm-vis-first-on-screen10487645_102=\"112825\" data-gtm-vis-total-visible-time10487645_102=\"100\" data-gtm-vis-has-fired10487645_102=\"1\">\n<div class=\"key-value-class-item \" data-gtm-vis-first-on-screen10487645_102=\"112826\" data-gtm-vis-total-visible-time10487645_102=\"100\" data-gtm-vis-has-fired10487645_102=\"1\">\n<div class=\"key\" data-gtm-vis-first-on-screen10487645_102=\"112827\" data-gtm-vis-total-visible-time10487645_102=\"100\" data-gtm-vis-has-fired10487645_102=\"1\">A\u011f\u0131rl\u0131k 47 g<\/div>\n<\/div>\n<\/div>\n<div class=\"field__item\" data-gtm-vis-recent-on-screen10487645_102=\"567332\" data-gtm-vis-first-on-screen10487645_102=\"567332\" data-gtm-vis-total-visible-time10487645_102=\"100\" data-gtm-vis-has-fired10487645_102=\"1\">\n<div class=\"key-value-class-item \" data-gtm-vis-recent-on-screen10487645_102=\"567333\" data-gtm-vis-first-on-screen10487645_102=\"567333\" data-gtm-vis-total-visible-time10487645_102=\"100\" data-gtm-vis-has-fired10487645_102=\"1\">\n<div class=\"key\" data-gtm-vis-recent-on-screen10487645_102=\"567334\" data-gtm-vis-first-on-screen10487645_102=\"567334\" data-gtm-vis-total-visible-time10487645_102=\"100\" data-gtm-vis-has-fired10487645_102=\"1\">\u00d6l\u00e7\u00fcleri 100 x 86 x 38 mm<\/div>\n<\/div>\n<\/div>\n<div class=\"field__item\" data-gtm-vis-polling-id10487645_102=\"1561\">ROHS Uyumlu Uygulanamaz<\/div>\n<\/div>\n<div class=\"product--variation-field--variation_field_technical_section__29591 field field--name-field-technical-section field--type-key-value-class-field-type field--label-hidden field__items\" data-gtm-vis-recent-on-screen10487645_102=\"567362\" data-gtm-vis-first-on-screen10487645_102=\"567362\" data-gtm-vis-total-visible-time10487645_102=\"100\" data-gtm-vis-has-fired10487645_102=\"1\">\n<div class=\"field__item\" data-gtm-vis-recent-on-screen10487645_102=\"567344\" data-gtm-vis-first-on-screen10487645_102=\"567344\" data-gtm-vis-total-visible-time10487645_102=\"100\" data-gtm-vis-has-fired10487645_102=\"1\">\n<div class=\"key-value-class-item \" data-gtm-vis-recent-on-screen10487645_102=\"567344\" data-gtm-vis-first-on-screen10487645_102=\"567344\" data-gtm-vis-total-visible-time10487645_102=\"100\" data-gtm-vis-has-fired10487645_102=\"1\">\n<div class=\"key\" data-gtm-vis-recent-on-screen10487645_102=\"567344\" data-gtm-vis-first-on-screen10487645_102=\"567344\" data-gtm-vis-total-visible-time10487645_102=\"100\" data-gtm-vis-has-fired10487645_102=\"1\">Kesme Kapasiteleri (\u00e7ap) \u00d8 13 &#8211; 32 mm<\/div>\n<\/div>\n<\/div>\n<div class=\"field__item\" data-gtm-vis-recent-on-screen10487645_102=\"567363\" data-gtm-vis-first-on-screen10487645_102=\"567363\" data-gtm-vis-total-visible-time10487645_102=\"100\" data-gtm-vis-has-fired10487645_102=\"1\">\n<div class=\"key-value-class-item \" data-gtm-vis-recent-on-screen10487645_102=\"567363\" data-gtm-vis-first-on-screen10487645_102=\"567363\" data-gtm-vis-total-visible-time10487645_102=\"100\" data-gtm-vis-has-fired10487645_102=\"1\">\n<div class=\"key\" data-gtm-vis-recent-on-screen10487645_102=\"567364\" data-gtm-vis-first-on-screen10487645_102=\"567364\" data-gtm-vis-total-visible-time10487645_102=\"100\" data-gtm-vis-has-fired10487645_102=\"1\">Kablo ve tel s\u0131y\u0131rma de\u011feri 04 mm\u00b2<\/div>\n<\/div>\n<\/div>\n<\/div>\n","protected":false},"excerpt":{"rendered":"<ul class=\"product--variation-field--variation_field_product_desc_highlighted__29591 field field--name-field-product-desc-highlighted field--type-text-long field--label-hidden field__items\">\n<li class=\"field__item\">\u00c7aplar\u0131 \u00d8 13 ila 32 mm aras\u0131nda olan spiral plastik borular\u0131 h\u0131zl\u0131 ve g\u00fcvenli kesme<\/li>\n<li class=\"field__item\">2,7 mm&#8217;ye kadar s\u0131rt geni\u015fli\u011finde oluklu plastik borular i\u00e7in<\/li>\n<li class=\"field__item\">\u0130\u00e7 taraftaki kablo veya borulara zarar verilmez<\/li>\n<li class=\"field__item\">\u00a0Yumu\u015fak, esnek plastik oluklu borular\u0131 ay\u0131r\u0131n: Oluklu borunun deforme olmamas\u0131 i\u00e7in keserken TwistCut\u00ae \u00fczerine \u00e7ok az bask\u0131 uygulay\u0131n<\/li>\n<li class=\"field__item\">Kolayca yerle\u015ftirme, art\u0131k par\u00e7a kalmadan g\u00fcvenli ve kolay kesim<\/li>\n<li class=\"field__item\">Yan k\u0131lavuzlu, e\u015fsiz b\u0131\u00e7ak d\u00fczenlemesi sayesinde i\u015f par\u00e7as\u0131na zarar verilmeden hassas kesim<\/li>\n<\/ul>\n<ul class=\"product--variation-field--variation_field_product_description__29591 field field--name-field-product-description field--type-text-long field--label-hidden field__items\">\n<li class=\"field__item\">Zarif geometrisi sayesinde iyi eri\u015filebilirlik<\/li>\n<li class=\"field__item\">0,2 \/ 0,3 \/ 0,8 \/ 1,5 \/ 2,5 \/ 4,0 mm\u00b2 kesitler i\u00e7in s\u0131y\u0131rma b\u0131\u00e7akl\u0131<\/li>\n<li class=\"field__item\">Kabloyu h\u0131zl\u0131 \u015fekilde yerle\u015ftirmek i\u00e7in 1,5 ve 2,5 mm\u00b2 kesitli kablolar\u0131n izolasyonunu s\u0131y\u0131rmak \u00e7in patent ba\u015fvurulu pozisyonlama kanad\u0131<\/li>\n<li class=\"field__item\">\u0130\u00e7 tarafta bulunan uzunluk kadran\u0131 ile kablo izolasyonunu e\u015fit \u015fekilde s\u0131y\u0131rma m\u00fcmk\u00fcnd\u00fcr, sa\u011f elini kullanlar ve solaklar i\u00e7in okunabilir<\/li>\n<\/ul>\n","protected":false},"featured_media":15335,"template":"","meta":{"_joinchat":[]},"product_brand":[159],"product_cat":[178],"product_tag":[376,375,374,381],"class_list":{"0":"post-15333","1":"product","2":"type-product","3":"status-publish","4":"has-post-thumbnail","6":"product_brand-knipex","7":"product_cat-boru-makasi","8":"product_tag-90-22-02-sb-spiral-boru-kesici","9":"product_tag-knipex-90-22-02-sb","10":"product_tag-knipex-90-22-02-sb-spiral-boru-kesici","11":"product_tag-knipex-spiral-boru-kesici","14":"first","15":"instock","16":"shipping-taxable","17":"product-type-simple"},"yoast_head":"<!-- This site is optimized with the Yoast SEO plugin v27.3 - https:\/\/yoast.com\/product\/yoast-seo-wordpress\/ -->\n<title>Knipex 90 22 02 SB Spiral Boru Kesici - El Aleti Sepeti<\/title>\n<meta name=\"description\" content=\"Knipex 90 22 02 SB \u2014 spiral borular\u0131 kolay, h\u0131zl\u0131 ve hassas kesen, dayan\u0131kl\u0131 yap\u0131l\u0131, ergonomik sapl\u0131, profesyonel s\u0131n\u0131f boru kesici.\" \/>\n<meta name=\"robots\" content=\"index, follow, max-snippet:-1, max-image-preview:large, max-video-preview:-1\" \/>\n<link rel=\"canonical\" href=\"https:\/\/www.elaletisepeti.com\/?product=knipex-90-22-02-sb-spiral-boru-kesici\" \/>\n<meta property=\"og:locale\" content=\"tr_TR\" \/>\n<meta property=\"og:type\" content=\"article\" \/>\n<meta property=\"og:title\" content=\"Knipex 90 22 02 SB Spiral Boru Kesici - El Aleti Sepeti\" \/>\n<meta property=\"og:description\" content=\"Knipex 90 22 02 SB \u2014 spiral borular\u0131 kolay, h\u0131zl\u0131 ve hassas kesen, dayan\u0131kl\u0131 yap\u0131l\u0131, ergonomik sapl\u0131, profesyonel s\u0131n\u0131f boru kesici.\" \/>\n<meta property=\"og:url\" content=\"https:\/\/www.elaletisepeti.com\/?product=knipex-90-22-02-sb-spiral-boru-kesici\" \/>\n<meta property=\"og:site_name\" content=\"El Aleti Sepeti\" \/>\n<meta property=\"article:modified_time\" content=\"2025-11-29T15:17:18+00:00\" \/>\n<meta property=\"og:image\" content=\"https:\/\/www.elaletisepeti.com\/wp-content\/uploads\/2025\/11\/Knipex-90-22-02-SB.jpg\" \/>\n\t<meta property=\"og:image:width\" content=\"1000\" \/>\n\t<meta property=\"og:image:height\" content=\"1000\" \/>\n\t<meta property=\"og:image:type\" content=\"image\/jpeg\" \/>\n<meta name=\"twitter:card\" content=\"summary_large_image\" \/>\n<meta name=\"twitter:label1\" content=\"Tahmini okuma s\u00fcresi\" \/>\n\t<meta name=\"twitter:data1\" content=\"1 dakika\" \/>\n<script type=\"application\/ld+json\" class=\"yoast-schema-graph\">{\"@context\":\"https:\\\/\\\/schema.org\",\"@graph\":[{\"@type\":\"WebPage\",\"@id\":\"https:\\\/\\\/www.elaletisepeti.com\\\/?product=knipex-90-22-02-sb-spiral-boru-kesici\",\"url\":\"https:\\\/\\\/www.elaletisepeti.com\\\/?product=knipex-90-22-02-sb-spiral-boru-kesici\",\"name\":\"Knipex 90 22 02 SB Spiral Boru Kesici - El Aleti Sepeti\",\"isPartOf\":{\"@id\":\"https:\\\/\\\/www.elaletisepeti.com\\\/#website\"},\"primaryImageOfPage\":{\"@id\":\"https:\\\/\\\/www.elaletisepeti.com\\\/?product=knipex-90-22-02-sb-spiral-boru-kesici#primaryimage\"},\"image\":{\"@id\":\"https:\\\/\\\/www.elaletisepeti.com\\\/?product=knipex-90-22-02-sb-spiral-boru-kesici#primaryimage\"},\"thumbnailUrl\":\"https:\\\/\\\/www.elaletisepeti.com\\\/wp-content\\\/uploads\\\/2025\\\/11\\\/Knipex-90-22-02-SB.jpg\",\"datePublished\":\"2025-11-06T18:06:01+00:00\",\"dateModified\":\"2025-11-29T15:17:18+00:00\",\"description\":\"Knipex 90 22 02 SB \u2014 spiral borular\u0131 kolay, h\u0131zl\u0131 ve hassas kesen, dayan\u0131kl\u0131 yap\u0131l\u0131, ergonomik sapl\u0131, profesyonel s\u0131n\u0131f boru kesici.\",\"breadcrumb\":{\"@id\":\"https:\\\/\\\/www.elaletisepeti.com\\\/?product=knipex-90-22-02-sb-spiral-boru-kesici#breadcrumb\"},\"inLanguage\":\"tr\",\"potentialAction\":[{\"@type\":\"ReadAction\",\"target\":[\"https:\\\/\\\/www.elaletisepeti.com\\\/?product=knipex-90-22-02-sb-spiral-boru-kesici\"]}]},{\"@type\":\"ImageObject\",\"inLanguage\":\"tr\",\"@id\":\"https:\\\/\\\/www.elaletisepeti.com\\\/?product=knipex-90-22-02-sb-spiral-boru-kesici#primaryimage\",\"url\":\"https:\\\/\\\/www.elaletisepeti.com\\\/wp-content\\\/uploads\\\/2025\\\/11\\\/Knipex-90-22-02-SB.jpg\",\"contentUrl\":\"https:\\\/\\\/www.elaletisepeti.com\\\/wp-content\\\/uploads\\\/2025\\\/11\\\/Knipex-90-22-02-SB.jpg\",\"width\":1000,\"height\":1000},{\"@type\":\"BreadcrumbList\",\"@id\":\"https:\\\/\\\/www.elaletisepeti.com\\\/?product=knipex-90-22-02-sb-spiral-boru-kesici#breadcrumb\",\"itemListElement\":[{\"@type\":\"ListItem\",\"position\":1,\"name\":\"Anasayfa\",\"item\":\"https:\\\/\\\/www.elaletisepeti.com\\\/\"},{\"@type\":\"ListItem\",\"position\":2,\"name\":\"Shop\",\"item\":\"https:\\\/\\\/www.elaletisepeti.com\\\/?page_id=7\"},{\"@type\":\"ListItem\",\"position\":3,\"name\":\"Knipex 90 22 02 SB Spiral Boru Kesici\"}]},{\"@type\":\"WebSite\",\"@id\":\"https:\\\/\\\/www.elaletisepeti.com\\\/#website\",\"url\":\"https:\\\/\\\/www.elaletisepeti.com\\\/\",\"name\":\"El Aleti Sepeti\",\"description\":\"El Aletleri, Knipex Pense, Knipex Kerpeten, Knipex Kargaburun,  Kn\u0131pex  Yankeski, Kn\u0131pex Boru Kesme, Knipex Kablo S\u0131y\u0131rma, Knipex  El Aletleri\",\"potentialAction\":[{\"@type\":\"SearchAction\",\"target\":{\"@type\":\"EntryPoint\",\"urlTemplate\":\"https:\\\/\\\/www.elaletisepeti.com\\\/?s={search_term_string}\"},\"query-input\":{\"@type\":\"PropertyValueSpecification\",\"valueRequired\":true,\"valueName\":\"search_term_string\"}}],\"inLanguage\":\"tr\"}]}<\/script>\n<!-- \/ Yoast SEO plugin. -->","yoast_head_json":{"title":"Knipex 90 22 02 SB Spiral Boru Kesici - El Aleti Sepeti","description":"Knipex 90 22 02 SB \u2014 spiral borular\u0131 kolay, h\u0131zl\u0131 ve hassas kesen, dayan\u0131kl\u0131 yap\u0131l\u0131, ergonomik sapl\u0131, profesyonel s\u0131n\u0131f boru kesici.","robots":{"index":"index","follow":"follow","max-snippet":"max-snippet:-1","max-image-preview":"max-image-preview:large","max-video-preview":"max-video-preview:-1"},"canonical":"https:\/\/www.elaletisepeti.com\/?product=knipex-90-22-02-sb-spiral-boru-kesici","og_locale":"tr_TR","og_type":"article","og_title":"Knipex 90 22 02 SB Spiral Boru Kesici - El Aleti Sepeti","og_description":"Knipex 90 22 02 SB \u2014 spiral borular\u0131 kolay, h\u0131zl\u0131 ve hassas kesen, dayan\u0131kl\u0131 yap\u0131l\u0131, ergonomik sapl\u0131, profesyonel s\u0131n\u0131f boru kesici.","og_url":"https:\/\/www.elaletisepeti.com\/?product=knipex-90-22-02-sb-spiral-boru-kesici","og_site_name":"El Aleti Sepeti","article_modified_time":"2025-11-29T15:17:18+00:00","og_image":[{"width":1000,"height":1000,"url":"https:\/\/www.elaletisepeti.com\/wp-content\/uploads\/2025\/11\/Knipex-90-22-02-SB.jpg","type":"image\/jpeg"}],"twitter_card":"summary_large_image","twitter_misc":{"Tahmini okuma s\u00fcresi":"1 dakika"},"schema":{"@context":"https:\/\/schema.org","@graph":[{"@type":"WebPage","@id":"https:\/\/www.elaletisepeti.com\/?product=knipex-90-22-02-sb-spiral-boru-kesici","url":"https:\/\/www.elaletisepeti.com\/?product=knipex-90-22-02-sb-spiral-boru-kesici","name":"Knipex 90 22 02 SB Spiral Boru Kesici - El Aleti Sepeti","isPartOf":{"@id":"https:\/\/www.elaletisepeti.com\/#website"},"primaryImageOfPage":{"@id":"https:\/\/www.elaletisepeti.com\/?product=knipex-90-22-02-sb-spiral-boru-kesici#primaryimage"},"image":{"@id":"https:\/\/www.elaletisepeti.com\/?product=knipex-90-22-02-sb-spiral-boru-kesici#primaryimage"},"thumbnailUrl":"https:\/\/www.elaletisepeti.com\/wp-content\/uploads\/2025\/11\/Knipex-90-22-02-SB.jpg","datePublished":"2025-11-06T18:06:01+00:00","dateModified":"2025-11-29T15:17:18+00:00","description":"Knipex 90 22 02 SB \u2014 spiral borular\u0131 kolay, h\u0131zl\u0131 ve hassas kesen, dayan\u0131kl\u0131 yap\u0131l\u0131, ergonomik sapl\u0131, profesyonel s\u0131n\u0131f boru kesici.","breadcrumb":{"@id":"https:\/\/www.elaletisepeti.com\/?product=knipex-90-22-02-sb-spiral-boru-kesici#breadcrumb"},"inLanguage":"tr","potentialAction":[{"@type":"ReadAction","target":["https:\/\/www.elaletisepeti.com\/?product=knipex-90-22-02-sb-spiral-boru-kesici"]}]},{"@type":"ImageObject","inLanguage":"tr","@id":"https:\/\/www.elaletisepeti.com\/?product=knipex-90-22-02-sb-spiral-boru-kesici#primaryimage","url":"https:\/\/www.elaletisepeti.com\/wp-content\/uploads\/2025\/11\/Knipex-90-22-02-SB.jpg","contentUrl":"https:\/\/www.elaletisepeti.com\/wp-content\/uploads\/2025\/11\/Knipex-90-22-02-SB.jpg","width":1000,"height":1000},{"@type":"BreadcrumbList","@id":"https:\/\/www.elaletisepeti.com\/?product=knipex-90-22-02-sb-spiral-boru-kesici#breadcrumb","itemListElement":[{"@type":"ListItem","position":1,"name":"Anasayfa","item":"https:\/\/www.elaletisepeti.com\/"},{"@type":"ListItem","position":2,"name":"Shop","item":"https:\/\/www.elaletisepeti.com\/?page_id=7"},{"@type":"ListItem","position":3,"name":"Knipex 90 22 02 SB Spiral Boru Kesici"}]},{"@type":"WebSite","@id":"https:\/\/www.elaletisepeti.com\/#website","url":"https:\/\/www.elaletisepeti.com\/","name":"El Aleti Sepeti","description":"El Aletleri, Knipex Pense, Knipex Kerpeten, Knipex Kargaburun,  Kn\u0131pex  Yankeski, Kn\u0131pex Boru Kesme, Knipex Kablo S\u0131y\u0131rma, Knipex  El Aletleri","potentialAction":[{"@type":"SearchAction","target":{"@type":"EntryPoint","urlTemplate":"https:\/\/www.elaletisepeti.com\/?s={search_term_string}"},"query-input":{"@type":"PropertyValueSpecification","valueRequired":true,"valueName":"search_term_string"}}],"inLanguage":"tr"}]}},"_links":{"self":[{"href":"https:\/\/www.elaletisepeti.com\/index.php?rest_route=\/wp\/v2\/product\/15333","targetHints":{"allow":["GET"]}}],"collection":[{"href":"https:\/\/www.elaletisepeti.com\/index.php?rest_route=\/wp\/v2\/product"}],"about":[{"href":"https:\/\/www.elaletisepeti.com\/index.php?rest_route=\/wp\/v2\/types\/product"}],"wp:featuredmedia":[{"embeddable":true,"href":"https:\/\/www.elaletisepeti.com\/index.php?rest_route=\/wp\/v2\/media\/15335"}],"wp:attachment":[{"href":"https:\/\/www.elaletisepeti.com\/index.php?rest_route=%2Fwp%2Fv2%2Fmedia&parent=15333"}],"wp:term":[{"taxonomy":"product_brand","embeddable":true,"href":"https:\/\/www.elaletisepeti.com\/index.php?rest_route=%2Fwp%2Fv2%2Fproduct_brand&post=15333"},{"taxonomy":"product_cat","embeddable":true,"href":"https:\/\/www.elaletisepeti.com\/index.php?rest_route=%2Fwp%2Fv2%2Fproduct_cat&post=15333"},{"taxonomy":"product_tag","embeddable":true,"href":"https:\/\/www.elaletisepeti.com\/index.php?rest_route=%2Fwp%2Fv2%2Fproduct_tag&post=15333"}],"curies":[{"name":"wp","href":"https:\/\/api.w.org\/{rel}","templated":true}]}}