{"id":15201,"date":"2025-11-03T17:47:06","date_gmt":"2025-11-03T17:47:06","guid":{"rendered":"https:\/\/www.elaletisepeti.com\/?post_type=product&#038;p=15201"},"modified":"2025-11-29T14:28:53","modified_gmt":"2025-11-29T14:28:53","slug":"knipex-41-24-225-ayarli-pense","status":"publish","type":"product","link":"https:\/\/www.elaletisepeti.com\/?product=knipex-41-24-225-ayarli-pense","title":{"rendered":"Knipex 41 24 225 Ayarl\u0131 Pense"},"content":{"rendered":"<p><strong>Knipex 41 24 225 Ayarl\u0131 Pense<\/strong><\/p>\n<div class=\"product--variation-field--variation_field_general_section__1599 field field--name-field-general-section field--type-key-value-class-field-type field--label-hidden field__items\" data-gtm-vis-recent-on-screen10487645_102=\"223116\" data-gtm-vis-first-on-screen10487645_102=\"223116\" data-gtm-vis-total-visible-time10487645_102=\"100\" data-gtm-vis-has-fired10487645_102=\"1\">\n<div class=\"field__item\" data-gtm-vis-recent-on-screen10487645_102=\"223065\" data-gtm-vis-first-on-screen10487645_102=\"223065\" data-gtm-vis-total-visible-time10487645_102=\"100\" data-gtm-vis-has-fired10487645_102=\"1\">\n<div class=\"key-value-class-item \" data-gtm-vis-recent-on-screen10487645_102=\"223067\" data-gtm-vis-first-on-screen10487645_102=\"223067\" data-gtm-vis-total-visible-time10487645_102=\"100\" data-gtm-vis-has-fired10487645_102=\"1\">\n<div class=\"key\" data-gtm-vis-recent-on-screen10487645_102=\"223068\" data-gtm-vis-first-on-screen10487645_102=\"223068\" data-gtm-vis-total-visible-time10487645_102=\"100\" data-gtm-vis-has-fired10487645_102=\"1\">Kod:\u00a041 24 225<\/div>\n<\/div>\n<\/div>\n<div class=\"field__item\" data-gtm-vis-recent-on-screen10487645_102=\"223100\" data-gtm-vis-first-on-screen10487645_102=\"223100\" data-gtm-vis-total-visible-time10487645_102=\"100\" data-gtm-vis-has-fired10487645_102=\"1\">\n<div class=\"key-value-class-item \" data-gtm-vis-recent-on-screen10487645_102=\"223107\" data-gtm-vis-first-on-screen10487645_102=\"223107\" data-gtm-vis-total-visible-time10487645_102=\"100\" data-gtm-vis-has-fired10487645_102=\"1\">\n<div class=\"key\" data-gtm-vis-recent-on-screen10487645_102=\"223109\" data-gtm-vis-first-on-screen10487645_102=\"223109\" data-gtm-vis-total-visible-time10487645_102=\"100\" data-gtm-vis-has-fired10487645_102=\"1\">EAN 4003773023487<\/div>\n<\/div>\n<\/div>\n<div class=\"field__item\" data-gtm-vis-recent-on-screen10487645_102=\"223112\" data-gtm-vis-first-on-screen10487645_102=\"223112\" data-gtm-vis-total-visible-time10487645_102=\"100\" data-gtm-vis-has-fired10487645_102=\"1\">\n<div class=\"key-value-class-item \" data-gtm-vis-recent-on-screen10487645_102=\"223113\" data-gtm-vis-first-on-screen10487645_102=\"223113\" data-gtm-vis-total-visible-time10487645_102=\"100\" data-gtm-vis-has-fired10487645_102=\"1\">\n<div class=\"key\" data-gtm-vis-recent-on-screen10487645_102=\"223114\" data-gtm-vis-first-on-screen10487645_102=\"223114\" data-gtm-vis-total-visible-time10487645_102=\"100\" data-gtm-vis-has-fired10487645_102=\"1\">Pense Galvanizli<\/div>\n<\/div>\n<\/div>\n<div class=\"field__item\" data-gtm-vis-recent-on-screen10487645_102=\"223117\" data-gtm-vis-first-on-screen10487645_102=\"223117\" data-gtm-vis-total-visible-time10487645_102=\"100\" data-gtm-vis-has-fired10487645_102=\"1\">\n<div class=\"key-value-class-item \" data-gtm-vis-recent-on-screen10487645_102=\"223118\" data-gtm-vis-first-on-screen10487645_102=\"223118\" data-gtm-vis-total-visible-time10487645_102=\"100\" data-gtm-vis-has-fired10487645_102=\"1\">\n<div class=\"key\" data-gtm-vis-recent-on-screen10487645_102=\"223119\" data-gtm-vis-first-on-screen10487645_102=\"223119\" data-gtm-vis-total-visible-time10487645_102=\"100\" data-gtm-vis-has-fired10487645_102=\"1\">A\u011f\u0131rl\u0131k 504 g<\/div>\n<\/div>\n<\/div>\n<div class=\"field__item\" data-gtm-vis-recent-on-screen10487645_102=\"223130\" data-gtm-vis-first-on-screen10487645_102=\"223130\" data-gtm-vis-total-visible-time10487645_102=\"100\" data-gtm-vis-has-fired10487645_102=\"1\">\n<div class=\"key-value-class-item \" data-gtm-vis-recent-on-screen10487645_102=\"223131\" data-gtm-vis-first-on-screen10487645_102=\"223131\" data-gtm-vis-total-visible-time10487645_102=\"100\" data-gtm-vis-has-fired10487645_102=\"1\">\n<div class=\"key\" data-gtm-vis-recent-on-screen10487645_102=\"223132\" data-gtm-vis-first-on-screen10487645_102=\"223132\" data-gtm-vis-total-visible-time10487645_102=\"100\" data-gtm-vis-has-fired10487645_102=\"1\">\u00d6l\u00e7\u00fcleri 225 x 67 x 18 mm<\/div>\n<\/div>\n<\/div>\n<div class=\"field__item\" data-gtm-vis-recent-on-screen10487645_102=\"223146\" data-gtm-vis-first-on-screen10487645_102=\"223146\" data-gtm-vis-total-visible-time10487645_102=\"100\" data-gtm-vis-has-fired10487645_102=\"1\">\n<div class=\"key-value-class-item \" data-gtm-vis-recent-on-screen10487645_102=\"223147\" data-gtm-vis-first-on-screen10487645_102=\"223147\" data-gtm-vis-total-visible-time10487645_102=\"100\" data-gtm-vis-has-fired10487645_102=\"1\">\n<div class=\"key\" data-gtm-vis-recent-on-screen10487645_102=\"223147\" data-gtm-vis-first-on-screen10487645_102=\"223147\" data-gtm-vis-total-visible-time10487645_102=\"100\" data-gtm-vis-has-fired10487645_102=\"1\">REACH Uyumlu SVHC \u0130\u00e7ermiyor<\/div>\n<\/div>\n<\/div>\n<div class=\"field__item\" data-gtm-vis-recent-on-screen10487645_102=\"223148\" data-gtm-vis-first-on-screen10487645_102=\"223148\" data-gtm-vis-total-visible-time10487645_102=\"100\" data-gtm-vis-has-fired10487645_102=\"1\">\n<div class=\"key-value-class-item \" data-gtm-vis-recent-on-screen10487645_102=\"223149\" data-gtm-vis-first-on-screen10487645_102=\"223149\" data-gtm-vis-total-visible-time10487645_102=\"100\" data-gtm-vis-has-fired10487645_102=\"1\">\n<div class=\"key\" data-gtm-vis-recent-on-screen10487645_102=\"223149\" data-gtm-vis-first-on-screen10487645_102=\"223149\" data-gtm-vis-total-visible-time10487645_102=\"100\" data-gtm-vis-has-fired10487645_102=\"1\">ROHS Uyumlu Uygulanamaz<\/div>\n<\/div>\n<\/div>\n<\/div>\n<div class=\"product--variation-field--variation_field_technical_section__1599 field field--name-field-technical-section field--type-key-value-class-field-type field--label-hidden field__items\" data-gtm-vis-recent-on-screen10487645_102=\"223181\" data-gtm-vis-first-on-screen10487645_102=\"223181\" data-gtm-vis-total-visible-time10487645_102=\"100\" data-gtm-vis-has-fired10487645_102=\"1\">\n<div class=\"field__item\" data-gtm-vis-recent-on-screen10487645_102=\"223163\" data-gtm-vis-first-on-screen10487645_102=\"223163\" data-gtm-vis-total-visible-time10487645_102=\"100\" data-gtm-vis-has-fired10487645_102=\"1\">\n<div class=\"key-value-class-item \" data-gtm-vis-recent-on-screen10487645_102=\"223164\" data-gtm-vis-first-on-screen10487645_102=\"223164\" data-gtm-vis-total-visible-time10487645_102=\"100\" data-gtm-vis-has-fired10487645_102=\"1\">\n<div class=\"key\" data-gtm-vis-recent-on-screen10487645_102=\"223165\" data-gtm-vis-first-on-screen10487645_102=\"223165\" data-gtm-vis-total-visible-time10487645_102=\"100\" data-gtm-vis-has-fired10487645_102=\"1\">Germe aral\u0131\u011f\u0131 yuvarlak 25 mm<\/div>\n<\/div>\n<\/div>\n<div class=\"field__item\" data-gtm-vis-recent-on-screen10487645_102=\"223181\" data-gtm-vis-first-on-screen10487645_102=\"223181\" data-gtm-vis-total-visible-time10487645_102=\"100\" data-gtm-vis-has-fired10487645_102=\"1\">\n<div class=\"key-value-class-item \" data-gtm-vis-recent-on-screen10487645_102=\"223182\" data-gtm-vis-first-on-screen10487645_102=\"223182\" data-gtm-vis-total-visible-time10487645_102=\"100\" data-gtm-vis-has-fired10487645_102=\"1\">\n<div class=\"key\" data-gtm-vis-recent-on-screen10487645_102=\"223183\" data-gtm-vis-first-on-screen10487645_102=\"223183\" data-gtm-vis-total-visible-time10487645_102=\"100\" data-gtm-vis-has-fired10487645_102=\"1\">Germe aral\u0131\u011f\u0131 4 k\u00f6\u015fe 16 mm<\/div>\n<\/div>\n<\/div>\n<div class=\"field__item\" data-gtm-vis-recent-on-screen10487645_102=\"223196\" data-gtm-vis-first-on-screen10487645_102=\"223196\" data-gtm-vis-total-visible-time10487645_102=\"100\" data-gtm-vis-has-fired10487645_102=\"1\">\n<div class=\"key-value-class-item \" data-gtm-vis-recent-on-screen10487645_102=\"223197\" data-gtm-vis-first-on-screen10487645_102=\"223197\" data-gtm-vis-total-visible-time10487645_102=\"100\" data-gtm-vis-has-fired10487645_102=\"1\">\n<div class=\"key\" data-gtm-vis-recent-on-screen10487645_102=\"223198\" data-gtm-vis-first-on-screen10487645_102=\"223198\" data-gtm-vis-total-visible-time10487645_102=\"100\" data-gtm-vis-has-fired10487645_102=\"1\">Germe aral\u0131\u011f\u0131 6 k\u00f6\u015fe 30 mm<\/div>\n<\/div>\n<\/div>\n<\/div>\n","protected":false},"excerpt":{"rendered":"<p><img decoding=\"async\" src=\"https:\/\/product-api-assets.knipex.com\/fd89784\/9f698c6b-0571-4f98-971b-0ced6ea4080d.png\" alt=\"\" \/><\/p>\n<ul class=\"product--variation-field--variation_field_product_description__1599 field field--name-field-product-description field--type-text-long field--label-hidden field__items\">\n<li class=\"field__item\">\u00a0Yuvarlak ve yass\u0131 malzemeleri g\u00fcvenli bir \u015fekilde tutar<\/li>\n<li class=\"field__item\">\u00a0A\u011f\u0131r hizmet<\/li>\n<li class=\"field__item\">\u00a0Ayar vidas\u0131 ve gev\u015fetme kolu ile<\/li>\n<li class=\"field__item\">\u00a0Dirsek kollu aktar\u0131m sayesinde; y\u00fcksek kuvvet aktar\u0131m\u0131<\/li>\n<\/ul>\n","protected":false},"featured_media":15203,"template":"","meta":{"_joinchat":[]},"product_brand":[159],"product_cat":[165],"product_tag":[312,169,313,311,304],"class_list":{"0":"post-15201","1":"product","2":"type-product","3":"status-publish","4":"has-post-thumbnail","6":"product_brand-knipex","7":"product_cat-ayarli-penseler","8":"product_tag-41-24-225-ayarli-pense","9":"product_tag-ayarli-pense","10":"product_tag-knipex-41-24-225","11":"product_tag-knipex-41-24-225-ayarli-pense","12":"product_tag-knipex-ayarli-pense","15":"first","16":"instock","17":"shipping-taxable","18":"product-type-simple"},"yoast_head":"<!-- This site is optimized with the Yoast SEO plugin v27.3 - https:\/\/yoast.com\/product\/yoast-seo-wordpress\/ -->\n<title>Knipex 41 24 225 Ayarl\u0131 Pense - El Aleti Sepeti<\/title>\n<meta name=\"description\" content=\"Knipex 41 24 225 Pense, kendinden kilitlemeli mekanizmaya sahip, d\u00f6ner \u00e7eneli ayarl\u0131 pensedir. De\u011fi\u015ftirilebilir, d\u00f6ner s\u0131kma plakalar\u0131 ile profilleri tutar.\" \/>\n<meta name=\"robots\" content=\"index, follow, max-snippet:-1, max-image-preview:large, max-video-preview:-1\" \/>\n<link rel=\"canonical\" href=\"https:\/\/www.elaletisepeti.com\/?product=knipex-41-24-225-ayarli-pense\" \/>\n<meta property=\"og:locale\" content=\"tr_TR\" \/>\n<meta property=\"og:type\" content=\"article\" \/>\n<meta property=\"og:title\" content=\"Knipex 41 24 225 Ayarl\u0131 Pense - El Aleti Sepeti\" \/>\n<meta property=\"og:description\" content=\"Knipex 41 24 225 Pense, kendinden kilitlemeli mekanizmaya sahip, d\u00f6ner \u00e7eneli ayarl\u0131 pensedir. De\u011fi\u015ftirilebilir, d\u00f6ner s\u0131kma plakalar\u0131 ile profilleri tutar.\" \/>\n<meta property=\"og:url\" content=\"https:\/\/www.elaletisepeti.com\/?product=knipex-41-24-225-ayarli-pense\" \/>\n<meta property=\"og:site_name\" content=\"El Aleti Sepeti\" \/>\n<meta property=\"article:modified_time\" content=\"2025-11-29T14:28:53+00:00\" \/>\n<meta property=\"og:image\" content=\"https:\/\/www.elaletisepeti.com\/wp-content\/uploads\/2025\/11\/Knipex-41-24-225.jpg\" \/>\n\t<meta property=\"og:image:width\" content=\"1000\" \/>\n\t<meta property=\"og:image:height\" content=\"1000\" \/>\n\t<meta property=\"og:image:type\" content=\"image\/jpeg\" \/>\n<meta name=\"twitter:card\" content=\"summary_large_image\" \/>\n<meta name=\"twitter:label1\" content=\"Tahmini okuma s\u00fcresi\" \/>\n\t<meta name=\"twitter:data1\" content=\"1 dakika\" \/>\n<script type=\"application\/ld+json\" class=\"yoast-schema-graph\">{\"@context\":\"https:\\\/\\\/schema.org\",\"@graph\":[{\"@type\":\"WebPage\",\"@id\":\"https:\\\/\\\/www.elaletisepeti.com\\\/?product=knipex-41-24-225-ayarli-pense\",\"url\":\"https:\\\/\\\/www.elaletisepeti.com\\\/?product=knipex-41-24-225-ayarli-pense\",\"name\":\"Knipex 41 24 225 Ayarl\u0131 Pense - El Aleti Sepeti\",\"isPartOf\":{\"@id\":\"https:\\\/\\\/www.elaletisepeti.com\\\/#website\"},\"primaryImageOfPage\":{\"@id\":\"https:\\\/\\\/www.elaletisepeti.com\\\/?product=knipex-41-24-225-ayarli-pense#primaryimage\"},\"image\":{\"@id\":\"https:\\\/\\\/www.elaletisepeti.com\\\/?product=knipex-41-24-225-ayarli-pense#primaryimage\"},\"thumbnailUrl\":\"https:\\\/\\\/www.elaletisepeti.com\\\/wp-content\\\/uploads\\\/2025\\\/11\\\/Knipex-41-24-225.jpg\",\"datePublished\":\"2025-11-03T17:47:06+00:00\",\"dateModified\":\"2025-11-29T14:28:53+00:00\",\"description\":\"Knipex 41 24 225 Pense, kendinden kilitlemeli mekanizmaya sahip, d\u00f6ner \u00e7eneli ayarl\u0131 pensedir. De\u011fi\u015ftirilebilir, d\u00f6ner s\u0131kma plakalar\u0131 ile profilleri tutar.\",\"breadcrumb\":{\"@id\":\"https:\\\/\\\/www.elaletisepeti.com\\\/?product=knipex-41-24-225-ayarli-pense#breadcrumb\"},\"inLanguage\":\"tr\",\"potentialAction\":[{\"@type\":\"ReadAction\",\"target\":[\"https:\\\/\\\/www.elaletisepeti.com\\\/?product=knipex-41-24-225-ayarli-pense\"]}]},{\"@type\":\"ImageObject\",\"inLanguage\":\"tr\",\"@id\":\"https:\\\/\\\/www.elaletisepeti.com\\\/?product=knipex-41-24-225-ayarli-pense#primaryimage\",\"url\":\"https:\\\/\\\/www.elaletisepeti.com\\\/wp-content\\\/uploads\\\/2025\\\/11\\\/Knipex-41-24-225.jpg\",\"contentUrl\":\"https:\\\/\\\/www.elaletisepeti.com\\\/wp-content\\\/uploads\\\/2025\\\/11\\\/Knipex-41-24-225.jpg\",\"width\":1000,\"height\":1000},{\"@type\":\"BreadcrumbList\",\"@id\":\"https:\\\/\\\/www.elaletisepeti.com\\\/?product=knipex-41-24-225-ayarli-pense#breadcrumb\",\"itemListElement\":[{\"@type\":\"ListItem\",\"position\":1,\"name\":\"Anasayfa\",\"item\":\"https:\\\/\\\/www.elaletisepeti.com\\\/\"},{\"@type\":\"ListItem\",\"position\":2,\"name\":\"Shop\",\"item\":\"https:\\\/\\\/www.elaletisepeti.com\\\/?page_id=7\"},{\"@type\":\"ListItem\",\"position\":3,\"name\":\"Knipex 41 24 225 Ayarl\u0131 Pense\"}]},{\"@type\":\"WebSite\",\"@id\":\"https:\\\/\\\/www.elaletisepeti.com\\\/#website\",\"url\":\"https:\\\/\\\/www.elaletisepeti.com\\\/\",\"name\":\"El Aleti Sepeti\",\"description\":\"El Aletleri, Knipex Pense, Knipex Kerpeten, Knipex Kargaburun,  Kn\u0131pex  Yankeski, Kn\u0131pex Boru Kesme, Knipex Kablo S\u0131y\u0131rma, Knipex  El Aletleri\",\"potentialAction\":[{\"@type\":\"SearchAction\",\"target\":{\"@type\":\"EntryPoint\",\"urlTemplate\":\"https:\\\/\\\/www.elaletisepeti.com\\\/?s={search_term_string}\"},\"query-input\":{\"@type\":\"PropertyValueSpecification\",\"valueRequired\":true,\"valueName\":\"search_term_string\"}}],\"inLanguage\":\"tr\"}]}<\/script>\n<!-- \/ Yoast SEO plugin. -->","yoast_head_json":{"title":"Knipex 41 24 225 Ayarl\u0131 Pense - El Aleti Sepeti","description":"Knipex 41 24 225 Pense, kendinden kilitlemeli mekanizmaya sahip, d\u00f6ner \u00e7eneli ayarl\u0131 pensedir. De\u011fi\u015ftirilebilir, d\u00f6ner s\u0131kma plakalar\u0131 ile profilleri tutar.","robots":{"index":"index","follow":"follow","max-snippet":"max-snippet:-1","max-image-preview":"max-image-preview:large","max-video-preview":"max-video-preview:-1"},"canonical":"https:\/\/www.elaletisepeti.com\/?product=knipex-41-24-225-ayarli-pense","og_locale":"tr_TR","og_type":"article","og_title":"Knipex 41 24 225 Ayarl\u0131 Pense - El Aleti Sepeti","og_description":"Knipex 41 24 225 Pense, kendinden kilitlemeli mekanizmaya sahip, d\u00f6ner \u00e7eneli ayarl\u0131 pensedir. De\u011fi\u015ftirilebilir, d\u00f6ner s\u0131kma plakalar\u0131 ile profilleri tutar.","og_url":"https:\/\/www.elaletisepeti.com\/?product=knipex-41-24-225-ayarli-pense","og_site_name":"El Aleti Sepeti","article_modified_time":"2025-11-29T14:28:53+00:00","og_image":[{"width":1000,"height":1000,"url":"https:\/\/www.elaletisepeti.com\/wp-content\/uploads\/2025\/11\/Knipex-41-24-225.jpg","type":"image\/jpeg"}],"twitter_card":"summary_large_image","twitter_misc":{"Tahmini okuma s\u00fcresi":"1 dakika"},"schema":{"@context":"https:\/\/schema.org","@graph":[{"@type":"WebPage","@id":"https:\/\/www.elaletisepeti.com\/?product=knipex-41-24-225-ayarli-pense","url":"https:\/\/www.elaletisepeti.com\/?product=knipex-41-24-225-ayarli-pense","name":"Knipex 41 24 225 Ayarl\u0131 Pense - El Aleti Sepeti","isPartOf":{"@id":"https:\/\/www.elaletisepeti.com\/#website"},"primaryImageOfPage":{"@id":"https:\/\/www.elaletisepeti.com\/?product=knipex-41-24-225-ayarli-pense#primaryimage"},"image":{"@id":"https:\/\/www.elaletisepeti.com\/?product=knipex-41-24-225-ayarli-pense#primaryimage"},"thumbnailUrl":"https:\/\/www.elaletisepeti.com\/wp-content\/uploads\/2025\/11\/Knipex-41-24-225.jpg","datePublished":"2025-11-03T17:47:06+00:00","dateModified":"2025-11-29T14:28:53+00:00","description":"Knipex 41 24 225 Pense, kendinden kilitlemeli mekanizmaya sahip, d\u00f6ner \u00e7eneli ayarl\u0131 pensedir. De\u011fi\u015ftirilebilir, d\u00f6ner s\u0131kma plakalar\u0131 ile profilleri tutar.","breadcrumb":{"@id":"https:\/\/www.elaletisepeti.com\/?product=knipex-41-24-225-ayarli-pense#breadcrumb"},"inLanguage":"tr","potentialAction":[{"@type":"ReadAction","target":["https:\/\/www.elaletisepeti.com\/?product=knipex-41-24-225-ayarli-pense"]}]},{"@type":"ImageObject","inLanguage":"tr","@id":"https:\/\/www.elaletisepeti.com\/?product=knipex-41-24-225-ayarli-pense#primaryimage","url":"https:\/\/www.elaletisepeti.com\/wp-content\/uploads\/2025\/11\/Knipex-41-24-225.jpg","contentUrl":"https:\/\/www.elaletisepeti.com\/wp-content\/uploads\/2025\/11\/Knipex-41-24-225.jpg","width":1000,"height":1000},{"@type":"BreadcrumbList","@id":"https:\/\/www.elaletisepeti.com\/?product=knipex-41-24-225-ayarli-pense#breadcrumb","itemListElement":[{"@type":"ListItem","position":1,"name":"Anasayfa","item":"https:\/\/www.elaletisepeti.com\/"},{"@type":"ListItem","position":2,"name":"Shop","item":"https:\/\/www.elaletisepeti.com\/?page_id=7"},{"@type":"ListItem","position":3,"name":"Knipex 41 24 225 Ayarl\u0131 Pense"}]},{"@type":"WebSite","@id":"https:\/\/www.elaletisepeti.com\/#website","url":"https:\/\/www.elaletisepeti.com\/","name":"El Aleti Sepeti","description":"El Aletleri, Knipex Pense, Knipex Kerpeten, Knipex Kargaburun,  Kn\u0131pex  Yankeski, Kn\u0131pex Boru Kesme, Knipex Kablo S\u0131y\u0131rma, Knipex  El Aletleri","potentialAction":[{"@type":"SearchAction","target":{"@type":"EntryPoint","urlTemplate":"https:\/\/www.elaletisepeti.com\/?s={search_term_string}"},"query-input":{"@type":"PropertyValueSpecification","valueRequired":true,"valueName":"search_term_string"}}],"inLanguage":"tr"}]}},"_links":{"self":[{"href":"https:\/\/www.elaletisepeti.com\/index.php?rest_route=\/wp\/v2\/product\/15201","targetHints":{"allow":["GET"]}}],"collection":[{"href":"https:\/\/www.elaletisepeti.com\/index.php?rest_route=\/wp\/v2\/product"}],"about":[{"href":"https:\/\/www.elaletisepeti.com\/index.php?rest_route=\/wp\/v2\/types\/product"}],"wp:featuredmedia":[{"embeddable":true,"href":"https:\/\/www.elaletisepeti.com\/index.php?rest_route=\/wp\/v2\/media\/15203"}],"wp:attachment":[{"href":"https:\/\/www.elaletisepeti.com\/index.php?rest_route=%2Fwp%2Fv2%2Fmedia&parent=15201"}],"wp:term":[{"taxonomy":"product_brand","embeddable":true,"href":"https:\/\/www.elaletisepeti.com\/index.php?rest_route=%2Fwp%2Fv2%2Fproduct_brand&post=15201"},{"taxonomy":"product_cat","embeddable":true,"href":"https:\/\/www.elaletisepeti.com\/index.php?rest_route=%2Fwp%2Fv2%2Fproduct_cat&post=15201"},{"taxonomy":"product_tag","embeddable":true,"href":"https:\/\/www.elaletisepeti.com\/index.php?rest_route=%2Fwp%2Fv2%2Fproduct_tag&post=15201"}],"curies":[{"name":"wp","href":"https:\/\/api.w.org\/{rel}","templated":true}]}}