{"id":15051,"date":"2025-10-31T18:44:14","date_gmt":"2025-10-31T18:44:14","guid":{"rendered":"https:\/\/www.elaletisepeti.com\/?post_type=product&#038;p=15051"},"modified":"2025-11-29T13:27:03","modified_gmt":"2025-11-29T13:27:03","slug":"knipex-97-32-240-sikma-pensesi","status":"publish","type":"product","link":"https:\/\/www.elaletisepeti.com\/?product=knipex-97-32-240-sikma-pensesi","title":{"rendered":"Knipex 97 32 240 S\u0131kma Pensesi"},"content":{"rendered":"<p><strong>Knipex 97 32 240 S\u0131kma Pensesi<\/strong><\/p>\n<div class=\"product--variation-field--variation_field_general_section__1483 field field--name-field-general-section field--type-key-value-class-field-type field--label-hidden field__items\" data-gtm-vis-recent-on-screen10487645_102=\"36474\" data-gtm-vis-first-on-screen10487645_102=\"36474\" data-gtm-vis-total-visible-time10487645_102=\"100\" data-gtm-vis-has-fired10487645_102=\"1\">\n<div class=\"field__item\" data-gtm-vis-recent-on-screen10487645_102=\"36110\" data-gtm-vis-first-on-screen10487645_102=\"36110\" data-gtm-vis-total-visible-time10487645_102=\"100\" data-gtm-vis-has-fired10487645_102=\"1\">\n<div class=\"key-value-class-item \" data-gtm-vis-recent-on-screen10487645_102=\"36111\" data-gtm-vis-first-on-screen10487645_102=\"36111\" data-gtm-vis-total-visible-time10487645_102=\"100\" data-gtm-vis-has-fired10487645_102=\"1\">\n<div class=\"key\" data-gtm-vis-recent-on-screen10487645_102=\"36113\" data-gtm-vis-first-on-screen10487645_102=\"36113\" data-gtm-vis-total-visible-time10487645_102=\"100\" data-gtm-vis-has-fired10487645_102=\"1\">Kod:\u00a097 32 240<\/div>\n<\/div>\n<\/div>\n<div class=\"field__item\" data-gtm-vis-recent-on-screen10487645_102=\"36128\" data-gtm-vis-first-on-screen10487645_102=\"36128\" data-gtm-vis-total-visible-time10487645_102=\"100\" data-gtm-vis-has-fired10487645_102=\"1\">\n<div class=\"key-value-class-item \" data-gtm-vis-recent-on-screen10487645_102=\"36131\" data-gtm-vis-first-on-screen10487645_102=\"36131\" data-gtm-vis-total-visible-time10487645_102=\"100\" data-gtm-vis-has-fired10487645_102=\"1\">\n<div class=\"key\" data-gtm-vis-recent-on-screen10487645_102=\"36132\" data-gtm-vis-first-on-screen10487645_102=\"36132\" data-gtm-vis-total-visible-time10487645_102=\"100\" data-gtm-vis-has-fired10487645_102=\"1\">EAN 4003773079491<\/div>\n<\/div>\n<\/div>\n<div class=\"field__item\" data-gtm-vis-recent-on-screen10487645_102=\"36158\" data-gtm-vis-first-on-screen10487645_102=\"36158\" data-gtm-vis-total-visible-time10487645_102=\"100\" data-gtm-vis-has-fired10487645_102=\"1\">\n<div class=\"key-value-class-item \" data-gtm-vis-recent-on-screen10487645_102=\"36159\" data-gtm-vis-first-on-screen10487645_102=\"36159\" data-gtm-vis-total-visible-time10487645_102=\"100\" data-gtm-vis-has-fired10487645_102=\"1\">\n<div class=\"key\" data-gtm-vis-recent-on-screen10487645_102=\"36160\" data-gtm-vis-first-on-screen10487645_102=\"36160\" data-gtm-vis-total-visible-time10487645_102=\"100\" data-gtm-vis-has-fired10487645_102=\"1\">Pense Siyah boyal\u0131<\/div>\n<\/div>\n<\/div>\n<div class=\"field__item\" data-gtm-vis-recent-on-screen10487645_102=\"36208\" data-gtm-vis-first-on-screen10487645_102=\"36209\" data-gtm-vis-total-visible-time10487645_102=\"100\" data-gtm-vis-has-fired10487645_102=\"1\">\n<div class=\"key-value-class-item \" data-gtm-vis-recent-on-screen10487645_102=\"36210\" data-gtm-vis-first-on-screen10487645_102=\"36210\" data-gtm-vis-total-visible-time10487645_102=\"100\" data-gtm-vis-has-fired10487645_102=\"1\">\n<div class=\"key\" data-gtm-vis-recent-on-screen10487645_102=\"36211\" data-gtm-vis-first-on-screen10487645_102=\"36211\" data-gtm-vis-total-visible-time10487645_102=\"100\" data-gtm-vis-has-fired10487645_102=\"1\">Kollar \u00c7ok bile\u015fenli tutacaklarla<\/div>\n<\/div>\n<\/div>\n<div class=\"field__item\" data-gtm-vis-recent-on-screen10487645_102=\"36499\" data-gtm-vis-first-on-screen10487645_102=\"36499\" data-gtm-vis-total-visible-time10487645_102=\"100\" data-gtm-vis-has-fired10487645_102=\"1\">\n<div class=\"key-value-class-item \" data-gtm-vis-recent-on-screen10487645_102=\"36501\" data-gtm-vis-first-on-screen10487645_102=\"36501\" data-gtm-vis-total-visible-time10487645_102=\"100\" data-gtm-vis-has-fired10487645_102=\"1\">\n<div class=\"key\" data-gtm-vis-recent-on-screen10487645_102=\"36502\" data-gtm-vis-first-on-screen10487645_102=\"36502\" data-gtm-vis-total-visible-time10487645_102=\"100\" data-gtm-vis-has-fired10487645_102=\"1\">A\u011f\u0131rl\u0131k 264 g<\/div>\n<\/div>\n<\/div>\n<div class=\"field__item\" data-gtm-vis-recent-on-screen10487645_102=\"36525\" data-gtm-vis-first-on-screen10487645_102=\"36525\" data-gtm-vis-total-visible-time10487645_102=\"100\" data-gtm-vis-has-fired10487645_102=\"1\">\n<div class=\"key-value-class-item \" data-gtm-vis-recent-on-screen10487645_102=\"36527\" data-gtm-vis-first-on-screen10487645_102=\"36527\" data-gtm-vis-total-visible-time10487645_102=\"100\" data-gtm-vis-has-fired10487645_102=\"1\">\n<div class=\"key\" data-gtm-vis-recent-on-screen10487645_102=\"36529\" data-gtm-vis-first-on-screen10487645_102=\"36529\" data-gtm-vis-total-visible-time10487645_102=\"100\" data-gtm-vis-has-fired10487645_102=\"1\">\u00d6l\u00e7\u00fcleri 240 x 62 x 25 mm<\/div>\n<\/div>\n<\/div>\n<div class=\"field__item\" data-gtm-vis-recent-on-screen10487645_102=\"36540\" data-gtm-vis-first-on-screen10487645_102=\"36540\" data-gtm-vis-total-visible-time10487645_102=\"100\" data-gtm-vis-has-fired10487645_102=\"1\">\n<div class=\"key-value-class-item \" data-gtm-vis-recent-on-screen10487645_102=\"36542\" data-gtm-vis-first-on-screen10487645_102=\"36542\" data-gtm-vis-total-visible-time10487645_102=\"100\" data-gtm-vis-has-fired10487645_102=\"1\">\n<div class=\"key\" data-gtm-vis-recent-on-screen10487645_102=\"36544\" data-gtm-vis-first-on-screen10487645_102=\"36544\" data-gtm-vis-total-visible-time10487645_102=\"100\" data-gtm-vis-has-fired10487645_102=\"1\">REACH Uyumlu SVHC \u0130\u00e7ermiyor<\/div>\n<\/div>\n<\/div>\n<div class=\"field__item\" data-gtm-vis-recent-on-screen10487645_102=\"36557\" data-gtm-vis-first-on-screen10487645_102=\"36557\" data-gtm-vis-total-visible-time10487645_102=\"100\" data-gtm-vis-has-fired10487645_102=\"1\">\n<div class=\"key-value-class-item \" data-gtm-vis-recent-on-screen10487645_102=\"36560\" data-gtm-vis-first-on-screen10487645_102=\"36560\" data-gtm-vis-total-visible-time10487645_102=\"100\" data-gtm-vis-has-fired10487645_102=\"1\">\n<div class=\"key\" data-gtm-vis-recent-on-screen10487645_102=\"36561\" data-gtm-vis-first-on-screen10487645_102=\"36561\" data-gtm-vis-total-visible-time10487645_102=\"100\" data-gtm-vis-has-fired10487645_102=\"1\">ROHS Uyumlu Uygulanamaz<\/div>\n<\/div>\n<\/div>\n<\/div>\n<div class=\"product--variation-field--variation_field_technical_section__1483 field field--name-field-technical-section field--type-key-value-class-field-type field--label-hidden field__items\" data-gtm-vis-recent-on-screen10487645_102=\"36623\" data-gtm-vis-first-on-screen10487645_102=\"36624\" data-gtm-vis-total-visible-time10487645_102=\"100\" data-gtm-vis-has-fired10487645_102=\"1\">\n<div class=\"field__item\" data-gtm-vis-recent-on-screen10487645_102=\"36572\" data-gtm-vis-first-on-screen10487645_102=\"36572\" data-gtm-vis-total-visible-time10487645_102=\"100\" data-gtm-vis-has-fired10487645_102=\"1\">\n<div class=\"key-value-class-item \" data-gtm-vis-recent-on-screen10487645_102=\"36575\" data-gtm-vis-first-on-screen10487645_102=\"36575\" data-gtm-vis-total-visible-time10487645_102=\"100\" data-gtm-vis-has-fired10487645_102=\"1\">\n<div class=\"key\" data-gtm-vis-recent-on-screen10487645_102=\"36576\" data-gtm-vis-first-on-screen10487645_102=\"36576\" data-gtm-vis-total-visible-time10487645_102=\"100\" data-gtm-vis-has-fired10487645_102=\"1\">Uygulama \u0130zoleli kablo pabucu + kablo soketi<\/div>\n<\/div>\n<\/div>\n<div class=\"field__item\" data-gtm-vis-recent-on-screen10487645_102=\"36586\" data-gtm-vis-first-on-screen10487645_102=\"36586\" data-gtm-vis-total-visible-time10487645_102=\"100\" data-gtm-vis-has-fired10487645_102=\"1\">\n<div class=\"key-value-class-item \" data-gtm-vis-recent-on-screen10487645_102=\"36588\" data-gtm-vis-first-on-screen10487645_102=\"36588\" data-gtm-vis-total-visible-time10487645_102=\"100\" data-gtm-vis-has-fired10487645_102=\"1\">\n<div class=\"key\" data-gtm-vis-recent-on-screen10487645_102=\"36589\" data-gtm-vis-first-on-screen10487645_102=\"36589\" data-gtm-vis-total-visible-time10487645_102=\"100\" data-gtm-vis-has-fired10487645_102=\"1\">Kapasite milimetrekare 0,5 \u2014 6,0 mm\u00b2<\/div>\n<\/div>\n<\/div>\n<div class=\"field__item\" data-gtm-vis-recent-on-screen10487645_102=\"36625\" data-gtm-vis-first-on-screen10487645_102=\"36625\" data-gtm-vis-total-visible-time10487645_102=\"100\" data-gtm-vis-has-fired10487645_102=\"1\">\n<div class=\"key-value-class-item \" data-gtm-vis-recent-on-screen10487645_102=\"36626\" data-gtm-vis-first-on-screen10487645_102=\"36626\" data-gtm-vis-total-visible-time10487645_102=\"100\" data-gtm-vis-has-fired10487645_102=\"1\">\n<div class=\"key\" data-gtm-vis-recent-on-screen10487645_102=\"36627\" data-gtm-vis-first-on-screen10487645_102=\"36627\" data-gtm-vis-total-visible-time10487645_102=\"100\" data-gtm-vis-has-fired10487645_102=\"1\">Yuva say\u0131s\u0131 3<\/div>\n<\/div>\n<\/div>\n<div class=\"field__item\" data-gtm-vis-recent-on-screen10487645_102=\"36639\" data-gtm-vis-first-on-screen10487645_102=\"36639\" data-gtm-vis-total-visible-time10487645_102=\"100\" data-gtm-vis-has-fired10487645_102=\"1\">\n<div class=\"key-value-class-item \" data-gtm-vis-recent-on-screen10487645_102=\"36641\" data-gtm-vis-first-on-screen10487645_102=\"36641\" data-gtm-vis-total-visible-time10487645_102=\"100\" data-gtm-vis-has-fired10487645_102=\"1\">\n<div class=\"key\" data-gtm-vis-recent-on-screen10487645_102=\"36643\" data-gtm-vis-first-on-screen10487645_102=\"36643\" data-gtm-vis-total-visible-time10487645_102=\"100\" data-gtm-vis-has-fired10487645_102=\"1\">AWG 20 \u2014 10<\/div>\n<\/div>\n<\/div>\n<\/div>\n","protected":false},"excerpt":{"rendered":"<ul class=\"product--variation-field--variation_field_product_description__1483 field field--name-field-product-description field--type-text-long field--label-hidden field__items\">\n<li class=\"field__item\">Kablo kesme, damarlar\u0131n izolasyonunu s\u00f6kme ve izole kablo pabu\u00e7lar\u0131 ile izole \u0131s\u0131 b\u00fcz\u00fc\u015fmeli konekt\u00f6rlerin ve izole edilmemi\u015f s\u0131k\u0131\u015ft\u0131rma kablo pabu\u00e7lar\u0131n\u0131n DIN 46234 standard\u0131na g\u00f6re k\u0131vr\u0131lmas\u0131 i\u00e7in.<\/li>\n<li class=\"field__item\">\u00a0M 2,6; M 3; M 3,5; M 4 ve M 5 bak\u0131r veya pirin\u00e7 vida di\u015fli pimlerin kesilmesi i\u00e7ividaya uygun delikler<\/li>\n<li class=\"field__item\">\u00a0Y\u00fcksek stabilizasyon ve d\u00fczenli \u00e7al\u0131\u015fma hareketini sa\u011flayan vidal\u0131 mafsal<\/li>\n<\/ul>\n","protected":false},"featured_media":15053,"template":"","meta":{"_joinchat":[]},"product_brand":[159],"product_cat":[188],"product_tag":[233,232,231,200,199],"class_list":{"0":"post-15051","1":"product","2":"type-product","3":"status-publish","4":"has-post-thumbnail","6":"product_brand-knipex","7":"product_cat-pabuc-sikma-pensesi","8":"product_tag-97-32-240-sikma-pensesi","9":"product_tag-knipex-97-32-240","10":"product_tag-knipex-97-32-240-sikma-pensesi","11":"product_tag-knipex-sikma-pensesi","12":"product_tag-sikma-pensesi","15":"first","16":"instock","17":"shipping-taxable","18":"product-type-simple"},"yoast_head":"<!-- This site is optimized with the Yoast SEO plugin v27.3 - https:\/\/yoast.com\/product\/yoast-seo-wordpress\/ -->\n<title>Knipex 97 32 240 S\u0131kma Pensesi - El Aleti Sepeti<\/title>\n<meta name=\"description\" content=\"Knipex 97 32 240 S\u0131kma Pensesi sa\u011flam yap\u0131s\u0131 ve g\u00fc\u00e7l\u00fc s\u0131kma kapasitesiyle boru, profil ve sac i\u015flerinde hassas ve g\u00fcvenli s\u0131kma yapan, uzun \u00f6m\u00fcrl\u00fc pense.\" \/>\n<meta name=\"robots\" content=\"index, follow, max-snippet:-1, max-image-preview:large, max-video-preview:-1\" \/>\n<link rel=\"canonical\" href=\"https:\/\/www.elaletisepeti.com\/?product=knipex-97-32-240-sikma-pensesi\" \/>\n<meta property=\"og:locale\" content=\"tr_TR\" \/>\n<meta property=\"og:type\" content=\"article\" \/>\n<meta property=\"og:title\" content=\"Knipex 97 32 240 S\u0131kma Pensesi - El Aleti Sepeti\" \/>\n<meta property=\"og:description\" content=\"Knipex 97 32 240 S\u0131kma Pensesi sa\u011flam yap\u0131s\u0131 ve g\u00fc\u00e7l\u00fc s\u0131kma kapasitesiyle boru, profil ve sac i\u015flerinde hassas ve g\u00fcvenli s\u0131kma yapan, uzun \u00f6m\u00fcrl\u00fc pense.\" \/>\n<meta property=\"og:url\" content=\"https:\/\/www.elaletisepeti.com\/?product=knipex-97-32-240-sikma-pensesi\" \/>\n<meta property=\"og:site_name\" content=\"El Aleti Sepeti\" \/>\n<meta property=\"article:modified_time\" content=\"2025-11-29T13:27:03+00:00\" \/>\n<meta property=\"og:image\" content=\"https:\/\/www.elaletisepeti.com\/wp-content\/uploads\/2025\/10\/Knipex-97-32-240.jpg\" \/>\n\t<meta property=\"og:image:width\" content=\"1000\" \/>\n\t<meta property=\"og:image:height\" content=\"1000\" \/>\n\t<meta property=\"og:image:type\" content=\"image\/jpeg\" \/>\n<meta name=\"twitter:card\" content=\"summary_large_image\" \/>\n<meta name=\"twitter:label1\" content=\"Tahmini okuma s\u00fcresi\" \/>\n\t<meta name=\"twitter:data1\" content=\"1 dakika\" \/>\n<script type=\"application\/ld+json\" class=\"yoast-schema-graph\">{\"@context\":\"https:\\\/\\\/schema.org\",\"@graph\":[{\"@type\":\"WebPage\",\"@id\":\"https:\\\/\\\/www.elaletisepeti.com\\\/?product=knipex-97-32-240-sikma-pensesi\",\"url\":\"https:\\\/\\\/www.elaletisepeti.com\\\/?product=knipex-97-32-240-sikma-pensesi\",\"name\":\"Knipex 97 32 240 S\u0131kma Pensesi - El Aleti Sepeti\",\"isPartOf\":{\"@id\":\"https:\\\/\\\/www.elaletisepeti.com\\\/#website\"},\"primaryImageOfPage\":{\"@id\":\"https:\\\/\\\/www.elaletisepeti.com\\\/?product=knipex-97-32-240-sikma-pensesi#primaryimage\"},\"image\":{\"@id\":\"https:\\\/\\\/www.elaletisepeti.com\\\/?product=knipex-97-32-240-sikma-pensesi#primaryimage\"},\"thumbnailUrl\":\"https:\\\/\\\/www.elaletisepeti.com\\\/wp-content\\\/uploads\\\/2025\\\/10\\\/Knipex-97-32-240.jpg\",\"datePublished\":\"2025-10-31T18:44:14+00:00\",\"dateModified\":\"2025-11-29T13:27:03+00:00\",\"description\":\"Knipex 97 32 240 S\u0131kma Pensesi sa\u011flam yap\u0131s\u0131 ve g\u00fc\u00e7l\u00fc s\u0131kma kapasitesiyle boru, profil ve sac i\u015flerinde hassas ve g\u00fcvenli s\u0131kma yapan, uzun \u00f6m\u00fcrl\u00fc pense.\",\"breadcrumb\":{\"@id\":\"https:\\\/\\\/www.elaletisepeti.com\\\/?product=knipex-97-32-240-sikma-pensesi#breadcrumb\"},\"inLanguage\":\"tr\",\"potentialAction\":[{\"@type\":\"ReadAction\",\"target\":[\"https:\\\/\\\/www.elaletisepeti.com\\\/?product=knipex-97-32-240-sikma-pensesi\"]}]},{\"@type\":\"ImageObject\",\"inLanguage\":\"tr\",\"@id\":\"https:\\\/\\\/www.elaletisepeti.com\\\/?product=knipex-97-32-240-sikma-pensesi#primaryimage\",\"url\":\"https:\\\/\\\/www.elaletisepeti.com\\\/wp-content\\\/uploads\\\/2025\\\/10\\\/Knipex-97-32-240.jpg\",\"contentUrl\":\"https:\\\/\\\/www.elaletisepeti.com\\\/wp-content\\\/uploads\\\/2025\\\/10\\\/Knipex-97-32-240.jpg\",\"width\":1000,\"height\":1000},{\"@type\":\"BreadcrumbList\",\"@id\":\"https:\\\/\\\/www.elaletisepeti.com\\\/?product=knipex-97-32-240-sikma-pensesi#breadcrumb\",\"itemListElement\":[{\"@type\":\"ListItem\",\"position\":1,\"name\":\"Anasayfa\",\"item\":\"https:\\\/\\\/www.elaletisepeti.com\\\/\"},{\"@type\":\"ListItem\",\"position\":2,\"name\":\"Shop\",\"item\":\"https:\\\/\\\/www.elaletisepeti.com\\\/?page_id=7\"},{\"@type\":\"ListItem\",\"position\":3,\"name\":\"Knipex 97 32 240 S\u0131kma Pensesi\"}]},{\"@type\":\"WebSite\",\"@id\":\"https:\\\/\\\/www.elaletisepeti.com\\\/#website\",\"url\":\"https:\\\/\\\/www.elaletisepeti.com\\\/\",\"name\":\"El Aleti Sepeti\",\"description\":\"El Aletleri, Knipex Pense, Knipex Kerpeten, Knipex Kargaburun,  Kn\u0131pex  Yankeski, Kn\u0131pex Boru Kesme, Knipex Kablo S\u0131y\u0131rma, Knipex  El Aletleri\",\"potentialAction\":[{\"@type\":\"SearchAction\",\"target\":{\"@type\":\"EntryPoint\",\"urlTemplate\":\"https:\\\/\\\/www.elaletisepeti.com\\\/?s={search_term_string}\"},\"query-input\":{\"@type\":\"PropertyValueSpecification\",\"valueRequired\":true,\"valueName\":\"search_term_string\"}}],\"inLanguage\":\"tr\"}]}<\/script>\n<!-- \/ Yoast SEO plugin. -->","yoast_head_json":{"title":"Knipex 97 32 240 S\u0131kma Pensesi - El Aleti Sepeti","description":"Knipex 97 32 240 S\u0131kma Pensesi sa\u011flam yap\u0131s\u0131 ve g\u00fc\u00e7l\u00fc s\u0131kma kapasitesiyle boru, profil ve sac i\u015flerinde hassas ve g\u00fcvenli s\u0131kma yapan, uzun \u00f6m\u00fcrl\u00fc pense.","robots":{"index":"index","follow":"follow","max-snippet":"max-snippet:-1","max-image-preview":"max-image-preview:large","max-video-preview":"max-video-preview:-1"},"canonical":"https:\/\/www.elaletisepeti.com\/?product=knipex-97-32-240-sikma-pensesi","og_locale":"tr_TR","og_type":"article","og_title":"Knipex 97 32 240 S\u0131kma Pensesi - El Aleti Sepeti","og_description":"Knipex 97 32 240 S\u0131kma Pensesi sa\u011flam yap\u0131s\u0131 ve g\u00fc\u00e7l\u00fc s\u0131kma kapasitesiyle boru, profil ve sac i\u015flerinde hassas ve g\u00fcvenli s\u0131kma yapan, uzun \u00f6m\u00fcrl\u00fc pense.","og_url":"https:\/\/www.elaletisepeti.com\/?product=knipex-97-32-240-sikma-pensesi","og_site_name":"El Aleti Sepeti","article_modified_time":"2025-11-29T13:27:03+00:00","og_image":[{"width":1000,"height":1000,"url":"https:\/\/www.elaletisepeti.com\/wp-content\/uploads\/2025\/10\/Knipex-97-32-240.jpg","type":"image\/jpeg"}],"twitter_card":"summary_large_image","twitter_misc":{"Tahmini okuma s\u00fcresi":"1 dakika"},"schema":{"@context":"https:\/\/schema.org","@graph":[{"@type":"WebPage","@id":"https:\/\/www.elaletisepeti.com\/?product=knipex-97-32-240-sikma-pensesi","url":"https:\/\/www.elaletisepeti.com\/?product=knipex-97-32-240-sikma-pensesi","name":"Knipex 97 32 240 S\u0131kma Pensesi - El Aleti Sepeti","isPartOf":{"@id":"https:\/\/www.elaletisepeti.com\/#website"},"primaryImageOfPage":{"@id":"https:\/\/www.elaletisepeti.com\/?product=knipex-97-32-240-sikma-pensesi#primaryimage"},"image":{"@id":"https:\/\/www.elaletisepeti.com\/?product=knipex-97-32-240-sikma-pensesi#primaryimage"},"thumbnailUrl":"https:\/\/www.elaletisepeti.com\/wp-content\/uploads\/2025\/10\/Knipex-97-32-240.jpg","datePublished":"2025-10-31T18:44:14+00:00","dateModified":"2025-11-29T13:27:03+00:00","description":"Knipex 97 32 240 S\u0131kma Pensesi sa\u011flam yap\u0131s\u0131 ve g\u00fc\u00e7l\u00fc s\u0131kma kapasitesiyle boru, profil ve sac i\u015flerinde hassas ve g\u00fcvenli s\u0131kma yapan, uzun \u00f6m\u00fcrl\u00fc pense.","breadcrumb":{"@id":"https:\/\/www.elaletisepeti.com\/?product=knipex-97-32-240-sikma-pensesi#breadcrumb"},"inLanguage":"tr","potentialAction":[{"@type":"ReadAction","target":["https:\/\/www.elaletisepeti.com\/?product=knipex-97-32-240-sikma-pensesi"]}]},{"@type":"ImageObject","inLanguage":"tr","@id":"https:\/\/www.elaletisepeti.com\/?product=knipex-97-32-240-sikma-pensesi#primaryimage","url":"https:\/\/www.elaletisepeti.com\/wp-content\/uploads\/2025\/10\/Knipex-97-32-240.jpg","contentUrl":"https:\/\/www.elaletisepeti.com\/wp-content\/uploads\/2025\/10\/Knipex-97-32-240.jpg","width":1000,"height":1000},{"@type":"BreadcrumbList","@id":"https:\/\/www.elaletisepeti.com\/?product=knipex-97-32-240-sikma-pensesi#breadcrumb","itemListElement":[{"@type":"ListItem","position":1,"name":"Anasayfa","item":"https:\/\/www.elaletisepeti.com\/"},{"@type":"ListItem","position":2,"name":"Shop","item":"https:\/\/www.elaletisepeti.com\/?page_id=7"},{"@type":"ListItem","position":3,"name":"Knipex 97 32 240 S\u0131kma Pensesi"}]},{"@type":"WebSite","@id":"https:\/\/www.elaletisepeti.com\/#website","url":"https:\/\/www.elaletisepeti.com\/","name":"El Aleti Sepeti","description":"El Aletleri, Knipex Pense, Knipex Kerpeten, Knipex Kargaburun,  Kn\u0131pex  Yankeski, Kn\u0131pex Boru Kesme, Knipex Kablo S\u0131y\u0131rma, Knipex  El Aletleri","potentialAction":[{"@type":"SearchAction","target":{"@type":"EntryPoint","urlTemplate":"https:\/\/www.elaletisepeti.com\/?s={search_term_string}"},"query-input":{"@type":"PropertyValueSpecification","valueRequired":true,"valueName":"search_term_string"}}],"inLanguage":"tr"}]}},"_links":{"self":[{"href":"https:\/\/www.elaletisepeti.com\/index.php?rest_route=\/wp\/v2\/product\/15051","targetHints":{"allow":["GET"]}}],"collection":[{"href":"https:\/\/www.elaletisepeti.com\/index.php?rest_route=\/wp\/v2\/product"}],"about":[{"href":"https:\/\/www.elaletisepeti.com\/index.php?rest_route=\/wp\/v2\/types\/product"}],"wp:featuredmedia":[{"embeddable":true,"href":"https:\/\/www.elaletisepeti.com\/index.php?rest_route=\/wp\/v2\/media\/15053"}],"wp:attachment":[{"href":"https:\/\/www.elaletisepeti.com\/index.php?rest_route=%2Fwp%2Fv2%2Fmedia&parent=15051"}],"wp:term":[{"taxonomy":"product_brand","embeddable":true,"href":"https:\/\/www.elaletisepeti.com\/index.php?rest_route=%2Fwp%2Fv2%2Fproduct_brand&post=15051"},{"taxonomy":"product_cat","embeddable":true,"href":"https:\/\/www.elaletisepeti.com\/index.php?rest_route=%2Fwp%2Fv2%2Fproduct_cat&post=15051"},{"taxonomy":"product_tag","embeddable":true,"href":"https:\/\/www.elaletisepeti.com\/index.php?rest_route=%2Fwp%2Fv2%2Fproduct_tag&post=15051"}],"curies":[{"name":"wp","href":"https:\/\/api.w.org\/{rel}","templated":true}]}}