{"id":14987,"date":"2025-10-29T20:18:05","date_gmt":"2025-10-29T20:18:05","guid":{"rendered":"https:\/\/www.elaletisepeti.com\/?post_type=product&#038;p=14987"},"modified":"2025-11-29T14:19:05","modified_gmt":"2025-11-29T14:19:05","slug":"knipex-97-55-04-kendiliginden-ayarlanan-sikma-pensesi","status":"publish","type":"product","link":"https:\/\/www.elaletisepeti.com\/?product=knipex-97-55-04-kendiliginden-ayarlanan-sikma-pensesi","title":{"rendered":"Knipex 97 55 04 Kablo Y\u00fcksekleri \u0130\u00e7in S\u0131kma Pensesi"},"content":{"rendered":"<p><strong>Knipex 97 55 04 Kablo Y\u00fcksekleri \u0130\u00e7in Kendili\u011finden Ayarlanan S\u0131kma Pensesi<\/strong><\/p>\n<div class=\"product--variation-field--variation_field_general_section__17736 field field--name-field-general-section field--type-key-value-class-field-type field--label-hidden field__items\" data-gtm-vis-recent-on-screen10487645_102=\"53505\" data-gtm-vis-first-on-screen10487645_102=\"53505\" data-gtm-vis-total-visible-time10487645_102=\"100\" data-gtm-vis-has-fired10487645_102=\"1\">\n<div class=\"field__item\" data-gtm-vis-recent-on-screen10487645_102=\"53471\" data-gtm-vis-first-on-screen10487645_102=\"53471\" data-gtm-vis-total-visible-time10487645_102=\"100\" data-gtm-vis-has-fired10487645_102=\"1\">\n<div class=\"key-value-class-item \" data-gtm-vis-recent-on-screen10487645_102=\"53472\" data-gtm-vis-first-on-screen10487645_102=\"53472\" data-gtm-vis-total-visible-time10487645_102=\"100\" data-gtm-vis-has-fired10487645_102=\"1\">\n<div class=\"key\" data-gtm-vis-recent-on-screen10487645_102=\"53473\" data-gtm-vis-first-on-screen10487645_102=\"53473\" data-gtm-vis-total-visible-time10487645_102=\"100\" data-gtm-vis-has-fired10487645_102=\"1\">Kod:\u00a097 55 04<\/div>\n<\/div>\n<\/div>\n<div class=\"field__item\" data-gtm-vis-recent-on-screen10487645_102=\"53474\" data-gtm-vis-first-on-screen10487645_102=\"53474\" data-gtm-vis-total-visible-time10487645_102=\"100\" data-gtm-vis-has-fired10487645_102=\"1\">\n<div class=\"key-value-class-item \" data-gtm-vis-recent-on-screen10487645_102=\"53475\" data-gtm-vis-first-on-screen10487645_102=\"53475\" data-gtm-vis-total-visible-time10487645_102=\"100\" data-gtm-vis-has-fired10487645_102=\"1\">\n<div class=\"key\" data-gtm-vis-recent-on-screen10487645_102=\"53475\" data-gtm-vis-first-on-screen10487645_102=\"53475\" data-gtm-vis-total-visible-time10487645_102=\"100\" data-gtm-vis-has-fired10487645_102=\"1\">EAN4003773084853<\/div>\n<\/div>\n<\/div>\n<div class=\"field__item\" data-gtm-vis-recent-on-screen10487645_102=\"53488\" data-gtm-vis-first-on-screen10487645_102=\"53488\" data-gtm-vis-total-visible-time10487645_102=\"100\" data-gtm-vis-has-fired10487645_102=\"1\">\n<div class=\"key-value-class-item \" data-gtm-vis-recent-on-screen10487645_102=\"53489\" data-gtm-vis-first-on-screen10487645_102=\"53489\" data-gtm-vis-total-visible-time10487645_102=\"100\" data-gtm-vis-has-fired10487645_102=\"1\">\n<div class=\"key\" data-gtm-vis-recent-on-screen10487645_102=\"53489\" data-gtm-vis-first-on-screen10487645_102=\"53489\" data-gtm-vis-total-visible-time10487645_102=\"100\" data-gtm-vis-has-fired10487645_102=\"1\">Pense Krom kaplama<\/div>\n<\/div>\n<\/div>\n<div class=\"field__item\" data-gtm-vis-recent-on-screen10487645_102=\"53506\" data-gtm-vis-first-on-screen10487645_102=\"53506\" data-gtm-vis-total-visible-time10487645_102=\"100\" data-gtm-vis-has-fired10487645_102=\"1\">\n<div class=\"key-value-class-item \" data-gtm-vis-recent-on-screen10487645_102=\"53506\" data-gtm-vis-first-on-screen10487645_102=\"53506\" data-gtm-vis-total-visible-time10487645_102=\"100\" data-gtm-vis-has-fired10487645_102=\"1\">\n<div class=\"key\" data-gtm-vis-recent-on-screen10487645_102=\"53507\" data-gtm-vis-first-on-screen10487645_102=\"53507\" data-gtm-vis-total-visible-time10487645_102=\"100\" data-gtm-vis-has-fired10487645_102=\"1\">Ba\u015fl\u0131k Krom kaplama<\/div>\n<\/div>\n<\/div>\n<div class=\"field__item\" data-gtm-vis-recent-on-screen10487645_102=\"53508\" data-gtm-vis-first-on-screen10487645_102=\"53508\" data-gtm-vis-total-visible-time10487645_102=\"100\" data-gtm-vis-has-fired10487645_102=\"1\">\n<div class=\"key-value-class-item \" data-gtm-vis-recent-on-screen10487645_102=\"53508\" data-gtm-vis-first-on-screen10487645_102=\"53508\" data-gtm-vis-total-visible-time10487645_102=\"100\" data-gtm-vis-has-fired10487645_102=\"1\">\n<div class=\"key\" data-gtm-vis-recent-on-screen10487645_102=\"53509\" data-gtm-vis-first-on-screen10487645_102=\"53509\" data-gtm-vis-total-visible-time10487645_102=\"100\" data-gtm-vis-has-fired10487645_102=\"1\">Kollar \u00e7ok bile\u015fenli tutacaklarla<\/div>\n<\/div>\n<\/div>\n<div class=\"field__item\" data-gtm-vis-recent-on-screen10487645_102=\"53520\" data-gtm-vis-first-on-screen10487645_102=\"53520\" data-gtm-vis-total-visible-time10487645_102=\"100\" data-gtm-vis-has-fired10487645_102=\"1\">\n<div class=\"key-value-class-item \" data-gtm-vis-recent-on-screen10487645_102=\"53522\" data-gtm-vis-first-on-screen10487645_102=\"53522\" data-gtm-vis-total-visible-time10487645_102=\"100\" data-gtm-vis-has-fired10487645_102=\"1\">\n<div class=\"key\" data-gtm-vis-recent-on-screen10487645_102=\"53523\" data-gtm-vis-first-on-screen10487645_102=\"53523\" data-gtm-vis-total-visible-time10487645_102=\"100\" data-gtm-vis-has-fired10487645_102=\"1\">A\u011f\u0131rl\u0131k 459 g<\/div>\n<\/div>\n<\/div>\n<div class=\"field__item\" data-gtm-vis-recent-on-screen10487645_102=\"53523\" data-gtm-vis-first-on-screen10487645_102=\"53523\" data-gtm-vis-total-visible-time10487645_102=\"100\" data-gtm-vis-has-fired10487645_102=\"1\">\n<div class=\"key-value-class-item \" data-gtm-vis-recent-on-screen10487645_102=\"53524\" data-gtm-vis-first-on-screen10487645_102=\"53524\" data-gtm-vis-total-visible-time10487645_102=\"100\" data-gtm-vis-has-fired10487645_102=\"1\">\n<div class=\"key\" data-gtm-vis-recent-on-screen10487645_102=\"53525\" data-gtm-vis-first-on-screen10487645_102=\"53525\" data-gtm-vis-total-visible-time10487645_102=\"100\" data-gtm-vis-has-fired10487645_102=\"1\">\u00d6l\u00e7\u00fcleri 180 x 77 x 21 mm<\/div>\n<\/div>\n<\/div>\n<div class=\"field__item\" data-gtm-vis-polling-id10487645_102=\"1141\">ROHS Uyumlu Uygulanamaz<\/div>\n<\/div>\n<div class=\"product--variation-field--variation_field_technical_section__17736 field field--name-field-technical-section field--type-key-value-class-field-type field--label-hidden field__items\" data-gtm-vis-recent-on-screen10487645_102=\"54103\" data-gtm-vis-first-on-screen10487645_102=\"54104\" data-gtm-vis-total-visible-time10487645_102=\"100\" data-gtm-vis-has-fired10487645_102=\"1\">\n<div class=\"field__item\" data-gtm-vis-recent-on-screen10487645_102=\"53570\" data-gtm-vis-first-on-screen10487645_102=\"53570\" data-gtm-vis-total-visible-time10487645_102=\"100\" data-gtm-vis-has-fired10487645_102=\"1\">\n<div class=\"key-value-class-item \" data-gtm-vis-recent-on-screen10487645_102=\"53571\" data-gtm-vis-first-on-screen10487645_102=\"53571\" data-gtm-vis-total-visible-time10487645_102=\"100\" data-gtm-vis-has-fired10487645_102=\"1\">\n<div class=\"key\" data-gtm-vis-recent-on-screen10487645_102=\"53572\" data-gtm-vis-first-on-screen10487645_102=\"53572\" data-gtm-vis-total-visible-time10487645_102=\"100\" data-gtm-vis-has-fired10487645_102=\"1\">Uygulama Kablo y\u00fcks\u00fc\u011f\u00fc<\/div>\n<\/div>\n<\/div>\n<div class=\"field__item\" data-gtm-vis-recent-on-screen10487645_102=\"54070\" data-gtm-vis-first-on-screen10487645_102=\"54070\" data-gtm-vis-total-visible-time10487645_102=\"100\" data-gtm-vis-has-fired10487645_102=\"1\">\n<div class=\"key-value-class-item \" data-gtm-vis-recent-on-screen10487645_102=\"54073\" data-gtm-vis-first-on-screen10487645_102=\"54073\" data-gtm-vis-total-visible-time10487645_102=\"100\" data-gtm-vis-has-fired10487645_102=\"1\">\n<div class=\"key\" data-gtm-vis-recent-on-screen10487645_102=\"54074\" data-gtm-vis-first-on-screen10487645_102=\"54074\" data-gtm-vis-total-visible-time10487645_102=\"100\" data-gtm-vis-has-fired10487645_102=\"1\">Kapasite Milimetrekare 0,08 \u2014 16 mm\u00b2<\/div>\n<\/div>\n<\/div>\n<div class=\"field__item\" data-gtm-vis-recent-on-screen10487645_102=\"54106\" data-gtm-vis-first-on-screen10487645_102=\"54106\" data-gtm-vis-total-visible-time10487645_102=\"100\" data-gtm-vis-has-fired10487645_102=\"1\">\n<div class=\"key-value-class-item \" data-gtm-vis-recent-on-screen10487645_102=\"54107\" data-gtm-vis-first-on-screen10487645_102=\"54107\" data-gtm-vis-total-visible-time10487645_102=\"100\" data-gtm-vis-has-fired10487645_102=\"1\">\n<div class=\"key\" data-gtm-vis-recent-on-screen10487645_102=\"54108\" data-gtm-vis-first-on-screen10487645_102=\"54108\" data-gtm-vis-total-visible-time10487645_102=\"100\" data-gtm-vis-has-fired10487645_102=\"1\">Yuva say\u0131s\u0131 1<\/div>\n<\/div>\n<\/div>\n<div class=\"field__item\" data-gtm-vis-recent-on-screen10487645_102=\"54118\" data-gtm-vis-first-on-screen10487645_102=\"54118\" data-gtm-vis-total-visible-time10487645_102=\"100\" data-gtm-vis-has-fired10487645_102=\"1\">\n<div class=\"key-value-class-item \" data-gtm-vis-recent-on-screen10487645_102=\"54119\" data-gtm-vis-first-on-screen10487645_102=\"54119\" data-gtm-vis-total-visible-time10487645_102=\"100\" data-gtm-vis-has-fired10487645_102=\"1\">\n<div class=\"key\" data-gtm-vis-recent-on-screen10487645_102=\"54120\" data-gtm-vis-first-on-screen10487645_102=\"54120\" data-gtm-vis-total-visible-time10487645_102=\"100\" data-gtm-vis-has-fired10487645_102=\"1\">AWG 28 \u2014 6<\/div>\n<\/div>\n<\/div>\n<\/div>\n","protected":false},"excerpt":{"rendered":"<ul class=\"product--variation-field--variation_field_product_description__17736 field field--name-field-product-description field--type-text-long field--label-hidden field__items\">\n<li class=\"field__item\">F\u00fcr Aderendh\u00fclsen bis zu 16 mm\u00b2<\/li>\n<li class=\"field__item\">\u00a0Automatische Einstellung auf die gew\u00fcnschte Aderendh\u00fclsengr\u00f6\u00dfe f\u00fcr genaues und schnelles Crimpen<\/li>\n<li class=\"field__item\">\u00a0Kablo y\u00fcks\u00fckleri DIN 46228 parts 1+4\u2019e uygun \u015fekilde s\u0131kma<\/li>\n<li class=\"field__item\">\u00a0UL-Zulassung in Verbindung mit KNIPEX-Aderendh\u00fclsen 97 99 330 &#8211; 399<\/li>\n<li class=\"field__item\">\u00a0C\u0131rc\u0131r mekanizmas\u0131 sayesinde tekrarlanabilen y\u00fcksek s\u0131kma kalitesi (kilidi a\u00e7\u0131labilir)<\/li>\n<li class=\"field__item\">\u00a0Hassas, fabrika ayarl\u0131 (kalibre edilmi\u015f) s\u0131kma bas\u0131nc\u0131<\/li>\n<li class=\"field__item\">\u00a0Verimli kald\u0131ra\u00e7 hareketi sayesinde y\u00fcksek s\u0131kma kuvveti<\/li>\n<li class=\"field__item\">\u00a0Geringe Griffweite<\/li>\n<li class=\"field__item\">\u00a0Ergonomik ve konforlu tutma kollar\u0131, sorunsuz \u00e7al\u0131\u015fma, hafif<\/li>\n<li class=\"field__item\">\u00a0\u00d6zel kalite krom vanadyum elektrikli \u00e7elik, ya\u011fla sertle\u015ftirilmi\u015f<\/li>\n<li class=\"field__item\">\u00a0Mit Vierkant-Pressung<\/li>\n<li class=\"field__item\">\u00a0Auch f\u00fcr alle Twin-Aderendh\u00fclsen bis 2 x 6 mm\u00b2 oder 2 x AWG 12<\/li>\n<\/ul>\n","protected":false},"featured_media":14989,"template":"","meta":{"_joinchat":[]},"product_brand":[159],"product_cat":[188],"product_tag":[203,204,201,205],"class_list":{"0":"post-14987","1":"product","2":"type-product","3":"status-publish","4":"has-post-thumbnail","6":"product_brand-knipex","7":"product_cat-pabuc-sikma-pensesi","8":"product_tag-97-55-04-kablo-yuksekleri-icin-kendiliginden-ayarlanan-sikma-pensesi","9":"product_tag-kablo-yuksekleri-icin-kendiliginden-ayarlanan-sikma-pensesi","10":"product_tag-knipex-97-55-04-kablo-yuksekleri-icin-kendiliginden-ayarlanan-sikma-pensesi","11":"product_tag-knipex-kablo-yuksekleri-icin-kendiliginden-ayarlanan-sikma-pensesi","14":"first","15":"instock","16":"shipping-taxable","17":"product-type-simple"},"yoast_head":"<!-- This site is optimized with the Yoast SEO plugin v27.3 - https:\/\/yoast.com\/product\/yoast-seo-wordpress\/ -->\n<title>Knipex 97 55 04 Kablo Y\u00fcksekleri \u0130\u00e7in S\u0131kma Pensesi - El Aleti Sepeti<\/title>\n<meta name=\"description\" content=\"Knipex 97 55 04, kendili\u011finden ayarlanan mekanizmas\u0131yla 0.08 - 10.0 mm\u00b2 kablo y\u00fcks\u00fcklerini otomatik olarak s\u0131kar. H\u0131zl\u0131, g\u00fcvenilir ve tekrarlanabilir\" \/>\n<meta name=\"robots\" content=\"index, follow, max-snippet:-1, max-image-preview:large, max-video-preview:-1\" \/>\n<link rel=\"canonical\" href=\"https:\/\/www.elaletisepeti.com\/?product=knipex-97-55-04-kendiliginden-ayarlanan-sikma-pensesi\" \/>\n<meta property=\"og:locale\" content=\"tr_TR\" \/>\n<meta property=\"og:type\" content=\"article\" \/>\n<meta property=\"og:title\" content=\"Knipex 97 55 04 Kablo Y\u00fcksekleri \u0130\u00e7in S\u0131kma Pensesi - El Aleti Sepeti\" \/>\n<meta property=\"og:description\" content=\"Knipex 97 55 04, kendili\u011finden ayarlanan mekanizmas\u0131yla 0.08 - 10.0 mm\u00b2 kablo y\u00fcks\u00fcklerini otomatik olarak s\u0131kar. H\u0131zl\u0131, g\u00fcvenilir ve tekrarlanabilir\" \/>\n<meta property=\"og:url\" content=\"https:\/\/www.elaletisepeti.com\/?product=knipex-97-55-04-kendiliginden-ayarlanan-sikma-pensesi\" \/>\n<meta property=\"og:site_name\" content=\"El Aleti Sepeti\" \/>\n<meta property=\"article:modified_time\" content=\"2025-11-29T14:19:05+00:00\" \/>\n<meta property=\"og:image\" content=\"https:\/\/www.elaletisepeti.com\/wp-content\/uploads\/2025\/10\/Knipex-97-55-04.jpg\" \/>\n\t<meta property=\"og:image:width\" content=\"1000\" \/>\n\t<meta property=\"og:image:height\" content=\"1000\" \/>\n\t<meta property=\"og:image:type\" content=\"image\/jpeg\" \/>\n<meta name=\"twitter:card\" content=\"summary_large_image\" \/>\n<meta name=\"twitter:label1\" content=\"Tahmini okuma s\u00fcresi\" \/>\n\t<meta name=\"twitter:data1\" content=\"1 dakika\" \/>\n<script type=\"application\/ld+json\" class=\"yoast-schema-graph\">{\"@context\":\"https:\\\/\\\/schema.org\",\"@graph\":[{\"@type\":\"WebPage\",\"@id\":\"https:\\\/\\\/www.elaletisepeti.com\\\/?product=knipex-97-55-04-kendiliginden-ayarlanan-sikma-pensesi\",\"url\":\"https:\\\/\\\/www.elaletisepeti.com\\\/?product=knipex-97-55-04-kendiliginden-ayarlanan-sikma-pensesi\",\"name\":\"Knipex 97 55 04 Kablo Y\u00fcksekleri \u0130\u00e7in S\u0131kma Pensesi - El Aleti Sepeti\",\"isPartOf\":{\"@id\":\"https:\\\/\\\/www.elaletisepeti.com\\\/#website\"},\"primaryImageOfPage\":{\"@id\":\"https:\\\/\\\/www.elaletisepeti.com\\\/?product=knipex-97-55-04-kendiliginden-ayarlanan-sikma-pensesi#primaryimage\"},\"image\":{\"@id\":\"https:\\\/\\\/www.elaletisepeti.com\\\/?product=knipex-97-55-04-kendiliginden-ayarlanan-sikma-pensesi#primaryimage\"},\"thumbnailUrl\":\"https:\\\/\\\/www.elaletisepeti.com\\\/wp-content\\\/uploads\\\/2025\\\/10\\\/Knipex-97-55-04.jpg\",\"datePublished\":\"2025-10-29T20:18:05+00:00\",\"dateModified\":\"2025-11-29T14:19:05+00:00\",\"description\":\"Knipex 97 55 04, kendili\u011finden ayarlanan mekanizmas\u0131yla 0.08 - 10.0 mm\u00b2 kablo y\u00fcks\u00fcklerini otomatik olarak s\u0131kar. H\u0131zl\u0131, g\u00fcvenilir ve tekrarlanabilir\",\"breadcrumb\":{\"@id\":\"https:\\\/\\\/www.elaletisepeti.com\\\/?product=knipex-97-55-04-kendiliginden-ayarlanan-sikma-pensesi#breadcrumb\"},\"inLanguage\":\"tr\",\"potentialAction\":[{\"@type\":\"ReadAction\",\"target\":[\"https:\\\/\\\/www.elaletisepeti.com\\\/?product=knipex-97-55-04-kendiliginden-ayarlanan-sikma-pensesi\"]}]},{\"@type\":\"ImageObject\",\"inLanguage\":\"tr\",\"@id\":\"https:\\\/\\\/www.elaletisepeti.com\\\/?product=knipex-97-55-04-kendiliginden-ayarlanan-sikma-pensesi#primaryimage\",\"url\":\"https:\\\/\\\/www.elaletisepeti.com\\\/wp-content\\\/uploads\\\/2025\\\/10\\\/Knipex-97-55-04.jpg\",\"contentUrl\":\"https:\\\/\\\/www.elaletisepeti.com\\\/wp-content\\\/uploads\\\/2025\\\/10\\\/Knipex-97-55-04.jpg\",\"width\":1000,\"height\":1000},{\"@type\":\"BreadcrumbList\",\"@id\":\"https:\\\/\\\/www.elaletisepeti.com\\\/?product=knipex-97-55-04-kendiliginden-ayarlanan-sikma-pensesi#breadcrumb\",\"itemListElement\":[{\"@type\":\"ListItem\",\"position\":1,\"name\":\"Anasayfa\",\"item\":\"https:\\\/\\\/www.elaletisepeti.com\\\/\"},{\"@type\":\"ListItem\",\"position\":2,\"name\":\"Shop\",\"item\":\"https:\\\/\\\/www.elaletisepeti.com\\\/?page_id=7\"},{\"@type\":\"ListItem\",\"position\":3,\"name\":\"Knipex 97 55 04 Kablo Y\u00fcksekleri \u0130\u00e7in S\u0131kma Pensesi\"}]},{\"@type\":\"WebSite\",\"@id\":\"https:\\\/\\\/www.elaletisepeti.com\\\/#website\",\"url\":\"https:\\\/\\\/www.elaletisepeti.com\\\/\",\"name\":\"El Aleti Sepeti\",\"description\":\"El Aletleri, Knipex Pense, Knipex Kerpeten, Knipex Kargaburun,  Kn\u0131pex  Yankeski, Kn\u0131pex Boru Kesme, Knipex Kablo S\u0131y\u0131rma, Knipex  El Aletleri\",\"potentialAction\":[{\"@type\":\"SearchAction\",\"target\":{\"@type\":\"EntryPoint\",\"urlTemplate\":\"https:\\\/\\\/www.elaletisepeti.com\\\/?s={search_term_string}\"},\"query-input\":{\"@type\":\"PropertyValueSpecification\",\"valueRequired\":true,\"valueName\":\"search_term_string\"}}],\"inLanguage\":\"tr\"}]}<\/script>\n<!-- \/ Yoast SEO plugin. -->","yoast_head_json":{"title":"Knipex 97 55 04 Kablo Y\u00fcksekleri \u0130\u00e7in S\u0131kma Pensesi - El Aleti Sepeti","description":"Knipex 97 55 04, kendili\u011finden ayarlanan mekanizmas\u0131yla 0.08 - 10.0 mm\u00b2 kablo y\u00fcks\u00fcklerini otomatik olarak s\u0131kar. H\u0131zl\u0131, g\u00fcvenilir ve tekrarlanabilir","robots":{"index":"index","follow":"follow","max-snippet":"max-snippet:-1","max-image-preview":"max-image-preview:large","max-video-preview":"max-video-preview:-1"},"canonical":"https:\/\/www.elaletisepeti.com\/?product=knipex-97-55-04-kendiliginden-ayarlanan-sikma-pensesi","og_locale":"tr_TR","og_type":"article","og_title":"Knipex 97 55 04 Kablo Y\u00fcksekleri \u0130\u00e7in S\u0131kma Pensesi - El Aleti Sepeti","og_description":"Knipex 97 55 04, kendili\u011finden ayarlanan mekanizmas\u0131yla 0.08 - 10.0 mm\u00b2 kablo y\u00fcks\u00fcklerini otomatik olarak s\u0131kar. H\u0131zl\u0131, g\u00fcvenilir ve tekrarlanabilir","og_url":"https:\/\/www.elaletisepeti.com\/?product=knipex-97-55-04-kendiliginden-ayarlanan-sikma-pensesi","og_site_name":"El Aleti Sepeti","article_modified_time":"2025-11-29T14:19:05+00:00","og_image":[{"width":1000,"height":1000,"url":"https:\/\/www.elaletisepeti.com\/wp-content\/uploads\/2025\/10\/Knipex-97-55-04.jpg","type":"image\/jpeg"}],"twitter_card":"summary_large_image","twitter_misc":{"Tahmini okuma s\u00fcresi":"1 dakika"},"schema":{"@context":"https:\/\/schema.org","@graph":[{"@type":"WebPage","@id":"https:\/\/www.elaletisepeti.com\/?product=knipex-97-55-04-kendiliginden-ayarlanan-sikma-pensesi","url":"https:\/\/www.elaletisepeti.com\/?product=knipex-97-55-04-kendiliginden-ayarlanan-sikma-pensesi","name":"Knipex 97 55 04 Kablo Y\u00fcksekleri \u0130\u00e7in S\u0131kma Pensesi - El Aleti Sepeti","isPartOf":{"@id":"https:\/\/www.elaletisepeti.com\/#website"},"primaryImageOfPage":{"@id":"https:\/\/www.elaletisepeti.com\/?product=knipex-97-55-04-kendiliginden-ayarlanan-sikma-pensesi#primaryimage"},"image":{"@id":"https:\/\/www.elaletisepeti.com\/?product=knipex-97-55-04-kendiliginden-ayarlanan-sikma-pensesi#primaryimage"},"thumbnailUrl":"https:\/\/www.elaletisepeti.com\/wp-content\/uploads\/2025\/10\/Knipex-97-55-04.jpg","datePublished":"2025-10-29T20:18:05+00:00","dateModified":"2025-11-29T14:19:05+00:00","description":"Knipex 97 55 04, kendili\u011finden ayarlanan mekanizmas\u0131yla 0.08 - 10.0 mm\u00b2 kablo y\u00fcks\u00fcklerini otomatik olarak s\u0131kar. H\u0131zl\u0131, g\u00fcvenilir ve tekrarlanabilir","breadcrumb":{"@id":"https:\/\/www.elaletisepeti.com\/?product=knipex-97-55-04-kendiliginden-ayarlanan-sikma-pensesi#breadcrumb"},"inLanguage":"tr","potentialAction":[{"@type":"ReadAction","target":["https:\/\/www.elaletisepeti.com\/?product=knipex-97-55-04-kendiliginden-ayarlanan-sikma-pensesi"]}]},{"@type":"ImageObject","inLanguage":"tr","@id":"https:\/\/www.elaletisepeti.com\/?product=knipex-97-55-04-kendiliginden-ayarlanan-sikma-pensesi#primaryimage","url":"https:\/\/www.elaletisepeti.com\/wp-content\/uploads\/2025\/10\/Knipex-97-55-04.jpg","contentUrl":"https:\/\/www.elaletisepeti.com\/wp-content\/uploads\/2025\/10\/Knipex-97-55-04.jpg","width":1000,"height":1000},{"@type":"BreadcrumbList","@id":"https:\/\/www.elaletisepeti.com\/?product=knipex-97-55-04-kendiliginden-ayarlanan-sikma-pensesi#breadcrumb","itemListElement":[{"@type":"ListItem","position":1,"name":"Anasayfa","item":"https:\/\/www.elaletisepeti.com\/"},{"@type":"ListItem","position":2,"name":"Shop","item":"https:\/\/www.elaletisepeti.com\/?page_id=7"},{"@type":"ListItem","position":3,"name":"Knipex 97 55 04 Kablo Y\u00fcksekleri \u0130\u00e7in S\u0131kma Pensesi"}]},{"@type":"WebSite","@id":"https:\/\/www.elaletisepeti.com\/#website","url":"https:\/\/www.elaletisepeti.com\/","name":"El Aleti Sepeti","description":"El Aletleri, Knipex Pense, Knipex Kerpeten, Knipex Kargaburun,  Kn\u0131pex  Yankeski, Kn\u0131pex Boru Kesme, Knipex Kablo S\u0131y\u0131rma, Knipex  El Aletleri","potentialAction":[{"@type":"SearchAction","target":{"@type":"EntryPoint","urlTemplate":"https:\/\/www.elaletisepeti.com\/?s={search_term_string}"},"query-input":{"@type":"PropertyValueSpecification","valueRequired":true,"valueName":"search_term_string"}}],"inLanguage":"tr"}]}},"_links":{"self":[{"href":"https:\/\/www.elaletisepeti.com\/index.php?rest_route=\/wp\/v2\/product\/14987","targetHints":{"allow":["GET"]}}],"collection":[{"href":"https:\/\/www.elaletisepeti.com\/index.php?rest_route=\/wp\/v2\/product"}],"about":[{"href":"https:\/\/www.elaletisepeti.com\/index.php?rest_route=\/wp\/v2\/types\/product"}],"wp:featuredmedia":[{"embeddable":true,"href":"https:\/\/www.elaletisepeti.com\/index.php?rest_route=\/wp\/v2\/media\/14989"}],"wp:attachment":[{"href":"https:\/\/www.elaletisepeti.com\/index.php?rest_route=%2Fwp%2Fv2%2Fmedia&parent=14987"}],"wp:term":[{"taxonomy":"product_brand","embeddable":true,"href":"https:\/\/www.elaletisepeti.com\/index.php?rest_route=%2Fwp%2Fv2%2Fproduct_brand&post=14987"},{"taxonomy":"product_cat","embeddable":true,"href":"https:\/\/www.elaletisepeti.com\/index.php?rest_route=%2Fwp%2Fv2%2Fproduct_cat&post=14987"},{"taxonomy":"product_tag","embeddable":true,"href":"https:\/\/www.elaletisepeti.com\/index.php?rest_route=%2Fwp%2Fv2%2Fproduct_tag&post=14987"}],"curies":[{"name":"wp","href":"https:\/\/api.w.org\/{rel}","templated":true}]}}